{"id":101909,"date":"2023-07-20T13:21:25","date_gmt":"2023-07-20T13:21:25","guid":{"rendered":"https:\/\/berberedesign.com\/?post_type=product&#038;p=101909"},"modified":"2023-11-11T10:30:34","modified_gmt":"2023-11-11T10:30:34","slug":"funda-de-cojin-roja-marroqui-hecha-a-mano","status":"publish","type":"product","link":"https:\/\/berberedesign.com\/es\/funda-de-cojin-roja-marroqui-hecha-a-mano\/","title":{"rendered":"Funda de coj\u00edn hecha a mano de seda roja de Sabra"},"content":{"rendered":"<p>Mime su hogar con un toque de color vibrante y encanto ex\u00f3tico con nuestra funda de coj\u00edn roja marroqu\u00ed hecha a mano, tejida con lujosa seda de Sabra. Este encantador accesorio procede del coraz\u00f3n de Marruecos, un pa\u00eds famoso por su rico patrimonio y su inigualable arte textil.<\/p>\n<p>Elaborada por artesanos locales, esta funda de coj\u00edn muestra la quintaesencia de la est\u00e9tica marroqu\u00ed. Est\u00e1 te\u00f1ida en un llamativo tono rojo, que recuerda a los ardientes atardeceres de Marrakech, y aportar\u00e1 un toque \u00fanico y llamativo a cualquier habitaci\u00f3n. El rojo se considera un s\u00edmbolo de vida y alegr\u00eda en la cultura marroqu\u00ed, lo que da m\u00e1s profundidad a este hermoso art\u00edculo hecho a mano.<\/p>\n<p><img fetchpriority=\"high\" decoding=\"async\" class=\"aligncenter wp-image-101913 size-large\" src=\"https:\/\/berberedesign.com\/wp-content\/uploads\/2023\/07\/Moroccan-Red-Cushion-Cover-1024x683.webp\" alt=\"Funda de coj\u00edn rojo marroqu\u00ed\" width=\"1024\" height=\"683\" title=\"\"><\/p>\n<p>Los intrincados dise\u00f1os, inspirados en s\u00edmbolos bereberes centenarios, est\u00e1n meticulosamente cosidos a mano, lo que a\u00f1ade una capa de textura y riqueza. La seda Sabra utilizada es en realidad una forma de seda de cactus, tambi\u00e9n conocida como \"seda vegetal\". Es incre\u00edblemente suave, duradera e hipoalerg\u00e9nica, lo que la convierte en una opci\u00f3n excelente para los hogares sensibles a los al\u00e9rgenos.<\/p>\n<p>Nuestra funda de coj\u00edn mide 18 x 18 pulgadas, un tama\u00f1o perfecto para almohadas est\u00e1ndar. Cuenta con un cierre de cremallera oculta, lo que permite retirar e insertar f\u00e1cilmente su funda de almohada. Tenga en cuenta que, al tratarse de un producto hecho a mano, puede haber ligeras variaciones en el dise\u00f1o, el color y el tama\u00f1o, por lo que cada funda es \u00fanica.<\/p>\n<p>Las instrucciones de cuidado son sencillas: lavar a mano o en seco. Planchar a temperatura tibia. No usar lej\u00eda. Este cuidado ayudar\u00e1 a conservar el color y el intrincado trabajo de bordado.<\/p>\n<p><img decoding=\"async\" class=\"aligncenter wp-image-101915 size-large\" src=\"https:\/\/berberedesign.com\/wp-content\/uploads\/2023\/07\/red-Sabra-Silk-Pillow-1024x683.webp\" alt=\"Almohada de seda roja Sabra\" width=\"1024\" height=\"683\" title=\"\"><\/p>\n<p>La funda de coj\u00edn roja marroqu\u00ed hecha a mano: Almohada de Seda Sabra no s\u00f3lo ofrece comodidad, sino que cuenta una historia de rica tradici\u00f3n y arte. Es m\u00e1s que un simple accesorio decorativo: es una pieza del patrimonio marroqu\u00ed llevada directamente a su hogar. \u00bfA qu\u00e9 espera? A\u00f1ada este espl\u00e9ndido accesorio a su decoraci\u00f3n y deje que su resplandor y esencia cultural eleven sus interiores.<\/p>","protected":false},"excerpt":{"rendered":"<p>Sum\u00e9rjase en la esencia de la tradici\u00f3n marroqu\u00ed con nuestro Coj\u00edn Rojo Marroqu\u00ed Hecho a Mano. Tejido en lujosa seda de Sabra por h\u00e1biles artesanos, este vibrante accesorio, te\u00f1ido en un vivo tono rojo, a\u00f1ade un toque ex\u00f3tico a cualquier habitaci\u00f3n. Con intrincados motivos bereberes cosidos a mano y un cierre de cremallera oculto, no es s\u00f3lo una pieza decorativa, sino un trozo de la herencia marroqu\u00ed directamente en su casa. Mide 18 x 18 pulgadas y se adapta a los cojines est\u00e1ndar.<\/p>","protected":false},"featured_media":101911,"comment_status":"open","ping_status":"closed","template":"","meta":[],"product_brand":[],"product_cat":[234,198,197,199,232,196,200,236,201],"product_tag":[],"class_list":{"0":"post-101909","1":"product","2":"type-product","3":"status-publish","4":"has-post-thumbnail","6":"product_cat-best-sellers","7":"product_cat-embroidered-cushions","8":"product_cat-handwoven-berber-pillows","9":"product_cat-kilim-pillow-covers","10":"product_cat-new-arrivals","11":"product_cat-pillows-and-cushions","12":"product_cat-pom-pom-cushions","13":"product_cat-sale-items","14":"product_cat-vintage-berber-pillows","15":"product_shipping_class-free","16":"description-off","18":"first","19":"instock","20":"featured","21":"shipping-taxable","22":"purchasable","23":"product-type-simple"},"jetpack_sharing_enabled":true,"_links":{"self":[{"href":"https:\/\/berberedesign.com\/es\/wp-json\/wp\/v2\/product\/101909","targetHints":{"allow":["GET"]}}],"collection":[{"href":"https:\/\/berberedesign.com\/es\/wp-json\/wp\/v2\/product"}],"about":[{"href":"https:\/\/berberedesign.com\/es\/wp-json\/wp\/v2\/types\/product"}],"replies":[{"embeddable":true,"href":"https:\/\/berberedesign.com\/es\/wp-json\/wp\/v2\/comments?post=101909"}],"version-history":[{"count":1,"href":"https:\/\/berberedesign.com\/es\/wp-json\/wp\/v2\/product\/101909\/revisions"}],"predecessor-version":[{"id":105329,"href":"https:\/\/berberedesign.com\/es\/wp-json\/wp\/v2\/product\/101909\/revisions\/105329"}],"wp:featuredmedia":[{"embeddable":true,"href":"https:\/\/berberedesign.com\/es\/wp-json\/wp\/v2\/media\/101911"}],"wp:attachment":[{"href":"https:\/\/berberedesign.com\/es\/wp-json\/wp\/v2\/media?parent=101909"}],"wp:term":[{"taxonomy":"product_brand","embeddable":true,"href":"https:\/\/berberedesign.com\/es\/wp-json\/wp\/v2\/product_brand?post=101909"},{"taxonomy":"product_cat","embeddable":true,"href":"https:\/\/berberedesign.com\/es\/wp-json\/wp\/v2\/product_cat?post=101909"},{"taxonomy":"product_tag","embeddable":true,"href":"https:\/\/berberedesign.com\/es\/wp-json\/wp\/v2\/product_tag?post=101909"}],"curies":[{"name":"wp","href":"https:\/\/api.w.org\/{rel}","templated":true}]}}