{"id":101314,"date":"2023-06-15T19:03:15","date_gmt":"2023-06-15T19:03:15","guid":{"rendered":"https:\/\/berberedesign.com\/?post_type=product&#038;p=101314"},"modified":"2025-02-22T14:57:19","modified_gmt":"2025-02-22T14:57:19","slug":"puf-de-cuero-marroqui-crema","status":"publish","type":"product","link":"https:\/\/berberedesign.com\/es\/puf-de-cuero-marroqui-crema\/","title":{"rendered":"Opulento puf marroqu\u00ed de cuero color crema"},"content":{"rendered":"<h1>Del\u00e9itese con la elegancia atemporal de nuestro puf redondo de cuero marroqu\u00ed color crema.<\/h1>\n<p>Meticulosamente elaborado a mano por h\u00e1biles artesanos, este exquisito puf es un testimonio de la belleza de la artesan\u00eda marroqu\u00ed. Fabricado en piel de alta calidad, irradia una sensaci\u00f3n de lujo y refinamiento. La piel de color crema complementa una gran variedad de estilos de interior, desde el tradicional al contempor\u00e1neo, convirti\u00e9ndolo en un complemento vers\u00e1til para su espacio vital. Su forma redonda a\u00f1ade un toque encantador y acogedor, creando una acogedora opci\u00f3n de asiento o un elegante reposapi\u00e9s.<\/p>\n<p>Este puf no s\u00f3lo sirve como mueble funcional, sino tambi\u00e9n como elemento decorativo. Las intrincadas costuras y la atenci\u00f3n al detalle ponen de manifiesto la maestr\u00eda del artesano, mientras que las variaciones naturales de la piel a\u00f1aden car\u00e1cter y singularidad a cada puf. Con su generoso tama\u00f1o y su relleno de felpa, el puf proporciona un c\u00f3modo asiento y una relajante experiencia. Tanto si lo coloca en el sal\u00f3n como en el dormitorio, o incluso en un acogedor rinc\u00f3n de lectura, realza sin esfuerzo el ambiente de cualquier espacio.<\/p>\n<p>&nbsp;<\/p>\n<p>A\u00f1ada un toque de lujo artesanal a su hogar con nuestro puf redondo de piel marroqu\u00ed color crema. Experimente la belleza, la comodidad y el encanto duradero que aporta a su espacio vital, invit\u00e1ndole a relajarse y disfrutar de un momento de pura relajaci\u00f3n.<\/p>\n<p><iframe title=\"Un talento de la artesan\u00eda marroqu\u00ed\" width=\"1200\" height=\"675\" src=\"https:\/\/www.youtube.com\/embed\/c_10xM47nDw?feature=oembed&#038;enablejsapi=1&#038;origin=https:\/\/berberedesign.com\" frameborder=\"0\" allow=\"accelerometer; autoplay; clipboard-write; encrypted-media; gyroscope; picture-in-picture; web-share\" referrerpolicy=\"strict-origin-when-cross-origin\" allowfullscreen><\/iframe><\/p>\n<h3><strong>Informaci\u00f3n adicional:\u00a0<\/strong><\/h3>\n<ul>\n<li>Tipo de producto: Puf de piel<\/li>\n<li>Material: Piel aut\u00e9ntica<\/li>\n<li>\u00c9ticamente: Hecho a mano, bordado y cosido de forma \u00e9tica en Marruecos.<\/li>\n<li>Origen: Marruecos<\/li>\n<li>Color: crema<\/li>\n<li>Dimensiones 53 x 53 x 32 cm<\/li>\n<li>Estado: Nuestros pufs de piel est\u00e1n sin rellenar \/ listos para usar.<\/li>\n<\/ul>","protected":false},"excerpt":{"rendered":"<p>Eleve su espacio vital con nuestro puf redondo de piel marroqu\u00ed color crema. Este puf artesanal combina elegancia atemporal y lujosa comodidad, a\u00f1adiendo un toque de sofisticaci\u00f3n a cualquier habitaci\u00f3n.<\/p>","protected":false},"featured_media":102387,"comment_status":"open","ping_status":"closed","template":"","meta":[],"product_brand":[],"product_cat":[234,202,302,204,232,236],"product_tag":[139,140],"class_list":{"0":"post-101314","1":"product","2":"type-product","3":"status-publish","4":"has-post-thumbnail","6":"product_cat-best-sellers","7":"product_cat-home-decor","8":"product_cat-leather-poufs","9":"product_cat-moroccan-poufs","10":"product_cat-new-arrivals","11":"product_cat-sale-items","12":"product_tag-moroccan-leather-pouf-cream","13":"product_tag-pouf-cream-moroccan-leather","14":"product_shipping_class-free","15":"description-off","17":"first","18":"instock","19":"sale","20":"shipping-taxable","21":"purchasable","22":"product-type-variable"},"jetpack_sharing_enabled":true,"_links":{"self":[{"href":"https:\/\/berberedesign.com\/es\/wp-json\/wp\/v2\/product\/101314","targetHints":{"allow":["GET"]}}],"collection":[{"href":"https:\/\/berberedesign.com\/es\/wp-json\/wp\/v2\/product"}],"about":[{"href":"https:\/\/berberedesign.com\/es\/wp-json\/wp\/v2\/types\/product"}],"replies":[{"embeddable":true,"href":"https:\/\/berberedesign.com\/es\/wp-json\/wp\/v2\/comments?post=101314"}],"version-history":[{"count":3,"href":"https:\/\/berberedesign.com\/es\/wp-json\/wp\/v2\/product\/101314\/revisions"}],"predecessor-version":[{"id":106813,"href":"https:\/\/berberedesign.com\/es\/wp-json\/wp\/v2\/product\/101314\/revisions\/106813"}],"wp:featuredmedia":[{"embeddable":true,"href":"https:\/\/berberedesign.com\/es\/wp-json\/wp\/v2\/media\/102387"}],"wp:attachment":[{"href":"https:\/\/berberedesign.com\/es\/wp-json\/wp\/v2\/media?parent=101314"}],"wp:term":[{"taxonomy":"product_brand","embeddable":true,"href":"https:\/\/berberedesign.com\/es\/wp-json\/wp\/v2\/product_brand?post=101314"},{"taxonomy":"product_cat","embeddable":true,"href":"https:\/\/berberedesign.com\/es\/wp-json\/wp\/v2\/product_cat?post=101314"},{"taxonomy":"product_tag","embeddable":true,"href":"https:\/\/berberedesign.com\/es\/wp-json\/wp\/v2\/product_tag?post=101314"}],"curies":[{"name":"wp","href":"https:\/\/api.w.org\/{rel}","templated":true}]}}