{"id":101255,"date":"2023-06-15T11:20:22","date_gmt":"2023-06-15T11:20:22","guid":{"rendered":"https:\/\/berberedesign.com\/?post_type=product&#038;p=101255"},"modified":"2025-06-22T03:13:13","modified_gmt":"2025-06-22T03:13:13","slug":"alfombra-azul-marroqui-beni-ourain","status":"publish","type":"product","link":"https:\/\/berberedesign.com\/es\/alfombra-azul-marroqui-beni-ourain\/","title":{"rendered":"Cautivadora Alfombra Marroqu\u00ed Azul Beni Ourain"},"content":{"rendered":"<h1>Sum\u00e9rjase en el encanto de la Alfombra Marroqu\u00ed Azul Cautivador Beni Ourain.<\/h1>\n<p>Meticulosamente elaborada a mano por h\u00e1biles artesanos en el coraz\u00f3n de Marruecos, esta alfombra muestra la belleza y el arte intemporales de la tribu Beni Ourain. El cautivador tono azul de esta alfombra evoca una sensaci\u00f3n de tranquilidad y serenidad, infundiendo a su espacio un ambiente refrescante. Sus intrincados patrones geom\u00e9tricos y motivos simb\u00f3licos cuentan una historia \u00fanica, reflejando la rica herencia cultural y la h\u00e1bil artesan\u00eda que hay detr\u00e1s de cada obra maestra tejida a mano.<\/p>\n<p>Fabricada con lana de primera calidad, la alfombra ofrece una textura suntuosamente suave y afelpada bajo los pies, creando un refugio acogedor en su sal\u00f3n, dormitorio o estudio. Las variaciones naturales en el color y la textura de la lana realzan a\u00fan m\u00e1s el atractivo org\u00e1nico de la alfombra, al tiempo que garantizan su durabilidad y longevidad.<\/p>\n<p><img fetchpriority=\"high\" decoding=\"async\" class=\"aligncenter wp-image-101260 size-large\" src=\"https:\/\/berberedesign.com\/wp-content\/uploads\/2023\/06\/Blue-Moroccan-Rug-Beni-Ourain-design-1024x683.webp\" alt=\"Alfombra marroqu\u00ed azul dise\u00f1o Beni Ourain\" width=\"1024\" height=\"683\" title=\"\" srcset=\"https:\/\/berberedesign.com\/wp-content\/uploads\/2023\/06\/Blue-Moroccan-Rug-Beni-Ourain-design-1024x683.webp 1024w, https:\/\/berberedesign.com\/wp-content\/uploads\/2023\/06\/Blue-Moroccan-Rug-Beni-Ourain-design-300x200.webp 300w, https:\/\/berberedesign.com\/wp-content\/uploads\/2023\/06\/Blue-Moroccan-Rug-Beni-Ourain-design-768x512.webp 768w, https:\/\/berberedesign.com\/wp-content\/uploads\/2023\/06\/Blue-Moroccan-Rug-Beni-Ourain-design-18x12.webp 18w, https:\/\/berberedesign.com\/wp-content\/uploads\/2023\/06\/Blue-Moroccan-Rug-Beni-Ourain-design-1064x710.webp 1064w, https:\/\/berberedesign.com\/wp-content\/uploads\/2023\/06\/Blue-Moroccan-Rug-Beni-Ourain-design-20x13.webp 20w, https:\/\/berberedesign.com\/wp-content\/uploads\/2023\/06\/Blue-Moroccan-Rug-Beni-Ourain-design-64x43.webp 64w, https:\/\/berberedesign.com\/wp-content\/uploads\/2023\/06\/Blue-Moroccan-Rug-Beni-Ourain-design-1080x721.webp 1080w, https:\/\/berberedesign.com\/wp-content\/uploads\/2023\/06\/Blue-Moroccan-Rug-Beni-Ourain-design-980x654.webp 980w, https:\/\/berberedesign.com\/wp-content\/uploads\/2023\/06\/Blue-Moroccan-Rug-Beni-Ourain-design-480x320.webp 480w, https:\/\/berberedesign.com\/wp-content\/uploads\/2023\/06\/Blue-Moroccan-Rug-Beni-Ourain-design.webp 1280w\" sizes=\"(max-width: 1024px) 100vw, 1024px\"><\/p>\n<p>La alfombra marroqu\u00ed azul cautivadora Beni Ourain complementa sin esfuerzo una variedad de estilos de dise\u00f1o de interiores, desde el contempor\u00e1neo al bohemio y todo lo dem\u00e1s. Su generoso tama\u00f1o le permite anclar la habitaci\u00f3n y servir como un punto focal cautivador que enciende la conversaci\u00f3n y capta la atenci\u00f3n.<\/p>\n<p>Eleve la decoraci\u00f3n de su hogar con la extraordinaria belleza de la Alfombra Marroqu\u00ed Azul Cautivador Beni Ourain. Disfrute de su exquisita artesan\u00eda y elegancia atemporal, ya que mejora la est\u00e9tica de su espacio, creando una armoniosa mezcla de estilo y cultura.<\/p>\n<h3><strong>Informaci\u00f3n adicional:\u00a0<\/strong><\/h3>\n<p>Tipo de producto: Alfombra hecha a mano<\/p>\n<p>Material: Lana<\/p>\n<p>Composici\u00f3n: Lana 100%<\/p>\n<p>Estilo: Beni ourain<\/p>\n<p>Color: Azul y blanco<\/p>\n<p>Tama\u00f1o: 6,56 x 9,84 ft \/ 200\u00d7300 cm<\/p>\n<p>Nota: Como cada alfombra se teje a mano, puede haber ligeras variaciones en las dimensiones y el peso, lo que a\u00f1ade singularidad y car\u00e1cter al producto.<\/p>\n<p>Si necesita peso y dimensiones espec\u00edficas para una Alfombra Marroqu\u00ed Azul Cautivador Beni Ourain en particular, por favor proporcione el tama\u00f1o o modelo deseado, y estar\u00e9 encantado de ayudarle.<\/p>","protected":false},"excerpt":{"rendered":"<p>Transforme su espacio con la Cautivadora Alfombra Marroqu\u00ed Azul Beni Ourain. Esta exquisita alfombra combina la artesan\u00eda tradicional marroqu\u00ed con una fascinante paleta de colores azules, creando una pieza \u00fanica que a\u00f1ade profundidad y encanto a cualquier habitaci\u00f3n.<\/p>","protected":false},"featured_media":101863,"comment_status":"open","ping_status":"closed","template":"","meta":[],"product_brand":[],"product_cat":[232,192,234,190,319,318],"product_tag":[132,131,128,133,130,134,129],"class_list":{"0":"post-101255","1":"product","2":"type-product","3":"status-publish","4":"has-post-thumbnail","6":"product_cat-new-arrivals","7":"product_cat-beni-ourain-rugs","8":"product_cat-best-sellers","9":"product_cat-rugs","10":"product_cat-rugs-wool-handcrafted-benches","11":"product_cat-wool","12":"product_tag-beni-ourain-rug","13":"product_tag-checkered-rug","14":"product_tag-green-and-white-checkered-rug","15":"product_tag-green-berber-rug","16":"product_tag-green-moroccan-rug","17":"product_tag-green-shag-rug","18":"product_tag-sage-green-moroccan-rug-beni-ourain","19":"product_shipping_class-free","20":"description-off","22":"first","23":"outofstock","24":"featured","25":"shipping-taxable","26":"purchasable","27":"product-type-simple"},"jetpack_sharing_enabled":true,"_links":{"self":[{"href":"https:\/\/berberedesign.com\/es\/wp-json\/wp\/v2\/product\/101255","targetHints":{"allow":["GET"]}}],"collection":[{"href":"https:\/\/berberedesign.com\/es\/wp-json\/wp\/v2\/product"}],"about":[{"href":"https:\/\/berberedesign.com\/es\/wp-json\/wp\/v2\/types\/product"}],"replies":[{"embeddable":true,"href":"https:\/\/berberedesign.com\/es\/wp-json\/wp\/v2\/comments?post=101255"}],"version-history":[{"count":1,"href":"https:\/\/berberedesign.com\/es\/wp-json\/wp\/v2\/product\/101255\/revisions"}],"predecessor-version":[{"id":105319,"href":"https:\/\/berberedesign.com\/es\/wp-json\/wp\/v2\/product\/101255\/revisions\/105319"}],"wp:featuredmedia":[{"embeddable":true,"href":"https:\/\/berberedesign.com\/es\/wp-json\/wp\/v2\/media\/101863"}],"wp:attachment":[{"href":"https:\/\/berberedesign.com\/es\/wp-json\/wp\/v2\/media?parent=101255"}],"wp:term":[{"taxonomy":"product_brand","embeddable":true,"href":"https:\/\/berberedesign.com\/es\/wp-json\/wp\/v2\/product_brand?post=101255"},{"taxonomy":"product_cat","embeddable":true,"href":"https:\/\/berberedesign.com\/es\/wp-json\/wp\/v2\/product_cat?post=101255"},{"taxonomy":"product_tag","embeddable":true,"href":"https:\/\/berberedesign.com\/es\/wp-json\/wp\/v2\/product_tag?post=101255"}],"curies":[{"name":"wp","href":"https:\/\/api.w.org\/{rel}","templated":true}]}}