{"id":100993,"date":"2023-06-13T22:55:51","date_gmt":"2023-06-13T22:55:51","guid":{"rendered":"https:\/\/berberedesign.com\/?post_type=product&#038;p=100993"},"modified":"2026-03-31T17:32:44","modified_gmt":"2026-03-31T17:32:44","slug":"cojin-marroqui-naranja-vivo","status":"publish","type":"product","link":"https:\/\/berberedesign.com\/es\/cojin-marroqui-naranja-vivo\/","title":{"rendered":"Almohada marroqu\u00ed naranja vibrante"},"content":{"rendered":"<h1>Almohada marroqu\u00ed naranja, a\u00f1ade elegancia y energ\u00eda a tu espacio:<\/h1>\n<p>El coj\u00edn Orange Moroccan es un accesorio de decoraci\u00f3n para el hogar que a\u00f1ade elegancia y un toque cultural a cualquier espacio. Este coj\u00edn rectangular, confeccionado en un suave tejido de alta calidad, mide aproximadamente 45 x 45 cm. Presenta un cautivador dise\u00f1o de inspiraci\u00f3n marroqu\u00ed con intrincadas formas geom\u00e9tricas, motivos ornamentales y delicados detalles, todo ello en un vibrante tono naranja. La atrevida elecci\u00f3n del color lo convierte en un llamativo punto focal que aporta calidez y energ\u00eda a cualquier habitaci\u00f3n.<\/p>\n<p><img fetchpriority=\"high\" decoding=\"async\" class=\"aligncenter wp-image-100995 size-large\" src=\"https:\/\/berberedesign.com\/wp-content\/uploads\/2023\/06\/orange-moroccan-throw-pillows-1024x683.webp\" alt=\"cojines marroqu\u00edes naranjas\" width=\"1024\" height=\"683\" title=\"\" srcset=\"https:\/\/berberedesign.com\/wp-content\/uploads\/2023\/06\/orange-moroccan-throw-pillows-1024x683.webp 1024w, https:\/\/berberedesign.com\/wp-content\/uploads\/2023\/06\/orange-moroccan-throw-pillows-300x200.webp 300w, https:\/\/berberedesign.com\/wp-content\/uploads\/2023\/06\/orange-moroccan-throw-pillows-768x512.webp 768w, https:\/\/berberedesign.com\/wp-content\/uploads\/2023\/06\/orange-moroccan-throw-pillows-18x12.webp 18w, https:\/\/berberedesign.com\/wp-content\/uploads\/2023\/06\/orange-moroccan-throw-pillows-1064x710.webp 1064w, https:\/\/berberedesign.com\/wp-content\/uploads\/2023\/06\/orange-moroccan-throw-pillows-20x13.webp 20w, https:\/\/berberedesign.com\/wp-content\/uploads\/2023\/06\/orange-moroccan-throw-pillows-64x43.webp 64w, https:\/\/berberedesign.com\/wp-content\/uploads\/2023\/06\/orange-moroccan-throw-pillows-1080x721.webp 1080w, https:\/\/berberedesign.com\/wp-content\/uploads\/2023\/06\/orange-moroccan-throw-pillows-980x654.webp 980w, https:\/\/berberedesign.com\/wp-content\/uploads\/2023\/06\/orange-moroccan-throw-pillows-480x320.webp 480w, https:\/\/berberedesign.com\/wp-content\/uploads\/2023\/06\/orange-moroccan-throw-pillows.webp 1280w\" sizes=\"(max-width: 1024px) 100vw, 1024px\"><\/p>\n<p>Esta almohada est\u00e1 dise\u00f1ada para ofrecer est\u00e9tica y comodidad, con un tacto afelpado y acogedor. Su generoso relleno proporciona un amplio apoyo, por lo que es perfecto para descansar, relajarse o como acento decorativo en un sof\u00e1, cama o sill\u00f3n. El coj\u00edn Orange Moroccan complementa sin esfuerzo varios estilos de dise\u00f1o de interiores, desde el contempor\u00e1neo al bohemio, a\u00f1adiendo un toque de encanto global y car\u00e1cter a cualquier espacio. Tanto si se utiliza individualmente como en combinaci\u00f3n con otros cojines de colores complementarios, este vibrante accesorio realza al instante el ambiente de una habitaci\u00f3n.<\/p>\n<p><img decoding=\"async\" class=\"aligncenter wp-image-100996 size-large\" src=\"https:\/\/berberedesign.com\/wp-content\/uploads\/2023\/06\/the-orange-moroccan-throw-pillow-1024x683.webp\" alt=\"el coj\u00edn naranja marroqu\u00ed\" width=\"1024\" height=\"683\" title=\"\" srcset=\"https:\/\/berberedesign.com\/wp-content\/uploads\/2023\/06\/the-orange-moroccan-throw-pillow-1024x683.webp 1024w, https:\/\/berberedesign.com\/wp-content\/uploads\/2023\/06\/the-orange-moroccan-throw-pillow-300x200.webp 300w, https:\/\/berberedesign.com\/wp-content\/uploads\/2023\/06\/the-orange-moroccan-throw-pillow-768x512.webp 768w, https:\/\/berberedesign.com\/wp-content\/uploads\/2023\/06\/the-orange-moroccan-throw-pillow-18x12.webp 18w, https:\/\/berberedesign.com\/wp-content\/uploads\/2023\/06\/the-orange-moroccan-throw-pillow-1064x710.webp 1064w, https:\/\/berberedesign.com\/wp-content\/uploads\/2023\/06\/the-orange-moroccan-throw-pillow-20x13.webp 20w, https:\/\/berberedesign.com\/wp-content\/uploads\/2023\/06\/the-orange-moroccan-throw-pillow-64x43.webp 64w, https:\/\/berberedesign.com\/wp-content\/uploads\/2023\/06\/the-orange-moroccan-throw-pillow-1080x721.webp 1080w, https:\/\/berberedesign.com\/wp-content\/uploads\/2023\/06\/the-orange-moroccan-throw-pillow-980x654.webp 980w, https:\/\/berberedesign.com\/wp-content\/uploads\/2023\/06\/the-orange-moroccan-throw-pillow-480x320.webp 480w, https:\/\/berberedesign.com\/wp-content\/uploads\/2023\/06\/the-orange-moroccan-throw-pillow.webp 1280w\" sizes=\"(max-width: 1024px) 100vw, 1024px\"><\/p>\n<p>Con su dise\u00f1o cautivador y su fabricaci\u00f3n de primera calidad, el coj\u00edn Orange Moroccan es un complemento vers\u00e1til y elegante para la decoraci\u00f3n de su hogar. Aporta una explosi\u00f3n de color e inspiraci\u00f3n cultural a tus espacios, creando un ambiente visualmente llamativo y acogedor.<\/p>","protected":false},"excerpt":{"rendered":"<p>El coj\u00edn Orange Moroccan es un coj\u00edn decorativo con un dise\u00f1o de inspiraci\u00f3n marroqu\u00ed en un llamativo tono naranja.<\/p>","protected":false},"featured_media":100994,"comment_status":"open","ping_status":"closed","template":"","meta":[],"product_brand":[],"product_cat":[234,198,197,199,232,196,200,236,201],"product_tag":[],"class_list":{"0":"post-100993","1":"product","2":"type-product","3":"status-publish","4":"has-post-thumbnail","6":"product_cat-best-sellers","7":"product_cat-embroidered-cushions","8":"product_cat-handwoven-berber-pillows","9":"product_cat-kilim-pillow-covers","10":"product_cat-new-arrivals","11":"product_cat-pillows-and-cushions","12":"product_cat-pom-pom-cushions","13":"product_cat-sale-items","14":"product_cat-vintage-berber-pillows","15":"product_shipping_class-free","16":"description-off","18":"first","19":"outofstock","20":"featured","21":"shipping-taxable","22":"purchasable","23":"product-type-simple"},"jetpack_sharing_enabled":true,"_links":{"self":[{"href":"https:\/\/berberedesign.com\/es\/wp-json\/wp\/v2\/product\/100993","targetHints":{"allow":["GET"]}}],"collection":[{"href":"https:\/\/berberedesign.com\/es\/wp-json\/wp\/v2\/product"}],"about":[{"href":"https:\/\/berberedesign.com\/es\/wp-json\/wp\/v2\/types\/product"}],"replies":[{"embeddable":true,"href":"https:\/\/berberedesign.com\/es\/wp-json\/wp\/v2\/comments?post=100993"}],"version-history":[{"count":0,"href":"https:\/\/berberedesign.com\/es\/wp-json\/wp\/v2\/product\/100993\/revisions"}],"wp:featuredmedia":[{"embeddable":true,"href":"https:\/\/berberedesign.com\/es\/wp-json\/wp\/v2\/media\/100994"}],"wp:attachment":[{"href":"https:\/\/berberedesign.com\/es\/wp-json\/wp\/v2\/media?parent=100993"}],"wp:term":[{"taxonomy":"product_brand","embeddable":true,"href":"https:\/\/berberedesign.com\/es\/wp-json\/wp\/v2\/product_brand?post=100993"},{"taxonomy":"product_cat","embeddable":true,"href":"https:\/\/berberedesign.com\/es\/wp-json\/wp\/v2\/product_cat?post=100993"},{"taxonomy":"product_tag","embeddable":true,"href":"https:\/\/berberedesign.com\/es\/wp-json\/wp\/v2\/product_tag?post=100993"}],"curies":[{"name":"wp","href":"https:\/\/api.w.org\/{rel}","templated":true}]}}