{"id":100462,"date":"2023-06-03T13:21:54","date_gmt":"2023-06-03T13:21:54","guid":{"rendered":"https:\/\/berberedesign.com\/?post_type=product&#038;p=100462"},"modified":"2025-02-22T17:26:26","modified_gmt":"2025-02-22T17:26:26","slug":"pouf-de-cuero-marroqui-marron-pouf-marroqui","status":"publish","type":"product","link":"https:\/\/berberedesign.com\/es\/pouf-de-cuero-marroqui-marron-pouf-marroqui\/","title":{"rendered":"Puf de cuero marroqu\u00ed tostado, puf marroqu\u00ed marr\u00f3n"},"content":{"rendered":"<p>Transforme su sal\u00f3n con este puf marroqu\u00ed de cuero marr\u00f3n hecho a mano. Fabricado por expertos artesanos, este puf de piel aut\u00e9ntica en un intenso tono marr\u00f3n tostado ofrece una mezcla de tradici\u00f3n y elegancia moderna. Perfecto como reposapi\u00e9s, asiento extra o acento decorativo, complementa a la perfecci\u00f3n varios estilos de decoraci\u00f3n.<\/p>\n<ul>\n<li><strong>Aut\u00e9ntica artesan\u00eda:<\/strong> Hecho a mano por artesanos marroqu\u00edes con piel aut\u00e9ntica de primera calidad.<\/li>\n<li><strong>Elegante tono marr\u00f3n tostado:<\/strong> Un color neutro pero c\u00e1lido que realza la est\u00e9tica de cualquier habitaci\u00f3n.<\/li>\n<li><strong>Funcionalidad vers\u00e1til:<\/strong> Ideal como reposapi\u00e9s, asiento adicional o elegante centro de mesa.<\/li>\n<li><strong>Duradero y de larga duraci\u00f3n:<\/strong> Su robusta construcci\u00f3n en piel garantiza a\u00f1os de uso fiable.<\/li>\n<li><strong>Dise\u00f1o atemporal:<\/strong> Combina el arte tradicional marroqu\u00ed con la sencillez moderna.<\/li>\n<\/ul>\n<p>Este puf marroqu\u00ed de piel tostada es el complemento perfecto para su hogar, ya que combina funcionalidad, durabilidad y herencia cultural.<\/p>","protected":false},"excerpt":{"rendered":"<p>En <strong>Puf de cuero marroqu\u00ed tostado<\/strong> es el ep\u00edtome de la sofisticaci\u00f3n, un art\u00edculo imprescindible para su hogar. Sus delicados pespuntes, combinados con piel aut\u00e9ntica, crean un aura de elegancia que cautivar\u00e1 a quienes lo vean. <strong>Este puf de estilo marroqu\u00ed<\/strong> no s\u00f3lo es una delicia visual, sino que adem\u00e1s es ligera y f\u00e1cil de mover, lo que la convierte en el complemento perfecto para cualquier habitaci\u00f3n de la casa.<\/p>","protected":false},"featured_media":100467,"comment_status":"open","ping_status":"closed","template":"","meta":[],"product_brand":[],"product_cat":[202,302,204,236],"product_tag":[],"class_list":{"0":"post-100462","1":"product","2":"type-product","3":"status-publish","4":"has-post-thumbnail","6":"product_cat-home-decor","7":"product_cat-leather-poufs","8":"product_cat-moroccan-poufs","9":"product_cat-sale-items","10":"product_shipping_class-free","11":"description-off","13":"first","14":"instock","15":"sale","16":"shipping-taxable","17":"purchasable","18":"product-type-variable"},"jetpack_sharing_enabled":true,"_links":{"self":[{"href":"https:\/\/berberedesign.com\/es\/wp-json\/wp\/v2\/product\/100462","targetHints":{"allow":["GET"]}}],"collection":[{"href":"https:\/\/berberedesign.com\/es\/wp-json\/wp\/v2\/product"}],"about":[{"href":"https:\/\/berberedesign.com\/es\/wp-json\/wp\/v2\/types\/product"}],"replies":[{"embeddable":true,"href":"https:\/\/berberedesign.com\/es\/wp-json\/wp\/v2\/comments?post=100462"}],"version-history":[{"count":2,"href":"https:\/\/berberedesign.com\/es\/wp-json\/wp\/v2\/product\/100462\/revisions"}],"predecessor-version":[{"id":106573,"href":"https:\/\/berberedesign.com\/es\/wp-json\/wp\/v2\/product\/100462\/revisions\/106573"}],"wp:featuredmedia":[{"embeddable":true,"href":"https:\/\/berberedesign.com\/es\/wp-json\/wp\/v2\/media\/100467"}],"wp:attachment":[{"href":"https:\/\/berberedesign.com\/es\/wp-json\/wp\/v2\/media?parent=100462"}],"wp:term":[{"taxonomy":"product_brand","embeddable":true,"href":"https:\/\/berberedesign.com\/es\/wp-json\/wp\/v2\/product_brand?post=100462"},{"taxonomy":"product_cat","embeddable":true,"href":"https:\/\/berberedesign.com\/es\/wp-json\/wp\/v2\/product_cat?post=100462"},{"taxonomy":"product_tag","embeddable":true,"href":"https:\/\/berberedesign.com\/es\/wp-json\/wp\/v2\/product_tag?post=100462"}],"curies":[{"name":"wp","href":"https:\/\/api.w.org\/{rel}","templated":true}]}}