{"id":100325,"date":"2023-05-20T18:31:59","date_gmt":"2023-05-20T18:31:59","guid":{"rendered":"https:\/\/berberedesign.com\/?post_type=product&#038;p=100325"},"modified":"2026-02-26T23:08:31","modified_gmt":"2026-02-26T23:08:31","slug":"puf-artesanal-de-cuero-marroqui-redondo-marron-ornamentado","status":"publish","type":"product","link":"https:\/\/berberedesign.com\/es\/puf-artesanal-de-cuero-marroqui-redondo-marron-ornamentado\/","title":{"rendered":"Puf redondo de cuero aut\u00e9ntico marroqu\u00ed ornamentado hecho a mano - Marr\u00f3n"},"content":{"rendered":"<p>Eleve la decoraci\u00f3n de su hogar con este puf redondo de cuero marroqu\u00ed de dise\u00f1o ornamental. Hecho a mano por artesanos expertos, muestra una exquisita artesan\u00eda y cuero genuino de primera calidad en un c\u00e1lido tono marr\u00f3n. Perfecto como reposapi\u00e9s, asiento adicional o elemento decorativo, este puf aporta una mezcla de tradici\u00f3n y estilo moderno a su hogar.<\/p>\n<ul>\n<li><strong>Aut\u00e9ntica artesan\u00eda:<\/strong> Fabricado a mano por artesanos marroqu\u00edes, lo que garantiza detalles \u00fanicos y de gran calidad.<\/li>\n<li><strong>Piel aut\u00e9ntica de primera calidad:<\/strong> Fabricado en piel aut\u00e9ntica y duradera con un rico acabado marr\u00f3n.<\/li>\n<li><strong>Detalles ornamentales:<\/strong> Presenta intrincados motivos que reflejan la belleza del arte marroqu\u00ed.<\/li>\n<li><strong>Uso vers\u00e1til:<\/strong> Ideal como reposapi\u00e9s, asiento adicional o centro de mesa en cualquier habitaci\u00f3n.<\/li>\n<li><strong>Duradero y funcional:<\/strong> Su robusta construcci\u00f3n garantiza un uso duradero y un atractivo atemporal.<\/li>\n<\/ul>\n<p>Este ornamentado puf marroqu\u00ed de cuero combina la herencia cultural y la funcionalidad moderna, convirti\u00e9ndolo en el complemento perfecto para la decoraci\u00f3n de su hogar.<\/p>\n<p><iframe title=\"Un talento de la artesan\u00eda marroqu\u00ed\" width=\"1200\" height=\"675\" src=\"https:\/\/www.youtube.com\/embed\/c_10xM47nDw?feature=oembed&#038;enablejsapi=1&#038;origin=https:\/\/berberedesign.com\" frameborder=\"0\" allow=\"accelerometer; autoplay; clipboard-write; encrypted-media; gyroscope; picture-in-picture; web-share\" referrerpolicy=\"strict-origin-when-cross-origin\" allowfullscreen><\/iframe><\/p>","protected":false},"excerpt":{"rendered":"<p>Experimente el lujo en estado puro con el <strong>Puf redondo de cuero aut\u00e9ntico marroqu\u00ed ornamentado hecho a mano<\/strong>. Los h\u00e1biles artesanos marroqu\u00edes han elaborado meticulosamente cada <strong>Puf redondo de cuero Marr\u00f3n<\/strong>El pouf ofrece una calidad inigualable, formas vers\u00e1tiles y un intrincado dise\u00f1o dif\u00edcil de resistir. El puf ofrece una calidad inigualable, formas vers\u00e1tiles y un intrincado dise\u00f1o dif\u00edcil de resistir.<\/p>","protected":false},"featured_media":102411,"comment_status":"open","ping_status":"closed","template":"","meta":[],"product_brand":[],"product_cat":[234,202,302,204,232,236],"product_tag":[],"class_list":{"0":"post-100325","1":"product","2":"type-product","3":"status-publish","4":"has-post-thumbnail","6":"product_cat-best-sellers","7":"product_cat-home-decor","8":"product_cat-leather-poufs","9":"product_cat-moroccan-poufs","10":"product_cat-new-arrivals","11":"product_cat-sale-items","12":"product_shipping_class-free","13":"description-off","15":"first","16":"instock","17":"sale","18":"shipping-taxable","19":"purchasable","20":"product-type-variable"},"jetpack_sharing_enabled":true,"_links":{"self":[{"href":"https:\/\/berberedesign.com\/es\/wp-json\/wp\/v2\/product\/100325","targetHints":{"allow":["GET"]}}],"collection":[{"href":"https:\/\/berberedesign.com\/es\/wp-json\/wp\/v2\/product"}],"about":[{"href":"https:\/\/berberedesign.com\/es\/wp-json\/wp\/v2\/types\/product"}],"replies":[{"embeddable":true,"href":"https:\/\/berberedesign.com\/es\/wp-json\/wp\/v2\/comments?post=100325"}],"version-history":[{"count":3,"href":"https:\/\/berberedesign.com\/es\/wp-json\/wp\/v2\/product\/100325\/revisions"}],"predecessor-version":[{"id":106814,"href":"https:\/\/berberedesign.com\/es\/wp-json\/wp\/v2\/product\/100325\/revisions\/106814"}],"wp:featuredmedia":[{"embeddable":true,"href":"https:\/\/berberedesign.com\/es\/wp-json\/wp\/v2\/media\/102411"}],"wp:attachment":[{"href":"https:\/\/berberedesign.com\/es\/wp-json\/wp\/v2\/media?parent=100325"}],"wp:term":[{"taxonomy":"product_brand","embeddable":true,"href":"https:\/\/berberedesign.com\/es\/wp-json\/wp\/v2\/product_brand?post=100325"},{"taxonomy":"product_cat","embeddable":true,"href":"https:\/\/berberedesign.com\/es\/wp-json\/wp\/v2\/product_cat?post=100325"},{"taxonomy":"product_tag","embeddable":true,"href":"https:\/\/berberedesign.com\/es\/wp-json\/wp\/v2\/product_tag?post=100325"}],"curies":[{"name":"wp","href":"https:\/\/api.w.org\/{rel}","templated":true}]}}