{"id":92237,"date":"2021-07-15T05:04:22","date_gmt":"2021-07-15T05:04:22","guid":{"rendered":"https:\/\/divifurnitureshop.divifixer.com\/?page_id=24"},"modified":"2023-06-12T17:53:09","modified_gmt":"2023-06-12T17:53:09","slug":"faq","status":"publish","type":"page","link":"https:\/\/berberedesign.com\/es\/faq\/","title":{"rendered":"Faq"},"content":{"rendered":"<p>[et_pb_section fb_built=\"1\u2033 custom_padding_last_edited=\"on|phone\" _builder_version=\"4.16\u2033 _module_preset=\"default\" background_enable_color=\"off\" use_background_color_gradient=\"on\" background_color_gradient_direction=\"90deg\" background_color_gradient_stops=\"rgba(0,0,0,0.67) 40%|rgba(255,255,255,0) 90%\" background_color_gradient_start=\"rgba(0,0,0,0.67)\" background_color_gradient_start_position=\"40%\" background_color_gradient_end=\"rgba(255,255,255,0)\" background_color_gradient_end_position=\"90%\" background_image=\"https:\/\/berberedesign.com\/wp-content\/uploads\/2023\/05\/furniture-09.jpg\" background_position=\"center_right\" background_blend=\"overlay\" custom_padding_tablet=\"30px||30px||true|false\" custom_padding_phone=\"20px||20px||true|false\" global_colors_info=\"{}\"][et_pb_row use_custom_gutter=\"on\" make_equal=\"on\" _builder_version=\"4.16\u2033 _module_preset=\"default\" width=\"90%\" max_width=\"1400px\" custom_padding=\"||0px|||\" global_colors_info=\"{}\"][et_pb_column type=\"4_4\u2033 _builder_version=\"4.16\u2033 _module_preset=\"default\" global_colors_info=\"{}\" custom_css_main_element_last_edited=\"on|phone\" custom_css_main_element_tablet=\"padding-bottom:10px;\" custom_css_main_element_phone=\"margin-bottom:0px;\"][et_pb_text _builder_version=\"4.16\u2033 _module_preset=\u201d020b907f-3824-4cde-9bfc-199ac70a11cd\" text_font=\"|||on|||||\" text_font_size=\"18px\" text_letter_spacing=\"1px\" link_font=\"||||||||\" ul_font=\"||||||||\" ol_font=\"||||||||\" quote_font=\"||||||||\" header_font=\"||||||||\" header_2_font=\"||||||||\" header_3_font=\"||||||||\" header_4_font=\"||||||||\" header_5_font=\"||||||||\" header_6_font=\"||||||||\" custom_margin=\"||15px||false|false\" custom_margin_tablet=\"||10px||false|false\" custom_margin_phone=\"||5px||false|false\" custom_margin_last_edited=\"on|desktop\" text_font_size_tablet=\"15px\" text_font_size_phone=\"\" text_font_size_last_edited=\"on|phone\" text_orientation_tablet=\"center\" text_orientation_last_edited=\"off|tablet\" custom_css_main_element=\"color:var(-color-1); \" global_colors_info=\"{}\"]Tienda de muebles[\/et_pb_text][et_pb_text _builder_version=\"4.21.0\u2033 _module_preset=\u201dc5e1c558-cbbf-4f46-917f-13388175cc27\u2033 text_font=\"||||||||\" text_text_color=\"#FFFFFF\" text_font_size=\"20px\" text_line_height=\"30px\" link_font=\"||||||||\" ul_font=\"||||||||\" ol_font=\"||||||||\" quote_font=\"||||||||\" header_font=\"||||||||\" header_text_align=\"left\" header_2_font=\"|700||on|||||\" header_2_text_align=\"left\" header_2_text_color=\"#FFFFFF\" header_2_font_size=\"42px\" header_2_letter_spacing=\"2px\" header_3_font=\"||||||||\" header_4_font=\"|700|||||||\" header_4_text_color=\"#58595b\" header_4_font_size=\"50px\" header_5_font=\"||||||||\" header_6_font=\"||||||||\" custom_margin_tablet=\"||0px||false|false\" custom_margin_phone=\"||0px||false|false\" custom_margin_last_edited=\"on|phone\" hover_enabled=\"0\u2033 header_2_font_size_tablet=\"40px\" header_2_font_size_phone=\"35px\" header_2_font_size_last_edited=\"on|phone\" header_2_line_height_tablet=\"40px\" header_2_line_height_phone=\"40px\" header_2_line_height_last_edited=\"on|tablet\" header_4_font_size_tablet=\"40px\" header_4_font_size_phone=\"35px\" header_4_font_size_last_edited=\"on|phone\" header_4_line_height_tablet=\"40px\" header_4_line_height_phone=\"40px\" header_4_line_height_last_edited=\"on|tablet\" text_orientation_tablet=\"center\" text_orientation_last_edited=\"off|tablet\" global_colors_info=\"{}\" sticky_enabled=\"0\u2033]<\/p>\n<h2>Nuestra <strong>PREGUNTAS FRECUENTES<\/strong>s<\/h2>\n<p>Preguntas frecuentes\u00a0<\/p>\n<p>[\/et_pb_text][et_pb_divider color=\u201drgba(229,222,226,0.13)\u201d _builder_version=\"4.16\u2033 _module_preset=\"default\" min_height=\"2px\" height=\"2px\" custom_margin=\"10px|||5px||false|false\" custom_padding=\"||0px||false|false\" global_colors_info=\"{}\"][\/et_pb_divider][et_pb_button button_url=\"@ET-DC@eyJkeW5hbWljIjp0cnVlLCJjb250ZW50IjoiaG9tZV91cmwiLCJzZXR0aW5ncyI6e319@\" button_text=\"home \" button_alignment=\"left\" button_alignment_tablet=\"left\" button_alignment_phone=\"\" button_alignment_last_edited=\"on|phone\" _builder_version=\"4.16\u2033 _dynamic_attributes=\"button_url\" _module_preset=\"default\" custom_button=\"on\" button_text_size=\"14px\" button_border_width=\"0px\" button_border_color=\"#42b4b0\u2033 button_border_radius=\"30px\" button_font=\"|||on|||||\" button_icon=\"9||divi||400\u2033 button_on_hover=\"off\" custom_margin_tablet=\"0px||||false|false\" custom_margin_phone=\"\" custom_margin_last_edited=\"on|desktop\" custom_padding=\"5px|0px|5px|5px|true|false|on\" custom_css_main_element=\"float:left;color:var(-color-1);\t\" global_colors_info=\"{}\" button_bg_color__hover=\"\" button_bg_color__hover_enabled=\"on|hover\" button_border_color__hover=\"#58595b\" button_border_color__hover_enabled=\"on|hover\" button_letter_spacing__hover=\"0px\" button_letter_spacing__hover_enabled=\"on|hover\" button_bg_enable_color__hover=\"off\"][\/et_pb_button][et_pb_button button_text=\"@ET-DC@eyJkeW5hbWljIjp0cnVlLCJjb250ZW50IjoicG9zdF90aXRsZSIsInNldHRpbmdzIjp7ImJlZm9yZSI6IiIsImFmdGVyIjoiIn19@\" button_alignment=\"left\" button_alignment_tablet=\"left\" button_alignment_phone=\"\" button_alignment_last_edited=\"on|phone\" _builder_version=\"4.16\u2033 _dynamic_attributes=\"button_text\" _module_preset=\"default\" custom_button=\"on\" button_text_size=\"14px\" button_text_color=\"#FFFFFF\" button_border_width=\"0px\" button_border_color=\"#000000\u2033 button_border_radius=\"30px\" button_font=\"||on|||||\" button_use_icon=\"off\" custom_margin=\"-29px||||false|false\" custom_margin_tablet=\"-20px||||false|false\" custom_margin_phone=\"\" custom_margin_last_edited=\"on|desktop\" custom_padding=\"0px|30px|10px|30px|false|true|on\" custom_css_main_element=\"float:left;\u201d global_colors_info=\u201d{}\u201d button_bg_color__hover=\u201drgba(255,255,255,0)\" button_bg_color__hover_enabled=\"on|hover\" button_border_color__hover=\"#58595b\" button_border_color__hover_enabled=\"on|hover\" button_letter_spacing__hover=\"1px\" button_letter_spacing__hover_enabled=\"on|hover\" button_text_color__hover_enabled=\"off|desktop\" button_text_color__hover=\"#42b4b0\u2033 button_bg_enable_color__hover=\"on\"][\/et_pb_button][\/et_pb_column][\/et_pb_row][\/et_pb_section][et_pb_section fb_built=\"1\u2033 custom_padding_last_edited=\"on|tablet\" _builder_version=\"4.16\u2033 _module_preset=\"default\" custom_padding=\"||20px||false|false\" custom_padding_tablet=\"10px||20px||false|false\" custom_padding_phone=\"\" global_colors_info=\"{}\"][et_pb_row use_custom_gutter=\"on\" gutter_width=\"2\u2033 make_equal=\"on\" _builder_version=\"4.16\u2033 _module_preset=\"default\" width=\"90%\" max_width=\"1400px\" global_colors_info=\"{}\"][et_pb_column type=\"4_4\u2033 _builder_version=\"4.16\u2033 _module_preset=\"default\" global_colors_info=\"{}\"][et_pb_text _builder_version=\"4.16\u2033 _module_preset=\"default\" text_font_size=\"20px\" text_line_height=\"27px\" custom_css_main_element=\"color:var(-color-2); \" global_colors_info=\"{}\"]<span style=\"font-size:35px;font-weight:700\">01. <\/span>INFORMACI\u00d3N DE COMPRAS[\/et_pb_text][\/et_pb_column][\/et_pb_row][et_pb_row column_structure=\"1_2,1_2\u2033 use_custom_gutter=\"on\" gutter_width=\"2\u2033 custom_padding_last_edited=\"on|tablet\" _builder_version=\"4.16\u2033 _module_preset=\"default\" width=\"90%\" max_width=\"1300px\" custom_padding_tablet=\"0px||||false|false\" custom_padding_phone=\"\" global_colors_info=\"{}\"][et_pb_column type=\"1_2\u2033 _builder_version=\"4.16\u2033 _module_preset=\"default\" global_colors_info=\"{}\"][et_pb_accordion module_class=\"dct_faq\" _builder_version=\"4.21.0\u2033 _module_preset=\"default\" hover_enabled=\"0\u2033 global_colors_info=\"{}\" sticky_enabled=\"0\u2033][et_pb_accordion_item title=\"\u00bfQu\u00e9 es Berberedesign.com?\" open=\"on\" _builder_version=\"4.21.0\u2033 _module_preset=\"default\" hover_enabled=\"0\u2033 global_colors_info=\"{}\" sticky_enabled=\"0\u2033]<\/p>\n<p><span>Berberedesign.com es una tienda online especializada en aut\u00e9nticas alfombras, pufs, almohadas y mantas marroqu\u00edes. Ofrecemos una amplia selecci\u00f3n de hermosos productos hechos a mano directamente desde Marruecos.<\/span><\/p>\n<p>[\/et_pb_accordion_item][et_pb_accordion_item title=\"\u00bfTienen una tienda f\u00edsica donde pueda ver los productos en persona?\" _builder_version=\"4.21.0\u2033 _module_preset=\"default\" hover_enabled=\"0\u2033 global_colors_info=\"{}\" open=\"off\" sticky_enabled=\"0\u2033]<\/p>\n<p><span>Operamos exclusivamente como tienda en l\u00ednea. Sin embargo, nos esforzamos por ofrecer descripciones detalladas de los productos, im\u00e1genes de alta calidad y medidas precisas para ayudarle a tomar decisiones de compra informadas.<\/span><\/p>\n<p>[\/et_pb_accordion_item][et_pb_accordion_item title=\"\u00bfC\u00f3mo puedo determinar el tama\u00f1o de una alfombra marroqu\u00ed antes de comprarla?\" _builder_version=\"4.21.0\u2033 _module_preset=\"default\" hover_enabled=\"0\u2033 global_colors_info=\"{}\" open=\"off\" sticky_enabled=\"0\u2033]<\/p>\n<p><span>Todos los listados de alfombras de nuestro sitio web incluyen dimensiones. Puede medir el \u00e1rea donde planea colocar la alfombra y compararla con las medidas proporcionadas para asegurar un ajuste adecuado.<\/span><\/p>\n<p>[\/et_pb_accordion_item][\/et_pb_accordion][\/et_pb_column][et_pb_column type=\"1_2\u2033 _builder_version=\"4.16\u2033 _module_preset=\"default\" global_colors_info=\"{}\"][et_pb_accordion module_class=\"dct_faq\" _builder_version=\"4.21.0\u2033 _module_preset=\"default\" hover_enabled=\"0\u2033 global_colors_info=\"{}\" sticky_enabled=\"0\u2033][et_pb_accordion_item title=\"\u00bfEst\u00e1n hechos a mano los productos de Berberedesign.com?\" open=\"on\" _builder_version=\"4.21.0\u2033 _module_preset=\"default\" hover_enabled=\"0\u2033 global_colors_info=\"{}\" sticky_enabled=\"0\u2033]<\/p>\n<p><span>S\u00ed, todos nuestros productos, incluidas las alfombras, pufs, almohadas y mantas marroqu\u00edes, est\u00e1n meticulosamente elaborados a mano por h\u00e1biles artesanos en Marruecos. Cada pieza est\u00e1 hecha con gran atenci\u00f3n al detalle y refleja las ricas tradiciones de la artesan\u00eda marroqu\u00ed.<\/span><\/p>\n<p>[\/et_pb_accordion_item][et_pb_accordion_item title=\"\u00bfSon aut\u00e9nticas las alfombras marroqu\u00edes de su p\u00e1gina web?\" _builder_version=\"4.21.0\u2033 _module_preset=\"default\" hover_enabled=\"0\u2033 global_colors_info=\"{}\" open=\"off\" sticky_enabled=\"0\u2033]<\/p>\n<ol>\n<li>\n<p>Por supuesto. Nos enorgullece ofrecer s\u00f3lo alfombras marroqu\u00edes aut\u00e9nticas. Trabajamos en estrecha colaboraci\u00f3n con artesanos y cooperativas locales de Marruecos para garantizar que nuestras alfombras se fabrican con t\u00e9cnicas tradicionales y materiales de alta calidad. Puede confiar en que las alfombras que nos compra son aut\u00e9nticos tesoros marroqu\u00edes.<\/p>\n<\/li>\n<li><\/li>\n<\/ol>\n<p>[\/et_pb_accordion_item][et_pb_accordion_item title=\"\u00bfSon adecuadas las alfombras marroqu\u00edes para zonas de mucho tr\u00e1nsito?\" _builder_version=\"4.21.0\u2033 _module_preset=\"default\" hover_enabled=\"0\u2033 global_colors_info=\"{}\" open=\"off\" sticky_enabled=\"0\u2033]<\/p>\n<p><span>S\u00ed, nuestras alfombras marroqu\u00edes se fabrican pensando en su durabilidad. Sin embargo, es importante tener en cuenta el dise\u00f1o y los materiales espec\u00edficos de la alfombra para determinar su idoneidad para zonas de mucho tr\u00e1nsito.<\/span><\/p>\n<p>[\/et_pb_accordion_item][\/et_pb_accordion][\/et_pb_column][\/et_pb_row][\/et_pb_section][et_pb_section fb_built=\"1\u2033 _builder_version=\"4.16\u2033 _module_preset=\"default\" custom_padding=\"0px||0px||true|false\" global_colors_info=\"{}\"][et_pb_row use_custom_gutter=\"on\" gutter_width=\"2\u2033 make_equal=\"on\" custom_padding_last_edited=\"on|tablet\" _builder_version=\"4.16\u2033 _module_preset=\"default\" width=\"90%\" max_width=\"1400px\" custom_padding_tablet=\"0px||||false|false\" custom_padding_phone=\"\" global_colors_info=\"{}\"][et_pb_column type=\"4_4\u2033 _builder_version=\"4.16\u2033 _module_preset=\"default\" global_colors_info=\"{}\"][et_pb_text _builder_version=\"4.16\u2033 _module_preset=\"default\" text_font_size=\"20px\" text_line_height=\"27px\" custom_css_main_element=\"color:var(-color-2); \" global_colors_info=\"{}\"]<span style=\"font-size:35px;font-weight:700\">02. <\/span> INFORMACI\u00d3N DE PAGO[\/et_pb_text][\/et_pb_column][\/et_pb_row][et_pb_row use_custom_gutter=\"on\" gutter_width=\"2\u2033 _builder_version=\"4.16\u2033 _module_preset=\"default\" width=\"90%\" max_width=\"1300px\" global_colors_info=\"{}\"][et_pb_column type=\"4_4\u2033 _builder_version=\"4.16\u2033 _module_preset=\"default\" global_colors_info=\"{}\"][et_pb_accordion module_class=\"dct_faq\" _builder_version=\"4.21.0\u2033 _module_preset=\"default\" hover_enabled=\"0\u2033 global_colors_info=\"{}\" sticky_enabled=\"0\u2033][et_pb_accordion_item title=\"\u00bfQu\u00e9 m\u00e9todos de pago aceptan?\" open=\"on\" _builder_version=\"4.21.0\u2033 _module_preset=\"default\" hover_enabled=\"0\u2033 global_colors_info=\"{}\" sticky_enabled=\"0\u2033]<\/p>\n<p><span>Aceptamos varios m\u00e9todos de pago, incluyendo los principales d\u00e9bito, tarjetas de cr\u00e9dito (Visa, Mastercard, American Express), y PayPal, si es necesario vamos a proporcionar otras plataformas de pago seguro en l\u00ednea.<\/span><\/p>\n<p>[\/et_pb_accordion_item][et_pb_accordion_item title=\"\u00bfEs segura mi informaci\u00f3n de pago en su sitio web?\" _builder_version=\"4.21.0\u2033 _module_preset=\"default\" hover_enabled=\"0\u2033 global_colors_info=\"{}\" open=\"off\" sticky_enabled=\"0\u2033]<\/p>\n<p><span>S\u00ed, nos tomamos muy en serio la seguridad de sus datos de pago. Nuestro sitio web utiliza protocolos de encriptaci\u00f3n seguros para proteger tus datos durante el proceso de pago.<\/span><\/p>\n<p>[\/et_pb_accordion_item][et_pb_accordion_item title=\"\u00bfOfrecen opciones de pago a plazos?\" _builder_version=\"4.21.0\u2033 _module_preset=\"default\" hover_enabled=\"0\u2033 global_colors_info=\"{}\" open=\"off\" sticky_enabled=\"0\u2033]<\/p>\n<p><span>Actualmente, no ofrecemos opciones de pago a plazos. Todos los pedidos deben pagarse \u00edntegramente en el momento de la compra.<\/span><\/p>\n<p>[\/et_pb_accordion_item][\/et_pb_accordion][\/et_pb_column][\/et_pb_row][\/et_pb_section][et_pb_section fb_built=\"1\u2033 _builder_version=\"4.16\u2033 _module_preset=\"default\" custom_padding=\"20px||||false|false\" global_colors_info=\"{}\"][et_pb_row use_custom_gutter=\"on\" gutter_width=\"2\u2033 make_equal=\"on\" _builder_version=\"4.16\u2033 _module_preset=\"default\" width=\"90%\" max_width=\"1400px\" global_colors_info=\"{}\"][et_pb_column type=\"4_4\u2033 _builder_version=\"4.16\u2033 _module_preset=\"default\" global_colors_info=\"{}\"][et_pb_text _builder_version=\"4.16\u2033 _module_preset=\"default\" text_font_size=\"20px\" text_line_height=\"27px\" custom_css_main_element=\"color:var(-color-2); \" global_colors_info=\"{}\"]<span style=\"font-size:35px;font-weight:700\">03. <\/span> PEDIDOS Y DEVOLUCIONES[\/et_pb_text][\/et_pb_column][\/et_pb_row][et_pb_row column_structure=\"1_2,1_2\u2033 use_custom_gutter=\"on\" gutter_width=\"2\u2033 custom_padding_last_edited=\"on|tablet\" _builder_version=\"4.16\u2033 _module_preset=\"default\" width=\"90%\" max_width=\"1300px\" custom_padding_tablet=\"0px||||false|false\" custom_padding_phone=\"\" global_colors_info=\"{}\"][et_pb_column type=\"1_2\u2033 _builder_version=\"4.16\u2033 _module_preset=\"default\" global_colors_info=\"{}\"][et_pb_accordion module_class=\"dct_faq\" _builder_version=\"4.21.0\u2033 _module_preset=\"default\" hover_enabled=\"0\u2033 global_colors_info=\"{}\" sticky_enabled=\"0\u2033][et_pb_accordion_item title=\"\u00bfC\u00f3mo puedo seguir el estado de mi pedido?\" open=\"on\" _builder_version=\"4.21.0\u2033 _module_preset=\"default\" hover_enabled=\"0\u2033 global_colors_info=\"{}\" sticky_enabled=\"0\u2033]<\/p>\n<p><span>Una vez enviado su pedido, le facilitaremos un n\u00famero de seguimiento. Puede utilizar este n\u00famero de seguimiento para supervisar el progreso de su env\u00edo en el sitio web del transportista correspondiente.<\/span><\/p>\n<p>[\/et_pb_accordion_item][et_pb_accordion_item title=\"\u00bfPuedo modificar o cancelar mi pedido una vez realizado?\" _builder_version=\"4.21.0\u2033 _module_preset=\"default\" hover_enabled=\"0\u2033 global_colors_info=\"{}\" open=\"off\" sticky_enabled=\"0\u2033]<\/p>\n<p><span>Nos esforzamos por tramitar los pedidos con rapidez, pero si necesita modificarlos o cancelarlos, p\u00f3ngase en contacto con nosotros lo antes posible. Haremos todo lo posible por atender su petici\u00f3n, pero tenga en cuenta que una vez que se ha enviado un pedido, no se puede modificar ni cancelar.<\/span><\/p>\n<p>[\/et_pb_accordion_item][et_pb_accordion_item title=\"\u00bfCu\u00e1l es su pol\u00edtica de devoluciones?\" _builder_version=\"4.21.0\u2033 _module_preset=\"default\" hover_enabled=\"0\u2033 global_colors_info=\"{}\" open=\"off\" sticky_enabled=\"0\u2033]<\/p>\n<p><span>Si no est\u00e1 satisfecho con su compra, puede devolverla en un plazo de 30 d\u00edas a partir de la entrega para obtener un reembolso o un cambio. Consulte nuestro <a href=\"https:\/\/berberedesign.com\/es\/devoluciones_devolucion\/\">P\u00e1gina de cambios y devoluciones<\/a> para obtener instrucciones detalladas sobre c\u00f3mo iniciar una devoluci\u00f3n.<\/span><\/p>\n<p>[\/et_pb_accordion_item][\/et_pb_accordion][\/et_pb_column][et_pb_column type=\"1_2\u2033 _builder_version=\"4.16\u2033 _module_preset=\"default\" global_colors_info=\"{}\"][et_pb_accordion module_class=\"dct_faq\" _builder_version=\"4.21.0\u2033 _module_preset=\"default\" hover_enabled=\"0\u2033 global_colors_info=\"{}\" sticky_enabled=\"0\u2033][et_pb_accordion_item title=\"\u00bfTengo que pagar por el env\u00edo de devoluci\u00f3n?\" open=\"on\" _builder_version=\"4.21.0\u2033 _module_preset=\"default\" hover_enabled=\"0\u2033 global_colors_info=\"{}\" sticky_enabled=\"0\u2033]<\/p>\n<p><span>En la mayor\u00eda de los casos, el cliente corre con los gastos de env\u00edo de la devoluci\u00f3n. Sin embargo, si la devoluci\u00f3n se debe a un error por nuestra parte o si el art\u00edculo es defectuoso o est\u00e1 da\u00f1ado, cubriremos los gastos de env\u00edo de la devoluci\u00f3n.<\/span><\/p>\n<p>[\/et_pb_accordion_item][et_pb_accordion_item title=\"\u00bfCu\u00e1nto se tarda en procesar un reembolso?\" _builder_version=\"4.21.0\u2033 _module_preset=\"default\" hover_enabled=\"0\u2033 global_colors_info=\"{}\" open=\"off\" sticky_enabled=\"0\u2033]<\/p>\n<p><span>Una vez que recibamos el art\u00edculo devuelto, lo inspeccionaremos y tramitaremos el reembolso en unos d\u00edas laborables. El tiempo exacto que tarda en aparecer el reembolso en tu cuenta puede variar en funci\u00f3n de tu m\u00e9todo de pago y entidad financiera.<\/span><\/p>\n<p>[\/et_pb_accordion_item][et_pb_accordion_item title=\"\u00bfPuedo cambiar un art\u00edculo por otro diferente?\" _builder_version=\"4.21.0\u2033 _module_preset=\"default\" hover_enabled=\"0\u2033 global_colors_info=\"{}\" open=\"off\" sticky_enabled=\"0\u2033]<\/p>\n<p><span>S\u00ed, ofrecemos cambios por art\u00edculos de igual o menor valor. Si desea cambiar un art\u00edculo, siga las instrucciones de nuestra p\u00e1gina Devoluciones y cambios, y nuestro equipo de atenci\u00f3n al cliente le ayudar\u00e1.<\/span><\/p>\n<p>[\/et_pb_accordion_item][\/et_pb_accordion][\/et_pb_column][\/et_pb_row][\/et_pb_section]<\/p>","protected":false},"excerpt":{"rendered":"<p>[et_pb_section fb_built=&#8221;1&#8243; custom_padding_last_edited=&#8221;on|phone&#8221; _builder_version=&#8221;4.16&#8243; _module_preset=&#8221;default&#8221; background_enable_color=&#8221;off&#8221; use_background_color_gradient=&#8221;on&#8221; background_color_gradient_direction=&#8221;90deg&#8221; background_color_gradient_stops=&#8221;rgba(0,0,0,0.67) 40%|rgba(255,255,255,0) 90%&#8221; background_color_gradient_start=&#8221;rgba(0,0,0,0.67)&#8221; background_color_gradient_start_position=&#8221;40%&#8221; background_color_gradient_end=&#8221;rgba(255,255,255,0)&#8221; background_color_gradient_end_position=&#8221;90%&#8221; background_image=&#8221;https:\/\/berberedesign.com\/wp-content\/uploads\/2023\/05\/furniture-09.jpg&#8221; background_position=&#8221;center_right&#8221; background_blend=&#8221;overlay&#8221; custom_padding_tablet=&#8221;30px||30px||true|false&#8221; custom_padding_phone=&#8221;20px||20px||true|false&#8221; global_colors_info=&#8221;{}&#8221;][et_pb_row use_custom_gutter=&#8221;on&#8221; make_equal=&#8221;on&#8221; _builder_version=&#8221;4.16&#8243; _module_preset=&#8221;default&#8221; width=&#8221;90%&#8221; max_width=&#8221;1400px&#8221; custom_padding=&#8221;||0px|||&#8221; global_colors_info=&#8221;{}&#8221;][et_pb_column type=&#8221;4_4&#8243; _builder_version=&#8221;4.16&#8243; _module_preset=&#8221;default&#8221; global_colors_info=&#8221;{}&#8221; custom_css_main_element_last_edited=&#8221;on|phone&#8221; custom_css_main_element_tablet=&#8221;padding-bottom:10px;&#8221; custom_css_main_element_phone=&#8221;margin-bottom:0px;&#8221;][et_pb_text _builder_version=&#8221;4.16&#8243; _module_preset=&#8221;020b907f-3824-4cde-9bfc-199ac70a11cd&#8221; text_font=&#8221;|||on|||||&#8221; text_font_size=&#8221;18px&#8221; text_letter_spacing=&#8221;1px&#8221; link_font=&#8221;||||||||&#8221; ul_font=&#8221;||||||||&#8221; ol_font=&#8221;||||||||&#8221; quote_font=&#8221;||||||||&#8221; header_font=&#8221;||||||||&#8221; header_2_font=&#8221;||||||||&#8221; header_3_font=&#8221;||||||||&#8221; header_4_font=&#8221;||||||||&#8221; header_5_font=&#8221;||||||||&#8221; header_6_font=&#8221;||||||||&#8221; custom_margin=&#8221;||15px||false|false&#8221; custom_margin_tablet=&#8221;||10px||false|false&#8221; custom_margin_phone=&#8221;||5px||false|false&#8221; custom_margin_last_edited=&#8221;on|desktop&#8221;&hellip;<\/p>","protected":false},"author":8,"featured_media":0,"parent":0,"menu_order":0,"comment_status":"closed","ping_status":"closed","template":"","meta":{"footnotes":""},"class_list":["post-92237","page","type-page","status-publish","hentry","description-off"],"jetpack_sharing_enabled":true,"_links":{"self":[{"href":"https:\/\/berberedesign.com\/es\/wp-json\/wp\/v2\/pages\/92237","targetHints":{"allow":["GET"]}}],"collection":[{"href":"https:\/\/berberedesign.com\/es\/wp-json\/wp\/v2\/pages"}],"about":[{"href":"https:\/\/berberedesign.com\/es\/wp-json\/wp\/v2\/types\/page"}],"author":[{"embeddable":true,"href":"https:\/\/berberedesign.com\/es\/wp-json\/wp\/v2\/users\/8"}],"replies":[{"embeddable":true,"href":"https:\/\/berberedesign.com\/es\/wp-json\/wp\/v2\/comments?post=92237"}],"version-history":[{"count":0,"href":"https:\/\/berberedesign.com\/es\/wp-json\/wp\/v2\/pages\/92237\/revisions"}],"wp:attachment":[{"href":"https:\/\/berberedesign.com\/es\/wp-json\/wp\/v2\/media?parent=92237"}],"curies":[{"name":"wp","href":"https:\/\/api.w.org\/{rel}","templated":true}]}}