{"id":869,"date":"2020-01-01T11:38:23","date_gmt":"2020-01-01T11:38:23","guid":{"rendered":"https:\/\/berberedesign.com\/blog-2\/"},"modified":"2025-01-03T18:54:49","modified_gmt":"2025-01-03T18:54:49","slug":"blog","status":"publish","type":"page","link":"https:\/\/berberedesign.com\/es\/informacion\/blog\/","title":{"rendered":"Blog"},"content":{"rendered":"<div data-elementor-type=\"wp-page\" data-elementor-id=\"869\" class=\"elementor elementor-869\" data-elementor-post-type=\"page\">\n\t\t\t\t\t\t<section class=\"elementor-section elementor-top-section elementor-element elementor-element-c211fa5 elementor-section-boxed elementor-section-height-default elementor-section-height-default\" data-id=\"c211fa5\" data-element_type=\"section\">\n\t\t\t\t\t\t<div class=\"elementor-container elementor-column-gap-wider\">\n\t\t\t\t\t<div class=\"elementor-column elementor-col-100 elementor-top-column elementor-element elementor-element-855861c\" data-id=\"855861c\" data-element_type=\"column\">\n\t\t\t<div class=\"elementor-widget-wrap elementor-element-populated\">\n\t\t\t\t\t\t<div class=\"elementor-element elementor-element-3611717 img-align-top icon-box-vertical-align-top image-vertical-align-start preserve-img-ratio-cover slide-h-position-left elementor-widget elementor-widget-the7-elements-simple-posts\" data-id=\"3611717\" data-element_type=\"widget\" data-widget_type=\"the7-elements-simple-posts.default\">\n\t\t\t\t<div class=\"elementor-widget-container\">\n\t\t\t\t\t<div class=\"the7-simple-widget-posts the7-elementor-widget the7-elements-simple-posts-3611717 show-all-pages\" data-post-limit=\"-1\" data-pagination-mode=\"standard\" data-scroll-offset=\"\">\t\t\t<div class=\"dt-css-grid custom-pagination-handler\" data-columns=\"{&quot;d&quot;:3,&quot;t&quot;:2,&quot;p&quot;:1,&quot;wd&quot;:&quot;&quot;}\">\n\t\t\t\t\t\t\t\t\t<div class=\"wf-cell visible\">\n\t\t\t\t\t\t<article class=\"post visible wrapper post-100596 type-post status-publish format-standard has-post-thumbnail hentry category-blogs category-127 description-off\">\n\n\t\t\t\t\t\t\t<div class=\"post-content-wrapper\">\n\t\t\t\t\t\t\t\t\t\t\t\t\t\t\t\t\t<div class=\"the7-simple-post-thumb\">\n\t\t\t\t\t\t\t\t\t\t<a class=\"post-thumbnail-rollover layzr-bg img-css-resize-wrapper\" aria-label=\"Post image\" href=\"https:\/\/berberedesign.com\/es\/cuales-son-los-diferentes-tipos-de-alfombras-marroquies\/\"><img fetchpriority=\"high\" decoding=\"async\" width=\"1000\" height=\"430\" src=\"data:image\/svg+xml,%3Csvg%20xmlns%3D&#039;http%3A%2F%2Fwww.w3.org%2F2000%2Fsvg&#039;%20viewBox%3D&#039;0%200%201000%20430&#039;%2F%3E\" class=\"attachment-full size-full preload-me aspect lazy lazy-load\" alt=\"\u00bfCu\u00e1les son los diferentes tipos de alfombras marroqu\u00edes- Nuevo\" sizes=\"(max-width: 1000px) 100vw, 1000px\" style=\"--ratio: 1000 \/ 430;\" data-src=\"https:\/\/berberedesign.com\/wp-content\/uploads\/2023\/06\/What-are-the-different-types-of-Moroccan-rugs-New.webp\" loading=\"eager\" data-srcset=\"https:\/\/berberedesign.com\/wp-content\/uploads\/2023\/06\/What-are-the-different-types-of-Moroccan-rugs-New.webp 1000w, https:\/\/berberedesign.com\/wp-content\/uploads\/2023\/06\/What-are-the-different-types-of-Moroccan-rugs-New-300x129.webp 300w, https:\/\/berberedesign.com\/wp-content\/uploads\/2023\/06\/What-are-the-different-types-of-Moroccan-rugs-New-768x330.webp 768w, https:\/\/berberedesign.com\/wp-content\/uploads\/2023\/06\/What-are-the-different-types-of-Moroccan-rugs-New-18x8.webp 18w, https:\/\/berberedesign.com\/wp-content\/uploads\/2023\/06\/What-are-the-different-types-of-Moroccan-rugs-New-20x9.webp 20w, https:\/\/berberedesign.com\/wp-content\/uploads\/2023\/06\/What-are-the-different-types-of-Moroccan-rugs-New-64x28.webp 64w, https:\/\/berberedesign.com\/wp-content\/uploads\/2023\/06\/What-are-the-different-types-of-Moroccan-rugs-New-980x421.webp 980w, https:\/\/berberedesign.com\/wp-content\/uploads\/2023\/06\/What-are-the-different-types-of-Moroccan-rugs-New-480x206.webp 480w\" title=\"\"><span class=\"the7-hover-icon\"><svg xmlns=\"http:\/\/www.w3.org\/2000\/svg\" viewbox=\"0 0 24 24\" width=\"24\" height=\"24\"><path fill=\"none\" d=\"M0 0h24v24H0z\"><\/path><path d=\"M5 10c-1.1 0-2 .9-2 2s.9 2 2 2 2-.9 2-2-.9-2-2-2zm14 0c-1.1 0-2 .9-2 2s.9 2 2 2 2-.9 2-2-.9-2-2-2zm-7 0c-1.1 0-2 .9-2 2s.9 2 2 2 2-.9 2-2-.9-2-2-2z\"><\/path><\/svg><\/span><\/a>\t\t\t\t\t\t\t\t\t<\/div>\n\t\t\t\t\t\t\t\t\t\t\t\t\t\t\t\t<div class=\"post-entry-content\">\n\t\t\t\t\t\t\t\t\t<h5 class=\"heading\"><a href=\"https:\/\/berberedesign.com\/es\/cuales-son-los-diferentes-tipos-de-alfombras-marroquies\/\" rel=\"bookmark\" title=\"Descubra el mundo oculto de las alfombras marroqu\u00edes: 7 estilos \u00fanicos que no sab\u00edas que exist\u00edan\" class=\"post-title\">Descubra el mundo oculto de las alfombras marroqu\u00edes: 7 estilos \u00fanicos que no sab\u00edas que exist\u00edan<\/a><\/h5><div class=\"entry-meta\"><span class=\"meta-item data-link\"><time class=\"entry-date updated\" datetime=\"2023-06-07T18:15:48+00:00\">7 de junio de 2023<\/time><\/span><\/div><p class=\"short-description\">\u00a0 When most people think of Moroccan rugs, they picture a single design style\u2014perhaps the minimalist Beni Ourain or a vibrantly colored piece seen in a lifestyle magazine. But the truth is far more fascinating. There are many different types of Moroccan rugs, each with unique patterns, origins, and weaving techniques that reflect Morocco\u2019s rich&hellip;<\/p>\t\t\t\t\t\t\t\t<\/div>\n\t\t\t\t\t\t\t<\/div>\n\t\t\t\t\t\t<\/article>\n\t\t\t\t\t<\/div>\t\t\t\t\t\t\t\t\t\t<div class=\"wf-cell visible\">\n\t\t\t\t\t\t<article class=\"post visible wrapper post-97583 type-post status-publish format-standard has-post-thumbnail hentry category-blogs tag-is-morocco-safe tag-moroccan-people tag-morocco-continent tag-morocco-in-the-world tag-morocco-language tag-morocco-religion tag-where-is-morocco-located-in-africa tag-where-is-morocco-located-in-the-world-and-africa category-127 description-off\">\n\n\t\t\t\t\t\t\t<div class=\"post-content-wrapper\">\n\t\t\t\t\t\t\t\t\t\t\t\t\t\t\t\t\t<div class=\"the7-simple-post-thumb\">\n\t\t\t\t\t\t\t\t\t\t<a class=\"post-thumbnail-rollover layzr-bg img-css-resize-wrapper\" aria-label=\"Post image\" href=\"https:\/\/berberedesign.com\/es\/donde-se-encuentra-marruecos-en-el-mundo\/\"><img decoding=\"async\" width=\"1280\" height=\"854\" src=\"data:image\/svg+xml,%3Csvg%20xmlns%3D&#039;http%3A%2F%2Fwww.w3.org%2F2000%2Fsvg&#039;%20viewBox%3D&#039;0%200%201280%20854&#039;%2F%3E\" class=\"attachment-full size-full preload-me aspect lazy lazy-load\" alt=\"Marruecos Hermoso pa\u00eds\" sizes=\"(max-width: 1280px) 100vw, 1280px\" style=\"--ratio: 1280 \/ 854;\" data-src=\"https:\/\/berberedesign.com\/wp-content\/uploads\/2021\/07\/Untitled-design-25.png\" loading=\"eager\" data-srcset=\"https:\/\/berberedesign.com\/wp-content\/uploads\/2021\/07\/Untitled-design-25.png 1280w, https:\/\/berberedesign.com\/wp-content\/uploads\/2021\/07\/Untitled-design-25-300x200.png 300w, https:\/\/berberedesign.com\/wp-content\/uploads\/2021\/07\/Untitled-design-25-1024x683.png 1024w, https:\/\/berberedesign.com\/wp-content\/uploads\/2021\/07\/Untitled-design-25-768x512.png 768w, https:\/\/berberedesign.com\/wp-content\/uploads\/2021\/07\/Untitled-design-25-18x12.png 18w, https:\/\/berberedesign.com\/wp-content\/uploads\/2021\/07\/Untitled-design-25-1064x710.png 1064w, https:\/\/berberedesign.com\/wp-content\/uploads\/2021\/07\/Untitled-design-25-20x13.png 20w, https:\/\/berberedesign.com\/wp-content\/uploads\/2021\/07\/Untitled-design-25-64x43.png 64w, https:\/\/berberedesign.com\/wp-content\/uploads\/2021\/07\/Untitled-design-25-1080x721.png 1080w, https:\/\/berberedesign.com\/wp-content\/uploads\/2021\/07\/Untitled-design-25-980x654.png 980w, https:\/\/berberedesign.com\/wp-content\/uploads\/2021\/07\/Untitled-design-25-480x320.png 480w\" title=\"\"><span class=\"the7-hover-icon\"><svg xmlns=\"http:\/\/www.w3.org\/2000\/svg\" viewbox=\"0 0 24 24\" width=\"24\" height=\"24\"><path fill=\"none\" d=\"M0 0h24v24H0z\"><\/path><path d=\"M5 10c-1.1 0-2 .9-2 2s.9 2 2 2 2-.9 2-2-.9-2-2-2zm14 0c-1.1 0-2 .9-2 2s.9 2 2 2 2-.9 2-2-.9-2-2-2zm-7 0c-1.1 0-2 .9-2 2s.9 2 2 2 2-.9 2-2-.9-2-2-2z\"><\/path><\/svg><\/span><\/a>\t\t\t\t\t\t\t\t\t<\/div>\n\t\t\t\t\t\t\t\t\t\t\t\t\t\t\t\t<div class=\"post-entry-content\">\n\t\t\t\t\t\t\t\t\t<h5 class=\"heading\"><a href=\"https:\/\/berberedesign.com\/es\/donde-se-encuentra-marruecos-en-el-mundo\/\" rel=\"bookmark\" title=\"\u00bfd\u00f3nde se encuentra marruecos en el mundo?\" class=\"post-title\">\u00bfd\u00f3nde se encuentra marruecos en el mundo?<\/a><\/h5><div class=\"entry-meta\"><span class=\"meta-item data-link\"><time class=\"entry-date updated\" datetime=\"2021-07-16T06:49:14+00:00\">16 de julio de 2021<\/time><\/span><\/div><p class=\"short-description\">\u00bfD\u00f3nde se encuentra Marruecos en el mundo y en \u00c1frica? Situado en la parte noroccidental del continente africano, Marruecos es un pa\u00eds soberano que presume de tener frontera con el oc\u00e9ano Atl\u00e1ntico al oeste y con el mar Mediterr\u00e1neo al norte. Limita al este con Argelia y al sur con Mauritania, Marruecos es una tierra...<\/p>\t\t\t\t\t\t\t\t<\/div>\n\t\t\t\t\t\t\t<\/div>\n\t\t\t\t\t\t<\/article>\n\t\t\t\t\t<\/div>\t\t\t\t\t\t\t\t\t\t<div class=\"wf-cell visible\">\n\t\t\t\t\t\t<article class=\"post visible wrapper post-97721 type-post status-publish format-standard has-post-thumbnail hentry category-blogs category-127 description-off\">\n\n\t\t\t\t\t\t\t<div class=\"post-content-wrapper\">\n\t\t\t\t\t\t\t\t\t\t\t\t\t\t\t\t\t<div class=\"the7-simple-post-thumb\">\n\t\t\t\t\t\t\t\t\t\t<a class=\"post-thumbnail-rollover layzr-bg img-css-resize-wrapper\" aria-label=\"Post image\" href=\"https:\/\/berberedesign.com\/es\/explorando-los-sabores-de-la-cocina-marroqui-en-el-restaurante-marroqui\/\"><img decoding=\"async\" width=\"1000\" height=\"667\" src=\"data:image\/svg+xml,%3Csvg%20xmlns%3D&#039;http%3A%2F%2Fwww.w3.org%2F2000%2Fsvg&#039;%20viewBox%3D&#039;0%200%201000%20667&#039;%2F%3E\" class=\"attachment-full size-full preload-me aspect lazy lazy-load\" alt=\"\" sizes=\"(max-width: 1000px) 100vw, 1000px\" style=\"--ratio: 1000 \/ 667;\" data-src=\"https:\/\/berberedesign.com\/wp-content\/uploads\/2021\/07\/e3dbfeee6f.jpeg\" loading=\"eager\" data-srcset=\"https:\/\/berberedesign.com\/wp-content\/uploads\/2021\/07\/e3dbfeee6f.jpeg 1000w, https:\/\/berberedesign.com\/wp-content\/uploads\/2021\/07\/e3dbfeee6f-300x200.jpeg 300w, https:\/\/berberedesign.com\/wp-content\/uploads\/2021\/07\/e3dbfeee6f-768x512.jpeg 768w, https:\/\/berberedesign.com\/wp-content\/uploads\/2021\/07\/e3dbfeee6f-18x12.jpeg 18w, https:\/\/berberedesign.com\/wp-content\/uploads\/2021\/07\/e3dbfeee6f-20x13.jpeg 20w, https:\/\/berberedesign.com\/wp-content\/uploads\/2021\/07\/e3dbfeee6f-64x43.jpeg 64w, https:\/\/berberedesign.com\/wp-content\/uploads\/2021\/07\/e3dbfeee6f-980x654.jpeg 980w, https:\/\/berberedesign.com\/wp-content\/uploads\/2021\/07\/e3dbfeee6f-480x320.jpeg 480w\" title=\"\"><span class=\"the7-hover-icon\"><svg xmlns=\"http:\/\/www.w3.org\/2000\/svg\" viewbox=\"0 0 24 24\" width=\"24\" height=\"24\"><path fill=\"none\" d=\"M0 0h24v24H0z\"><\/path><path d=\"M5 10c-1.1 0-2 .9-2 2s.9 2 2 2 2-.9 2-2-.9-2-2-2zm14 0c-1.1 0-2 .9-2 2s.9 2 2 2 2-.9 2-2-.9-2-2-2zm-7 0c-1.1 0-2 .9-2 2s.9 2 2 2 2-.9 2-2-.9-2-2-2z\"><\/path><\/svg><\/span><\/a>\t\t\t\t\t\t\t\t\t<\/div>\n\t\t\t\t\t\t\t\t\t\t\t\t\t\t\t\t<div class=\"post-entry-content\">\n\t\t\t\t\t\t\t\t\t<h5 class=\"heading\"><a href=\"https:\/\/berberedesign.com\/es\/explorando-los-sabores-de-la-cocina-marroqui-en-el-restaurante-marroqui\/\" rel=\"bookmark\" title=\"Explore los sabores de la cocina marroqu\u00ed en (restaurante marroqu\u00ed)\" class=\"post-title\">Explore los sabores de la cocina marroqu\u00ed en (restaurante marroqu\u00ed)<\/a><\/h5><div class=\"entry-meta\"><span class=\"meta-item data-link\"><time class=\"entry-date updated\" datetime=\"2021-07-16T06:48:54+00:00\">16 de julio de 2021<\/time><\/span><\/div><p class=\"short-description\">Explore los sabores de la cocina marroqu\u00ed en (restaurante marroqu\u00ed) La cocina marroqu\u00ed es una vibrante y sabrosa fusi\u00f3n de influencias mediterr\u00e1neas, \u00e1rabes y africanas. En (Restaurante Marroqu\u00ed), los comensales pueden experimentar los ricos y ex\u00f3ticos sabores de este pa\u00eds norteafricano en un ambiente c\u00e1lido y acogedor. Desde arom\u00e1ticos tagines hasta esponjoso cusc\u00fas, el men\u00fa ofrece...<\/p>\t\t\t\t\t\t\t\t<\/div>\n\t\t\t\t\t\t\t<\/div>\n\t\t\t\t\t\t<\/article>\n\t\t\t\t\t<\/div>\t\t\t\t\t\t\t\t\t\t<div class=\"wf-cell visible\">\n\t\t\t\t\t\t<article class=\"post visible wrapper post-91343 type-post status-publish format-standard has-post-thumbnail hentry category-blogs category-127 description-off\">\n\n\t\t\t\t\t\t\t<div class=\"post-content-wrapper\">\n\t\t\t\t\t\t\t\t\t\t\t\t\t\t\t\t\t<div class=\"the7-simple-post-thumb\">\n\t\t\t\t\t\t\t\t\t\t<a class=\"post-thumbnail-rollover layzr-bg img-css-resize-wrapper\" aria-label=\"Post image\" href=\"https:\/\/berberedesign.com\/es\/todo-lo-que-debe-saber-sobre-la-alfombra-marroqui\/\"><img decoding=\"async\" width=\"1280\" height=\"854\" src=\"data:image\/svg+xml,%3Csvg%20xmlns%3D&#039;http%3A%2F%2Fwww.w3.org%2F2000%2Fsvg&#039;%20viewBox%3D&#039;0%200%201280%20854&#039;%2F%3E\" class=\"attachment-full size-full preload-me aspect lazy lazy-load\" alt=\"alfombra marroqu\u00ed beni ourain a cuadros\" sizes=\"(max-width: 1280px) 100vw, 1280px\" style=\"--ratio: 1280 \/ 854;\" data-src=\"https:\/\/berberedesign.com\/wp-content\/uploads\/2021\/07\/moroccan-beni-ourain-checkered-rug.webp\" loading=\"eager\" data-srcset=\"https:\/\/berberedesign.com\/wp-content\/uploads\/2021\/07\/moroccan-beni-ourain-checkered-rug.webp 1280w, https:\/\/berberedesign.com\/wp-content\/uploads\/2021\/07\/moroccan-beni-ourain-checkered-rug-300x200.webp 300w, https:\/\/berberedesign.com\/wp-content\/uploads\/2021\/07\/moroccan-beni-ourain-checkered-rug-1024x683.webp 1024w, https:\/\/berberedesign.com\/wp-content\/uploads\/2021\/07\/moroccan-beni-ourain-checkered-rug-768x512.webp 768w, https:\/\/berberedesign.com\/wp-content\/uploads\/2021\/07\/moroccan-beni-ourain-checkered-rug-18x12.webp 18w, https:\/\/berberedesign.com\/wp-content\/uploads\/2021\/07\/moroccan-beni-ourain-checkered-rug-1064x710.webp 1064w, https:\/\/berberedesign.com\/wp-content\/uploads\/2021\/07\/moroccan-beni-ourain-checkered-rug-20x13.webp 20w, https:\/\/berberedesign.com\/wp-content\/uploads\/2021\/07\/moroccan-beni-ourain-checkered-rug-64x43.webp 64w, https:\/\/berberedesign.com\/wp-content\/uploads\/2021\/07\/moroccan-beni-ourain-checkered-rug-1080x721.webp 1080w, https:\/\/berberedesign.com\/wp-content\/uploads\/2021\/07\/moroccan-beni-ourain-checkered-rug-980x654.webp 980w, https:\/\/berberedesign.com\/wp-content\/uploads\/2021\/07\/moroccan-beni-ourain-checkered-rug-480x320.webp 480w\" title=\"\"><span class=\"the7-hover-icon\"><svg xmlns=\"http:\/\/www.w3.org\/2000\/svg\" viewbox=\"0 0 24 24\" width=\"24\" height=\"24\"><path fill=\"none\" d=\"M0 0h24v24H0z\"><\/path><path d=\"M5 10c-1.1 0-2 .9-2 2s.9 2 2 2 2-.9 2-2-.9-2-2-2zm14 0c-1.1 0-2 .9-2 2s.9 2 2 2 2-.9 2-2-.9-2-2-2zm-7 0c-1.1 0-2 .9-2 2s.9 2 2 2 2-.9 2-2-.9-2-2-2z\"><\/path><\/svg><\/span><\/a>\t\t\t\t\t\t\t\t\t<\/div>\n\t\t\t\t\t\t\t\t\t\t\t\t\t\t\t\t<div class=\"post-entry-content\">\n\t\t\t\t\t\t\t\t\t<h5 class=\"heading\"><a href=\"https:\/\/berberedesign.com\/es\/todo-lo-que-debe-saber-sobre-la-alfombra-marroqui\/\" rel=\"bookmark\" title=\"Todo lo que debe saber sobre la alfombra marroqu\u00ed\" class=\"post-title\">Todo lo que debe saber sobre la alfombra marroqu\u00ed<\/a><\/h5><div class=\"entry-meta\"><span class=\"meta-item data-link\"><time class=\"entry-date updated\" datetime=\"2021-07-16T06:48:32+00:00\">16 de julio de 2021<\/time><\/span><\/div><p class=\"short-description\">\u00bfQu\u00e9 es una alfombra marroqu\u00ed? Las alfombras de estilo marroqu\u00ed son tejidos hechos a mano por el pueblo bereber del norte de \u00c1frica. Estas alfombras son conocidas por sus dise\u00f1os \u00fanicos, colores vibrantes y texturas suaves. Se fabrican con t\u00e9cnicas tradicionales que se han transmitido de generaci\u00f3n en generaci\u00f3n Las alfombras de dise\u00f1o marroqu\u00ed se...<\/p>\t\t\t\t\t\t\t\t<\/div>\n\t\t\t\t\t\t\t<\/div>\n\t\t\t\t\t\t<\/article>\n\t\t\t\t\t<\/div>\t\t\t\t\t\t\t\t\t\t<div class=\"wf-cell visible\">\n\t\t\t\t\t\t<article class=\"post visible wrapper post-99539 type-post status-publish format-standard has-post-thumbnail hentry category-blogs category-127 description-off\">\n\n\t\t\t\t\t\t\t<div class=\"post-content-wrapper\">\n\t\t\t\t\t\t\t\t\t\t\t\t\t\t\t\t\t<div class=\"the7-simple-post-thumb\">\n\t\t\t\t\t\t\t\t\t\t<a class=\"post-thumbnail-rollover layzr-bg img-css-resize-wrapper\" aria-label=\"Post image\" href=\"https:\/\/berberedesign.com\/es\/mujeres-marroquies\/\"><img decoding=\"async\" width=\"1000\" height=\"430\" src=\"data:image\/svg+xml,%3Csvg%20xmlns%3D&#039;http%3A%2F%2Fwww.w3.org%2F2000%2Fsvg&#039;%20viewBox%3D&#039;0%200%201000%20430&#039;%2F%3E\" class=\"attachment-full size-full preload-me aspect lazy lazy-load\" alt=\"mujeres marroqu\u00edes\" sizes=\"(max-width: 1000px) 100vw, 1000px\" style=\"--ratio: 1000 \/ 430;\" data-src=\"https:\/\/berberedesign.com\/wp-content\/uploads\/2021\/07\/Untitled-design-45.png\" loading=\"eager\" data-srcset=\"https:\/\/berberedesign.com\/wp-content\/uploads\/2021\/07\/Untitled-design-45.png 1000w, https:\/\/berberedesign.com\/wp-content\/uploads\/2021\/07\/Untitled-design-45-300x129.png 300w, https:\/\/berberedesign.com\/wp-content\/uploads\/2021\/07\/Untitled-design-45-768x330.png 768w, https:\/\/berberedesign.com\/wp-content\/uploads\/2021\/07\/Untitled-design-45-18x8.png 18w, https:\/\/berberedesign.com\/wp-content\/uploads\/2021\/07\/Untitled-design-45-20x9.png 20w, https:\/\/berberedesign.com\/wp-content\/uploads\/2021\/07\/Untitled-design-45-64x28.png 64w, https:\/\/berberedesign.com\/wp-content\/uploads\/2021\/07\/Untitled-design-45-980x421.png 980w, https:\/\/berberedesign.com\/wp-content\/uploads\/2021\/07\/Untitled-design-45-480x206.png 480w\" title=\"\"><span class=\"the7-hover-icon\"><svg xmlns=\"http:\/\/www.w3.org\/2000\/svg\" viewbox=\"0 0 24 24\" width=\"24\" height=\"24\"><path fill=\"none\" d=\"M0 0h24v24H0z\"><\/path><path d=\"M5 10c-1.1 0-2 .9-2 2s.9 2 2 2 2-.9 2-2-.9-2-2-2zm14 0c-1.1 0-2 .9-2 2s.9 2 2 2 2-.9 2-2-.9-2-2-2zm-7 0c-1.1 0-2 .9-2 2s.9 2 2 2 2-.9 2-2-.9-2-2-2z\"><\/path><\/svg><\/span><\/a>\t\t\t\t\t\t\t\t\t<\/div>\n\t\t\t\t\t\t\t\t\t\t\t\t\t\t\t\t<div class=\"post-entry-content\">\n\t\t\t\t\t\t\t\t\t<h5 class=\"heading\"><a href=\"https:\/\/berberedesign.com\/es\/mujeres-marroquies\/\" rel=\"bookmark\" title=\"Mujeres marroqu\u00edes\" class=\"post-title\">Mujeres marroqu\u00edes<\/a><\/h5><div class=\"entry-meta\"><span class=\"meta-item data-link\"><time class=\"entry-date updated\" datetime=\"2021-07-16T06:48:07+00:00\">16 de julio de 2021<\/time><\/span><\/div><p class=\"short-description\">\u00bfPor qu\u00e9 son conocidas las mujeres marroqu\u00edes? Las mujeres marroqu\u00edes son conocidas por su belleza, inteligencia y fuertes valores culturales. A menudo se las describe como ex\u00f3ticas y misteriosas, con una mezcla \u00fanica de influencias \u00e1rabes, africanas y europeas. Las mujeres marroqu\u00edes tambi\u00e9n son conocidas por su hospitalidad y calidez hacia los hu\u00e9spedes, haciendo que los visitantes se sientan bienvenidos y c\u00f3modos en...<\/p>\t\t\t\t\t\t\t\t<\/div>\n\t\t\t\t\t\t\t<\/div>\n\t\t\t\t\t\t<\/article>\n\t\t\t\t\t<\/div>\t\t\t\t\t\t\t\t<\/div>\n\t\t<\/div>\t\t\t\t<\/div>\n\t\t\t\t<\/div>\n\t\t\t\t\t<\/div>\n\t\t<\/div>\n\t\t\t\t\t<\/div>\n\t\t<\/section>\n\t\t\t\t<\/div>","protected":false},"excerpt":{"rendered":"","protected":false},"author":8,"featured_media":0,"parent":5691,"menu_order":0,"comment_status":"closed","ping_status":"closed","template":"","meta":{"footnotes":""},"class_list":["post-869","page","type-page","status-publish","hentry","category-127","description-off"],"jetpack_sharing_enabled":true,"_links":{"self":[{"href":"https:\/\/berberedesign.com\/es\/wp-json\/wp\/v2\/pages\/869","targetHints":{"allow":["GET"]}}],"collection":[{"href":"https:\/\/berberedesign.com\/es\/wp-json\/wp\/v2\/pages"}],"about":[{"href":"https:\/\/berberedesign.com\/es\/wp-json\/wp\/v2\/types\/page"}],"author":[{"embeddable":true,"href":"https:\/\/berberedesign.com\/es\/wp-json\/wp\/v2\/users\/8"}],"replies":[{"embeddable":true,"href":"https:\/\/berberedesign.com\/es\/wp-json\/wp\/v2\/comments?post=869"}],"version-history":[{"count":1,"href":"https:\/\/berberedesign.com\/es\/wp-json\/wp\/v2\/pages\/869\/revisions"}],"predecessor-version":[{"id":104146,"href":"https:\/\/berberedesign.com\/es\/wp-json\/wp\/v2\/pages\/869\/revisions\/104146"}],"up":[{"embeddable":true,"href":"https:\/\/berberedesign.com\/es\/wp-json\/wp\/v2\/pages\/5691"}],"wp:attachment":[{"href":"https:\/\/berberedesign.com\/es\/wp-json\/wp\/v2\/media?parent=869"}],"curies":[{"name":"wp","href":"https:\/\/api.w.org\/{rel}","templated":true}]}}