{"id":316,"date":"2019-12-11T15:21:35","date_gmt":"2019-12-11T15:21:35","guid":{"rendered":"https:\/\/berberedesign.com\/privacy-policy-2\/"},"modified":"2025-01-03T19:28:34","modified_gmt":"2025-01-03T19:28:34","slug":"condiciones-generales","status":"publish","type":"page","link":"https:\/\/berberedesign.com\/es\/informacion\/condiciones-generales\/","title":{"rendered":"Condiciones generales"},"content":{"rendered":"<div data-elementor-type=\"wp-page\" data-elementor-id=\"316\" class=\"elementor elementor-316\" data-elementor-post-type=\"page\">\n\t\t\t\t\t\t<section class=\"elementor-section elementor-top-section elementor-element elementor-element-10e6cef elementor-section-boxed elementor-section-height-default elementor-section-height-default\" data-id=\"10e6cef\" data-element_type=\"section\">\n\t\t\t\t\t\t<div class=\"elementor-container elementor-column-gap-wider\">\n\t\t\t\t\t<div class=\"elementor-column elementor-col-100 elementor-top-column elementor-element elementor-element-a169c2c\" data-id=\"a169c2c\" data-element_type=\"column\">\n\t\t\t<div class=\"elementor-widget-wrap elementor-element-populated\">\n\t\t\t\t\t\t<div class=\"elementor-element elementor-element-9c508c5 elementor-widget elementor-widget-text-editor\" data-id=\"9c508c5\" data-element_type=\"widget\" data-widget_type=\"text-editor.default\">\n\t\t\t\t<div class=\"elementor-widget-container\">\n\t\t\t\t\t\t\t\t\t<p data-pm-slice=\"1 1 []\"><strong>\u00daltima actualizaci\u00f3n: Enero 2025<\/strong><\/p><p>\u00a1Bienvenido a BerbereDesign! Al acceder o utilizar nuestro sitio web (berberedesign.com) y servicios, usted acepta cumplir y estar obligado por los siguientes T\u00e9rminos y Condiciones. Si no est\u00e1 de acuerdo con estos t\u00e9rminos, por favor no utilice nuestro sitio web o servicios.<\/p><div>\u00a0<\/div><h3><strong>1. Definiciones<\/strong><\/h3><ul data-spread=\"false\"><li><p><strong>Empresa<\/strong>: BerbereDesign, en adelante \"nosotros\", \"nos\" o \"nuestro\".<\/p><\/li><li><p><strong>Usuario<\/strong>: Cualquier persona f\u00edsica o jur\u00eddica que acceda a nuestro sitio web o a nuestros servicios.<\/p><\/li><li><p><strong>Servicios<\/strong>: Los productos, caracter\u00edsticas y contenidos proporcionados por BerbereDesign.<\/p><\/li><li><p><strong>P\u00e1gina web<\/strong>: berberedesign.com.<\/p><\/li><\/ul><div>\u00a0<\/div><h3><strong>2. Uso de los servicios<\/strong><\/h3><ul data-spread=\"false\"><li><p>Debe tener al menos 18 a\u00f1os o contar con el consentimiento paterno para utilizar nuestros servicios.<\/p><\/li><li><p>Usted se compromete a utilizar nuestros servicios \u00fanicamente con fines l\u00edcitos y no para actividades fraudulentas.<\/p><\/li><li><p>Nos reservamos el derecho a denegar el servicio, cancelar cuentas o eliminar contenidos a nuestra discreci\u00f3n.<\/p><\/li><\/ul><div>\u00a0<\/div><h3><strong>3. 3. Propiedad intelectual<\/strong><\/h3><ul data-spread=\"false\"><li><p>Todos los contenidos, dise\u00f1os, marcas y propiedad intelectual de nuestro sitio web pertenecen a BerbereDesign o a sus licenciantes.<\/p><\/li><li><p>No puede copiar, modificar, distribuir o utilizar nuestros contenidos sin nuestro permiso expl\u00edcito.<\/p><\/li><\/ul><div>\u00a0<\/div><h3><strong>4. Pedidos y pagos<\/strong><\/h3><ul data-spread=\"false\"><li><p>Todos los pedidos est\u00e1n sujetos a disponibilidad y confirmaci\u00f3n.<\/p><\/li><li><p>Los precios se indican en la moneda correspondiente y pueden estar sujetos a cambios.<\/p><\/li><li><p>El pago debe efectuarse en su totalidad antes de que se env\u00eden los productos o se presten los servicios.<\/p><\/li><li><p>Utilizamos procesadores de pago seguros de terceros; no almacenamos su informaci\u00f3n de pago.<\/p><\/li><\/ul><div>\u00a0<\/div><h3><strong>5. 5. Env\u00edos y devoluciones<\/strong><\/h3><ul data-spread=\"false\"><li><p>Realizamos env\u00edos a todo el mundo; los gastos de env\u00edo y los plazos de entrega var\u00edan.<\/p><\/li><li><p>Los clientes son responsables de cualquier derecho de aduana o impuesto de importaci\u00f3n.<\/p><\/li><li><p>Se aceptan cambios y devoluciones en un plazo de 14 d\u00edas a partir de la fecha de recepci\u00f3n, de acuerdo con nuestra pol\u00edtica de devoluciones.<\/p><\/li><\/ul><div>\u00a0<\/div><h3><strong>6. Limitaci\u00f3n de responsabilidad<\/strong><\/h3><ul data-spread=\"false\"><li><p>No nos hacemos responsables de los da\u00f1os indirectos, incidentales o consecuentes derivados del uso de nuestro sitio web o nuestros productos.<\/p><\/li><li><p>No garantizamos el acceso ininterrumpido a nuestros servicios.<\/p><\/li><li><p>En ning\u00fan caso nuestra responsabilidad exceder\u00e1 del importe abonado por el usuario por el producto o servicio.<\/p><\/li><\/ul><div>\u00a0<\/div><h3><strong>7. 7. Pol\u00edtica de privacidad<\/strong><\/h3><ul data-spread=\"false\"><li><p>Nuestra Pol\u00edtica de privacidad rige el modo en que recopilamos, utilizamos y protegemos sus datos personales.<\/p><\/li><li><p>Al utilizar nuestros servicios, usted acepta nuestras pr\u00e1cticas en materia de datos.<\/p><\/li><\/ul><div>\u00a0<\/div><h3><strong>8. Enlaces de terceros<\/strong><\/h3><ul data-spread=\"false\"><li><p>Nuestro sitio web puede contener enlaces a sitios web de terceros. No somos responsables de su contenido, pol\u00edticas de privacidad o pr\u00e1cticas.<\/p><\/li><li><p>Sus interacciones con sitios de terceros corren por su cuenta y riesgo.<\/p><\/li><\/ul><div>\u00a0<\/div><h3><strong>9. Terminaci\u00f3n<\/strong><\/h3><ul data-spread=\"false\"><li><p>Nos reservamos el derecho a suspender o cancelar su acceso si infringe estas Condiciones.<\/p><\/li><li><p>Los usuarios pueden cancelar su cuenta en cualquier momento.<\/p><\/li><\/ul><div>\u00a0<\/div><h3><strong>10. Derecho aplicable<\/strong><\/h3><ul data-spread=\"false\"><li><p>Las presentes Condiciones Generales se rigen por la legislaci\u00f3n de los Estados Unidos.<\/p><\/li><li><p>Cualquier litigio se resolver\u00e1 en los tribunales competentes de la jurisdicci\u00f3n correspondiente.<\/p><\/li><\/ul><div>\u00a0<\/div><h3><strong>11. Modificaciones de las presentes condiciones<\/strong><\/h3><ul data-spread=\"false\"><li><p>Podemos actualizar estos T\u00e9rminos y Condiciones en cualquier momento. Los cambios se publicar\u00e1n en esta p\u00e1gina.<\/p><\/li><li><p>El uso continuado de nuestros servicios despu\u00e9s de las modificaciones constituye la aceptaci\u00f3n de los nuevos t\u00e9rminos.<\/p><\/li><\/ul><div>\u00a0<\/div><h3><strong>12. Informaci\u00f3n de contacto<\/strong><\/h3><p>Si tiene alguna pregunta sobre estas Condiciones Generales, p\u00f3ngase en contacto con nosotros:<\/p><ul><li data-leveltext=\"\uf0b7\" data-font=\"Symbol\" data-listid=\"1\" data-list-defn-props=\"{&quot;335552541&quot;:1,&quot;335559683&quot;:0,&quot;335559684&quot;:-2,&quot;335559685&quot;:720,&quot;335559991&quot;:360,&quot;469769226&quot;:&quot;Symbol&quot;,&quot;469769242&quot;:[8226],&quot;469777803&quot;:&quot;left&quot;,&quot;469777804&quot;:&quot;\uf0b7&quot;,&quot;469777815&quot;:&quot;hybridMultilevel&quot;}\" aria-setsize=\"-1\" data-aria-posinset=\"25\" data-aria-level=\"1\"><span data-contrast=\"none\">Por correo electr\u00f3nico:\u00a0<\/span><a href=\"mailto:contact@berberedesign.com\"><span data-contrast=\"none\">contact@berberedesign.com<\/span><\/a><span data-ccp-props=\"{&quot;134233117&quot;:false,&quot;134233118&quot;:false,&quot;201341983&quot;:1,&quot;335551550&quot;:1,&quot;335551620&quot;:1,&quot;335559738&quot;:0,&quot;335559739&quot;:0,&quot;335559740&quot;:390}\">\u00a0<\/span><\/li><li data-leveltext=\"\uf0b7\" data-font=\"Symbol\" data-listid=\"1\" data-list-defn-props=\"{&quot;335552541&quot;:1,&quot;335559683&quot;:0,&quot;335559684&quot;:-2,&quot;335559685&quot;:720,&quot;335559991&quot;:360,&quot;469769226&quot;:&quot;Symbol&quot;,&quot;469769242&quot;:[8226],&quot;469777803&quot;:&quot;left&quot;,&quot;469777804&quot;:&quot;\uf0b7&quot;,&quot;469777815&quot;:&quot;hybridMultilevel&quot;}\" aria-setsize=\"-1\" data-aria-posinset=\"26\" data-aria-level=\"1\"><span data-contrast=\"none\">A trav\u00e9s del n\u00famero de tel\u00e9fono +1 307-445-2564<\/span><span data-ccp-props=\"{&quot;134233117&quot;:false,&quot;134233118&quot;:false,&quot;201341983&quot;:1,&quot;335551550&quot;:1,&quot;335551620&quot;:1,&quot;335559738&quot;:0,&quot;335559739&quot;:0,&quot;335559740&quot;:390}\">\u00a0<\/span><\/li><li data-leveltext=\"\uf0b7\" data-font=\"Symbol\" data-listid=\"1\" data-list-defn-props=\"{&quot;335552541&quot;:1,&quot;335559683&quot;:0,&quot;335559684&quot;:-2,&quot;335559685&quot;:720,&quot;335559991&quot;:360,&quot;469769226&quot;:&quot;Symbol&quot;,&quot;469769242&quot;:[8226],&quot;469777803&quot;:&quot;left&quot;,&quot;469777804&quot;:&quot;\uf0b7&quot;,&quot;469777815&quot;:&quot;hybridMultilevel&quot;}\" aria-setsize=\"-1\" data-aria-posinset=\"27\" data-aria-level=\"1\"><span data-contrast=\"none\">A trav\u00e9s de este enlace: <\/span><a href=\"https:\/\/berberedesign.com\/es\"><span data-contrast=\"none\">https:\/\/berberedesign.com<\/span><\/a><span data-ccp-props=\"{&quot;134233117&quot;:false,&quot;134233118&quot;:false,&quot;201341983&quot;:1,&quot;335551550&quot;:1,&quot;335551620&quot;:1,&quot;335559738&quot;:0,&quot;335559739&quot;:0,&quot;335559740&quot;:390}\">\u00a0<\/span><\/li><li data-leveltext=\"\uf0b7\" data-font=\"Symbol\" data-listid=\"1\" data-list-defn-props=\"{&quot;335552541&quot;:1,&quot;335559683&quot;:0,&quot;335559684&quot;:-2,&quot;335559685&quot;:720,&quot;335559991&quot;:360,&quot;469769226&quot;:&quot;Symbol&quot;,&quot;469769242&quot;:[8226],&quot;469777803&quot;:&quot;left&quot;,&quot;469777804&quot;:&quot;\uf0b7&quot;,&quot;469777815&quot;:&quot;hybridMultilevel&quot;}\" aria-setsize=\"-1\" data-aria-posinset=\"28\" data-aria-level=\"1\"><span data-contrast=\"none\">A trav\u00e9s de esta direcci\u00f3n: <span class=\"ui-provider ef bho bhp bhq bhr bhs bht bhu bhv bhw bhx bhy bhz bia bib bic bid bie bif big bih bii bij bik bil bim bin bio bip biq bir bis bit biu biv\" dir=\"ltr\">1111B S Governors Ave STE 7173, Dover, DE 19904<\/span><\/span><\/li><\/ul><p>\u00a1Gracias por utilizar BerbereDesign!<\/p>\t\t\t\t\t\t\t\t<\/div>\n\t\t\t\t<\/div>\n\t\t\t\t\t<\/div>\n\t\t<\/div>\n\t\t\t\t\t<\/div>\n\t\t<\/section>\n\t\t\t\t<\/div>","protected":false},"excerpt":{"rendered":"<p>Last Updated: January 2025 Welcome to BerbereDesign! By accessing or using our website (berberedesign.com) and services, you agree to comply with and be bound by the following Terms and Conditions. If you do not agree with these terms, please do not use our website or services. \u00a0 1. Definitions Company: BerbereDesign, referred to as &#8220;we,&#8221;&hellip;<\/p>","protected":false},"author":8,"featured_media":0,"parent":5691,"menu_order":0,"comment_status":"closed","ping_status":"closed","template":"","meta":{"footnotes":""},"class_list":["post-316","page","type-page","status-publish","hentry"],"jetpack_sharing_enabled":true,"_links":{"self":[{"href":"https:\/\/berberedesign.com\/es\/wp-json\/wp\/v2\/pages\/316","targetHints":{"allow":["GET"]}}],"collection":[{"href":"https:\/\/berberedesign.com\/es\/wp-json\/wp\/v2\/pages"}],"about":[{"href":"https:\/\/berberedesign.com\/es\/wp-json\/wp\/v2\/types\/page"}],"author":[{"embeddable":true,"href":"https:\/\/berberedesign.com\/es\/wp-json\/wp\/v2\/users\/8"}],"replies":[{"embeddable":true,"href":"https:\/\/berberedesign.com\/es\/wp-json\/wp\/v2\/comments?post=316"}],"version-history":[{"count":13,"href":"https:\/\/berberedesign.com\/es\/wp-json\/wp\/v2\/pages\/316\/revisions"}],"predecessor-version":[{"id":104170,"href":"https:\/\/berberedesign.com\/es\/wp-json\/wp\/v2\/pages\/316\/revisions\/104170"}],"up":[{"embeddable":true,"href":"https:\/\/berberedesign.com\/es\/wp-json\/wp\/v2\/pages\/5691"}],"wp:attachment":[{"href":"https:\/\/berberedesign.com\/es\/wp-json\/wp\/v2\/media?parent=316"}],"curies":[{"name":"wp","href":"https:\/\/api.w.org\/{rel}","templated":true}]}}