{"id":304,"date":"2019-12-11T14:47:18","date_gmt":"2019-12-11T14:47:18","guid":{"rendered":"https:\/\/berberedesign.com\/returns-and-refunds\/"},"modified":"2025-01-02T23:40:03","modified_gmt":"2025-01-02T23:40:03","slug":"devoluciones-y-reembolsos","status":"publish","type":"page","link":"https:\/\/berberedesign.com\/es\/informacion\/devoluciones-y-reembolsos\/","title":{"rendered":"Devoluciones y reembolsos"},"content":{"rendered":"<div data-elementor-type=\"wp-page\" data-elementor-id=\"304\" class=\"elementor elementor-304\" data-elementor-post-type=\"page\">\n\t\t\t\t\t\t<section class=\"elementor-section elementor-top-section elementor-element elementor-element-618a3de0 elementor-section-boxed elementor-section-height-default elementor-section-height-default\" data-id=\"618a3de0\" data-element_type=\"section\">\n\t\t\t\t\t\t<div class=\"elementor-container elementor-column-gap-wider\">\n\t\t\t\t\t<div class=\"elementor-column elementor-col-100 elementor-top-column elementor-element elementor-element-3d0a43b0\" data-id=\"3d0a43b0\" data-element_type=\"column\">\n\t\t\t<div class=\"elementor-widget-wrap elementor-element-populated\">\n\t\t\t\t\t\t<div class=\"elementor-element elementor-element-28a2efbc elementor-widget elementor-widget-heading\" data-id=\"28a2efbc\" data-element_type=\"widget\" data-widget_type=\"heading.default\">\n\t\t\t\t<div class=\"elementor-widget-container\">\n\t\t\t\t\t<h3 class=\"elementor-heading-title elementor-size-default\"><h2><span style=\"color: var(--the7-h3-color);font-family: var( --e-global-typography-el_title_4-font-family ), Sans-serif;font-size: var( --e-global-typography-el_title_4-font-size );font-weight: var( --e-global-typography-el_title_4-font-weight );letter-spacing: var( --e-global-typography-el_title_4-letter-spacing );text-transform: var( --e-global-typography-el_title_4-text-transform )\">Definiciones y t\u00e9rminos clave<\/span><span style=\"color: var(--the7-h3-color);font-family: var( --e-global-typography-el_title_4-font-family ), Sans-serif;font-size: var( --e-global-typography-el_title_4-font-size );font-weight: var( --e-global-typography-el_title_4-font-weight );letter-spacing: var( --e-global-typography-el_title_4-letter-spacing );text-transform: var( --e-global-typography-el_title_4-text-transform )\"><\/span><\/h2><\/h3>\t\t\t\t<\/div>\n\t\t\t\t<\/div>\n\t\t\t\t<div class=\"elementor-element elementor-element-b50f2f7 elementor-widget elementor-widget-spacer\" data-id=\"b50f2f7\" data-element_type=\"widget\" data-widget_type=\"spacer.default\">\n\t\t\t\t<div class=\"elementor-widget-container\">\n\t\t\t\t\t\t\t<div class=\"elementor-spacer\">\n\t\t\t<div class=\"elementor-spacer-inner\"><\/div>\n\t\t<\/div>\n\t\t\t\t\t\t<\/div>\n\t\t\t\t<\/div>\n\t\t\t\t<div class=\"elementor-element elementor-element-6407ad2e elementor-widget elementor-widget-text-editor\" data-id=\"6407ad2e\" data-element_type=\"widget\" data-widget_type=\"text-editor.default\">\n\t\t\t\t<div class=\"elementor-widget-container\">\n\t\t\t\t\t\t\t\t\t<p><span data-contrast=\"none\">Esta Pol\u00edtica de Devoluci\u00f3n y Reembolso define los t\u00e9rminos \"Empresa\", \"Cliente\", \"Dispositivo\", \"Servicio\", \"Sitio web\" y \"Usted\" para aclarar los t\u00e9rminos utilizados en la pol\u00edtica. La empresa se refiere a BerbereDesign, el cliente es la empresa o persona que utiliza el Servicio BerbereDesign, el dispositivo es cualquier dispositivo conectado a Internet, el servicio es el proporcionado por BerbereDesign, el sitio web es el sitio web de BerbereDesign, y el usuario es un usuario registrado. La pol\u00edtica tiene como objetivo proporcionar una experiencia de compra gratificante y describe los t\u00e9rminos y condiciones para las transacciones.<\/span><span data-ccp-props=\"{&quot;201341983&quot;:0,&quot;335559739&quot;:160,&quot;335559740&quot;:259}\">\u00a0<\/span><\/p><p><span data-contrast=\"none\">En caso de cualquier problema o insatisfacci\u00f3n con el producto o servicio adquirido, los clientes tienen derecho a solicitar el reembolso y la devoluci\u00f3n en el plazo de un mes.<\/span><span data-ccp-props=\"{&quot;201341983&quot;:0,&quot;335559739&quot;:160,&quot;335559740&quot;:259}\">\u00a0<\/span><\/p><p><span data-contrast=\"none\">Para iniciar la devoluci\u00f3n de un producto, es imprescindible atenerse a las siguientes directrices:<\/span><span data-ccp-props=\"{&quot;201341983&quot;:0,&quot;335559739&quot;:160,&quot;335559740&quot;:259}\">\u00a0<\/span><\/p><p>\u00a0<\/p><ol><li><span data-contrast=\"none\"> El producto debe devolverse en su embalaje original facilitado por nosotros.<\/span><\/li><li><span data-contrast=\"none\"> El producto debe estar libre de cualquier da\u00f1o, ya que cualquier evidencia de da\u00f1o dar\u00e1 lugar a una cancelaci\u00f3n inmediata del proceso de reembolso.<\/span><\/li><\/ol>\t\t\t\t\t\t\t\t<\/div>\n\t\t\t\t<\/div>\n\t\t\t\t<div class=\"elementor-element elementor-element-dcea433 elementor-widget elementor-widget-spacer\" data-id=\"dcea433\" data-element_type=\"widget\" data-widget_type=\"spacer.default\">\n\t\t\t\t<div class=\"elementor-widget-container\">\n\t\t\t\t\t\t\t<div class=\"elementor-spacer\">\n\t\t\t<div class=\"elementor-spacer-inner\"><\/div>\n\t\t<\/div>\n\t\t\t\t\t\t<\/div>\n\t\t\t\t<\/div>\n\t\t\t\t<div class=\"elementor-element elementor-element-22ef91b7 elementor-widget elementor-widget-heading\" data-id=\"22ef91b7\" data-element_type=\"widget\" data-widget_type=\"heading.default\">\n\t\t\t\t<div class=\"elementor-widget-container\">\n\t\t\t\t\t<h3 class=\"elementor-heading-title elementor-size-default\">Reembolsos<\/h3>\t\t\t\t<\/div>\n\t\t\t\t<\/div>\n\t\t\t\t<div class=\"elementor-element elementor-element-939a07d elementor-widget elementor-widget-spacer\" data-id=\"939a07d\" data-element_type=\"widget\" data-widget_type=\"spacer.default\">\n\t\t\t\t<div class=\"elementor-widget-container\">\n\t\t\t\t\t\t\t<div class=\"elementor-spacer\">\n\t\t\t<div class=\"elementor-spacer-inner\"><\/div>\n\t\t<\/div>\n\t\t\t\t\t\t<\/div>\n\t\t\t\t<\/div>\n\t\t\t\t<div class=\"elementor-element elementor-element-3612b0d3 elementor-widget elementor-widget-text-editor\" data-id=\"3612b0d3\" data-element_type=\"widget\" data-widget_type=\"text-editor.default\">\n\t\t\t\t<div class=\"elementor-widget-container\">\n\t\t\t\t\t\t\t\t\t<p><span class=\"TextRun SCXW81820983 BCX8\" lang=\"EN-US\" xml:lang=\"EN-US\" data-contrast=\"none\"><span class=\"NormalTextRun SpellingErrorV2Themed SCXW81820983 BCX8\">BerbereDise\u00f1o<\/span><span class=\"NormalTextRun SCXW81820983 BCX8\"> se centra en <\/span><span class=\"NormalTextRun SCXW81820983 BCX8\">proporcionando<\/span><span class=\"NormalTextRun SCXW81820983 BCX8\"> productos de alta calidad mediante una inspecci\u00f3n minuciosa, <\/span><span class=\"NormalTextRun SCXW81820983 BCX8\">defectos<\/span> <span class=\"NormalTextRun ContextualSpellingAndGrammarErrorV2Themed SCXW81820983 BCX8\">comprueba<\/span><span class=\"NormalTextRun SCXW81820983 BCX8\">y un cuidadoso embalaje. No obstante, es posible que tengan que cancelar pedidos por falta de existencias o problemas de control de calidad. Se avisar\u00e1 a los clientes con antelaci\u00f3n. Los pagos en l\u00ednea se reembolsar\u00e1n una vez confirmados. Antes del env\u00edo, se realiza un control de calidad para garantizar el estado del art\u00edculo. <\/span><span class=\"NormalTextRun SpellingErrorV2Themed SCXW81820983 BCX8\">BerbereDise\u00f1o<\/span><span class=\"NormalTextRun SCXW81820983 BCX8\"> no se hace responsable de los posibles da\u00f1os sufridos durante el transporte. Si el producto devuelto cumple las directrices, se efectuar\u00e1 el reembolso, que tardar\u00e1 unos d\u00edas.<\/span><\/span><span class=\"EOP SCXW81820983 BCX8\" data-ccp-props=\"{&quot;201341983&quot;:0,&quot;335559739&quot;:160,&quot;335559740&quot;:259}\">\u00a0<\/span><\/p>\t\t\t\t\t\t\t\t<\/div>\n\t\t\t\t<\/div>\n\t\t\t\t<div class=\"elementor-element elementor-element-e0f590b elementor-widget elementor-widget-spacer\" data-id=\"e0f590b\" data-element_type=\"widget\" data-widget_type=\"spacer.default\">\n\t\t\t\t<div class=\"elementor-widget-container\">\n\t\t\t\t\t\t\t<div class=\"elementor-spacer\">\n\t\t\t<div class=\"elementor-spacer-inner\"><\/div>\n\t\t<\/div>\n\t\t\t\t\t\t<\/div>\n\t\t\t\t<\/div>\n\t\t\t\t<div class=\"elementor-element elementor-element-22b60a6a elementor-widget elementor-widget-heading\" data-id=\"22b60a6a\" data-element_type=\"widget\" data-widget_type=\"heading.default\">\n\t\t\t\t<div class=\"elementor-widget-container\">\n\t\t\t\t\t<h3 class=\"elementor-heading-title elementor-size-default\">Env\u00edo<\/h3>\t\t\t\t<\/div>\n\t\t\t\t<\/div>\n\t\t\t\t<div class=\"elementor-element elementor-element-87c99ec elementor-widget elementor-widget-spacer\" data-id=\"87c99ec\" data-element_type=\"widget\" data-widget_type=\"spacer.default\">\n\t\t\t\t<div class=\"elementor-widget-container\">\n\t\t\t\t\t\t\t<div class=\"elementor-spacer\">\n\t\t\t<div class=\"elementor-spacer-inner\"><\/div>\n\t\t<\/div>\n\t\t\t\t\t\t<\/div>\n\t\t\t\t<\/div>\n\t\t\t\t<div class=\"elementor-element elementor-element-db65b07 elementor-widget elementor-widget-text-editor\" data-id=\"db65b07\" data-element_type=\"widget\" data-widget_type=\"text-editor.default\">\n\t\t\t\t<div class=\"elementor-widget-container\">\n\t\t\t\t\t\t\t\t\t<p><span class=\"NormalTextRun SpellingErrorV2Themed SCXW148102133 BCX8\">BerbereDise\u00f1o<\/span><span class=\"NormalTextRun SCXW148102133 BCX8\"> no se hace responsable de los gastos de env\u00edo de las devoluciones. Cada env\u00edo tiene que ser <\/span><span class=\"NormalTextRun ContextualSpellingAndGrammarErrorV2Themed SCXW148102133 BCX8\">pagado<\/span><span class=\"NormalTextRun SCXW148102133 BCX8\"> por el cliente, incluso si el art\u00edculo ten\u00eda env\u00edo gratuito en primer lugar, el cliente tiene que pagar el env\u00edo a cambio.<\/span><\/p>\t\t\t\t\t\t\t\t<\/div>\n\t\t\t\t<\/div>\n\t\t\t\t<div class=\"elementor-element elementor-element-3202bcf elementor-widget elementor-widget-spacer\" data-id=\"3202bcf\" data-element_type=\"widget\" data-widget_type=\"spacer.default\">\n\t\t\t\t<div class=\"elementor-widget-container\">\n\t\t\t\t\t\t\t<div class=\"elementor-spacer\">\n\t\t\t<div class=\"elementor-spacer-inner\"><\/div>\n\t\t<\/div>\n\t\t\t\t\t\t<\/div>\n\t\t\t\t<\/div>\n\t\t\t\t<div class=\"elementor-element elementor-element-6af2a54 elementor-widget elementor-widget-heading\" data-id=\"6af2a54\" data-element_type=\"widget\" data-widget_type=\"heading.default\">\n\t\t\t\t<div class=\"elementor-widget-container\">\n\t\t\t\t\t<h3 class=\"elementor-heading-title elementor-size-default\">Su consentimiento<\/h3>\t\t\t\t<\/div>\n\t\t\t\t<\/div>\n\t\t\t\t<div class=\"elementor-element elementor-element-db2e520 elementor-widget elementor-widget-spacer\" data-id=\"db2e520\" data-element_type=\"widget\" data-widget_type=\"spacer.default\">\n\t\t\t\t<div class=\"elementor-widget-container\">\n\t\t\t\t\t\t\t<div class=\"elementor-spacer\">\n\t\t\t<div class=\"elementor-spacer-inner\"><\/div>\n\t\t<\/div>\n\t\t\t\t\t\t<\/div>\n\t\t\t\t<\/div>\n\t\t\t\t<div class=\"elementor-element elementor-element-72efbc21 elementor-widget elementor-widget-text-editor\" data-id=\"72efbc21\" data-element_type=\"widget\" data-widget_type=\"text-editor.default\">\n\t\t\t\t<div class=\"elementor-widget-container\">\n\t\t\t\t\t\t\t\t\t<p><span class=\"TextRun SCXW99328321 BCX8\" lang=\"EN-US\" xml:lang=\"EN-US\" data-contrast=\"none\">Al utilizar nuestro sitio web, registrar una cuenta o realizar una compra, usted acepta nuestra Pol\u00edtica de devoluciones y reembolsos y est\u00e1 de acuerdo con sus condiciones.<\/span><\/p>\t\t\t\t\t\t\t\t<\/div>\n\t\t\t\t<\/div>\n\t\t\t\t<div class=\"elementor-element elementor-element-f8772aa elementor-widget elementor-widget-spacer\" data-id=\"f8772aa\" data-element_type=\"widget\" data-widget_type=\"spacer.default\">\n\t\t\t\t<div class=\"elementor-widget-container\">\n\t\t\t\t\t\t\t<div class=\"elementor-spacer\">\n\t\t\t<div class=\"elementor-spacer-inner\"><\/div>\n\t\t<\/div>\n\t\t\t\t\t\t<\/div>\n\t\t\t\t<\/div>\n\t\t\t\t<div class=\"elementor-element elementor-element-e0b7367 elementor-widget elementor-widget-heading\" data-id=\"e0b7367\" data-element_type=\"widget\" data-widget_type=\"heading.default\">\n\t\t\t\t<div class=\"elementor-widget-container\">\n\t\t\t\t\t<h3 class=\"elementor-heading-title elementor-size-default\">Changes To Our Return &amp; Refund Policy<\/h3>\t\t\t\t<\/div>\n\t\t\t\t<\/div>\n\t\t\t\t<div class=\"elementor-element elementor-element-4817766 elementor-widget elementor-widget-spacer\" data-id=\"4817766\" data-element_type=\"widget\" data-widget_type=\"spacer.default\">\n\t\t\t\t<div class=\"elementor-widget-container\">\n\t\t\t\t\t\t\t<div class=\"elementor-spacer\">\n\t\t\t<div class=\"elementor-spacer-inner\"><\/div>\n\t\t<\/div>\n\t\t\t\t\t\t<\/div>\n\t\t\t\t<\/div>\n\t\t\t\t<div class=\"elementor-element elementor-element-013ab31 elementor-widget elementor-widget-text-editor\" data-id=\"013ab31\" data-element_type=\"widget\" data-widget_type=\"text-editor.default\">\n\t\t\t\t<div class=\"elementor-widget-container\">\n\t\t\t\t\t\t\t\t\t<p><span class=\"NormalTextRun SCXW55618748 BCX8\">Somos<\/span><span class=\"NormalTextRun SCXW55618748 BCX8\"> considerar la actualizaci\u00f3n de este documento para reflejar nuestro Servicio y nuestras pol\u00edticas, y si es necesario, <\/span><span class=\"NormalTextRun ContextualSpellingAndGrammarErrorV2Themed SCXW55618748 BCX8\">se<\/span><span class=\"NormalTextRun SCXW55618748 BCX8\"> en un lugar destacado. Si sigue utilizando nuestro Servicio, deber\u00e1 atenerse a las condiciones de devoluci\u00f3n y reembolso actualizadas. <\/span><span class=\"NormalTextRun ContextualSpellingAndGrammarErrorV2Themed SCXW55618748 BCX8\">Pol\u00edtica<\/span><span class=\"NormalTextRun SCXW55618748 BCX8\"> elimine su cuenta.<\/span><\/p>\t\t\t\t\t\t\t\t<\/div>\n\t\t\t\t<\/div>\n\t\t\t\t<div class=\"elementor-element elementor-element-3574c4b elementor-widget elementor-widget-spacer\" data-id=\"3574c4b\" data-element_type=\"widget\" data-widget_type=\"spacer.default\">\n\t\t\t\t<div class=\"elementor-widget-container\">\n\t\t\t\t\t\t\t<div class=\"elementor-spacer\">\n\t\t\t<div class=\"elementor-spacer-inner\"><\/div>\n\t\t<\/div>\n\t\t\t\t\t\t<\/div>\n\t\t\t\t<\/div>\n\t\t\t\t<div class=\"elementor-element elementor-element-0f05afa elementor-widget elementor-widget-heading\" data-id=\"0f05afa\" data-element_type=\"widget\" data-widget_type=\"heading.default\">\n\t\t\t\t<div class=\"elementor-widget-container\">\n\t\t\t\t\t<h3 class=\"elementor-heading-title elementor-size-default\">P\u00f3ngase en contacto con nosotros<\/h3>\t\t\t\t<\/div>\n\t\t\t\t<\/div>\n\t\t\t\t<div class=\"elementor-element elementor-element-1e60245 elementor-widget elementor-widget-spacer\" data-id=\"1e60245\" data-element_type=\"widget\" data-widget_type=\"spacer.default\">\n\t\t\t\t<div class=\"elementor-widget-container\">\n\t\t\t\t\t\t\t<div class=\"elementor-spacer\">\n\t\t\t<div class=\"elementor-spacer-inner\"><\/div>\n\t\t<\/div>\n\t\t\t\t\t\t<\/div>\n\t\t\t\t<\/div>\n\t\t\t\t<div class=\"elementor-element elementor-element-5f379a9 elementor-widget elementor-widget-text-editor\" data-id=\"5f379a9\" data-element_type=\"widget\" data-widget_type=\"text-editor.default\">\n\t\t\t\t<div class=\"elementor-widget-container\">\n\t\t\t\t\t\t\t\t\t<p>Si, por alguna raz\u00f3n, Usted no est\u00e1 completamente satisfecho con cualquier bien o servicio que proporcionamos, no dude en ponerse en contacto con nosotros y vamos a discutir cualquiera de los problemas que est\u00e1 pasando con nuestro producto.<\/p><p>\u00a0<\/p><ul><li>Por correo electr\u00f3nico: contact@berberedesign.com<\/li><li>A trav\u00e9s del n\u00famero de tel\u00e9fono +1 307-445-2564<\/li><li>A trav\u00e9s de este enlace: https:\/\/berberedesign.com<\/li><li>A trav\u00e9s de esta direcci\u00f3n: 1111B S Governors Ave STE 7173, Dover, DE 19904<\/li><\/ul>\t\t\t\t\t\t\t\t<\/div>\n\t\t\t\t<\/div>\n\t\t\t\t\t<\/div>\n\t\t<\/div>\n\t\t\t\t\t<\/div>\n\t\t<\/section>\n\t\t\t\t<\/div>","protected":false},"excerpt":{"rendered":"<p>Definitions and key terms This Return &amp; Refund Policy defines the terms &#8220;Company,&#8221; &#8220;Customer,&#8221; &#8220;Device,&#8221; &#8220;Service,&#8221; &#8220;Website,&#8221; and &#8220;You&#8221; to clarify the terms used in the policy. The company refers to BerbereDesign, the customer is the company or individual using the BerbereDesign Service, the device is any internet-connected device, the service is the provided by&hellip;<\/p>","protected":false},"author":8,"featured_media":0,"parent":5691,"menu_order":0,"comment_status":"closed","ping_status":"closed","template":"","meta":{"footnotes":""},"class_list":["post-304","page","type-page","status-publish","hentry"],"jetpack_sharing_enabled":true,"_links":{"self":[{"href":"https:\/\/berberedesign.com\/es\/wp-json\/wp\/v2\/pages\/304","targetHints":{"allow":["GET"]}}],"collection":[{"href":"https:\/\/berberedesign.com\/es\/wp-json\/wp\/v2\/pages"}],"about":[{"href":"https:\/\/berberedesign.com\/es\/wp-json\/wp\/v2\/types\/page"}],"author":[{"embeddable":true,"href":"https:\/\/berberedesign.com\/es\/wp-json\/wp\/v2\/users\/8"}],"replies":[{"embeddable":true,"href":"https:\/\/berberedesign.com\/es\/wp-json\/wp\/v2\/comments?post=304"}],"version-history":[{"count":12,"href":"https:\/\/berberedesign.com\/es\/wp-json\/wp\/v2\/pages\/304\/revisions"}],"predecessor-version":[{"id":104101,"href":"https:\/\/berberedesign.com\/es\/wp-json\/wp\/v2\/pages\/304\/revisions\/104101"}],"up":[{"embeddable":true,"href":"https:\/\/berberedesign.com\/es\/wp-json\/wp\/v2\/pages\/5691"}],"wp:attachment":[{"href":"https:\/\/berberedesign.com\/es\/wp-json\/wp\/v2\/media?parent=304"}],"curies":[{"name":"wp","href":"https:\/\/api.w.org\/{rel}","templated":true}]}}