{"id":14,"date":"2023-05-17T17:19:30","date_gmt":"2023-05-17T17:19:30","guid":{"rendered":"https:\/\/berberedesign.com\/?page_id=14"},"modified":"2025-02-09T16:14:29","modified_gmt":"2025-02-09T16:14:29","slug":"devoluciones_devolucion","status":"publish","type":"page","link":"https:\/\/berberedesign.com\/es\/devoluciones_devolucion\/","title":{"rendered":"Pol\u00edtica de devoluciones y reembolsos"},"content":{"rendered":"<div data-elementor-type=\"wp-page\" data-elementor-id=\"14\" class=\"elementor elementor-14\" data-elementor-post-type=\"page\">\n\t\t\t\t<div class=\"elementor-element elementor-element-2ee723f7 e-flex e-con-boxed e-con e-parent\" data-id=\"2ee723f7\" data-element_type=\"container\">\n\t\t\t\t\t<div class=\"e-con-inner\">\n\t\t\t\t<div class=\"elementor-element elementor-element-23672f61 elementor-widget elementor-widget-text-editor\" data-id=\"23672f61\" data-element_type=\"widget\" data-widget_type=\"text-editor.default\">\n\t\t\t\t<div class=\"elementor-widget-container\">\n\t\t\t\t\t\t\t\t\t<p>\u00a0<\/p><p><strong>1. Devoluciones:<\/strong><br \/>Aceptamos devoluciones dentro de <strong>30 d\u00edas<\/strong> de recepci\u00f3n. Los art\u00edculos deben estar en su estado original, sin usar y con todas las etiquetas puestas.<\/p><p><strong>2. Reembolsos:<\/strong><br \/>Una vez recibida e inspeccionada su devoluci\u00f3n, se tramitar\u00e1 el reembolso a su m\u00e9todo de pago original. Los gastos de env\u00edo no son reembolsables.<\/p><p><strong>3. Gastos de devoluci\u00f3n:<\/strong><br \/>Los clientes son responsables de pagar los gastos de env\u00edo de la devoluci\u00f3n. Recomendamos utilizar un servicio de env\u00edo con seguimiento o contratar un seguro de env\u00edo para los art\u00edculos que superen un determinado valor, ya que no podemos garantizar la recepci\u00f3n del art\u00edculo devuelto.<\/p><p><strong>4. Art\u00edculos da\u00f1ados o defectuosos:<\/strong><br \/>Si recibe un art\u00edculo da\u00f1ado o defectuoso, p\u00f3ngase en contacto con nosotros en el plazo de <strong>7 d\u00edas<\/strong> para obtener el reembolso \u00edntegro o la sustituci\u00f3n.<\/p><p><strong>5. P\u00f3ngase en contacto con nosotros:<\/strong><br \/>Para devoluciones, cambios o cualquier problema, p\u00f3ngase en contacto con nosotros en <a href=\"mailto:contact@berberedesign.com\">contact@berberedesign.com<\/a><\/p><div class=\"SDV7ef\">\u00a0<\/div><p>.<\/p>\t\t\t\t\t\t\t\t<\/div>\n\t\t\t\t<\/div>\n\t\t\t\t\t<\/div>\n\t\t\t\t<\/div>\n\t\t\t\t<\/div>","protected":false},"excerpt":{"rendered":"<p>\u00a0 1. Returns:We accept returns within 30 days of receipt. Items must be in original, unused condition with all tags attached. 2. Refunds:Once your return is received and inspected, a refund will be processed to your original payment method. Shipping costs are non-refundable. 3. Return Shipping Costs:Customers are responsible for paying the return shipping costs.&hellip;<\/p>","protected":false},"author":8,"featured_media":0,"parent":0,"menu_order":0,"comment_status":"closed","ping_status":"closed","template":"","meta":{"footnotes":""},"class_list":["post-14","page","type-page","status-publish","hentry"],"jetpack_sharing_enabled":true,"_links":{"self":[{"href":"https:\/\/berberedesign.com\/es\/wp-json\/wp\/v2\/pages\/14","targetHints":{"allow":["GET"]}}],"collection":[{"href":"https:\/\/berberedesign.com\/es\/wp-json\/wp\/v2\/pages"}],"about":[{"href":"https:\/\/berberedesign.com\/es\/wp-json\/wp\/v2\/types\/page"}],"author":[{"embeddable":true,"href":"https:\/\/berberedesign.com\/es\/wp-json\/wp\/v2\/users\/8"}],"replies":[{"embeddable":true,"href":"https:\/\/berberedesign.com\/es\/wp-json\/wp\/v2\/comments?post=14"}],"version-history":[{"count":3,"href":"https:\/\/berberedesign.com\/es\/wp-json\/wp\/v2\/pages\/14\/revisions"}],"predecessor-version":[{"id":106313,"href":"https:\/\/berberedesign.com\/es\/wp-json\/wp\/v2\/pages\/14\/revisions\/106313"}],"wp:attachment":[{"href":"https:\/\/berberedesign.com\/es\/wp-json\/wp\/v2\/media?parent=14"}],"curies":[{"name":"wp","href":"https:\/\/api.w.org\/{rel}","templated":true}]}}