{"id":106314,"date":"2025-02-09T16:24:38","date_gmt":"2025-02-09T16:24:38","guid":{"rendered":"https:\/\/berberedesign.com\/?page_id=106314"},"modified":"2025-02-09T16:35:23","modified_gmt":"2025-02-09T16:35:23","slug":"politica-de-privacidad","status":"publish","type":"page","link":"https:\/\/berberedesign.com\/es\/politica-de-privacidad\/","title":{"rendered":"Pol\u00edtica de privacidad"},"content":{"rendered":"<div data-elementor-type=\"wp-page\" data-elementor-id=\"106314\" class=\"elementor elementor-106314\" data-elementor-post-type=\"page\">\n\t\t\t\t<div class=\"elementor-element elementor-element-1235968 e-flex e-con-boxed e-con e-parent\" data-id=\"1235968\" data-element_type=\"container\">\n\t\t\t\t\t<div class=\"e-con-inner\">\n\t\t\t\t<div class=\"elementor-element elementor-element-e0b7a47 elementor-widget elementor-widget-text-editor\" data-id=\"e0b7a47\" data-element_type=\"widget\" data-widget_type=\"text-editor.default\">\n\t\t\t\t<div class=\"elementor-widget-container\">\n\t\t\t\t\t\t\t\t\t<p><strong>1. Recogida de informaci\u00f3n:<\/strong><br \/>Recopilamos informaci\u00f3n personal, como su nombre, direcci\u00f3n, correo electr\u00f3nico y datos de pago, cuando realiza un pedido o se pone en contacto con nosotros.<\/p><p><strong>2. Uso de la informaci\u00f3n:<\/strong><br \/>Utilizamos su informaci\u00f3n para procesar pedidos, proporcionar servicio al cliente y mejorar nuestras ofertas.<\/p><p><strong>3. Seguridad de los datos:<\/strong><br \/>Aplicamos medidas de seguridad para proteger sus datos personales.<\/p><p><strong>4. Uso compartido por terceros:<\/strong><br \/>No vendemos ni alquilamos sus datos personales. Sin embargo, podemos compartir datos con terceros proveedores de servicios para procesar pedidos.<\/p><p><strong>5. Cookies:<\/strong><br \/>Utilizamos cookies para mejorar su experiencia de usuario y analizar el tr\u00e1fico del sitio.<\/p><p><strong>6. Sus derechos:<\/strong><br \/>Puede actualizar o eliminar su informaci\u00f3n poni\u00e9ndose directamente en contacto con nosotros.<\/p><p>Si desea m\u00e1s informaci\u00f3n, p\u00f3ngase en contacto con nosotros en <a href=\"mailto:contact@berberedesign.com\"><span data-contrast=\"none\">contact@berberedesign.com<\/span><\/a>.<\/p>\t\t\t\t\t\t\t\t<\/div>\n\t\t\t\t<\/div>\n\t\t\t\t\t<\/div>\n\t\t\t\t<\/div>\n\t\t\t\t<\/div>","protected":false},"excerpt":{"rendered":"<p>1. Information Collection:We collect personal information, including your name, address, email, and payment details, when you place an order or contact us. 2. Use of Information:We use your information to process orders, provide customer service, and improve our offerings. 3. Data Security:We implement security measures to protect your personal data. 4. Third-Party Sharing:We do not&hellip;<\/p>","protected":false},"author":8,"featured_media":0,"parent":0,"menu_order":0,"comment_status":"closed","ping_status":"closed","template":"","meta":{"footnotes":""},"class_list":["post-106314","page","type-page","status-publish","hentry"],"jetpack_sharing_enabled":true,"_links":{"self":[{"href":"https:\/\/berberedesign.com\/es\/wp-json\/wp\/v2\/pages\/106314","targetHints":{"allow":["GET"]}}],"collection":[{"href":"https:\/\/berberedesign.com\/es\/wp-json\/wp\/v2\/pages"}],"about":[{"href":"https:\/\/berberedesign.com\/es\/wp-json\/wp\/v2\/types\/page"}],"author":[{"embeddable":true,"href":"https:\/\/berberedesign.com\/es\/wp-json\/wp\/v2\/users\/8"}],"replies":[{"embeddable":true,"href":"https:\/\/berberedesign.com\/es\/wp-json\/wp\/v2\/comments?post=106314"}],"version-history":[{"count":4,"href":"https:\/\/berberedesign.com\/es\/wp-json\/wp\/v2\/pages\/106314\/revisions"}],"predecessor-version":[{"id":106318,"href":"https:\/\/berberedesign.com\/es\/wp-json\/wp\/v2\/pages\/106314\/revisions\/106318"}],"wp:attachment":[{"href":"https:\/\/berberedesign.com\/es\/wp-json\/wp\/v2\/media?parent=106314"}],"curies":[{"name":"wp","href":"https:\/\/api.w.org\/{rel}","templated":true}]}}