{"id":106306,"date":"2025-02-09T16:05:10","date_gmt":"2025-02-09T16:05:10","guid":{"rendered":"https:\/\/berberedesign.com\/?page_id=106306"},"modified":"2025-02-09T16:08:12","modified_gmt":"2025-02-09T16:08:12","slug":"politica-de-pagos","status":"publish","type":"page","link":"https:\/\/berberedesign.com\/es\/politica-de-pagos\/","title":{"rendered":"Pol\u00edtica de pagos"},"content":{"rendered":"<div data-elementor-type=\"wp-page\" data-elementor-id=\"106306\" class=\"elementor elementor-106306\" data-elementor-post-type=\"page\">\n\t\t\t\t<div class=\"elementor-element elementor-element-706fe3e e-flex e-con-boxed e-con e-parent\" data-id=\"706fe3e\" data-element_type=\"container\">\n\t\t\t\t\t<div class=\"e-con-inner\">\n\t\t\t\t<div class=\"elementor-element elementor-element-c2e4997 elementor-widget elementor-widget-text-editor\" data-id=\"c2e4997\" data-element_type=\"widget\" data-widget_type=\"text-editor.default\">\n\t\t\t\t<div class=\"elementor-widget-container\">\n\t\t\t\t\t\t\t\t\t<p>\u00a0<\/p><p><strong>1. M\u00e9todos de pago aceptados:<\/strong><br \/>Aceptamos los siguientes m\u00e9todos de pago:<\/p><ul><li><strong>Tarjetas de cr\u00e9dito\/d\u00e9bito<\/strong>: Visa, MasterCard, American Express<\/li><li><strong>PayPal<\/strong><\/li><li><strong>Transferencias bancarias<\/strong> (para pedidos grandes)<\/li><li><strong>Apple Pay<\/strong> \/ <strong>Google Pay<\/strong><\/li><\/ul><p><strong>2. Moneda:<\/strong><br \/>Todas las transacciones se procesan en\u00a0<strong> USD<\/strong>. Si paga con otra moneda, es posible que su banco le aplique comisiones de conversi\u00f3n.<\/p><p><strong>3. Seguridad en los pagos:<\/strong><br \/>Sus datos de pago se encriptan y procesan de forma segura a trav\u00e9s de proveedores externos de confianza. No almacenamos la informaci\u00f3n de las tarjetas de cr\u00e9dito.<\/p><p><strong>4. Confirmaci\u00f3n del pago:<\/strong><br \/>Recibir\u00e1 un correo electr\u00f3nico de confirmaci\u00f3n del pedido despu\u00e9s de realizar el pago correctamente. Si no lo recibe, compruebe su carpeta de correo no deseado o p\u00f3ngase en contacto con nosotros.<\/p><p><strong>5. Transacciones fallidas:<\/strong><br \/>Si el pago falla, vuelva a comprobar sus datos o pruebe con otro m\u00e9todo de pago. Si el problema persiste, p\u00f3ngase en contacto con nosotros en <a href=\"mailto:contact@berberedesign.com\">contact@berberedesign.com<\/a><\/p><div class=\"SDV7ef\">\u00a0<\/div><p>.<\/p>\t\t\t\t\t\t\t\t<\/div>\n\t\t\t\t<\/div>\n\t\t\t\t\t<\/div>\n\t\t\t\t<\/div>\n\t\t\t\t<\/div>","protected":false},"excerpt":{"rendered":"<p>\u00a0 1. Accepted Payment Methods:We accept the following payment methods: Credit\/Debit Cards: Visa, MasterCard, American Express PayPal Bank Transfers (for large orders) Apple Pay \/ Google Pay 2. Currency:All transactions are processed in\u00a0 USD. If paying with another currency, your bank may apply conversion fees. 3. Payment Security:Your payment details are encrypted and processed securely&hellip;<\/p>","protected":false},"author":8,"featured_media":0,"parent":0,"menu_order":0,"comment_status":"closed","ping_status":"closed","template":"","meta":{"footnotes":""},"class_list":["post-106306","page","type-page","status-publish","hentry"],"jetpack_sharing_enabled":true,"_links":{"self":[{"href":"https:\/\/berberedesign.com\/es\/wp-json\/wp\/v2\/pages\/106306","targetHints":{"allow":["GET"]}}],"collection":[{"href":"https:\/\/berberedesign.com\/es\/wp-json\/wp\/v2\/pages"}],"about":[{"href":"https:\/\/berberedesign.com\/es\/wp-json\/wp\/v2\/types\/page"}],"author":[{"embeddable":true,"href":"https:\/\/berberedesign.com\/es\/wp-json\/wp\/v2\/users\/8"}],"replies":[{"embeddable":true,"href":"https:\/\/berberedesign.com\/es\/wp-json\/wp\/v2\/comments?post=106306"}],"version-history":[{"count":4,"href":"https:\/\/berberedesign.com\/es\/wp-json\/wp\/v2\/pages\/106306\/revisions"}],"predecessor-version":[{"id":106310,"href":"https:\/\/berberedesign.com\/es\/wp-json\/wp\/v2\/pages\/106306\/revisions\/106310"}],"wp:attachment":[{"href":"https:\/\/berberedesign.com\/es\/wp-json\/wp\/v2\/media?parent=106306"}],"curies":[{"name":"wp","href":"https:\/\/api.w.org\/{rel}","templated":true}]}}