{"id":106301,"date":"2025-02-09T16:01:38","date_gmt":"2025-02-09T16:01:38","guid":{"rendered":"https:\/\/berberedesign.com\/?page_id=106301"},"modified":"2025-02-09T16:03:12","modified_gmt":"2025-02-09T16:03:12","slug":"politica-de-envios-2","status":"publish","type":"page","link":"https:\/\/berberedesign.com\/es\/politica-de-envios-2\/","title":{"rendered":"Pol\u00edtica de env\u00edos"},"content":{"rendered":"<div data-elementor-type=\"wp-page\" data-elementor-id=\"106301\" class=\"elementor elementor-106301\" data-elementor-post-type=\"page\">\n\t\t\t\t<div class=\"elementor-element elementor-element-86feb4d e-flex e-con-boxed e-con e-parent\" data-id=\"86feb4d\" data-element_type=\"container\">\n\t\t\t\t\t<div class=\"e-con-inner\">\n\t\t\t\t<div class=\"elementor-element elementor-element-2414cbd elementor-widget elementor-widget-text-editor\" data-id=\"2414cbd\" data-element_type=\"widget\" data-widget_type=\"text-editor.default\">\n\t\t\t\t<div class=\"elementor-widget-container\">\n\t\t\t\t\t\t\t\t\t<p>\u00a0<\/p><p><strong>1. Destinos de env\u00edo:<\/strong><br \/>Estamos orgullosos de enviar nuestras alfombras bereberes artesanales y art\u00edculos de decoraci\u00f3n para el hogar a todo el mundo. Tenga en cuenta que los plazos de entrega pueden variar en funci\u00f3n de su ubicaci\u00f3n.<\/p><p><strong>2. Tiempo de procesamiento:<\/strong><br \/>Todos los pedidos se tramitan en <strong>1-3 d\u00edas laborables<\/strong>. Los art\u00edculos personalizados o hechos por encargo pueden requerir un tiempo adicional, que se especificar\u00e1 en la p\u00e1gina del producto.<\/p><p><strong>3. Plazos y costes de env\u00edo:<\/strong><\/p><ul><li><strong>Env\u00edos internacionales:<\/strong> 7-14 d\u00edas laborables, dependiendo de su ubicaci\u00f3n.<\/li><li><strong>Gastos de env\u00edo:<\/strong> env\u00edo gratuito.<\/li><\/ul><p><strong>4. Aduanas, derechos e impuestos:<\/strong><br \/>Los pedidos internacionales pueden estar sujetos a derechos de aduana o impuestos, que son responsabilidad del cliente. Consulte la normativa local para obtener m\u00e1s informaci\u00f3n.<\/p><p><strong>5. Seguimiento de su pedido:<\/strong><br \/>Una vez enviado el pedido, recibir\u00e1 un correo electr\u00f3nico de confirmaci\u00f3n con un n\u00famero de seguimiento. Puede seguir el env\u00edo a trav\u00e9s de nuestro sitio web o del portal del transportista.<\/p><p><strong>6. Retrasos en el env\u00edo:<\/strong><br \/>Aunque nos esforzamos por cumplir los plazos de entrega, pueden producirse retrasos debido al despacho de aduanas, d\u00edas festivos o circunstancias imprevistas. Agradecemos su comprensi\u00f3n.<\/p><p><strong>7. Paquetes perdidos o da\u00f1ados:<\/strong><br \/>Si su pedido llega da\u00f1ado o no llega en el plazo estimado, p\u00f3ngase en contacto con nosotros en <a href=\"mailto:contact@berberedesign.com\">contact@berberedesign.com<\/a> en <strong>7 d\u00edas<\/strong> de la fecha de entrega prevista.<\/p><p><strong>8. P\u00f3ngase en contacto con nosotros:<\/strong><br \/>Para cualquier consulta relacionada con el env\u00edo, p\u00f3ngase en contacto con nosotros en <a href=\"mailto:contact@berberedesign.com\"><strong>contact@berberedesign.com<\/strong><\/a>.<\/p>\t\t\t\t\t\t\t\t<\/div>\n\t\t\t\t<\/div>\n\t\t\t\t\t<\/div>\n\t\t\t\t<\/div>\n\t\t\t\t<\/div>","protected":false},"excerpt":{"rendered":"<p>\u00a0 1. Shipping Destinations:We proudly ship our handcrafted Berber rugs and home d\u00e9cor items worldwide. Please note that delivery times may vary based on your location. 2. Processing Time:All orders are processed within 1-3 business days. Custom or made-to-order items may require additional time, which will be specified on the product page. 3. Shipping Times&hellip;<\/p>","protected":false},"author":8,"featured_media":0,"parent":0,"menu_order":0,"comment_status":"closed","ping_status":"closed","template":"","meta":{"footnotes":""},"class_list":["post-106301","page","type-page","status-publish","hentry"],"jetpack_sharing_enabled":true,"_links":{"self":[{"href":"https:\/\/berberedesign.com\/es\/wp-json\/wp\/v2\/pages\/106301","targetHints":{"allow":["GET"]}}],"collection":[{"href":"https:\/\/berberedesign.com\/es\/wp-json\/wp\/v2\/pages"}],"about":[{"href":"https:\/\/berberedesign.com\/es\/wp-json\/wp\/v2\/types\/page"}],"author":[{"embeddable":true,"href":"https:\/\/berberedesign.com\/es\/wp-json\/wp\/v2\/users\/8"}],"replies":[{"embeddable":true,"href":"https:\/\/berberedesign.com\/es\/wp-json\/wp\/v2\/comments?post=106301"}],"version-history":[{"count":5,"href":"https:\/\/berberedesign.com\/es\/wp-json\/wp\/v2\/pages\/106301\/revisions"}],"predecessor-version":[{"id":107187,"href":"https:\/\/berberedesign.com\/es\/wp-json\/wp\/v2\/pages\/106301\/revisions\/107187"}],"wp:attachment":[{"href":"https:\/\/berberedesign.com\/es\/wp-json\/wp\/v2\/media?parent=106301"}],"curies":[{"name":"wp","href":"https:\/\/api.w.org\/{rel}","templated":true}]}}