{"id":100667,"date":"2023-06-08T19:10:09","date_gmt":"2023-06-08T19:10:09","guid":{"rendered":"https:\/\/berberedesign.com\/?page_id=100667"},"modified":"2025-02-09T16:43:11","modified_gmt":"2025-02-09T16:43:11","slug":"condiciones","status":"publish","type":"page","link":"https:\/\/berberedesign.com\/es\/condiciones\/","title":{"rendered":"Condiciones generales"},"content":{"rendered":"<div data-elementor-type=\"wp-page\" data-elementor-id=\"100667\" class=\"elementor elementor-100667\" data-elementor-post-type=\"page\">\n\t\t\t\t<div class=\"elementor-element elementor-element-6c039020 e-flex e-con-boxed e-con e-parent\" data-id=\"6c039020\" data-element_type=\"container\">\n\t\t\t\t\t<div class=\"e-con-inner\">\n\t\t\t\t<div class=\"elementor-element elementor-element-1594eaf elementor-widget elementor-widget-text-editor\" data-id=\"1594eaf\" data-element_type=\"widget\" data-widget_type=\"text-editor.default\">\n\t\t\t\t<div class=\"elementor-widget-container\">\n\t\t\t\t\t\t\t\t\t<p><strong>1. 1. Informaci\u00f3n general:<\/strong><br \/>Utilizando <strong><a href=\"https:\/\/berberedesign.com\/es\/\" target=\"_new\" rel=\"noopener\">www.berberedesign.com<\/a><\/strong>usted acepta estas condiciones. Big M Solutions, con sede en <strong>1111B S Governors Ave STE 7173, Dover, DE 19904<\/strong>se reserva el derecho de modificar estas condiciones en cualquier momento y sin previo aviso.<\/p><p><strong>2. Pedidos y pagos:<\/strong><br \/>Aceptamos varios m\u00e9todos de pago, incluidas tarjetas de cr\u00e9dito y PayPal. Todos los pedidos est\u00e1n sujetos a aceptaci\u00f3n y disponibilidad.<\/p><p><strong>3. Env\u00edo:<\/strong><br \/>Los gastos de env\u00edo se calculan en el momento de pagar. Los clientes internacionales pueden estar sujetos a derechos de aduana e impuestos.<\/p><p><strong>4. 4. Devoluciones y reembolsos:<\/strong><br \/>Consulte nuestro <strong><a href=\"https:\/\/berberedesign.com\/es\/devoluciones_devolucion\/\">Reembolsos y devoluciones<\/a> Pol\u00edtica<\/strong> para obtener informaci\u00f3n sobre devoluciones.<\/p><p><strong>5. Limitaci\u00f3n de responsabilidad:<\/strong><br \/>Big M Solutions no se hace responsable de los da\u00f1os que puedan derivarse del uso de este sitio o de los productos adquiridos.<\/p><p><strong>6. Pol\u00edtica de privacidad:<\/strong><br \/>Respetamos su privacidad. Por favor, revise nuestra <a href=\"https:\/\/berberedesign.com\/es\/politica-de-privacidad\/\"><strong>Pol\u00edtica de privacidad<\/strong><\/a> para m\u00e1s detalles sobre c\u00f3mo recogemos y tratamos sus datos.<\/p>\t\t\t\t\t\t\t\t<\/div>\n\t\t\t\t<\/div>\n\t\t\t\t\t<\/div>\n\t\t\t\t<\/div>\n\t\t\t\t<\/div>","protected":false},"excerpt":{"rendered":"<p>1. General Information:By using www.berberedesign.com, you agree to these terms. Big M Solutions, located at 1111B S Governors Ave STE 7173, Dover, DE 19904, reserves the right to change these terms at any time without prior notice. 2. Orders and Payments:We accept various payment methods, including credit cards and PayPal. All orders are subject to&hellip;<\/p>","protected":false},"author":8,"featured_media":0,"parent":0,"menu_order":0,"comment_status":"closed","ping_status":"closed","template":"","meta":{"footnotes":""},"class_list":["post-100667","page","type-page","status-publish","hentry"],"jetpack_sharing_enabled":true,"_links":{"self":[{"href":"https:\/\/berberedesign.com\/es\/wp-json\/wp\/v2\/pages\/100667","targetHints":{"allow":["GET"]}}],"collection":[{"href":"https:\/\/berberedesign.com\/es\/wp-json\/wp\/v2\/pages"}],"about":[{"href":"https:\/\/berberedesign.com\/es\/wp-json\/wp\/v2\/types\/page"}],"author":[{"embeddable":true,"href":"https:\/\/berberedesign.com\/es\/wp-json\/wp\/v2\/users\/8"}],"replies":[{"embeddable":true,"href":"https:\/\/berberedesign.com\/es\/wp-json\/wp\/v2\/comments?post=100667"}],"version-history":[{"count":6,"href":"https:\/\/berberedesign.com\/es\/wp-json\/wp\/v2\/pages\/100667\/revisions"}],"predecessor-version":[{"id":106325,"href":"https:\/\/berberedesign.com\/es\/wp-json\/wp\/v2\/pages\/100667\/revisions\/106325"}],"wp:attachment":[{"href":"https:\/\/berberedesign.com\/es\/wp-json\/wp\/v2\/media?parent=100667"}],"curies":[{"name":"wp","href":"https:\/\/api.w.org\/{rel}","templated":true}]}}