{"id":99022,"date":"2021-07-15T09:39:57","date_gmt":"2021-07-15T09:39:57","guid":{"rendered":"https:\/\/divifurnitureshop.divifixer.com\/?post_type=product&#038;p=178"},"modified":"2025-03-24T10:08:01","modified_gmt":"2025-03-24T10:08:01","slug":"marokkanischer-berber-kelim-teppich","status":"publish","type":"product","link":"https:\/\/berberedesign.com\/de\/marokkanischer-berber-kelim-teppich\/","title":{"rendered":"Fesselnder marokkanischer Berber-Kilim-Teppich"},"content":{"rendered":"<p>Tauchen Sie ein in das reiche kulturelle Erbe Marokkos mit unserem exquisiten marokkanischen Berber-Kilim-Teppich. Von erfahrenen Handwerkern handgewebt, zeigt dieser Teppich die zeitlose Sch\u00f6nheit des Berberhandwerks. Jedes komplizierte Detail erz\u00e4hlt eine Geschichte, die die Traditionen und die Geschichte des Berbervolkes widerspiegelt. Die lebendigen Farben und geometrischen Muster fangen m\u00fchelos die Essenz des marokkanischen Designs ein und verleihen jedem Raum einen Hauch von exotischer Eleganz.<\/p>\n<p>Der aus hochwertiger Wolle gefertigte marokkanische Berberteppich ist nicht nur optisch beeindruckend, sondern auch strapazierf\u00e4hig und langlebig. Er ist so konzipiert, dass er dem t\u00e4glichen Gebrauch und der Begehung standh\u00e4lt und dabei seine Weichheit und Textur beibeh\u00e4lt. Ob im Wohnzimmer, Schlafzimmer oder Flur, dieser Teppich dient als fesselnder Blickfang und schafft eine warme und einladende Atmosph\u00e4re. Sein vielseitiger Stil erg\u00e4nzt eine Reihe von Einrichtungsstilen, von modern und minimalistisch bis hin zu b\u00f6hmisch und eklektisch.<\/p>\n<p><img fetchpriority=\"high\" decoding=\"async\" class=\"aligncenter wp-image-101241 size-large\" src=\"https:\/\/berberedesign.com\/wp-content\/uploads\/2021\/07\/kilim-Berber-Moroccan-Rug-1024x683.webp\" alt=\"Marokkanischer Berberteppich Kilim\" width=\"1024\" height=\"683\" title=\"\" srcset=\"https:\/\/berberedesign.com\/wp-content\/uploads\/2021\/07\/kilim-Berber-Moroccan-Rug-1024x683.webp 1024w, https:\/\/berberedesign.com\/wp-content\/uploads\/2021\/07\/kilim-Berber-Moroccan-Rug-300x200.webp 300w, https:\/\/berberedesign.com\/wp-content\/uploads\/2021\/07\/kilim-Berber-Moroccan-Rug-768x512.webp 768w, https:\/\/berberedesign.com\/wp-content\/uploads\/2021\/07\/kilim-Berber-Moroccan-Rug-18x12.webp 18w, https:\/\/berberedesign.com\/wp-content\/uploads\/2021\/07\/kilim-Berber-Moroccan-Rug-1064x710.webp 1064w, https:\/\/berberedesign.com\/wp-content\/uploads\/2021\/07\/kilim-Berber-Moroccan-Rug-20x13.webp 20w, https:\/\/berberedesign.com\/wp-content\/uploads\/2021\/07\/kilim-Berber-Moroccan-Rug-64x43.webp 64w, https:\/\/berberedesign.com\/wp-content\/uploads\/2021\/07\/kilim-Berber-Moroccan-Rug-1080x721.webp 1080w, https:\/\/berberedesign.com\/wp-content\/uploads\/2021\/07\/kilim-Berber-Moroccan-Rug-980x654.webp 980w, https:\/\/berberedesign.com\/wp-content\/uploads\/2021\/07\/kilim-Berber-Moroccan-Rug-480x320.webp 480w, https:\/\/berberedesign.com\/wp-content\/uploads\/2021\/07\/kilim-Berber-Moroccan-Rug.webp 1280w\" sizes=\"(max-width: 1024px) 100vw, 1024px\"><\/p>\n<p>Lassen Sie sich von der Faszination des marokkanischen Berberteppichs verf\u00fchren und werten Sie Ihr Zuhause mit seiner zeitlosen Sch\u00f6nheit und kulturellen Bedeutung auf. Erleben Sie den Komfort und die Kunstfertigkeit dieses bemerkenswerten St\u00fccks, das einen Hauch von marokkanischem Berberteppich in Ihren Wohnbereich bringt.<\/p>\n<h3><strong>Zus\u00e4tzliche Informationen:\u00a0<\/strong><\/h3>\n<p>Produkttyp: Handgefertigter Teppich<\/p>\n<p>Material: Wolle<\/p>\n<p>Zusammensetzung: 100% Wolle<\/p>\n<p>Stil: Beni Ourain<\/p>\n<p>Farbe: Wei\u00df, Braun und Gr\u00fcn<\/p>\n<p>Gr\u00f6\u00dfe: 3,28 x 5,41 ft \/ 100\u00d7165 cm<\/p>\n<p>Hinweis: Da jeder Teppich von Hand gewebt wird, kann es zu leichten Abweichungen bei den Abmessungen und dem Gewicht kommen, was die Einzigartigkeit und den Charakter des Produkts noch verst\u00e4rkt.<\/p>\n<p>Wenn Sie ein bestimmtes Gewicht und Abmessungen f\u00fcr einen bestimmten marokkanischen Berber-Kilim-Teppich ben\u00f6tigen, geben Sie bitte die gew\u00fcnschte Gr\u00f6\u00dfe oder das Modell an, und ich werde Ihnen gerne weiterhelfen.<\/p>\n<p>&nbsp;<\/p>","protected":false},"excerpt":{"rendered":"<p>Werten Sie Ihre Einrichtung mit unserem marokkanischen Berber-Kilim-Teppich auf, einer atemberaubenden Mischung aus traditioneller Kunstfertigkeit und modernem Stil.<\/p>","protected":false},"featured_media":102528,"comment_status":"open","ping_status":"closed","template":"","meta":[],"product_brand":[],"product_cat":[234,195,232,190,319,236,318],"product_tag":[],"class_list":{"0":"post-99022","1":"product","2":"type-product","3":"status-publish","4":"has-post-thumbnail","6":"product_cat-best-sellers","7":"product_cat-kilim-rugs","8":"product_cat-new-arrivals","9":"product_cat-rugs","10":"product_cat-rugs-wool-handcrafted-benches","11":"product_cat-sale-items","12":"product_cat-wool","13":"product_shipping_class-free","14":"description-off","16":"first","17":"instock","18":"shipping-taxable","19":"purchasable","20":"product-type-simple"},"jetpack_sharing_enabled":true,"_links":{"self":[{"href":"https:\/\/berberedesign.com\/de\/wp-json\/wp\/v2\/product\/99022","targetHints":{"allow":["GET"]}}],"collection":[{"href":"https:\/\/berberedesign.com\/de\/wp-json\/wp\/v2\/product"}],"about":[{"href":"https:\/\/berberedesign.com\/de\/wp-json\/wp\/v2\/types\/product"}],"replies":[{"embeddable":true,"href":"https:\/\/berberedesign.com\/de\/wp-json\/wp\/v2\/comments?post=99022"}],"version-history":[{"count":1,"href":"https:\/\/berberedesign.com\/de\/wp-json\/wp\/v2\/product\/99022\/revisions"}],"predecessor-version":[{"id":105325,"href":"https:\/\/berberedesign.com\/de\/wp-json\/wp\/v2\/product\/99022\/revisions\/105325"}],"wp:featuredmedia":[{"embeddable":true,"href":"https:\/\/berberedesign.com\/de\/wp-json\/wp\/v2\/media\/102528"}],"wp:attachment":[{"href":"https:\/\/berberedesign.com\/de\/wp-json\/wp\/v2\/media?parent=99022"}],"wp:term":[{"taxonomy":"product_brand","embeddable":true,"href":"https:\/\/berberedesign.com\/de\/wp-json\/wp\/v2\/product_brand?post=99022"},{"taxonomy":"product_cat","embeddable":true,"href":"https:\/\/berberedesign.com\/de\/wp-json\/wp\/v2\/product_cat?post=99022"},{"taxonomy":"product_tag","embeddable":true,"href":"https:\/\/berberedesign.com\/de\/wp-json\/wp\/v2\/product_tag?post=99022"}],"curies":[{"name":"wp","href":"https:\/\/api.w.org\/{rel}","templated":true}]}}