{"id":93993,"date":"2021-07-15T09:39:57","date_gmt":"2021-07-15T09:39:57","guid":{"rendered":"https:\/\/divifurnitureshop.divifixer.com\/?post_type=product&#038;p=187"},"modified":"2026-03-28T03:48:26","modified_gmt":"2026-03-28T03:48:26","slug":"marokkanischer-kaktus-seidenkissen-orange-bezug","status":"publish","type":"product","link":"https:\/\/berberedesign.com\/de\/marokkanischer-kaktus-seidenkissen-orange-bezug\/","title":{"rendered":"Marokkanischer Kaktus Seidenkissen Orange Bezug"},"content":{"rendered":"<h1>Sie suchen nach einer M\u00f6glichkeit, Ihrem Wohnraum einen farblichen Akzent zu verleihen?<\/h1>\n<p>Betrachten Sie die <strong>Marokkanischer Kaktus Seidenkissen Orange Bezug<\/strong> das derzeit im Angebot ist. Hergestellt aus <strong>hochwertige Kaktusseide<\/strong>Dieser Kissenbezug zeichnet sich durch komplizierte Designs und Muster aus, die von traditionellen <strong>Marokkanisches Dekor<\/strong>. Der leuchtende Orangeton ist in jedem Raum ein echter Hingucker. Dieser Kissenbezug ist nicht nur stilvoll, sondern auch funktional und bequem und damit eine gro\u00dfartige Erg\u00e4nzung f\u00fcr jedes Sofa, jeden Stuhl oder jedes Bett. Zusammen mit dem <strong>Marokkanischer Kaktus Seidenkissen Orange Bezug<\/strong>Es gibt noch viele andere M\u00f6glichkeiten f\u00fcr marokkanische Kissen, die Ihr Heim versch\u00f6nern k\u00f6nnen.<\/p>\n<p><img fetchpriority=\"high\" decoding=\"async\" class=\"aligncenter wp-image-100780 size-large\" src=\"https:\/\/berberedesign.com\/wp-content\/uploads\/2021\/07\/background-1280_854-1-1024x683.jpg\" alt=\"Orange marokkanischen Kaktus Seide Kissenbezug amazon\" width=\"1024\" height=\"683\" title=\"\" srcset=\"https:\/\/berberedesign.com\/wp-content\/uploads\/2021\/07\/background-1280_854-1-1024x683.jpg 1024w, https:\/\/berberedesign.com\/wp-content\/uploads\/2021\/07\/background-1280_854-1-300x200.jpg 300w, https:\/\/berberedesign.com\/wp-content\/uploads\/2021\/07\/background-1280_854-1-768x512.jpg 768w, https:\/\/berberedesign.com\/wp-content\/uploads\/2021\/07\/background-1280_854-1-1536x1025.jpg 1536w, https:\/\/berberedesign.com\/wp-content\/uploads\/2021\/07\/background-1280_854-1-18x12.jpg 18w, https:\/\/berberedesign.com\/wp-content\/uploads\/2021\/07\/background-1280_854-1-1064x710.jpg 1064w, https:\/\/berberedesign.com\/wp-content\/uploads\/2021\/07\/background-1280_854-1-20x13.jpg 20w, https:\/\/berberedesign.com\/wp-content\/uploads\/2021\/07\/background-1280_854-1-64x43.jpg 64w, https:\/\/berberedesign.com\/wp-content\/uploads\/2021\/07\/background-1280_854-1-1080x721.jpg 1080w, https:\/\/berberedesign.com\/wp-content\/uploads\/2021\/07\/background-1280_854-1-1280x854.jpg 1280w, https:\/\/berberedesign.com\/wp-content\/uploads\/2021\/07\/background-1280_854-1-980x654.jpg 980w, https:\/\/berberedesign.com\/wp-content\/uploads\/2021\/07\/background-1280_854-1-480x320.jpg 480w, https:\/\/berberedesign.com\/wp-content\/uploads\/2021\/07\/background-1280_854-1.jpg 1920w\" sizes=\"(max-width: 1024px) 100vw, 1024px\"><\/p>\n<p>in einer Reihe von Farben und Gr\u00f6\u00dfen erh\u00e4ltlich, die jede Einrichtung erg\u00e4nzen. Die kleinere <strong>45 x 45cm<\/strong> Gr\u00f6\u00dfe ist ideal f\u00fcr Akzentbereiche, in denen Sie einen Farbakzent setzen m\u00f6chten. G\u00f6nnen Sie sich das luxuri\u00f6se Gef\u00fchl von Kaktusseide mit unserem Lendenkissen, das in einem auff\u00e4lligen Orangeton erh\u00e4ltlich ist. Profitieren Sie von unserem Ausverkauf des Kaktusseiden-Lumenkissens, oder holen Sie sich ein Duplikat des beliebten <strong>Marokkanischer Kaktus Seidenkissen Orange Bezug<\/strong>\u00a0heute.<\/p>\n<p>&nbsp;<\/p>","protected":false},"excerpt":{"rendered":"<p>Entdecken Sie die lebendige und exotische Ausstrahlung unseres Lendenkissens aus Kaktusseide. Diese atemberaubende Erg\u00e4nzung f\u00fcr Ihr Zuhause zeichnet sich durch einen auff\u00e4lligen orangefarbenen Kissenbezug aus marokkanischer Kaktusseide aus, der derzeit im Angebot ist. Lassen Sie sich die Gelegenheit nicht entgehen, dieses einzigartige und sch\u00f6ne St\u00fcck in Ihre Sammlung aufzunehmen.<\/p>","protected":false},"featured_media":100783,"comment_status":"open","ping_status":"closed","template":"","meta":[],"product_brand":[],"product_cat":[234,198,197,199,232,196,200,236,201],"product_tag":[138,136,135,137],"class_list":{"0":"post-93993","1":"product","2":"type-product","3":"status-publish","4":"has-post-thumbnail","6":"product_cat-best-sellers","7":"product_cat-embroidered-cushions","8":"product_cat-handwoven-berber-pillows","9":"product_cat-kilim-pillow-covers","10":"product_cat-new-arrivals","11":"product_cat-pillows-and-cushions","12":"product_cat-pom-pom-cushions","13":"product_cat-sale-items","14":"product_cat-vintage-berber-pillows","15":"product_tag-moroccan-cactus-silk","16":"product_tag-moroccan-cactus-silk-pillow-orange-cover","17":"product_tag-moroccan-cushions","18":"product_tag-range-pillow-cover","19":"product_shipping_class-free","20":"description-off","22":"first","23":"instock","24":"shipping-taxable","25":"purchasable","26":"product-type-simple"},"jetpack_sharing_enabled":true,"_links":{"self":[{"href":"https:\/\/berberedesign.com\/de\/wp-json\/wp\/v2\/product\/93993","targetHints":{"allow":["GET"]}}],"collection":[{"href":"https:\/\/berberedesign.com\/de\/wp-json\/wp\/v2\/product"}],"about":[{"href":"https:\/\/berberedesign.com\/de\/wp-json\/wp\/v2\/types\/product"}],"replies":[{"embeddable":true,"href":"https:\/\/berberedesign.com\/de\/wp-json\/wp\/v2\/comments?post=93993"}],"version-history":[{"count":0,"href":"https:\/\/berberedesign.com\/de\/wp-json\/wp\/v2\/product\/93993\/revisions"}],"wp:featuredmedia":[{"embeddable":true,"href":"https:\/\/berberedesign.com\/de\/wp-json\/wp\/v2\/media\/100783"}],"wp:attachment":[{"href":"https:\/\/berberedesign.com\/de\/wp-json\/wp\/v2\/media?parent=93993"}],"wp:term":[{"taxonomy":"product_brand","embeddable":true,"href":"https:\/\/berberedesign.com\/de\/wp-json\/wp\/v2\/product_brand?post=93993"},{"taxonomy":"product_cat","embeddable":true,"href":"https:\/\/berberedesign.com\/de\/wp-json\/wp\/v2\/product_cat?post=93993"},{"taxonomy":"product_tag","embeddable":true,"href":"https:\/\/berberedesign.com\/de\/wp-json\/wp\/v2\/product_tag?post=93993"}],"curies":[{"name":"wp","href":"https:\/\/api.w.org\/{rel}","templated":true}]}}