{"id":105622,"date":"2025-01-23T20:28:13","date_gmt":"2025-01-23T20:28:13","guid":{"rendered":"https:\/\/berberedesign.com\/vivid-yellow-and-turquoise-handwoven-armchair\/"},"modified":"2025-02-04T20:12:10","modified_gmt":"2025-02-04T20:12:10","slug":"handgewebter-sessel-in-leuchtendem-gelb-und-turkis","status":"publish","type":"product","link":"https:\/\/berberedesign.com\/de\/handgewebter-sessel-in-leuchtendem-gelb-und-turkis\/","title":{"rendered":"Handgewebter Sessel in lebhaftem Gelb und T\u00fcrkis"},"content":{"rendered":"<div data-elementor-type=\"product-post\" data-elementor-id=\"105622\" class=\"elementor elementor-105622\" data-elementor-post-type=\"product\">\n\t\t\t\t<div class=\"elementor-element elementor-element-7065c929 e-flex e-con-boxed e-con e-parent\" data-id=\"7065c929\" data-element_type=\"container\">\n\t\t\t\t\t<div class=\"e-con-inner\">\n\t\t\t\t<div class=\"elementor-element elementor-element-73474eab elementor-widget elementor-widget-text-editor\" data-id=\"73474eab\" data-element_type=\"widget\" data-widget_type=\"text-editor.default\">\n\t\t\t\t<div class=\"elementor-widget-container\">\n\t\t\t\t\t\t\t\t\t<div>\n<h1>Handgewebter Sessel in lebhaftem Gelb und T\u00fcrkis<\/h1>\n<\/div>\n&nbsp;\n\n<iframe title=\"YouTube-Video-Player\" src=\"https:\/\/www.youtube.com\/embed\/wb1S79lXnQo?si=jP4U2bp3tGLdqGfo\" width=\"560\" height=\"315\" frameborder=\"0\" allowfullscreen=\"allowfullscreen\"><\/iframe>\n<div>\n\nBringen Sie Farbe und Eleganz in Ihr Interieur mit diesem atemberaubenden handgewebten Sessel. Mit einer lebendigen Kombination aus gelben und t\u00fcrkisfarbenen T\u00f6nen wird die strukturierte Polsterung mit traditionellen Webtechniken hergestellt und bietet eine harmonische Mischung aus kultureller Kunstfertigkeit und zeitgen\u00f6ssischem Stil. Der massive Holzrahmen des Sessels bietet au\u00dfergew\u00f6hnliche Haltbarkeit und ergonomischen Komfort, so dass er sowohl als funktionales als auch als dekoratives M\u00f6belst\u00fcck dient. Die geschwungenen Armlehnen und die pl\u00fcschige Sitzfl\u00e4che verst\u00e4rken das gem\u00fctliche und luxuri\u00f6se Gef\u00fchl und machen ihn ideal f\u00fcr entspannende Momente oder als auff\u00e4lliges Herzst\u00fcck Ihres Wohnraums.\n\nOb im Wohnzimmer, im Schlafzimmer oder im Arbeitszimmer, dieser einzigartige Sessel unterstreicht m\u00fchelos das Ambiente und bringt W\u00e4rme und Individualit\u00e4t in Ihre Einrichtung. Zelebrieren Sie die zeitlose Sch\u00f6nheit handgewebter Handwerkskunst mit diesem au\u00dfergew\u00f6hnlichen St\u00fcck.\n\n<\/div>\t\t\t\t\t\t\t\t<\/div>\n\t\t\t\t<\/div>\n\t\t\t\t\t<\/div>\n\t\t\t\t<\/div>\n\t\t\t\t<\/div>","protected":false},"excerpt":{"rendered":"<p>Eine lebendige Mischung aus kr\u00e4ftigen Gelb- und T\u00fcrkist\u00f6nen mit einzigartigen, handgewebten Polstern, die auf einem stabilen Holzrahmen einen Hauch von handwerklichem Charme und modernem Komfort ausstrahlen.<\/p>","protected":false},"featured_media":105623,"comment_status":"open","ping_status":"closed","template":"","meta":[],"product_brand":[],"product_cat":[15,351],"product_tag":[],"class_list":{"0":"post-105622","1":"product","2":"type-product","3":"status-publish","4":"has-post-thumbnail","6":"product_cat-uncategorized","7":"product_cat-chair","9":"first","10":"instock","11":"sale","12":"shipping-taxable","13":"purchasable","14":"product-type-simple"},"jetpack_sharing_enabled":true,"_links":{"self":[{"href":"https:\/\/berberedesign.com\/de\/wp-json\/wp\/v2\/product\/105622","targetHints":{"allow":["GET"]}}],"collection":[{"href":"https:\/\/berberedesign.com\/de\/wp-json\/wp\/v2\/product"}],"about":[{"href":"https:\/\/berberedesign.com\/de\/wp-json\/wp\/v2\/types\/product"}],"replies":[{"embeddable":true,"href":"https:\/\/berberedesign.com\/de\/wp-json\/wp\/v2\/comments?post=105622"}],"version-history":[{"count":9,"href":"https:\/\/berberedesign.com\/de\/wp-json\/wp\/v2\/product\/105622\/revisions"}],"predecessor-version":[{"id":106199,"href":"https:\/\/berberedesign.com\/de\/wp-json\/wp\/v2\/product\/105622\/revisions\/106199"}],"wp:featuredmedia":[{"embeddable":true,"href":"https:\/\/berberedesign.com\/de\/wp-json\/wp\/v2\/media\/105623"}],"wp:attachment":[{"href":"https:\/\/berberedesign.com\/de\/wp-json\/wp\/v2\/media?parent=105622"}],"wp:term":[{"taxonomy":"product_brand","embeddable":true,"href":"https:\/\/berberedesign.com\/de\/wp-json\/wp\/v2\/product_brand?post=105622"},{"taxonomy":"product_cat","embeddable":true,"href":"https:\/\/berberedesign.com\/de\/wp-json\/wp\/v2\/product_cat?post=105622"},{"taxonomy":"product_tag","embeddable":true,"href":"https:\/\/berberedesign.com\/de\/wp-json\/wp\/v2\/product_tag?post=105622"}],"curies":[{"name":"wp","href":"https:\/\/api.w.org\/{rel}","templated":true}]}}