{"id":105612,"date":"2025-01-23T20:28:09","date_gmt":"2025-01-23T20:28:09","guid":{"rendered":"https:\/\/berberedesign.com\/orange-and-black-checkerboard-handmade-armchair\/"},"modified":"2025-03-19T11:58:30","modified_gmt":"2025-03-19T11:58:30","slug":"handgefertigter-sessel-im-schachbrettmuster-in-orange-und-schwarz","status":"publish","type":"product","link":"https:\/\/berberedesign.com\/de\/handgefertigter-sessel-im-schachbrettmuster-in-orange-und-schwarz\/","title":{"rendered":"Handgefertigter Sessel in Orange und Schwarz mit Schachbrettmuster"},"content":{"rendered":"<div data-elementor-type=\"product-post\" data-elementor-id=\"105612\" class=\"elementor elementor-105612\" data-elementor-post-type=\"product\">\n\t\t\t\t<div class=\"elementor-element elementor-element-67bb7f93 e-flex e-con-boxed e-con e-parent\" data-id=\"67bb7f93\" data-element_type=\"container\">\n\t\t\t\t\t<div class=\"e-con-inner\">\n\t\t\t\t<div class=\"elementor-element elementor-element-11df5bfa elementor-widget elementor-widget-text-editor\" data-id=\"11df5bfa\" data-element_type=\"widget\" data-widget_type=\"text-editor.default\">\n\t\t\t\t<div class=\"elementor-widget-container\">\n\t\t\t\t\t\t\t\t\t<div>\n<h1>Handgefertigter Sessel in Orange und Schwarz mit Schachbrettmuster<\/h1>\n<iframe title=\"YouTube-Video-Player\" src=\"https:\/\/www.youtube.com\/embed\/8vRBCzEH98o?si=aWAn_LJKCk-7TgmL\" width=\"560\" height=\"315\" frameborder=\"0\" allowfullscreen=\"allowfullscreen\"><\/iframe>\n\nEntdecken Sie die perfekte Kombination aus k\u00fchnem Design, traditioneller Handwerkskunst und Komfort mit diesem handgefertigten Sessel in Orange und Schwarz mit Schachbrettmuster. Das auff\u00e4llige Schachbrettmuster in leuchtendem Orange und tiefem Schwarz wird von erfahrenen Berberhandwerkern aus hochwertiger marokkanischer Wolle handgewebt. Diese aufwendige Polsterung ist nicht nur ein Ausdruck authentischer Kunstfertigkeit, sondern verleiht jedem Raum einen Hauch von Raffinesse und W\u00e4rme.\n\nDer robuste Holzrahmen des Stuhls ist sorgf\u00e4ltig handgefertigt und bietet sowohl Haltbarkeit als auch ergonomische Unterst\u00fctzung. Seine glatte, nat\u00fcrliche Oberfl\u00e4che erg\u00e4nzt die auff\u00e4llige Polsterung und macht ihn zu einem einzigartigen Mittelpunkt in Ihrem Zuhause. Egal, ob Sie ihn in Ihrem Wohn-, Schlaf- oder Arbeitszimmer platzieren, dieser Stuhl bietet sowohl optischen Reiz als auch unvergleichlichen Komfort.\n\nJeder Sessel ist ein Unikat, ein Ergebnis sorgf\u00e4ltiger Handarbeit, die marokkanische Traditionen ehrt und gleichzeitig dem modernen Geschmack gerecht wird. Er eignet sich perfekt f\u00fcr gem\u00fctliche Ecken, Leseecken oder als Blickfang in einem gr\u00f6\u00dferen Raum und verleiht jedem Interieur einen zeitlosen Charme.\n\nGenie\u00dfen Sie die Einzigartigkeit handgefertigter M\u00f6bel mit diesem orange-schwarzen Checkerboard-Sessel. Er ist nicht nur eine funktionale Sitzgelegenheit, sondern auch ein Kunstwerk, das eine Geschichte von Tradition, Handwerkskunst und Stil erz\u00e4hlt.\n\n<\/div>\t\t\t\t\t\t\t\t<\/div>\n\t\t\t\t<\/div>\n\t\t\t\t\t<\/div>\n\t\t\t\t<\/div>\n\t\t\t\t<\/div>","protected":false},"excerpt":{"rendered":"<p>Dieser k\u00fchne Sessel mit seinem leuchtend orange-schwarzen, handgewebten Bezug und dem robusten Holzgestell ist eine perfekte Mischung aus Kunst und Komfort.<\/p>","protected":false},"featured_media":105613,"comment_status":"open","ping_status":"closed","template":"","meta":[],"product_brand":[],"product_cat":[15,351],"product_tag":[],"class_list":{"0":"post-105612","1":"product","2":"type-product","3":"status-publish","4":"has-post-thumbnail","6":"product_cat-uncategorized","7":"product_cat-chair","9":"first","10":"instock","11":"sale","12":"shipping-taxable","13":"purchasable","14":"product-type-simple"},"jetpack_sharing_enabled":true,"_links":{"self":[{"href":"https:\/\/berberedesign.com\/de\/wp-json\/wp\/v2\/product\/105612","targetHints":{"allow":["GET"]}}],"collection":[{"href":"https:\/\/berberedesign.com\/de\/wp-json\/wp\/v2\/product"}],"about":[{"href":"https:\/\/berberedesign.com\/de\/wp-json\/wp\/v2\/types\/product"}],"replies":[{"embeddable":true,"href":"https:\/\/berberedesign.com\/de\/wp-json\/wp\/v2\/comments?post=105612"}],"version-history":[{"count":4,"href":"https:\/\/berberedesign.com\/de\/wp-json\/wp\/v2\/product\/105612\/revisions"}],"predecessor-version":[{"id":106193,"href":"https:\/\/berberedesign.com\/de\/wp-json\/wp\/v2\/product\/105612\/revisions\/106193"}],"wp:featuredmedia":[{"embeddable":true,"href":"https:\/\/berberedesign.com\/de\/wp-json\/wp\/v2\/media\/105613"}],"wp:attachment":[{"href":"https:\/\/berberedesign.com\/de\/wp-json\/wp\/v2\/media?parent=105612"}],"wp:term":[{"taxonomy":"product_brand","embeddable":true,"href":"https:\/\/berberedesign.com\/de\/wp-json\/wp\/v2\/product_brand?post=105612"},{"taxonomy":"product_cat","embeddable":true,"href":"https:\/\/berberedesign.com\/de\/wp-json\/wp\/v2\/product_cat?post=105612"},{"taxonomy":"product_tag","embeddable":true,"href":"https:\/\/berberedesign.com\/de\/wp-json\/wp\/v2\/product_tag?post=105612"}],"curies":[{"name":"wp","href":"https:\/\/api.w.org\/{rel}","templated":true}]}}