{"id":105582,"date":"2025-01-23T20:28:01","date_gmt":"2025-01-23T20:28:01","guid":{"rendered":"https:\/\/berberedesign.com\/handcrafted-moroccan-boucle-armchair-with-chevron-design-and-yellow-accents\/"},"modified":"2025-02-22T17:24:20","modified_gmt":"2025-02-22T17:24:20","slug":"handgefertigter-marokkanischer-boucle-sessel-mit-chevron-muster-und-gelben-akzenten","status":"publish","type":"product","link":"https:\/\/berberedesign.com\/de\/handgefertigter-marokkanischer-boucle-sessel-mit-chevron-muster-und-gelben-akzenten\/","title":{"rendered":"Handgefertigter marokkanischer Boucl\u00e9-Sessel mit Chevron-Design und gelben Akzenten"},"content":{"rendered":"<div data-elementor-type=\"product-post\" data-elementor-id=\"105582\" class=\"elementor elementor-105582\" data-elementor-post-type=\"product\">\n\t\t\t\t<div class=\"elementor-element elementor-element-7f2faf77 e-flex e-con-boxed e-con e-parent\" data-id=\"7f2faf77\" data-element_type=\"container\">\n\t\t\t\t\t<div class=\"e-con-inner\">\n\t\t\t\t<div class=\"elementor-element elementor-element-abbf51b elementor-widget elementor-widget-text-editor\" data-id=\"abbf51b\" data-element_type=\"widget\" data-widget_type=\"text-editor.default\">\n\t\t\t\t<div class=\"elementor-widget-container\">\n\t\t\t\t\t\t\t\t\t<div>\n\nVerwandeln Sie Ihren Lebensraum mit diesem exquisiten <strong>handgefertigter marokkanischer Boucl\u00e9-Sessel<\/strong>ein Meisterwerk traditioneller Handwerkskunst und moderner \u00c4sthetik. Der Sessel hat folgende Eigenschaften:\n<ul>\n \t<li>Auff\u00e4lliges Chevron-Muster in schwarzem und wei\u00dfem Boucle-Stoff.<\/li>\n \t<li>Leuchtend gelbe, strukturierte Akzente sorgen f\u00fcr zus\u00e4tzliche W\u00e4rme und optische Attraktivit\u00e4t.<\/li>\n \t<li>Stabile, handgeschnitzte runde Armlehnen aus Holz sorgen f\u00fcr ein einzigartiges architektonisches Flair.<\/li>\n<\/ul>\n<iframe title=\"YouTube-Video-Player\" src=\"https:\/\/www.youtube.com\/embed\/ZKlDh5r98KE?si=GnMkC63b8Z7aDjXP\" width=\"560\" height=\"315\" frameborder=\"0\" allowfullscreen=\"allowfullscreen\"><\/iframe>\n\nDieser Sessel ist sowohl bequem als auch stilvoll und damit die ideale Wahl f\u00fcr jedes Wohn-, Schlaf- oder Arbeitszimmer. Ob als Einzelst\u00fcck oder integriert in Ihr bestehendes Dekor, er bringt einen Hauch von marokkanischem Erbe und lebendiger Energie in Ihr Zuhause.\n\n<\/div>\t\t\t\t\t\t\t\t<\/div>\n\t\t\t\t<\/div>\n\t\t\t\t\t<\/div>\n\t\t\t\t<\/div>\n\t\t\t\t<\/div>","protected":false},"excerpt":{"rendered":"<p>Mit diesem handgefertigten marokkanischen Boucl\u00e9-Sessel setzen Sie einen k\u00fchnen und gem\u00fctlichen Akzent in Ihrem Zuhause. Das auff\u00e4llige Chevron-Muster in Schwarz und Wei\u00df wird durch leuchtend gelbe Akzente und einen Massivholzrahmen erg\u00e4nzt.<\/p>","protected":false},"featured_media":105583,"comment_status":"open","ping_status":"closed","template":"","meta":[],"product_brand":[],"product_cat":[15,351],"product_tag":[],"class_list":{"0":"post-105582","1":"product","2":"type-product","3":"status-publish","4":"has-post-thumbnail","6":"product_cat-uncategorized","7":"product_cat-chair","9":"first","10":"instock","11":"sale","12":"shipping-taxable","13":"purchasable","14":"product-type-simple"},"jetpack_sharing_enabled":true,"_links":{"self":[{"href":"https:\/\/berberedesign.com\/de\/wp-json\/wp\/v2\/product\/105582","targetHints":{"allow":["GET"]}}],"collection":[{"href":"https:\/\/berberedesign.com\/de\/wp-json\/wp\/v2\/product"}],"about":[{"href":"https:\/\/berberedesign.com\/de\/wp-json\/wp\/v2\/types\/product"}],"replies":[{"embeddable":true,"href":"https:\/\/berberedesign.com\/de\/wp-json\/wp\/v2\/comments?post=105582"}],"version-history":[{"count":4,"href":"https:\/\/berberedesign.com\/de\/wp-json\/wp\/v2\/product\/105582\/revisions"}],"predecessor-version":[{"id":106134,"href":"https:\/\/berberedesign.com\/de\/wp-json\/wp\/v2\/product\/105582\/revisions\/106134"}],"wp:featuredmedia":[{"embeddable":true,"href":"https:\/\/berberedesign.com\/de\/wp-json\/wp\/v2\/media\/105583"}],"wp:attachment":[{"href":"https:\/\/berberedesign.com\/de\/wp-json\/wp\/v2\/media?parent=105582"}],"wp:term":[{"taxonomy":"product_brand","embeddable":true,"href":"https:\/\/berberedesign.com\/de\/wp-json\/wp\/v2\/product_brand?post=105582"},{"taxonomy":"product_cat","embeddable":true,"href":"https:\/\/berberedesign.com\/de\/wp-json\/wp\/v2\/product_cat?post=105582"},{"taxonomy":"product_tag","embeddable":true,"href":"https:\/\/berberedesign.com\/de\/wp-json\/wp\/v2\/product_tag?post=105582"}],"curies":[{"name":"wp","href":"https:\/\/api.w.org\/{rel}","templated":true}]}}