{"id":105572,"date":"2025-01-23T20:27:57","date_gmt":"2025-01-23T20:27:57","guid":{"rendered":"https:\/\/berberedesign.com\/handcrafted-wool-berber-chair-with-orange-accents\/"},"modified":"2025-02-22T17:24:20","modified_gmt":"2025-02-22T17:24:20","slug":"handgefertigter-berberstuhl-aus-wolle-mit-orangefarbenen-akzenten","status":"publish","type":"product","link":"https:\/\/berberedesign.com\/de\/handgefertigter-berberstuhl-aus-wolle-mit-orangefarbenen-akzenten\/","title":{"rendered":"Handgefertigter Berberstuhl aus Wolle mit orangefarbenen Akzenten"},"content":{"rendered":"<div data-elementor-type=\"product-post\" data-elementor-id=\"105572\" class=\"elementor elementor-105572\" data-elementor-post-type=\"product\">\n\t\t\t\t<div class=\"elementor-element elementor-element-54e98484 e-flex e-con-boxed e-con e-parent\" data-id=\"54e98484\" data-element_type=\"container\">\n\t\t\t\t\t<div class=\"e-con-inner\">\n\t\t\t\t<div class=\"elementor-element elementor-element-17ef3114 elementor-widget elementor-widget-text-editor\" data-id=\"17ef3114\" data-element_type=\"widget\" data-widget_type=\"text-editor.default\">\n\t\t\t\t<div class=\"elementor-widget-container\">\n\t\t\t\t\t\t\t\t\t<div>\n<h2>Handgefertigter Berberstuhl aus Wolle mit orangefarbenen Akzenten<\/h2>\n<\/div>\n<iframe title=\"YouTube-Video-Player\" src=\"https:\/\/www.youtube.com\/embed\/ZUztyg22rxc?si=NbdjbkJtZ_a_aDoF\" width=\"560\" height=\"315\" frameborder=\"0\" allowfullscreen=\"allowfullscreen\"><\/iframe>\n<div>\n\nBringen Sie einen Hauch von marokkanischer Handwerkskunst in Ihr Zuhause mit diesem exquisiten handgefertigten Berberstuhl aus Wolle. Das Design zeigt eine sch\u00f6ne Mischung aus nat\u00fcrlicher Wolle mit warmen orangefarbenen Akzenten, die ein St\u00fcck schaffen, das sowohl stilvoll als auch gem\u00fctlich ist. Der kreisf\u00f6rmige Holzrahmen verleiht ihm ein einzigartiges architektonisches Element und macht ihn zu einem echten Hingucker in jedem Raum.\n<ul>\n \t<li>Handgewebte Wollpolsterung f\u00fcr ultimativen Komfort und Haltbarkeit.<\/li>\n \t<li>Einzigartige orangefarbene Akzente f\u00fcr einen lebendigen Hauch von marokkanischem Design.<\/li>\n \t<li>Robuster Holzrahmen mit kreisf\u00f6rmigem Design f\u00fcr einen modernen und k\u00fcnstlerischen Look.<\/li>\n<\/ul>\nDieser Stuhl ist mehr als nur eine Sitzgelegenheit - er ist ein Kunstwerk, das eine Geschichte von Tradition und Qualit\u00e4t erz\u00e4hlt. Perfekt f\u00fcr Wohnzimmer, Leseecken oder als Akzent im Schlafzimmer.\n\n&nbsp;\n\n<\/div>\t\t\t\t\t\t\t\t<\/div>\n\t\t\t\t<\/div>\n\t\t\t\t\t<\/div>\n\t\t\t\t<\/div>\n\t\t\t\t<\/div>","protected":false},"excerpt":{"rendered":"<p>Ein atemberaubender handgefertigter Berberstuhl aus Wolle mit warmen orangefarbenen Akzenten und einem markanten runden Holzrahmen. Perfekt, um jedem Raum marokkanischen Charme zu verleihen.<\/p>","protected":false},"featured_media":105573,"comment_status":"open","ping_status":"closed","template":"","meta":[],"product_brand":[],"product_cat":[15,351],"product_tag":[],"class_list":{"0":"post-105572","1":"product","2":"type-product","3":"status-publish","4":"has-post-thumbnail","6":"product_cat-uncategorized","7":"product_cat-chair","9":"first","10":"instock","11":"sale","12":"shipping-taxable","13":"purchasable","14":"product-type-simple"},"jetpack_sharing_enabled":true,"_links":{"self":[{"href":"https:\/\/berberedesign.com\/de\/wp-json\/wp\/v2\/product\/105572","targetHints":{"allow":["GET"]}}],"collection":[{"href":"https:\/\/berberedesign.com\/de\/wp-json\/wp\/v2\/product"}],"about":[{"href":"https:\/\/berberedesign.com\/de\/wp-json\/wp\/v2\/types\/product"}],"replies":[{"embeddable":true,"href":"https:\/\/berberedesign.com\/de\/wp-json\/wp\/v2\/comments?post=105572"}],"version-history":[{"count":4,"href":"https:\/\/berberedesign.com\/de\/wp-json\/wp\/v2\/product\/105572\/revisions"}],"predecessor-version":[{"id":106138,"href":"https:\/\/berberedesign.com\/de\/wp-json\/wp\/v2\/product\/105572\/revisions\/106138"}],"wp:featuredmedia":[{"embeddable":true,"href":"https:\/\/berberedesign.com\/de\/wp-json\/wp\/v2\/media\/105573"}],"wp:attachment":[{"href":"https:\/\/berberedesign.com\/de\/wp-json\/wp\/v2\/media?parent=105572"}],"wp:term":[{"taxonomy":"product_brand","embeddable":true,"href":"https:\/\/berberedesign.com\/de\/wp-json\/wp\/v2\/product_brand?post=105572"},{"taxonomy":"product_cat","embeddable":true,"href":"https:\/\/berberedesign.com\/de\/wp-json\/wp\/v2\/product_cat?post=105572"},{"taxonomy":"product_tag","embeddable":true,"href":"https:\/\/berberedesign.com\/de\/wp-json\/wp\/v2\/product_tag?post=105572"}],"curies":[{"name":"wp","href":"https:\/\/api.w.org\/{rel}","templated":true}]}}