{"id":105564,"date":"2025-01-23T20:27:54","date_gmt":"2025-01-23T20:27:54","guid":{"rendered":"https:\/\/berberedesign.com\/handcrafted-moroccan-wool-accent-chair-in-earthy-orange-tones\/"},"modified":"2025-02-04T19:57:01","modified_gmt":"2025-02-04T19:57:01","slug":"handgefertigter-akzentstuhl-aus-marokkanischer-wolle-in-erdigen-orangetonen","status":"publish","type":"product","link":"https:\/\/berberedesign.com\/de\/handgefertigter-akzentstuhl-aus-marokkanischer-wolle-in-erdigen-orangetonen\/","title":{"rendered":"Handgefertigter Akzentstuhl aus marokkanischer Wolle in erdigen Orange-T\u00f6nen"},"content":{"rendered":"<div data-elementor-type=\"product-post\" data-elementor-id=\"105564\" class=\"elementor elementor-105564\" data-elementor-post-type=\"product\">\n\t\t\t\t<div class=\"elementor-element elementor-element-5c1fb922 e-flex e-con-boxed e-con e-parent\" data-id=\"5c1fb922\" data-element_type=\"container\">\n\t\t\t\t\t<div class=\"e-con-inner\">\n\t\t\t\t<div class=\"elementor-element elementor-element-bd80eba elementor-widget elementor-widget-text-editor\" data-id=\"bd80eba\" data-element_type=\"widget\" data-widget_type=\"text-editor.default\">\n\t\t\t\t<div class=\"elementor-widget-container\">\n\t\t\t\t\t\t\t\t\t<div style=\"text-align: center;\"><\/div>\nHolen Sie sich mit diesem einzigartigen Wollstuhl ein St\u00fcck marokkanische Handwerkskunst in Ihr Zuhause. Der sorgf\u00e4ltig gestaltete Stuhl mit seinem leuchtenden Orangeton und den subtilen gr\u00fcnen Diagonaldetails verk\u00f6rpert W\u00e4rme und handwerkliche Sch\u00f6nheit. Der Pl\u00fcschbezug aus Wolle ist nicht nur ein optischer Leckerbissen, sondern bietet auch au\u00dfergew\u00f6hnlichen Komfort. Der robuste, runde Holzrahmen verleiht ihm einen modernen und doch rustikalen Touch und sorgt f\u00fcr Langlebigkeit und zeitlose Eleganz.\n\n<iframe width=\"560\" height=\"315\" src=\"https:\/\/www.youtube.com\/embed\/svR8YBWxWYw?si=XeJiH-S-uWIocrOl\" title=\"YouTube-Video-Player\" frameborder=\"0\" allow=\"accelerometer; autoplay; clipboard-write; encrypted-media; gyroscope; picture-in-picture; web-share\" referrerpolicy=\"strict-origin-when-cross-origin\" allowfullscreen><\/iframe>&nbsp;\n\n&nbsp;\n\nOb im Wohnzimmer, in der Leseecke oder im Schlafzimmer - dieser Akzentstuhl ist ein Blickfang, der Stil, Tradition und Funktionalit\u00e4t miteinander verbindet. Jeder Stuhl wird von erfahrenen Kunsthandwerkern gefertigt und ist eine einzigartige Erg\u00e4nzung Ihrer Inneneinrichtung.\n\nErleben Sie die perfekte Balance zwischen Tradition und Moderne mit diesem luxuri\u00f6sen Stuhl aus marokkanischer Wolle!\t\t\t\t\t\t\t\t<\/div>\n\t\t\t\t<\/div>\n\t\t\t\t\t<\/div>\n\t\t\t\t<\/div>\n\t\t\t\t<\/div>","protected":false},"excerpt":{"rendered":"<p>Dieser handgefertigte marokkanische Akzentstuhl mit seinem weichen, flauschigen orangefarbenen Wollmuster und dem stabilen runden Holzrahmen wertet Ihren Raum auf. Perfekt, um W\u00e4rme und handwerklichen Charme in Ihr Zuhause zu bringen.<\/p>","protected":false},"featured_media":105565,"comment_status":"open","ping_status":"closed","template":"","meta":[],"product_brand":[],"product_cat":[15,351],"product_tag":[],"class_list":{"0":"post-105564","1":"product","2":"type-product","3":"status-publish","4":"has-post-thumbnail","6":"product_cat-uncategorized","7":"product_cat-chair","9":"first","10":"instock","11":"sale","12":"shipping-taxable","13":"purchasable","14":"product-type-simple"},"jetpack_sharing_enabled":true,"_links":{"self":[{"href":"https:\/\/berberedesign.com\/de\/wp-json\/wp\/v2\/product\/105564","targetHints":{"allow":["GET"]}}],"collection":[{"href":"https:\/\/berberedesign.com\/de\/wp-json\/wp\/v2\/product"}],"about":[{"href":"https:\/\/berberedesign.com\/de\/wp-json\/wp\/v2\/types\/product"}],"replies":[{"embeddable":true,"href":"https:\/\/berberedesign.com\/de\/wp-json\/wp\/v2\/comments?post=105564"}],"version-history":[{"count":4,"href":"https:\/\/berberedesign.com\/de\/wp-json\/wp\/v2\/product\/105564\/revisions"}],"predecessor-version":[{"id":106141,"href":"https:\/\/berberedesign.com\/de\/wp-json\/wp\/v2\/product\/105564\/revisions\/106141"}],"wp:featuredmedia":[{"embeddable":true,"href":"https:\/\/berberedesign.com\/de\/wp-json\/wp\/v2\/media\/105565"}],"wp:attachment":[{"href":"https:\/\/berberedesign.com\/de\/wp-json\/wp\/v2\/media?parent=105564"}],"wp:term":[{"taxonomy":"product_brand","embeddable":true,"href":"https:\/\/berberedesign.com\/de\/wp-json\/wp\/v2\/product_brand?post=105564"},{"taxonomy":"product_cat","embeddable":true,"href":"https:\/\/berberedesign.com\/de\/wp-json\/wp\/v2\/product_cat?post=105564"},{"taxonomy":"product_tag","embeddable":true,"href":"https:\/\/berberedesign.com\/de\/wp-json\/wp\/v2\/product_tag?post=105564"}],"curies":[{"name":"wp","href":"https:\/\/api.w.org\/{rel}","templated":true}]}}