{"id":105555,"date":"2025-01-23T20:27:52","date_gmt":"2025-01-23T20:27:52","guid":{"rendered":"https:\/\/berberedesign.com\/handcrafted-patchwork-berber-armchair-vibrant-multicolor-design\/"},"modified":"2025-02-04T20:10:02","modified_gmt":"2025-02-04T20:10:02","slug":"handgefertigter-patchwork-berber-sessel-lebhaftes-multicolor-design","status":"publish","type":"product","link":"https:\/\/berberedesign.com\/de\/handgefertigter-patchwork-berber-sessel-lebhaftes-multicolor-design\/","title":{"rendered":"Handgefertigter Patchwork Berber Sessel - Lebendiges Multicolor Design"},"content":{"rendered":"<div data-elementor-type=\"product-post\" data-elementor-id=\"105555\" class=\"elementor elementor-105555\" data-elementor-post-type=\"product\">\n\t\t\t\t<div class=\"elementor-element elementor-element-1a9d4861 e-flex e-con-boxed e-con e-parent\" data-id=\"1a9d4861\" data-element_type=\"container\">\n\t\t\t\t\t<div class=\"e-con-inner\">\n\t\t\t\t<div class=\"elementor-element elementor-element-33c48e9a elementor-widget elementor-widget-text-editor\" data-id=\"33c48e9a\" data-element_type=\"widget\" data-widget_type=\"text-editor.default\">\n\t\t\t\t<div class=\"elementor-widget-container\">\n\t\t\t\t\t\t\t\t\t<div>\n<h2>Handgefertigter Patchwork-Berber-Sessel<\/h2>\nDieser atemberaubende Sessel bringt eine Explosion von Farbe und Authentizit\u00e4t in Ihr Zuhause. Das von erfahrenen Berberhandwerkern handgefertigte, lebendige Patchwork-Design spiegelt das reiche Erbe und die Kreativit\u00e4t der marokkanischen Handwerkskunst wider. Jeder Stofffleck ist mit kr\u00e4ftigen und lebendigen Farben kunstvoll gewebt und macht diesen Sessel zu einem einzigartigen Meisterwerk, das jeden Raum erhellt.\n\nDer elegant geschwungene Holzrahmen bietet nicht nur eine hervorragende Haltbarkeit, sondern verleiht ihm auch einen Hauch von moderner Raffinesse. Sein ergonomisches Design sorgt f\u00fcr maximalen Komfort und macht ihn zur perfekten Erg\u00e4nzung f\u00fcr Ihr Wohnzimmer, Schlafzimmer oder Ihre Leseecke.\n\n<\/div>\n<iframe title=\"YouTube-Video-Player\" src=\"https:\/\/www.youtube.com\/embed\/V6Qlm91IttA?si=ofbNTxa3lc_c0E8u\" width=\"560\" height=\"315\" frameborder=\"0\" allowfullscreen=\"allowfullscreen\"><\/iframe>\n<div>\n\n<strong>Wesentliche Merkmale:<\/strong>\n<ul>\n \t<li>Authentisches marokkanisches Berberhandwerk<\/li>\n \t<li>Einzigartiger mehrfarbiger Patchwork-Stoff<\/li>\n \t<li>Langlebiger und stilvoller gebogener Holzrahmen<\/li>\n \t<li>Perfekt, um sowohl moderne als auch traditionelle Innenr\u00e4ume zu versch\u00f6nern<\/li>\n<\/ul>\n&nbsp;\n\n<\/div>\t\t\t\t\t\t\t\t<\/div>\n\t\t\t\t<\/div>\n\t\t\t\t\t<\/div>\n\t\t\t\t<\/div>\n\t\t\t\t<\/div>","protected":false},"excerpt":{"rendered":"<p>Entdecken Sie die perfekte Mischung aus Tradition und Moderne mit diesem handgefertigten Berber-Sessel, der mit einem lebhaften, mehrfarbigen Patchwork-Muster verziert ist und durch einen geschwungenen Holzrahmen erg\u00e4nzt wird, der sowohl Komfort als auch Stil bietet.<\/p>","protected":false},"featured_media":105556,"comment_status":"open","ping_status":"closed","template":"","meta":[],"product_brand":[],"product_cat":[15,351],"product_tag":[],"class_list":{"0":"post-105555","1":"product","2":"type-product","3":"status-publish","4":"has-post-thumbnail","6":"product_cat-uncategorized","7":"product_cat-chair","9":"first","10":"instock","11":"sale","12":"shipping-taxable","13":"purchasable","14":"product-type-simple"},"jetpack_sharing_enabled":true,"_links":{"self":[{"href":"https:\/\/berberedesign.com\/de\/wp-json\/wp\/v2\/product\/105555","targetHints":{"allow":["GET"]}}],"collection":[{"href":"https:\/\/berberedesign.com\/de\/wp-json\/wp\/v2\/product"}],"about":[{"href":"https:\/\/berberedesign.com\/de\/wp-json\/wp\/v2\/types\/product"}],"replies":[{"embeddable":true,"href":"https:\/\/berberedesign.com\/de\/wp-json\/wp\/v2\/comments?post=105555"}],"version-history":[{"count":4,"href":"https:\/\/berberedesign.com\/de\/wp-json\/wp\/v2\/product\/105555\/revisions"}],"predecessor-version":[{"id":106185,"href":"https:\/\/berberedesign.com\/de\/wp-json\/wp\/v2\/product\/105555\/revisions\/106185"}],"wp:featuredmedia":[{"embeddable":true,"href":"https:\/\/berberedesign.com\/de\/wp-json\/wp\/v2\/media\/105556"}],"wp:attachment":[{"href":"https:\/\/berberedesign.com\/de\/wp-json\/wp\/v2\/media?parent=105555"}],"wp:term":[{"taxonomy":"product_brand","embeddable":true,"href":"https:\/\/berberedesign.com\/de\/wp-json\/wp\/v2\/product_brand?post=105555"},{"taxonomy":"product_cat","embeddable":true,"href":"https:\/\/berberedesign.com\/de\/wp-json\/wp\/v2\/product_cat?post=105555"},{"taxonomy":"product_tag","embeddable":true,"href":"https:\/\/berberedesign.com\/de\/wp-json\/wp\/v2\/product_tag?post=105555"}],"curies":[{"name":"wp","href":"https:\/\/api.w.org\/{rel}","templated":true}]}}