{"id":105535,"date":"2025-01-23T20:27:47","date_gmt":"2025-01-23T20:27:47","guid":{"rendered":"https:\/\/berberedesign.com\/vintage-inspired-berber-armchair-with-geometric-tufted-fabric\/"},"modified":"2025-02-22T17:24:20","modified_gmt":"2025-02-22T17:24:20","slug":"vintage-inspirierter-berber-sessel-mit-geometrischem-tufting-stoff","status":"publish","type":"product","link":"https:\/\/berberedesign.com\/de\/vintage-inspirierter-berber-sessel-mit-geometrischem-tufting-stoff\/","title":{"rendered":"Vintage-inspirierter Berber-Sessel mit geometrischem Tufting-Stoff"},"content":{"rendered":"<div data-elementor-type=\"product-post\" data-elementor-id=\"105535\" class=\"elementor elementor-105535\" data-elementor-post-type=\"product\">\n\t\t\t\t<div class=\"elementor-element elementor-element-56e9c314 e-flex e-con-boxed e-con e-parent\" data-id=\"56e9c314\" data-element_type=\"container\">\n\t\t\t\t\t<div class=\"e-con-inner\">\n\t\t\t\t<div class=\"elementor-element elementor-element-43065a96 elementor-widget elementor-widget-text-editor\" data-id=\"43065a96\" data-element_type=\"widget\" data-widget_type=\"text-editor.default\">\n\t\t\t\t<div class=\"elementor-widget-container\">\n\t\t\t\t\t\t\t\t\t<div>\n<h2>Vintage-inspirierter Berber-Sessel mit geometrischem Tufting-Stoff<\/h2>\n<iframe title=\"YouTube-Video-Player\" src=\"https:\/\/www.youtube.com\/embed\/BnSNNAZJTCg?si=dSd5Ooa9tJSg-64A\" width=\"560\" height=\"315\" frameborder=\"0\" allowfullscreen=\"allowfullscreen\"><\/iframe>\n\nBringen Sie authentischen marokkanischen Charme in Ihr Zuhause mit diesem exquisiten Berber-Sessel. Dieses M\u00f6belst\u00fcck wurde nach traditioneller Handwerkskunst entworfen und verf\u00fcgt \u00fcber folgende Merkmale:\n<ul>\n \t<li><strong>Hochwertiger getufteter Stoff:<\/strong> Geometrische Muster sorgen f\u00fcr einen unverwechselbaren Look.<\/li>\n \t<li><strong>Stabiler Holzrahmen:<\/strong> Das einzigartige kreisf\u00f6rmige Design verleiht ihm einen Hauch von Vintage und garantiert gleichzeitig Langlebigkeit.<\/li>\n \t<li><strong>Vielseitige Dekorationsm\u00f6glichkeit:<\/strong> Ideal f\u00fcr Wohnzimmer, Leseecken oder Schlafzimmer.<\/li>\n<\/ul>\nJeder Sessel wird von geschickten marokkanischen Handwerkern gefertigt, die traditionelle Techniken mit moderner \u00c4sthetik verbinden. Egal, ob Sie Ihren Raum mit kultureller Tiefe aufwerten wollen oder einfach nur einen bequemen und stilvollen Sitzplatz suchen, dieser Berber-Sessel ist die perfekte Wahl.\n\n<\/div>\t\t\t\t\t\t\t\t<\/div>\n\t\t\t\t<\/div>\n\t\t\t\t\t<\/div>\n\t\t\t\t<\/div>\n\t\t\t\t<\/div>","protected":false},"excerpt":{"rendered":"<p>Erleben Sie die perfekte Mischung aus Komfort und marokkanischer Handwerkskunst mit diesem vintage-inspirierten Berber-Sessel. Mit seinem geometrischen, getufteten Stoffdesign und dem einzigartigen, runden Holzrahmen ist er ein Highlight f\u00fcr Ihren Wohnbereich.<\/p>","protected":false},"featured_media":105536,"comment_status":"open","ping_status":"closed","template":"","meta":[],"product_brand":[],"product_cat":[15,351],"product_tag":[],"class_list":{"0":"post-105535","1":"product","2":"type-product","3":"status-publish","4":"has-post-thumbnail","6":"product_cat-uncategorized","7":"product_cat-chair","9":"first","10":"instock","11":"sale","12":"shipping-taxable","13":"purchasable","14":"product-type-simple"},"jetpack_sharing_enabled":true,"_links":{"self":[{"href":"https:\/\/berberedesign.com\/de\/wp-json\/wp\/v2\/product\/105535","targetHints":{"allow":["GET"]}}],"collection":[{"href":"https:\/\/berberedesign.com\/de\/wp-json\/wp\/v2\/product"}],"about":[{"href":"https:\/\/berberedesign.com\/de\/wp-json\/wp\/v2\/types\/product"}],"replies":[{"embeddable":true,"href":"https:\/\/berberedesign.com\/de\/wp-json\/wp\/v2\/comments?post=105535"}],"version-history":[{"count":4,"href":"https:\/\/berberedesign.com\/de\/wp-json\/wp\/v2\/product\/105535\/revisions"}],"predecessor-version":[{"id":106181,"href":"https:\/\/berberedesign.com\/de\/wp-json\/wp\/v2\/product\/105535\/revisions\/106181"}],"wp:featuredmedia":[{"embeddable":true,"href":"https:\/\/berberedesign.com\/de\/wp-json\/wp\/v2\/media\/105536"}],"wp:attachment":[{"href":"https:\/\/berberedesign.com\/de\/wp-json\/wp\/v2\/media?parent=105535"}],"wp:term":[{"taxonomy":"product_brand","embeddable":true,"href":"https:\/\/berberedesign.com\/de\/wp-json\/wp\/v2\/product_brand?post=105535"},{"taxonomy":"product_cat","embeddable":true,"href":"https:\/\/berberedesign.com\/de\/wp-json\/wp\/v2\/product_cat?post=105535"},{"taxonomy":"product_tag","embeddable":true,"href":"https:\/\/berberedesign.com\/de\/wp-json\/wp\/v2\/product_tag?post=105535"}],"curies":[{"name":"wp","href":"https:\/\/api.w.org\/{rel}","templated":true}]}}