{"id":105516,"date":"2025-01-23T20:27:42","date_gmt":"2025-01-23T20:27:42","guid":{"rendered":"https:\/\/berberedesign.com\/elegant-handmade-green-wool-armchair-with-solid-wood-frame\/"},"modified":"2025-04-02T11:04:01","modified_gmt":"2025-04-02T11:04:01","slug":"eleganter-handgefertigter-sessel-aus-gruner-wolle-mit-massivholzgestell","status":"publish","type":"product","link":"https:\/\/berberedesign.com\/de\/eleganter-handgefertigter-sessel-aus-gruner-wolle-mit-massivholzgestell\/","title":{"rendered":"Eleganter handgefertigter Sessel aus gr\u00fcner Wolle mit Massivholzrahmen"},"content":{"rendered":"<div data-elementor-type=\"product-post\" data-elementor-id=\"105516\" class=\"elementor elementor-105516\" data-elementor-post-type=\"product\">\n\t\t\t\t<div class=\"elementor-element elementor-element-66ae3871 e-flex e-con-boxed e-con e-parent\" data-id=\"66ae3871\" data-element_type=\"container\">\n\t\t\t\t\t<div class=\"e-con-inner\">\n\t\t\t\t<div class=\"elementor-element elementor-element-13eb1e4 elementor-widget elementor-widget-text-editor\" data-id=\"13eb1e4\" data-element_type=\"widget\" data-widget_type=\"text-editor.default\">\n\t\t\t\t<div class=\"elementor-widget-container\">\n\t\t\t\t\t\t\t\t\t<h2>Eleganter handgefertigter Sessel aus gr\u00fcner Wolle<\/h2>\nBringen Sie zeitlosen Charme und Komfort in Ihr Zuhause mit diesem exquisiten <strong>handgefertigter Sessel<\/strong>. Der mit leuchtend gr\u00fcner Wolle gepolsterte Sessel bietet ein warmes und einladendes Gef\u00fchl und setzt gleichzeitig ein mutiges Design-Statement. Der massive Holzrahmen ist handwerklich gefertigt und garantiert Langlebigkeit und Eleganz.\n\n<iframe title=\"YouTube-Video-Player\" src=\"https:\/\/www.youtube.com\/embed\/llLuzzCVG0A?si=vM6kSOE3SwVmVn1p\" width=\"560\" height=\"315\" frameborder=\"0\" allowfullscreen=\"allowfullscreen\"><\/iframe>\n\nOb Sie einen einzigartigen Akzent oder einen gem\u00fctlichen Lesesessel suchen, dieser Sessel verbindet traditionelle Materialien mit einer modernen \u00c4sthetik. Die sorgf\u00e4ltig gearbeiteten Holzbeine und Armlehnen unterstreichen die Qualit\u00e4t des marokkanischen Designs und machen ihn zu einem herausragenden St\u00fcck in jeder Umgebung.\n\n \n\nVerwandeln Sie Ihren Wohnbereich mit diesem sch\u00f6nen Sessel, der Komfort und Stil bietet. Dieser Sessel eignet sich perfekt f\u00fcr Wohnzimmer, B\u00fcros oder kreative R\u00e4ume und wird Sie sicher beeindrucken.\n\n&nbsp;\t\t\t\t\t\t\t\t<\/div>\n\t\t\t\t<\/div>\n\t\t\t\t\t<\/div>\n\t\t\t\t<\/div>\n\t\t\t\t<\/div>","protected":false},"excerpt":{"rendered":"<p>Dieser elegante Sessel ist mit einem leuchtend gr\u00fcnen Wollbezug und einem robusten, handgefertigten Holzrahmen ausgestattet. Perfekt, um Ihrem Wohnbereich einen gem\u00fctlichen und zugleich raffinierten Touch zu verleihen.<\/p>","protected":false},"featured_media":105517,"comment_status":"open","ping_status":"closed","template":"","meta":[],"product_brand":[],"product_cat":[15,351],"product_tag":[],"class_list":{"0":"post-105516","1":"product","2":"type-product","3":"status-publish","4":"has-post-thumbnail","6":"product_cat-uncategorized","7":"product_cat-chair","9":"first","10":"instock","11":"sale","12":"shipping-taxable","13":"purchasable","14":"product-type-simple"},"jetpack_sharing_enabled":true,"_links":{"self":[{"href":"https:\/\/berberedesign.com\/de\/wp-json\/wp\/v2\/product\/105516","targetHints":{"allow":["GET"]}}],"collection":[{"href":"https:\/\/berberedesign.com\/de\/wp-json\/wp\/v2\/product"}],"about":[{"href":"https:\/\/berberedesign.com\/de\/wp-json\/wp\/v2\/types\/product"}],"replies":[{"embeddable":true,"href":"https:\/\/berberedesign.com\/de\/wp-json\/wp\/v2\/comments?post=105516"}],"version-history":[{"count":5,"href":"https:\/\/berberedesign.com\/de\/wp-json\/wp\/v2\/product\/105516\/revisions"}],"predecessor-version":[{"id":106178,"href":"https:\/\/berberedesign.com\/de\/wp-json\/wp\/v2\/product\/105516\/revisions\/106178"}],"wp:featuredmedia":[{"embeddable":true,"href":"https:\/\/berberedesign.com\/de\/wp-json\/wp\/v2\/media\/105517"}],"wp:attachment":[{"href":"https:\/\/berberedesign.com\/de\/wp-json\/wp\/v2\/media?parent=105516"}],"wp:term":[{"taxonomy":"product_brand","embeddable":true,"href":"https:\/\/berberedesign.com\/de\/wp-json\/wp\/v2\/product_brand?post=105516"},{"taxonomy":"product_cat","embeddable":true,"href":"https:\/\/berberedesign.com\/de\/wp-json\/wp\/v2\/product_cat?post=105516"},{"taxonomy":"product_tag","embeddable":true,"href":"https:\/\/berberedesign.com\/de\/wp-json\/wp\/v2\/product_tag?post=105516"}],"curies":[{"name":"wp","href":"https:\/\/api.w.org\/{rel}","templated":true}]}}