{"id":105508,"date":"2025-01-23T20:27:40","date_gmt":"2025-01-23T20:27:40","guid":{"rendered":"https:\/\/berberedesign.com\/vibrant-orange-checkered-handmade-chair\/"},"modified":"2025-02-04T20:00:16","modified_gmt":"2025-02-04T20:00:16","slug":"vibrant-orange-karierter-handgefertigter-stuhl","status":"publish","type":"product","link":"https:\/\/berberedesign.com\/de\/vibrant-orange-karierter-handgefertigter-stuhl\/","title":{"rendered":"Handgefertigter Stuhl in leuchtendem Orange mit Karomuster"},"content":{"rendered":"<div data-elementor-type=\"product-post\" data-elementor-id=\"105508\" class=\"elementor elementor-105508\" data-elementor-post-type=\"product\">\n\t\t\t\t<div class=\"elementor-element elementor-element-1d1ffa34 e-flex e-con-boxed e-con e-parent\" data-id=\"1d1ffa34\" data-element_type=\"container\">\n\t\t\t\t\t<div class=\"e-con-inner\">\n\t\t\t\t<div class=\"elementor-element elementor-element-4761d209 elementor-widget elementor-widget-text-editor\" data-id=\"4761d209\" data-element_type=\"widget\" data-widget_type=\"text-editor.default\">\n\t\t\t\t<div class=\"elementor-widget-container\">\n\t\t\t\t\t\t\t\t\t<div>\n<h2>Handgefertigter Stuhl in leuchtendem Orange mit Karomuster<\/h2>\n&nbsp;\n\nDieser atemberaubende, handgefertigte Stuhl mit seinem auff\u00e4lligen orange-wei\u00df karierten Muster bringt Energie und Charme in jeden Raum. Gepolstert mit weicher, handgewebter marokkanischer Wolle, bietet er ein gem\u00fctliches und luxuri\u00f6ses Sitzerlebnis.\n\nDer Holzrahmen ist aus haltbarem Holz aus ethischen Quellen gefertigt und garantiert Stabilit\u00e4t und Langlebigkeit. Perfekt, um Ihrem Wohn-, Schlaf- oder Arbeitszimmer einen Hauch von Handwerkskunst zu verleihen.\n<ul>\n \t<li>Handgefertigt aus echter marokkanischer Wolle<\/li>\n \t<li>Einzigartiges Karomuster f\u00fcr ein mutiges Statement<\/li>\n \t<li>Stabiler und langlebiger Holzrahmen<\/li>\n \t<li>Perfekt f\u00fcr moderne, b\u00f6hmische oder eklektische Innenr\u00e4ume<\/li>\n<\/ul>\n<\/div>\n<iframe title=\"YouTube-Video-Player\" src=\"https:\/\/www.youtube.com\/embed\/Ok-VWXnA5lM?si=6asMuS8lJXtkTrLL\" width=\"560\" height=\"315\" frameborder=\"0\" allowfullscreen=\"allowfullscreen\"><\/iframe>\n<div>\n\nZelebrieren Sie die Kunstfertigkeit der marokkanischen Handwerkskunst mit diesem einmaligen M\u00f6belst\u00fcck. Verwandeln Sie Ihr Zuhause in einen lebendigen und einladenden Raum!\n\n<\/div>\t\t\t\t\t\t\t\t<\/div>\n\t\t\t\t<\/div>\n\t\t\t\t\t<\/div>\n\t\t\t\t<\/div>\n\t\t\t\t<\/div>","protected":false},"excerpt":{"rendered":"<p>Bringen Sie Farbe in Ihren Raum mit diesem leuchtend orange-wei\u00df karierten, handgefertigten Stuhl. Er ist aus hochwertiger marokkanischer Wolle und einem robusten Holzrahmen gefertigt und bietet eine perfekte Mischung aus Komfort und Stil.<\/p>","protected":false},"featured_media":105509,"comment_status":"open","ping_status":"closed","template":"","meta":[],"product_brand":[],"product_cat":[15,351],"product_tag":[],"class_list":{"0":"post-105508","1":"product","2":"type-product","3":"status-publish","4":"has-post-thumbnail","6":"product_cat-uncategorized","7":"product_cat-chair","9":"first","10":"instock","11":"sale","12":"shipping-taxable","13":"purchasable","14":"product-type-simple"},"jetpack_sharing_enabled":true,"_links":{"self":[{"href":"https:\/\/berberedesign.com\/de\/wp-json\/wp\/v2\/product\/105508","targetHints":{"allow":["GET"]}}],"collection":[{"href":"https:\/\/berberedesign.com\/de\/wp-json\/wp\/v2\/product"}],"about":[{"href":"https:\/\/berberedesign.com\/de\/wp-json\/wp\/v2\/types\/product"}],"replies":[{"embeddable":true,"href":"https:\/\/berberedesign.com\/de\/wp-json\/wp\/v2\/comments?post=105508"}],"version-history":[{"count":4,"href":"https:\/\/berberedesign.com\/de\/wp-json\/wp\/v2\/product\/105508\/revisions"}],"predecessor-version":[{"id":106149,"href":"https:\/\/berberedesign.com\/de\/wp-json\/wp\/v2\/product\/105508\/revisions\/106149"}],"wp:featuredmedia":[{"embeddable":true,"href":"https:\/\/berberedesign.com\/de\/wp-json\/wp\/v2\/media\/105509"}],"wp:attachment":[{"href":"https:\/\/berberedesign.com\/de\/wp-json\/wp\/v2\/media?parent=105508"}],"wp:term":[{"taxonomy":"product_brand","embeddable":true,"href":"https:\/\/berberedesign.com\/de\/wp-json\/wp\/v2\/product_brand?post=105508"},{"taxonomy":"product_cat","embeddable":true,"href":"https:\/\/berberedesign.com\/de\/wp-json\/wp\/v2\/product_cat?post=105508"},{"taxonomy":"product_tag","embeddable":true,"href":"https:\/\/berberedesign.com\/de\/wp-json\/wp\/v2\/product_tag?post=105508"}],"curies":[{"name":"wp","href":"https:\/\/api.w.org\/{rel}","templated":true}]}}