{"id":105492,"date":"2025-01-23T20:27:36","date_gmt":"2025-01-23T20:27:36","guid":{"rendered":"https:\/\/berberedesign.com\/moroccan-wool-armchair-with-diamond-pattern\/"},"modified":"2025-02-04T20:06:31","modified_gmt":"2025-02-04T20:06:31","slug":"sessel-aus-marokkanischer-wolle-mit-rautenmuster","status":"publish","type":"product","link":"https:\/\/berberedesign.com\/de\/sessel-aus-marokkanischer-wolle-mit-rautenmuster\/","title":{"rendered":"Sessel aus marokkanischer Wolle mit Rautenmuster"},"content":{"rendered":"<div data-elementor-type=\"product-post\" data-elementor-id=\"105492\" class=\"elementor elementor-105492\" data-elementor-post-type=\"product\">\n\t\t\t\t<div class=\"elementor-element elementor-element-37742f99 e-flex e-con-boxed e-con e-parent\" data-id=\"37742f99\" data-element_type=\"container\">\n\t\t\t\t\t<div class=\"e-con-inner\">\n\t\t\t\t<div class=\"elementor-element elementor-element-6cb1c7af elementor-widget elementor-widget-text-editor\" data-id=\"6cb1c7af\" data-element_type=\"widget\" data-widget_type=\"text-editor.default\">\n\t\t\t\t<div class=\"elementor-widget-container\">\n\t\t\t\t\t\t\t\t\t<div>Verwandeln Sie Ihren Lebensraum mit dieser eleganten <strong>Sessel aus marokkanischer Wolle<\/strong>mit einem zeitlosen schwarz-wei\u00dfen Rautenmuster. Der aus hochwertiger Naturwolle handgefertigte Sessel verbindet luxuri\u00f6se Textur mit handwerklicher Kunstfertigkeit und ist damit ein herausragendes St\u00fcck f\u00fcr jede Einrichtung.<\/div>\n<iframe title=\"YouTube-Video-Player\" src=\"https:\/\/www.youtube.com\/embed\/hU58qrvK_4A?si=HXmrS5yR26wzYS8G\" width=\"560\" height=\"315\" frameborder=\"0\" allowfullscreen=\"allowfullscreen\"><\/iframe>\n\n&nbsp;\n<div>\n\nDer robuste Holzrahmen des Sessels erg\u00e4nzt die gem\u00fctliche, weiche Wollpolsterung und bietet sowohl Haltbarkeit als auch eine warme \u00c4sthetik. Sein ergonomisches Design sorgt f\u00fcr au\u00dfergew\u00f6hnlichen Komfort und macht ihn perfekt zum Entspannen oder als Akzentsessel.\n\nVeredeln Sie Ihr Zuhause mit dieser einzigartigen Kombination aus marokkanischem Erbe und moderner Eleganz. Ideal f\u00fcr Wohnzimmer, Schlafzimmer oder jeden Raum, der einen Hauch von Charme braucht.\n\n<\/div>\t\t\t\t\t\t\t\t<\/div>\n\t\t\t\t<\/div>\n\t\t\t\t\t<\/div>\n\t\t\t\t<\/div>\n\t\t\t\t<\/div>","protected":false},"excerpt":{"rendered":"<p>Ein atemberaubender Sessel aus marokkanischer Wolle mit weichem schwarz-wei\u00dfem Rautenmuster, gefertigt f\u00fcr Komfort und Stil mit einem robusten Holzrahmen.<\/p>","protected":false},"featured_media":105493,"comment_status":"open","ping_status":"closed","template":"","meta":[],"product_brand":[],"product_cat":[15,351],"product_tag":[],"class_list":{"0":"post-105492","1":"product","2":"type-product","3":"status-publish","4":"has-post-thumbnail","6":"product_cat-uncategorized","7":"product_cat-chair","9":"first","10":"instock","11":"sale","12":"shipping-taxable","13":"purchasable","14":"product-type-simple"},"jetpack_sharing_enabled":true,"_links":{"self":[{"href":"https:\/\/berberedesign.com\/de\/wp-json\/wp\/v2\/product\/105492","targetHints":{"allow":["GET"]}}],"collection":[{"href":"https:\/\/berberedesign.com\/de\/wp-json\/wp\/v2\/product"}],"about":[{"href":"https:\/\/berberedesign.com\/de\/wp-json\/wp\/v2\/types\/product"}],"replies":[{"embeddable":true,"href":"https:\/\/berberedesign.com\/de\/wp-json\/wp\/v2\/comments?post=105492"}],"version-history":[{"count":4,"href":"https:\/\/berberedesign.com\/de\/wp-json\/wp\/v2\/product\/105492\/revisions"}],"predecessor-version":[{"id":106173,"href":"https:\/\/berberedesign.com\/de\/wp-json\/wp\/v2\/product\/105492\/revisions\/106173"}],"wp:featuredmedia":[{"embeddable":true,"href":"https:\/\/berberedesign.com\/de\/wp-json\/wp\/v2\/media\/105493"}],"wp:attachment":[{"href":"https:\/\/berberedesign.com\/de\/wp-json\/wp\/v2\/media?parent=105492"}],"wp:term":[{"taxonomy":"product_brand","embeddable":true,"href":"https:\/\/berberedesign.com\/de\/wp-json\/wp\/v2\/product_brand?post=105492"},{"taxonomy":"product_cat","embeddable":true,"href":"https:\/\/berberedesign.com\/de\/wp-json\/wp\/v2\/product_cat?post=105492"},{"taxonomy":"product_tag","embeddable":true,"href":"https:\/\/berberedesign.com\/de\/wp-json\/wp\/v2\/product_tag?post=105492"}],"curies":[{"name":"wp","href":"https:\/\/api.w.org\/{rel}","templated":true}]}}