{"id":105482,"date":"2025-01-23T20:27:33","date_gmt":"2025-01-23T20:27:33","guid":{"rendered":"https:\/\/berberedesign.com\/vibrant-yellow-wool-berber-armchair-with-walnut-wood-frame\/"},"modified":"2025-02-04T20:06:17","modified_gmt":"2025-02-04T20:06:17","slug":"berbersessel-aus-leuchtend-gelber-wolle-mit-gestell-aus-walnussholz","status":"publish","type":"product","link":"https:\/\/berberedesign.com\/de\/berbersessel-aus-leuchtend-gelber-wolle-mit-gestell-aus-walnussholz\/","title":{"rendered":"Gelber Berber-Sessel aus Wolle mit Gestell aus Walnussholz"},"content":{"rendered":"<div data-elementor-type=\"product-post\" data-elementor-id=\"105482\" class=\"elementor elementor-105482\" data-elementor-post-type=\"product\">\n\t\t\t\t<div class=\"elementor-element elementor-element-3bcca1fd e-flex e-con-boxed e-con e-parent\" data-id=\"3bcca1fd\" data-element_type=\"container\">\n\t\t\t\t\t<div class=\"e-con-inner\">\n\t\t\t\t<div class=\"elementor-element elementor-element-614bb2c5 elementor-widget elementor-widget-text-editor\" data-id=\"614bb2c5\" data-element_type=\"widget\" data-widget_type=\"text-editor.default\">\n\t\t\t\t<div class=\"elementor-widget-container\">\n\t\t\t\t\t\t\t\t\t<h1>Gelber Berber-Sessel aus Wolle mit Gestell aus Walnussholz<\/h1>\n<h2>Kurze Beschreibung:<\/h2>\nPeppen Sie Ihr Interieur mit diesem leuchtend gelben Berber-Sessel aus Wolle auf. Handgefertigt aus authentischer marokkanischer Wolle und getragen von einem eleganten Walnussholzrahmen, kombiniert dieser Sessel lebendiges Design mit luxuri\u00f6sem Komfort.\n<h2>Beschreibung:<\/h2>\nBringen Sie etwas Sonne in Ihren Wohnraum mit diesem <strong>Gelber Berber-Sessel aus Wolle<\/strong>eine atemberaubende Kombination aus lebendiger marokkanischer Kunst und modernem M\u00f6beldesign. Gepolstert mit <strong>handgewebte marokkanische Wolle<\/strong>Dieser Stuhl ist in einem kr\u00e4ftigen Gelbton gehalten, der eine lebendige und warme Atmosph\u00e4re schafft.\n\nDas Gestell des Sessels <strong>Ergonomischer Rahmen aus Walnussholz<\/strong> sorgt f\u00fcr Langlebigkeit und Eleganz. Die geschwungenen Armlehnen sind nicht nur \u00e4sthetisch ansprechend, sondern bieten auch einen stabilen Halt. Die weiche und flauschige Textur der Wolle erh\u00f6ht nicht nur den Komfort, sondern spricht auch f\u00fcr seine <strong>authentische berberische Handwerkskunst<\/strong>die f\u00fcr ihre traditionelle und zugleich moderne Ausstrahlung bekannt ist.\n\nOb im Wohnzimmer, in der Leseecke oder im B\u00fcro, dieser Sessel wird zu einem <strong>Herzst\u00fcck mit Stil und Komfort<\/strong>ist perfekt f\u00fcr alle, die einzigartige, handgefertigte M\u00f6bel zu sch\u00e4tzen wissen. Durch sein minimalistisches Design f\u00fcgt er sich nahtlos in moderne, unkonventionelle oder eklektische Interieurs ein.\n\n<iframe title=\"YouTube-Video-Player\" src=\"https:\/\/www.youtube.com\/embed\/CuduPBUIZxY?si=MoCamWNjlwG5qZNR\" width=\"560\" height=\"315\" frameborder=\"0\" allowfullscreen=\"allowfullscreen\"><\/iframe>\n<h3>Wesentliche Merkmale:<\/h3>\n<ul>\n \t<li>Gepolstert mit leuchtend gelber, handgewebter marokkanischer Wolle.<\/li>\n \t<li>Stabiler Rahmen aus Walnussholz f\u00fcr Langlebigkeit und Eleganz.<\/li>\n \t<li>Ergonomisches Design f\u00fcr ultimativen Komfort und Halt.<\/li>\n \t<li>Ein zeitloses St\u00fcck, das traditionelle Berberkunst mit moderner M\u00f6bel\u00e4sthetik verbindet.<\/li>\n<\/ul>\n&nbsp;\t\t\t\t\t\t\t\t<\/div>\n\t\t\t\t<\/div>\n\t\t\t\t\t<\/div>\n\t\t\t\t<\/div>\n\t\t\t\t<\/div>","protected":false},"excerpt":{"rendered":"<p>Peppen Sie Ihr Interieur mit diesem leuchtend gelben Berber-Sessel aus Wolle auf. Handgefertigt aus authentischer marokkanischer Wolle und getragen von einem eleganten Walnussholzrahmen, kombiniert dieser Sessel lebendiges Design mit luxuri\u00f6sem Komfort.<\/p>","protected":false},"featured_media":105483,"comment_status":"open","ping_status":"closed","template":"","meta":[],"product_brand":[],"product_cat":[15,351],"product_tag":[],"class_list":{"0":"post-105482","1":"product","2":"type-product","3":"status-publish","4":"has-post-thumbnail","6":"product_cat-uncategorized","7":"product_cat-chair","9":"first","10":"instock","11":"sale","12":"shipping-taxable","13":"purchasable","14":"product-type-simple"},"jetpack_sharing_enabled":true,"_links":{"self":[{"href":"https:\/\/berberedesign.com\/de\/wp-json\/wp\/v2\/product\/105482","targetHints":{"allow":["GET"]}}],"collection":[{"href":"https:\/\/berberedesign.com\/de\/wp-json\/wp\/v2\/product"}],"about":[{"href":"https:\/\/berberedesign.com\/de\/wp-json\/wp\/v2\/types\/product"}],"replies":[{"embeddable":true,"href":"https:\/\/berberedesign.com\/de\/wp-json\/wp\/v2\/comments?post=105482"}],"version-history":[{"count":4,"href":"https:\/\/berberedesign.com\/de\/wp-json\/wp\/v2\/product\/105482\/revisions"}],"predecessor-version":[{"id":106170,"href":"https:\/\/berberedesign.com\/de\/wp-json\/wp\/v2\/product\/105482\/revisions\/106170"}],"wp:featuredmedia":[{"embeddable":true,"href":"https:\/\/berberedesign.com\/de\/wp-json\/wp\/v2\/media\/105483"}],"wp:attachment":[{"href":"https:\/\/berberedesign.com\/de\/wp-json\/wp\/v2\/media?parent=105482"}],"wp:term":[{"taxonomy":"product_brand","embeddable":true,"href":"https:\/\/berberedesign.com\/de\/wp-json\/wp\/v2\/product_brand?post=105482"},{"taxonomy":"product_cat","embeddable":true,"href":"https:\/\/berberedesign.com\/de\/wp-json\/wp\/v2\/product_cat?post=105482"},{"taxonomy":"product_tag","embeddable":true,"href":"https:\/\/berberedesign.com\/de\/wp-json\/wp\/v2\/product_tag?post=105482"}],"curies":[{"name":"wp","href":"https:\/\/api.w.org\/{rel}","templated":true}]}}