{"id":105473,"date":"2025-01-23T20:27:31","date_gmt":"2025-01-23T20:27:31","guid":{"rendered":"https:\/\/berberedesign.com\/handcrafted-patchwork-armchair-with-vibrant-wool-upholstery\/"},"modified":"2025-02-04T20:04:54","modified_gmt":"2025-02-04T20:04:54","slug":"handgefertigter-patchwork-sessel-mit-lebhafter-wollpolsterung","status":"publish","type":"product","link":"https:\/\/berberedesign.com\/de\/handgefertigter-patchwork-sessel-mit-lebhafter-wollpolsterung\/","title":{"rendered":"Handgefertigter Patchwork-Sessel mit lebhafter Wollpolsterung"},"content":{"rendered":"<div data-elementor-type=\"product-post\" data-elementor-id=\"105473\" class=\"elementor elementor-105473\" data-elementor-post-type=\"product\">\n\t\t\t\t<div class=\"elementor-element elementor-element-5f235fa1 e-flex e-con-boxed e-con e-parent\" data-id=\"5f235fa1\" data-element_type=\"container\">\n\t\t\t\t\t<div class=\"e-con-inner\">\n\t\t\t\t<div class=\"elementor-element elementor-element-59bff678 elementor-widget elementor-widget-text-editor\" data-id=\"59bff678\" data-element_type=\"widget\" data-widget_type=\"text-editor.default\">\n\t\t\t\t<div class=\"elementor-widget-container\">\n\t\t\t\t\t\t\t\t\t<div>Verwandeln Sie Ihren Lebensraum mit diesem <strong>handwerklich gefertigter Patchwork-Sessel<\/strong>Eine atemberaubende Mischung aus leuchtendem Orange, tiefem Blau und neutralen Beiget\u00f6nen.\nJedes St\u00fcck wird in sorgf\u00e4ltiger Handarbeit mit einem weichen Wollbezug gefertigt, der von traditionellen Berbermustern inspiriert ist, was ihn zu einem echten Unikat macht.Der elegante Holzrahmen sorgt f\u00fcr einen warmen, organischen Touch und gew\u00e4hrleistet gleichzeitig eine lange Lebensdauer. Die st\u00fctzende R\u00fcckenlehne und die weiche Polsterung des Sessels bieten ultimativen Komfort und machen ihn ideal zum Entspannen oder f\u00fcr G\u00e4ste.\n\nDieser Sessel eignet sich perfekt f\u00fcr Wohnzimmer, Leseecken oder kreative Arbeitsbereiche und verleiht jedem Ambiente Charakter und Charme. Egal, ob er ein minimalistisches Dekor unterstreicht oder eine Boh\u00e8me-Atmosph\u00e4re schafft, dieses St\u00fcck wird zum Mittelpunkt Ihres Zuhauses.\n\n<\/div>\n<iframe title=\"YouTube-Video-Player\" src=\"https:\/\/www.youtube.com\/embed\/i_oGLnVbN08?si=TmL3m9ExkEp48-Vn\" width=\"560\" height=\"315\" frameborder=\"0\" allowfullscreen=\"allowfullscreen\"><\/iframe>\n\n&nbsp;\n<div>\n\n<strong>Wesentliche Merkmale:<\/strong>\n<ul>\n \t<li>Handgewebte Wollpolsterung in leuchtenden Orange- und Blaut\u00f6nen.<\/li>\n \t<li>Armlehnen und Beine aus Massivholz f\u00fcr zeitlose Haltbarkeit.<\/li>\n \t<li>Bequemes und st\u00fctzendes Design f\u00fcr den t\u00e4glichen Gebrauch.<\/li>\n \t<li>Einzigartiges Unikat, das Tradition und modernen Stil verbindet.<\/li>\n<\/ul>\nHolen Sie sich die Eleganz der marokkanischen Handwerkskunst in Ihr Zuhause mit diesem atemberaubenden Sessel. Verpassen Sie nicht die Chance, ein zeitloses Kunstwerk zu besitzen.\n\n<\/div>\t\t\t\t\t\t\t\t<\/div>\n\t\t\t\t<\/div>\n\t\t\t\t\t<\/div>\n\t\t\t\t<\/div>\n\t\t\t\t<\/div>","protected":false},"excerpt":{"rendered":"<p>Dieser handgefertigte Patchwork-Sessel mit seinem leuchtend orangefarbenen und blauen Wollbezug und dem robusten Holzrahmen wertet Ihre Einrichtung auf. Eine perfekte Mischung aus marokkanischer Tradition und moderner Eleganz.<\/p>","protected":false},"featured_media":105474,"comment_status":"open","ping_status":"closed","template":"","meta":[],"product_brand":[],"product_cat":[15,351],"product_tag":[],"class_list":{"0":"post-105473","1":"product","2":"type-product","3":"status-publish","4":"has-post-thumbnail","6":"product_cat-uncategorized","7":"product_cat-chair","9":"first","10":"instock","11":"sale","12":"shipping-taxable","13":"purchasable","14":"product-type-simple"},"jetpack_sharing_enabled":true,"_links":{"self":[{"href":"https:\/\/berberedesign.com\/de\/wp-json\/wp\/v2\/product\/105473","targetHints":{"allow":["GET"]}}],"collection":[{"href":"https:\/\/berberedesign.com\/de\/wp-json\/wp\/v2\/product"}],"about":[{"href":"https:\/\/berberedesign.com\/de\/wp-json\/wp\/v2\/types\/product"}],"replies":[{"embeddable":true,"href":"https:\/\/berberedesign.com\/de\/wp-json\/wp\/v2\/comments?post=105473"}],"version-history":[{"count":4,"href":"https:\/\/berberedesign.com\/de\/wp-json\/wp\/v2\/product\/105473\/revisions"}],"predecessor-version":[{"id":106165,"href":"https:\/\/berberedesign.com\/de\/wp-json\/wp\/v2\/product\/105473\/revisions\/106165"}],"wp:featuredmedia":[{"embeddable":true,"href":"https:\/\/berberedesign.com\/de\/wp-json\/wp\/v2\/media\/105474"}],"wp:attachment":[{"href":"https:\/\/berberedesign.com\/de\/wp-json\/wp\/v2\/media?parent=105473"}],"wp:term":[{"taxonomy":"product_brand","embeddable":true,"href":"https:\/\/berberedesign.com\/de\/wp-json\/wp\/v2\/product_brand?post=105473"},{"taxonomy":"product_cat","embeddable":true,"href":"https:\/\/berberedesign.com\/de\/wp-json\/wp\/v2\/product_cat?post=105473"},{"taxonomy":"product_tag","embeddable":true,"href":"https:\/\/berberedesign.com\/de\/wp-json\/wp\/v2\/product_tag?post=105473"}],"curies":[{"name":"wp","href":"https:\/\/api.w.org\/{rel}","templated":true}]}}