{"id":105464,"date":"2025-01-23T20:27:28","date_gmt":"2025-01-23T20:27:28","guid":{"rendered":"https:\/\/berberedesign.com\/handmade-moroccan-chair-with-red-and-cream-wool-upholstery\/"},"modified":"2025-02-04T20:03:37","modified_gmt":"2025-02-04T20:03:37","slug":"handgefertigter-marokkanischer-stuhl-mit-roter-und-cremefarbener-wollpolsterung","status":"publish","type":"product","link":"https:\/\/berberedesign.com\/de\/handgefertigter-marokkanischer-stuhl-mit-roter-und-cremefarbener-wollpolsterung\/","title":{"rendered":"Handgefertigter marokkanischer Stuhl mit Polsterung aus roter und cremefarbener Wolle"},"content":{"rendered":"<div data-elementor-type=\"product-post\" data-elementor-id=\"105464\" class=\"elementor elementor-105464\" data-elementor-post-type=\"product\">\n\t\t\t\t<div class=\"elementor-element elementor-element-1951a47a e-flex e-con-boxed e-con e-parent\" data-id=\"1951a47a\" data-element_type=\"container\">\n\t\t\t\t\t<div class=\"e-con-inner\">\n\t\t\t\t<div class=\"elementor-element elementor-element-5adaa855 elementor-widget elementor-widget-text-editor\" data-id=\"5adaa855\" data-element_type=\"widget\" data-widget_type=\"text-editor.default\">\n\t\t\t\t<div class=\"elementor-widget-container\">\n\t\t\t\t\t\t\t\t\t<div>\n<h2>Handgefertigter marokkanischer Stuhl mit Polsterung aus roter und cremefarbener Wolle<\/h2>\nBringen Sie einen Hauch von marokkanischer Eleganz in Ihr Zuhause mit diesem atemberaubenden handgefertigten Stuhl. Dieses einzigartige St\u00fcck verbindet feinste traditionelle Handwerkskunst mit moderner \u00c4sthetik zu einem ebenso komfortablen wie stilvollen M\u00f6belst\u00fcck.\n\n<strong>Merkmale:<\/strong>\n<ul>\n \t<li>Gepolstert aus hochwertiger marokkanischer Wolle mit einem lebhaften rot-cremefarbenen Muster.<\/li>\n \t<li>Der handgefertigte Holzrahmen bietet Haltbarkeit und zeitloses Design.<\/li>\n \t<li>Perfekt f\u00fcr Wohnzimmer, Leseecken oder als Akzentstuhl in jeder modernen oder b\u00f6hmischen Einrichtung.<\/li>\n<\/ul>\nDas rote und cremefarbene Muster auf der Polsterung zeigt die lebendige Kunst des marokkanischen Textildesigns, w\u00e4hrend der Holzrahmen W\u00e4rme und nat\u00fcrliche Sch\u00f6nheit verleiht. Jeder Stuhl ist ein Unikat, so dass kein St\u00fcck dem anderen gleicht.\n\nDieser Stuhl ist ideal f\u00fcr alle, die hochwertige, handgefertigte M\u00f6bel sch\u00e4tzen, die eine Geschichte erz\u00e4hlen. Mit ihm bringen Sie Farbe und Kultur in Ihr Zuhause oder B\u00fcro.\n\n<\/div>\n&nbsp;\n\n<iframe title=\"YouTube-Video-Player\" src=\"https:\/\/www.youtube.com\/embed\/EQ36WwRDXK0?si=MxpBJ4us37DiPnCD\" width=\"560\" height=\"315\" frameborder=\"0\" allowfullscreen=\"allowfullscreen\"><\/iframe>\n\n&nbsp;\n<div>\n\n<strong>Pflegehinweise:<\/strong> Reinigen Sie die Wollpolsterung bei Bedarf punktuell. Vermeiden Sie es, den Holzrahmen l\u00e4ngerer Feuchtigkeit oder direktem Sonnenlicht auszusetzen, um seine nat\u00fcrliche Oberfl\u00e4che zu erhalten.\n\n&nbsp;\n\n<\/div>\t\t\t\t\t\t\t\t<\/div>\n\t\t\t\t<\/div>\n\t\t\t\t\t<\/div>\n\t\t\t\t<\/div>\n\t\t\t\t<\/div>","protected":false},"excerpt":{"rendered":"<p>Versch\u00f6nern Sie Ihren Raum mit diesem handgefertigten marokkanischen Stuhl, der aus einem stabilen Holzrahmen und einer luxuri\u00f6sen, weichen Polsterung aus roter und cremefarbener Wolle besteht. Eine perfekte Mischung aus traditioneller Handwerkskunst und modernem Design.<\/p>","protected":false},"featured_media":105465,"comment_status":"open","ping_status":"closed","template":"","meta":[],"product_brand":[],"product_cat":[15,351],"product_tag":[349],"class_list":{"0":"post-105464","1":"product","2":"type-product","3":"status-publish","4":"has-post-thumbnail","6":"product_cat-uncategorized","7":"product_cat-chair","8":"product_tag-chair","10":"first","11":"instock","12":"sale","13":"shipping-taxable","14":"purchasable","15":"product-type-simple"},"jetpack_sharing_enabled":true,"_links":{"self":[{"href":"https:\/\/berberedesign.com\/de\/wp-json\/wp\/v2\/product\/105464","targetHints":{"allow":["GET"]}}],"collection":[{"href":"https:\/\/berberedesign.com\/de\/wp-json\/wp\/v2\/product"}],"about":[{"href":"https:\/\/berberedesign.com\/de\/wp-json\/wp\/v2\/types\/product"}],"replies":[{"embeddable":true,"href":"https:\/\/berberedesign.com\/de\/wp-json\/wp\/v2\/comments?post=105464"}],"version-history":[{"count":4,"href":"https:\/\/berberedesign.com\/de\/wp-json\/wp\/v2\/product\/105464\/revisions"}],"predecessor-version":[{"id":106161,"href":"https:\/\/berberedesign.com\/de\/wp-json\/wp\/v2\/product\/105464\/revisions\/106161"}],"wp:featuredmedia":[{"embeddable":true,"href":"https:\/\/berberedesign.com\/de\/wp-json\/wp\/v2\/media\/105465"}],"wp:attachment":[{"href":"https:\/\/berberedesign.com\/de\/wp-json\/wp\/v2\/media?parent=105464"}],"wp:term":[{"taxonomy":"product_brand","embeddable":true,"href":"https:\/\/berberedesign.com\/de\/wp-json\/wp\/v2\/product_brand?post=105464"},{"taxonomy":"product_cat","embeddable":true,"href":"https:\/\/berberedesign.com\/de\/wp-json\/wp\/v2\/product_cat?post=105464"},{"taxonomy":"product_tag","embeddable":true,"href":"https:\/\/berberedesign.com\/de\/wp-json\/wp\/v2\/product_tag?post=105464"}],"curies":[{"name":"wp","href":"https:\/\/api.w.org\/{rel}","templated":true}]}}