{"id":105121,"date":"2025-01-22T17:58:16","date_gmt":"2025-01-22T17:58:16","guid":{"rendered":"https:\/\/berberedesign.com\/vibrant-green-moroccan-runner-rug\/"},"modified":"2025-02-14T16:16:45","modified_gmt":"2025-02-14T16:16:45","slug":"lebhaft-gruner-marokkanischer-teppich","status":"publish","type":"product","link":"https:\/\/berberedesign.com\/de\/lebhaft-gruner-marokkanischer-teppich\/","title":{"rendered":"Leuchtend gr\u00fcner marokkanischer Laufteppich"},"content":{"rendered":"<p>&lt;h2&gt;Tapis berb&egrave;re marocain vert - Authentische Handwerkskunst&lt;\/h2&gt;<br \/>\n&lt;p&gt;Tauchen Sie ein in das Universum des marokkanischen Savoir-faire mit diesem schlichten, von talentierten Handwerkern gefertigten Berberteppich. Dieses Naturtapet zeichnet sich durch seine lebendige, gr&uuml;ne Farbe aus, die die Lebendigkeit der marokkanischen Landschaft widerspiegelt.&lt;\/p&gt;<\/p>\n<p>&lt;h3&gt;Merkmale :&lt;\/h3&gt;<br \/>\n<ul><br \/>\n&lt;li&gt;&lt;strong&gt;Material :&lt;\/strong&gt; 100 % laine naturelle&lt;\/li&gt;<br \/>\n&lt;li&gt;&lt;strong&gt;Fabrikation :&lt;\/strong&gt; Gekocht von berbischen Kunsthandwerkern&lt;\/li&gt;<br \/>\n&lt;li&gt;&lt;strong&gt;Couleur :&lt;\/strong&gt; Vertikale Nuancen mit subtilen Motiven&lt;\/li&gt;<br \/>\n&lt;li&gt;&lt;strong&gt;Herkunft :&lt;\/strong&gt; Marokko&lt;\/li&gt;<br \/>\n&lt;li&gt;&lt;strong&gt;Stil :&lt;\/strong&gt; Boh&egrave;me, ethnisch, traditionell&lt;\/li&gt;<br \/>\n<\/ul><\/p>\n<p>&lt;p&gt;Ideal f&uuml;r einen Salon, ein Zimmer oder ein B&uuml;ro, verleiht diese Tapete jeder Einrichtung einen authentischen und geschmackvollen Touch. Sein zeitgem&auml;&szlig;es Design und sein doppelter Touch machen ihn zu einem au&szlig;ergew&ouml;hnlichen M&ouml;belst&uuml;ck.&lt;\/p&gt;<\/p>\n<p>&lt;p&gt;Jedes Band ist ein Unikat, das nach alten, von Generation zu Generation &uuml;berlieferten Techniken hergestellt wird.&lt;\/p&gt;<\/p>\n<p>&lt;h3&gt;Entretien :&lt;\/h3&gt;<br \/>\n&lt;p&gt;Um seine Sch&ouml;nheit zu bewahren, sollten Sie den Teppich regelm&auml;&szlig;ig mit einer B&uuml;rste bespr&uuml;hen und die direkte Sonnenbestrahlung vermeiden.&lt;\/p&gt;<\/p>\n<p>&lt;p&gt;Lassen Sie die marokkanische Eleganz bei sich einziehen mit diesem raffinierten und authentischen Bodenbelag!&lt;\/p&gt;<\/p>","protected":false},"excerpt":{"rendered":"<p>Bringen Sie einen Hauch von nat\u00fcrlicher Sch\u00f6nheit in Ihr Zuhause mit diesem leuchtend gr\u00fcnen marokkanischen L\u00e4ufer. Die \u00fcppige Textur und die erdigen Farbt\u00f6ne des mit traditionellen Berbertechniken handgewebten Teppichs sorgen f\u00fcr ein ruhiges Ambiente.<\/p>","protected":false},"featured_media":105122,"comment_status":"open","ping_status":"closed","template":"","meta":[],"product_brand":[],"product_cat":[190,319,318],"product_tag":[348],"class_list":{"0":"post-105121","1":"product","2":"type-product","3":"status-publish","4":"has-post-thumbnail","6":"product_cat-rugs","7":"product_cat-rugs-wool-handcrafted-benches","8":"product_cat-wool","9":"product_tag-rugs","10":"description-off","12":"first","13":"instock","14":"sale","15":"shipping-taxable","16":"purchasable","17":"product-type-variable"},"jetpack_sharing_enabled":true,"_links":{"self":[{"href":"https:\/\/berberedesign.com\/de\/wp-json\/wp\/v2\/product\/105121","targetHints":{"allow":["GET"]}}],"collection":[{"href":"https:\/\/berberedesign.com\/de\/wp-json\/wp\/v2\/product"}],"about":[{"href":"https:\/\/berberedesign.com\/de\/wp-json\/wp\/v2\/types\/product"}],"replies":[{"embeddable":true,"href":"https:\/\/berberedesign.com\/de\/wp-json\/wp\/v2\/comments?post=105121"}],"version-history":[{"count":3,"href":"https:\/\/berberedesign.com\/de\/wp-json\/wp\/v2\/product\/105121\/revisions"}],"predecessor-version":[{"id":106602,"href":"https:\/\/berberedesign.com\/de\/wp-json\/wp\/v2\/product\/105121\/revisions\/106602"}],"wp:featuredmedia":[{"embeddable":true,"href":"https:\/\/berberedesign.com\/de\/wp-json\/wp\/v2\/media\/105122"}],"wp:attachment":[{"href":"https:\/\/berberedesign.com\/de\/wp-json\/wp\/v2\/media?parent=105121"}],"wp:term":[{"taxonomy":"product_brand","embeddable":true,"href":"https:\/\/berberedesign.com\/de\/wp-json\/wp\/v2\/product_brand?post=105121"},{"taxonomy":"product_cat","embeddable":true,"href":"https:\/\/berberedesign.com\/de\/wp-json\/wp\/v2\/product_cat?post=105121"},{"taxonomy":"product_tag","embeddable":true,"href":"https:\/\/berberedesign.com\/de\/wp-json\/wp\/v2\/product_tag?post=105121"}],"curies":[{"name":"wp","href":"https:\/\/api.w.org\/{rel}","templated":true}]}}