{"id":105096,"date":"2025-01-22T17:58:04","date_gmt":"2025-01-22T17:58:04","guid":{"rendered":"https:\/\/berberedesign.com\/authentic-moroccan-wool-runner-rug-with-green-geometric-design\/"},"modified":"2025-02-12T16:36:51","modified_gmt":"2025-02-12T16:36:51","slug":"authentischer-marokkanischer-wollteppich-mit-grunem-geometrischem-muster","status":"publish","type":"product","link":"https:\/\/berberedesign.com\/de\/authentischer-marokkanischer-wollteppich-mit-grunem-geometrischem-muster\/","title":{"rendered":"Authentischer marokkanischer Wollteppich mit gr\u00fcnem, geometrischem Muster"},"content":{"rendered":"<div style=\"text-align: center;\"><\/div>\n<p>Bringen Sie Eleganz und W\u00e4rme in Ihren Raum mit diesem authentischen marokkanischen Wollteppich.<br \/>\nSein verschlungenes gr\u00fcnes, geometrisches Muster auf einem zart elfenbeinfarbenen Hintergrund macht es zu einem vielseitigen<br \/>\nErg\u00e4nzung f\u00fcr jedes Interieur. Handgewebt aus hochwertiger Wolle, ist dieser Teppich sowohl langlebig<br \/>\nund luxuri\u00f6s und bietet ein zeitloses St\u00fcck marokkanischer Handwerkskunst.<\/p>\n<p><iframe title=\"YouTube-Video-Player\" src=\"https:\/\/www.youtube.com\/embed\/Hj3qBD6Jh4Y?si=4g3mR7P0XWKJ8wtW\" width=\"560\" height=\"315\" frameborder=\"0\" allowfullscreen=\"allowfullscreen\"><\/iframe><\/p>\n<p>&nbsp;<\/p>\n<p><strong>Merkmale:<\/strong><\/p>\n<ul>\n<li>Handgefertigt von erfahrenen marokkanischen Kunsthandwerkern.<\/li>\n<li>Hergestellt aus hochwertiger Wolle f\u00fcr eine weiche und langlebige Oberfl\u00e4che.<\/li>\n<li>Elegante gr\u00fcne geometrische Muster auf einem elfenbeinfarbenen Hintergrund.<\/li>\n<li>Ideal f\u00fcr Flure, Eingangsbereiche oder enge R\u00e4ume.<\/li>\n<\/ul>\n<p>Verbessern Sie Ihre Einrichtung mit der Kunstfertigkeit und Tradition des marokkanischen Designs.<br \/>\nDieser L\u00e4ufer ist eine perfekte Kombination aus Funktionalit\u00e4t und Stil und bringt einen Hauch von<br \/>\nkulturelle Eleganz f\u00fcr Ihr Zuhause.<\/p>","protected":false},"excerpt":{"rendered":"<p>Ein atemberaubender handgefertigter L\u00e4ufer aus marokkanischer Wolle mit einem modernen gr\u00fcnen geometrischen Muster auf einem weichen elfenbeinfarbenen Hintergrund. Perfekt f\u00fcr Flure oder schmale R\u00e4ume. <strong>Abmessungen: 83\u2033 B x 291\u2033 L.<\/strong><\/p>","protected":false},"featured_media":105097,"comment_status":"open","ping_status":"closed","template":"","meta":[],"product_brand":[],"product_cat":[190,319,318],"product_tag":[348],"class_list":{"0":"post-105096","1":"product","2":"type-product","3":"status-publish","4":"has-post-thumbnail","6":"product_cat-rugs","7":"product_cat-rugs-wool-handcrafted-benches","8":"product_cat-wool","9":"product_tag-rugs","10":"description-off","12":"first","13":"instock","14":"sale","15":"shipping-taxable","16":"purchasable","17":"product-type-variable"},"jetpack_sharing_enabled":true,"_links":{"self":[{"href":"https:\/\/berberedesign.com\/de\/wp-json\/wp\/v2\/product\/105096","targetHints":{"allow":["GET"]}}],"collection":[{"href":"https:\/\/berberedesign.com\/de\/wp-json\/wp\/v2\/product"}],"about":[{"href":"https:\/\/berberedesign.com\/de\/wp-json\/wp\/v2\/types\/product"}],"replies":[{"embeddable":true,"href":"https:\/\/berberedesign.com\/de\/wp-json\/wp\/v2\/comments?post=105096"}],"version-history":[{"count":3,"href":"https:\/\/berberedesign.com\/de\/wp-json\/wp\/v2\/product\/105096\/revisions"}],"predecessor-version":[{"id":106517,"href":"https:\/\/berberedesign.com\/de\/wp-json\/wp\/v2\/product\/105096\/revisions\/106517"}],"wp:featuredmedia":[{"embeddable":true,"href":"https:\/\/berberedesign.com\/de\/wp-json\/wp\/v2\/media\/105097"}],"wp:attachment":[{"href":"https:\/\/berberedesign.com\/de\/wp-json\/wp\/v2\/media?parent=105096"}],"wp:term":[{"taxonomy":"product_brand","embeddable":true,"href":"https:\/\/berberedesign.com\/de\/wp-json\/wp\/v2\/product_brand?post=105096"},{"taxonomy":"product_cat","embeddable":true,"href":"https:\/\/berberedesign.com\/de\/wp-json\/wp\/v2\/product_cat?post=105096"},{"taxonomy":"product_tag","embeddable":true,"href":"https:\/\/berberedesign.com\/de\/wp-json\/wp\/v2\/product_tag?post=105096"}],"curies":[{"name":"wp","href":"https:\/\/api.w.org\/{rel}","templated":true}]}}