{"id":104754,"date":"2025-01-21T23:21:14","date_gmt":"2025-01-21T23:21:14","guid":{"rendered":"https:\/\/berberedesign.com\/handwoven-moroccan-wool-rug-with-green-and-orange-gradient\/"},"modified":"2025-02-15T18:11:32","modified_gmt":"2025-02-15T18:11:32","slug":"handgewebter-marokkanischer-wollteppich-mit-grunem-und-orangefarbenem-farbverlauf","status":"publish","type":"product","link":"https:\/\/berberedesign.com\/de\/handgewebter-marokkanischer-wollteppich-mit-grunem-und-orangefarbenem-farbverlauf\/","title":{"rendered":"Handgewebter Teppich aus marokkanischer Wolle mit gr\u00fcnem und orangefarbenem Farbverlauf"},"content":{"rendered":"<div>\n<h2>Handgewebter Teppich aus marokkanischer Wolle mit gr\u00fcnem und orangefarbenem Farbverlauf<\/h2>\n<p>Peppen Sie Ihr Zuhause mit diesem exquisiten marokkanischen Wollteppich auf. Der von erfahrenen Kunsthandwerkern handgewebte Teppich zeigt ein lebhaftes Farbverlaufsmuster, das von sattem Gr\u00fcn zu leuchtendem Orange \u00fcbergeht und von subtilen neutralen Farbt\u00f6nen erg\u00e4nzt wird. Seine weiche Textur und robuste Verarbeitung machen ihn zu einem idealen Mittelpunkt f\u00fcr jeden Raum.<\/p>\n<p><strong>Merkmale:<\/strong><\/p>\n<ul>\n<li>100% nat\u00fcrliche Wolle f\u00fcr ein luxuri\u00f6ses Gef\u00fchl<\/li>\n<li>Handgewebt von marokkanischen Kunsthandwerkern<\/li>\n<li>Einzigartiges Farbverlaufsmuster f\u00fcr einen modernen Touch<\/li>\n<li>Perfekt f\u00fcr Wohnzimmer, Schlafzimmer oder gem\u00fctliche Ecken<\/li>\n<\/ul>\n<p><iframe title=\"Handgewebter Teppich aus marokkanischer Wolle mit gr\u00fcnem und orangefarbenem Farbverlauf\" width=\"1200\" height=\"675\" src=\"https:\/\/www.youtube.com\/embed\/pTTinQGEs-U?feature=oembed&#038;enablejsapi=1&#038;origin=https:\/\/berberedesign.com\" frameborder=\"0\" allow=\"accelerometer; autoplay; clipboard-write; encrypted-media; gyroscope; picture-in-picture; web-share\" referrerpolicy=\"strict-origin-when-cross-origin\" allowfullscreen><\/iframe><\/p>\n<p>Bringen Sie den Charme marokkanischer Handwerkskunst in Ihr Zuhause mit diesem vielseitigen und eleganten St\u00fcck. Bestellen Sie jetzt, um Ihrem Raum einen Hauch von Farbe und W\u00e4rme zu verleihen!<\/p>\n<\/div>","protected":false},"excerpt":{"rendered":"<p>Erleben Sie die lebendige Sch\u00f6nheit dieses handgewebten marokkanischen Wollteppichs mit einem atemberaubenden Farbverlauf aus Gr\u00fcn-, Orange- und neutralen T\u00f6nen. Perfekt, um Ihrem Wohnbereich einen einzigartigen Touch zu verleihen.<\/p>","protected":false},"featured_media":104862,"comment_status":"open","ping_status":"closed","template":"","meta":[],"product_brand":[],"product_cat":[234,190,319,318],"product_tag":[348],"class_list":{"0":"post-104754","1":"product","2":"type-product","3":"status-publish","4":"has-post-thumbnail","6":"product_cat-best-sellers","7":"product_cat-rugs","8":"product_cat-rugs-wool-handcrafted-benches","9":"product_cat-wool","10":"product_tag-rugs","11":"description-off","13":"first","14":"instock","15":"sale","16":"shipping-taxable","17":"purchasable","18":"product-type-variable"},"jetpack_sharing_enabled":true,"_links":{"self":[{"href":"https:\/\/berberedesign.com\/de\/wp-json\/wp\/v2\/product\/104754","targetHints":{"allow":["GET"]}}],"collection":[{"href":"https:\/\/berberedesign.com\/de\/wp-json\/wp\/v2\/product"}],"about":[{"href":"https:\/\/berberedesign.com\/de\/wp-json\/wp\/v2\/types\/product"}],"replies":[{"embeddable":true,"href":"https:\/\/berberedesign.com\/de\/wp-json\/wp\/v2\/comments?post=104754"}],"version-history":[{"count":2,"href":"https:\/\/berberedesign.com\/de\/wp-json\/wp\/v2\/product\/104754\/revisions"}],"predecessor-version":[{"id":106653,"href":"https:\/\/berberedesign.com\/de\/wp-json\/wp\/v2\/product\/104754\/revisions\/106653"}],"wp:featuredmedia":[{"embeddable":true,"href":"https:\/\/berberedesign.com\/de\/wp-json\/wp\/v2\/media\/104862"}],"wp:attachment":[{"href":"https:\/\/berberedesign.com\/de\/wp-json\/wp\/v2\/media?parent=104754"}],"wp:term":[{"taxonomy":"product_brand","embeddable":true,"href":"https:\/\/berberedesign.com\/de\/wp-json\/wp\/v2\/product_brand?post=104754"},{"taxonomy":"product_cat","embeddable":true,"href":"https:\/\/berberedesign.com\/de\/wp-json\/wp\/v2\/product_cat?post=104754"},{"taxonomy":"product_tag","embeddable":true,"href":"https:\/\/berberedesign.com\/de\/wp-json\/wp\/v2\/product_tag?post=104754"}],"curies":[{"name":"wp","href":"https:\/\/api.w.org\/{rel}","templated":true}]}}