{"id":104741,"date":"2025-01-21T23:21:10","date_gmt":"2025-01-21T23:21:10","guid":{"rendered":"https:\/\/berberedesign.com\/traditional-moroccan-diamond-pattern-wool-rug\/"},"modified":"2025-02-01T15:46:12","modified_gmt":"2025-02-01T15:46:12","slug":"traditioneller-marokkanischer-wollteppich-mit-rautenmuster","status":"publish","type":"product","link":"https:\/\/berberedesign.com\/de\/traditioneller-marokkanischer-wollteppich-mit-rautenmuster\/","title":{"rendered":"Traditioneller marokkanischer Wollteppich mit Rautenmuster"},"content":{"rendered":"<p>\nHolen Sie sich die zeitlose Sch\u00f6nheit der marokkanischen Kunst in Ihr Zuhause mit diesem <strong>Traditioneller Wollteppich mit Rautenmuster<\/strong>. Dieser Teppich wurde in sorgf\u00e4ltiger Handarbeit von geschickten Kunsthandwerkern gewebt und zeigt ein zartes Rautenmuster, das durch nat\u00fcrliche und erdige Farbt\u00f6ne akzentuiert wird. Die pl\u00fcschige Textur aus echter Wolle bietet au\u00dfergew\u00f6hnlichen Komfort und Langlebigkeit und sorgt f\u00fcr eine perfekte Mischung aus Funktionalit\u00e4t und \u00c4sthetik.\n<\/p>\n<p>\nDieser marokkanische Teppich ist eine ideale Erg\u00e4nzung f\u00fcr Ihr Wohn-, Schlaf- oder Arbeitszimmer und strahlt W\u00e4rme und Eleganz aus. Sein vielseitiges Design passt sowohl zu modernen als auch zu traditionellen Interieurs und macht ihn zu einem herausragenden St\u00fcck in jeder Umgebung. Erleben Sie das Erbe der marokkanischen Handwerkskunst mit diesem exquisiten Wollteppich.\n<\/p>\n<ul>\n<li><strong>Material:<\/strong> 100% Echte Wolle<\/li>\n<li><strong>Muster:<\/strong> Rautenmotiv mit detaillierten Akzenten<\/li>\n<li><strong>Pflege:<\/strong> Spot Clean oder professionelle Teppichreinigung empfohlen<\/li>\n<\/ul>\n<p>Verwandeln Sie Ihren Raum mit einem St\u00fcck marokkanischer Tradition. Bestellen Sie sie noch heute!<\/p>","protected":false},"excerpt":{"rendered":"<p>Versch\u00f6nern Sie Ihren Wohnraum mit diesem handgewebten marokkanischen Wollteppich mit klassischem Rautenmuster. Seine nat\u00fcrlichen Farbt\u00f6ne und komplizierten Details spiegeln authentische Handwerkskunst wider und sind perfekt, um jeder Einrichtung W\u00e4rme und Charme zu verleihen.<\/p>","protected":false},"featured_media":104849,"comment_status":"open","ping_status":"closed","template":"","meta":[],"product_brand":[],"product_cat":[190,319,318],"product_tag":[348],"class_list":{"0":"post-104741","1":"product","2":"type-product","3":"status-publish","4":"has-post-thumbnail","6":"product_cat-rugs","7":"product_cat-rugs-wool-handcrafted-benches","8":"product_cat-wool","9":"product_tag-rugs","10":"description-off","12":"first","13":"instock","14":"sale","15":"shipping-taxable","16":"purchasable","17":"product-type-variable"},"jetpack_sharing_enabled":true,"_links":{"self":[{"href":"https:\/\/berberedesign.com\/de\/wp-json\/wp\/v2\/product\/104741","targetHints":{"allow":["GET"]}}],"collection":[{"href":"https:\/\/berberedesign.com\/de\/wp-json\/wp\/v2\/product"}],"about":[{"href":"https:\/\/berberedesign.com\/de\/wp-json\/wp\/v2\/types\/product"}],"replies":[{"embeddable":true,"href":"https:\/\/berberedesign.com\/de\/wp-json\/wp\/v2\/comments?post=104741"}],"version-history":[{"count":1,"href":"https:\/\/berberedesign.com\/de\/wp-json\/wp\/v2\/product\/104741\/revisions"}],"predecessor-version":[{"id":104848,"href":"https:\/\/berberedesign.com\/de\/wp-json\/wp\/v2\/product\/104741\/revisions\/104848"}],"wp:featuredmedia":[{"embeddable":true,"href":"https:\/\/berberedesign.com\/de\/wp-json\/wp\/v2\/media\/104849"}],"wp:attachment":[{"href":"https:\/\/berberedesign.com\/de\/wp-json\/wp\/v2\/media?parent=104741"}],"wp:term":[{"taxonomy":"product_brand","embeddable":true,"href":"https:\/\/berberedesign.com\/de\/wp-json\/wp\/v2\/product_brand?post=104741"},{"taxonomy":"product_cat","embeddable":true,"href":"https:\/\/berberedesign.com\/de\/wp-json\/wp\/v2\/product_cat?post=104741"},{"taxonomy":"product_tag","embeddable":true,"href":"https:\/\/berberedesign.com\/de\/wp-json\/wp\/v2\/product_tag?post=104741"}],"curies":[{"name":"wp","href":"https:\/\/api.w.org\/{rel}","templated":true}]}}