{"id":104720,"date":"2025-01-21T23:21:06","date_gmt":"2025-01-21T23:21:06","guid":{"rendered":"https:\/\/berberedesign.com\/elegant-moroccan-wool-rug-with-earthy-accents\/"},"modified":"2025-02-15T17:58:34","modified_gmt":"2025-02-15T17:58:34","slug":"eleganter-marokkanischer-wollteppich-mit-erdigen-akzenten","status":"publish","type":"product","link":"https:\/\/berberedesign.com\/de\/eleganter-marokkanischer-wollteppich-mit-erdigen-akzenten\/","title":{"rendered":"Eleganter marokkanischer Wollteppich mit erdigen Akzenten"},"content":{"rendered":"<p><strong>Eleganter marokkanischer Wollteppich mit erdigen Akzenten<\/strong><\/p>\n<p>Verwandeln Sie Ihren Raum mit der zeitlosen Eleganz dieses authentischen marokkanischen Wollteppichs. Der von erfahrenen Kunsthandwerkern handgefertigte Teppich besticht durch eine nat\u00fcrliche Mischung aus erdigen Braun- und Cremet\u00f6nen, die mit leuchtenden orangefarbenen und roten Motiven akzentuiert sind. Seine filigranen Strukturen und weichen Fasern machen ihn zu einer luxuri\u00f6sen und zugleich langlebigen Erg\u00e4nzung f\u00fcr Ihr Zuhause.<\/p>\n<ul>\n<li>Material: 100% nat\u00fcrliche Wolle<\/li>\n<li>Handgewebt von marokkanischen Kunsthandwerkern<\/li>\n<li>Auff\u00e4llige orangefarbene und rote Akzente sorgen f\u00fcr einen Hauch von Lebendigkeit<\/li>\n<li>Abmessungen: Ideal f\u00fcr Wohn-, Schlaf- oder Ausstellungsr\u00e4ume<\/li>\n<\/ul>\n<p><iframe title=\"Eleganter marokkanischer Wollteppich mit erdigen Akzenten\" width=\"1200\" height=\"675\" src=\"https:\/\/www.youtube.com\/embed\/jD1Ish5IlpM?feature=oembed&#038;enablejsapi=1&#038;origin=https:\/\/berberedesign.com\" frameborder=\"0\" allow=\"accelerometer; autoplay; clipboard-write; encrypted-media; gyroscope; picture-in-picture; web-share\" referrerpolicy=\"strict-origin-when-cross-origin\" allowfullscreen><\/iframe><\/p>\n<p>Versch\u00f6nern Sie Ihre Einrichtung mit diesem exquisiten Teppich, der W\u00e4rme und Authentizit\u00e4t in Ihr Interieur bringt. Bestellen Sie jetzt und genie\u00dfen Sie ein St\u00fcck des reichen marokkanischen Erbes.<\/p>","protected":false},"excerpt":{"rendered":"<p>Dieser handgewebte marokkanische Wollteppich mit seinen erdigen T\u00f6nen und auff\u00e4lligen orangefarbenen und roten Akzenten verleiht Ihrem Raum einen rustikalen Charme. Perfekt, um W\u00e4rme und Authentizit\u00e4t in jedes Interieur zu bringen.<\/p>","protected":false},"featured_media":104828,"comment_status":"open","ping_status":"closed","template":"","meta":[],"product_brand":[],"product_cat":[190,319,318],"product_tag":[348],"class_list":{"0":"post-104720","1":"product","2":"type-product","3":"status-publish","4":"has-post-thumbnail","6":"product_cat-rugs","7":"product_cat-rugs-wool-handcrafted-benches","8":"product_cat-wool","9":"product_tag-rugs","10":"description-off","12":"first","13":"instock","14":"sale","15":"shipping-taxable","16":"purchasable","17":"product-type-variable"},"jetpack_sharing_enabled":true,"_links":{"self":[{"href":"https:\/\/berberedesign.com\/de\/wp-json\/wp\/v2\/product\/104720","targetHints":{"allow":["GET"]}}],"collection":[{"href":"https:\/\/berberedesign.com\/de\/wp-json\/wp\/v2\/product"}],"about":[{"href":"https:\/\/berberedesign.com\/de\/wp-json\/wp\/v2\/types\/product"}],"replies":[{"embeddable":true,"href":"https:\/\/berberedesign.com\/de\/wp-json\/wp\/v2\/comments?post=104720"}],"version-history":[{"count":2,"href":"https:\/\/berberedesign.com\/de\/wp-json\/wp\/v2\/product\/104720\/revisions"}],"predecessor-version":[{"id":106628,"href":"https:\/\/berberedesign.com\/de\/wp-json\/wp\/v2\/product\/104720\/revisions\/106628"}],"wp:featuredmedia":[{"embeddable":true,"href":"https:\/\/berberedesign.com\/de\/wp-json\/wp\/v2\/media\/104828"}],"wp:attachment":[{"href":"https:\/\/berberedesign.com\/de\/wp-json\/wp\/v2\/media?parent=104720"}],"wp:term":[{"taxonomy":"product_brand","embeddable":true,"href":"https:\/\/berberedesign.com\/de\/wp-json\/wp\/v2\/product_brand?post=104720"},{"taxonomy":"product_cat","embeddable":true,"href":"https:\/\/berberedesign.com\/de\/wp-json\/wp\/v2\/product_cat?post=104720"},{"taxonomy":"product_tag","embeddable":true,"href":"https:\/\/berberedesign.com\/de\/wp-json\/wp\/v2\/product_tag?post=104720"}],"curies":[{"name":"wp","href":"https:\/\/api.w.org\/{rel}","templated":true}]}}