{"id":104286,"date":"2025-01-04T19:09:32","date_gmt":"2025-01-04T19:09:32","guid":{"rendered":"https:\/\/berberedesign.com\/handcrafted-moroccan-leather-babouches-warm-caramel-tone\/"},"modified":"2025-02-28T16:43:41","modified_gmt":"2025-02-28T16:43:41","slug":"handgefertigte-marokkanische-leder-babouches-warmer-karamellton","status":"publish","type":"product","link":"https:\/\/berberedesign.com\/de\/handgefertigte-marokkanische-leder-babouches-warmer-karamellton\/","title":{"rendered":"Handgefertigte Babouches aus marokkanischem Leder - warmer Karamellton"},"content":{"rendered":"<h1>Handgefertigte Babouches aus marokkanischem Leder - warmer Karamellton<\/h1>\n<p><strong>Elegante Babouches aus karamellfarbenem marokkanischem Leder, handgefertigt von erfahrenen Handwerkern. Entworfen f\u00fcr unvergleichlichen Komfort und zeitlosen Stil.<\/strong><\/p>\n<p>Tauchen Sie ein in die Welt der marokkanischen Handwerkskunst mit diesen atemberaubenden karamellfarbenen Lederbabouches. In sorgf\u00e4ltiger Handarbeit gefertigt, verbinden sie Tradition mit moderner Eleganz und sind damit die perfekte Wahl f\u00fcr jeden Anlass.<\/p>\n<ul>\n<li><strong>Authentische Handwerkskunst:<\/strong> Handgefertigt von marokkanischen Kunsthandwerkern nach althergebrachten Techniken.<\/li>\n<li><strong>Hochwertige Materialien:<\/strong> Gefertigt aus weichem und strapazierf\u00e4higem Leder f\u00fcr ganzt\u00e4gigen Komfort und dauerhafte Qualit\u00e4t.<\/li>\n<li><strong>Warmer Karamell-Farbton:<\/strong> Ein vielseitiger und raffinierter Ton, der zu einer Vielzahl von Outfits passt.<\/li>\n<li><strong>Leicht und vielseitig:<\/strong> Ideal f\u00fcr zwanglose Ausfl\u00fcge, zum Faulenzen oder als durchdachtes Geschenk.<\/li>\n<\/ul>\n<p>&nbsp;<\/p>\n<p><iframe title=\"&quot;Wie man traditionelle marokkanische Babouches herstellt: Schritt-f\u00fcr-Schritt DIY Tutorial!&quot;\" width=\"1200\" height=\"675\" src=\"https:\/\/www.youtube.com\/embed\/D22ZUZB0_wI?feature=oembed&#038;enablejsapi=1&#038;origin=https:\/\/berberedesign.com\" frameborder=\"0\" allow=\"accelerometer; autoplay; clipboard-write; encrypted-media; gyroscope; picture-in-picture; web-share\" referrerpolicy=\"strict-origin-when-cross-origin\" allowfullscreen><\/iframe><\/p>\n<p>Diese Babouches aus karamellfarbenem Leder vereinen zeitloses Design mit hervorragender Handwerkskunst. Perfekt f\u00fcr alle, die Wert auf Authentizit\u00e4t und Stil legen, sind sie eine auff\u00e4llige Erg\u00e4nzung f\u00fcr jede Garderobe.<\/p>","protected":false},"excerpt":{"rendered":"<p>Elegante Babouches aus karamellfarbenem marokkanischem Leder, handgefertigt von Kunsthandwerkern. Entworfen f\u00fcr unvergleichlichen Komfort und zeitlosen Stil.<\/p>","protected":false},"featured_media":104249,"comment_status":"open","ping_status":"closed","template":"","meta":[],"product_brand":[],"product_cat":[301,305,341],"product_tag":[],"class_list":{"0":"post-104286","1":"product","2":"type-product","3":"status-publish","4":"has-post-thumbnail","6":"product_cat-leather","7":"product_cat-shoes","8":"product_cat-shoes-2","9":"pa_size-330","10":"pa_size-331","11":"pa_size-332","12":"pa_size-333","13":"pa_size-344","14":"pa_size-345","15":"pa_size-346","16":"description-off","18":"first","19":"instock","20":"sale","21":"featured","22":"shipping-taxable","23":"purchasable","24":"product-type-variable"},"jetpack_sharing_enabled":true,"_links":{"self":[{"href":"https:\/\/berberedesign.com\/de\/wp-json\/wp\/v2\/product\/104286","targetHints":{"allow":["GET"]}}],"collection":[{"href":"https:\/\/berberedesign.com\/de\/wp-json\/wp\/v2\/product"}],"about":[{"href":"https:\/\/berberedesign.com\/de\/wp-json\/wp\/v2\/types\/product"}],"replies":[{"embeddable":true,"href":"https:\/\/berberedesign.com\/de\/wp-json\/wp\/v2\/comments?post=104286"}],"version-history":[{"count":3,"href":"https:\/\/berberedesign.com\/de\/wp-json\/wp\/v2\/product\/104286\/revisions"}],"predecessor-version":[{"id":106621,"href":"https:\/\/berberedesign.com\/de\/wp-json\/wp\/v2\/product\/104286\/revisions\/106621"}],"wp:featuredmedia":[{"embeddable":true,"href":"https:\/\/berberedesign.com\/de\/wp-json\/wp\/v2\/media\/104249"}],"wp:attachment":[{"href":"https:\/\/berberedesign.com\/de\/wp-json\/wp\/v2\/media?parent=104286"}],"wp:term":[{"taxonomy":"product_brand","embeddable":true,"href":"https:\/\/berberedesign.com\/de\/wp-json\/wp\/v2\/product_brand?post=104286"},{"taxonomy":"product_cat","embeddable":true,"href":"https:\/\/berberedesign.com\/de\/wp-json\/wp\/v2\/product_cat?post=104286"},{"taxonomy":"product_tag","embeddable":true,"href":"https:\/\/berberedesign.com\/de\/wp-json\/wp\/v2\/product_tag?post=104286"}],"curies":[{"name":"wp","href":"https:\/\/api.w.org\/{rel}","templated":true}]}}