{"id":104199,"date":"2025-01-04T18:23:51","date_gmt":"2025-01-04T18:23:51","guid":{"rendered":"https:\/\/berberedesign.com\/?post_type=product&#038;p=104199"},"modified":"2025-07-22T01:20:34","modified_gmt":"2025-07-22T01:20:34","slug":"handgefertigter-marokkanischer-lederrucksack-stilvoller-langlebiger-reisebegleiter","status":"publish","type":"product","link":"https:\/\/berberedesign.com\/de\/handgefertigter-marokkanischer-lederrucksack-stilvoller-langlebiger-reisebegleiter\/","title":{"rendered":"Handgefertigter marokkanischer Lederrucksack - stilvoller und langlebiger Reisebegleiter"},"content":{"rendered":"<p>Erh\u00f6hen Sie Ihren Stil mit diesem handgefertigten Rucksack aus marokkanischem Leder. Dieser Rucksack ist sowohl funktional als auch elegant und besteht aus hochwertigem, vollnarbigem Leder, das Langlebigkeit und ein reichhaltiges, nat\u00fcrliches Finish garantiert, das mit dem Alter nur noch besser wird.<\/p>\n<ul>\n<li><strong>Handwerkliche Kunstfertigkeit:<\/strong> Jedes St\u00fcck wird von erfahrenen marokkanischen Kunsthandwerkern in Handarbeit hergestellt und ist einzigartig und detailgenau.<\/li>\n<li><strong>Ger\u00e4umiges Design:<\/strong> Das ger\u00e4umige Hauptfach mit sicherem Rolltop-Verschluss ist ideal f\u00fcr den Transport von Laptop, B\u00fcchern oder Reiseutensilien.<\/li>\n<li><strong>Einstellbarer Komfort:<\/strong> Mit gepolsterten, verstellbaren Tr\u00e4gern f\u00fcr einen bequemen Sitz beim t\u00e4glichen Pendeln oder bei Abenteuern.<\/li>\n<li><strong>Zeitlose Anziehungskraft:<\/strong> Das klassische Design und der warme Lederton machen diese Tasche zu einem vielseitigen Accessoire, das jedes Outfit erg\u00e4nzt.<\/li>\n<\/ul>\n<p>Dieser Lederrucksack eignet sich perfekt f\u00fcr die Arbeit, f\u00fcr Reisen oder zwanglose Ausfl\u00fcge. Er ist ein Statement f\u00fcr alle, die Wert auf Qualit\u00e4t, Nachhaltigkeit und traditionelle Handwerkskunst legen. G\u00f6nnen Sie sich selbst oder verschenken Sie ihn an einen besonderen Menschen.<\/p>","protected":false},"excerpt":{"rendered":"<p>Erleben Sie die Eleganz der marokkanischen Handwerkskunst mit diesem hochwertigen Lederrucksack. Perfekt f\u00fcr Reisen, Arbeit oder den t\u00e4glichen Gebrauch, kombiniert er Haltbarkeit und zeitlosen Stil.<\/p>","protected":false},"featured_media":104190,"comment_status":"open","ping_status":"closed","template":"","meta":[],"product_brand":[],"product_cat":[301,303],"product_tag":[],"class_list":{"0":"post-104199","1":"product","2":"type-product","3":"status-publish","4":"has-post-thumbnail","6":"product_cat-leather","7":"product_cat-bags","8":"description-off","10":"first","11":"instock","12":"sale","13":"shipping-taxable","14":"purchasable","15":"product-type-simple"},"jetpack_sharing_enabled":true,"_links":{"self":[{"href":"https:\/\/berberedesign.com\/de\/wp-json\/wp\/v2\/product\/104199","targetHints":{"allow":["GET"]}}],"collection":[{"href":"https:\/\/berberedesign.com\/de\/wp-json\/wp\/v2\/product"}],"about":[{"href":"https:\/\/berberedesign.com\/de\/wp-json\/wp\/v2\/types\/product"}],"replies":[{"embeddable":true,"href":"https:\/\/berberedesign.com\/de\/wp-json\/wp\/v2\/comments?post=104199"}],"version-history":[{"count":2,"href":"https:\/\/berberedesign.com\/de\/wp-json\/wp\/v2\/product\/104199\/revisions"}],"predecessor-version":[{"id":104513,"href":"https:\/\/berberedesign.com\/de\/wp-json\/wp\/v2\/product\/104199\/revisions\/104513"}],"wp:featuredmedia":[{"embeddable":true,"href":"https:\/\/berberedesign.com\/de\/wp-json\/wp\/v2\/media\/104190"}],"wp:attachment":[{"href":"https:\/\/berberedesign.com\/de\/wp-json\/wp\/v2\/media?parent=104199"}],"wp:term":[{"taxonomy":"product_brand","embeddable":true,"href":"https:\/\/berberedesign.com\/de\/wp-json\/wp\/v2\/product_brand?post=104199"},{"taxonomy":"product_cat","embeddable":true,"href":"https:\/\/berberedesign.com\/de\/wp-json\/wp\/v2\/product_cat?post=104199"},{"taxonomy":"product_tag","embeddable":true,"href":"https:\/\/berberedesign.com\/de\/wp-json\/wp\/v2\/product_tag?post=104199"}],"curies":[{"name":"wp","href":"https:\/\/api.w.org\/{rel}","templated":true}]}}