{"id":103793,"date":"2025-01-02T19:17:54","date_gmt":"2025-01-02T19:17:54","guid":{"rendered":"https:\/\/berberedesign.com\/handmade-moroccan-brass-door-knocker-hamsa-hand-design\/"},"modified":"2025-01-04T17:52:04","modified_gmt":"2025-01-04T17:52:04","slug":"handgefertigter-marokkanischer-messing-turklopfer-hamsa-hand-design","status":"publish","type":"product","link":"https:\/\/berberedesign.com\/de\/handgefertigter-marokkanischer-messing-turklopfer-hamsa-hand-design\/","title":{"rendered":"Handgefertigter marokkanischer T\u00fcrklopfer aus Messing - Hamsa Hand Design"},"content":{"rendered":"<p>\n    Bringen Sie einen Hauch von marokkanischer Tradition und Symbolik in Ihr Zuhause mit diesem handgefertigten Messing-T\u00fcrklopfer in Form der ikonischen Hamsa-Hand. Dieses mit viel Liebe zum Detail gefertigte Einzelst\u00fcck vereint Funktionalit\u00e4t und Kunstfertigkeit und ist eine atemberaubende Erg\u00e4nzung f\u00fcr jede T\u00fcr oder jedes Tor. Die Hamsa-Hand, ein Symbol f\u00fcr Schutz und Gl\u00fcck, setzt einen bedeutungsvollen und eleganten Akzent an Ihrem Eingang.\n<\/p>\n<p>\n    Dieser langlebige T\u00fcrklopfer aus Messing wurde von erfahrenen marokkanischen Kunsthandwerkern entworfen und ist einfach zu montieren und langlebig. Die polierte Oberfl\u00e4che und die filigranen Schnitzereien spiegeln das reiche Erbe der marokkanischen Handwerkskunst wider und sorgen daf\u00fcr, dass der T\u00fcrklopfer sowohl ein dekoratives als auch ein funktionales Element f\u00fcr Ihr Zuhause ist.\n<\/p>\n<p>\n    Dieser Hamsa-T\u00fcrklopfer eignet sich perfekt f\u00fcr alle, die Tradition und Kunstfertigkeit sch\u00e4tzen. Er ist ein aufmerksames Geschenk oder ein Schmuckst\u00fcck f\u00fcr Ihre eigenen R\u00e4ume. Feiern Sie die marokkanische Kultur und hei\u00dfen Sie Ihr Zuhause mit diesem exquisiten Design herzlich willkommen.\n<\/p>\n<p><img decoding=\"async\" src=\"https:\/\/berberedesign.com\/wp-content\/uploads\/2024\/12\/Untitled-2-01-5.png\" alt=\"Handgefertigter marokkanischer T\u00fcrklopfer aus Messing - Hamsa Hand Design\" style=\"width:100%;max-width:600px;\" title=\"\"><\/p>","protected":false},"excerpt":{"rendered":"<p>Eleganter handgefertigter marokkanischer T\u00fcrklopfer aus Messing mit dem symbolischen Hamsa-Hand-Design. Perfekt, um Ihrem Eingang einen traditionellen und sch\u00fctzenden Touch zu verleihen.<\/p>","protected":false},"featured_media":103962,"comment_status":"open","ping_status":"closed","template":"","meta":[],"product_brand":[],"product_cat":[317,312],"product_tag":[],"class_list":{"0":"post-103793","1":"product","2":"type-product","3":"status-publish","4":"has-post-thumbnail","6":"product_cat-all-copper","7":"product_cat-copper","8":"description-off","10":"first","11":"instock","12":"sale","13":"featured","14":"shipping-taxable","15":"purchasable","16":"product-type-simple"},"jetpack_sharing_enabled":true,"_links":{"self":[{"href":"https:\/\/berberedesign.com\/de\/wp-json\/wp\/v2\/product\/103793","targetHints":{"allow":["GET"]}}],"collection":[{"href":"https:\/\/berberedesign.com\/de\/wp-json\/wp\/v2\/product"}],"about":[{"href":"https:\/\/berberedesign.com\/de\/wp-json\/wp\/v2\/types\/product"}],"replies":[{"embeddable":true,"href":"https:\/\/berberedesign.com\/de\/wp-json\/wp\/v2\/comments?post=103793"}],"version-history":[{"count":1,"href":"https:\/\/berberedesign.com\/de\/wp-json\/wp\/v2\/product\/103793\/revisions"}],"predecessor-version":[{"id":103961,"href":"https:\/\/berberedesign.com\/de\/wp-json\/wp\/v2\/product\/103793\/revisions\/103961"}],"wp:featuredmedia":[{"embeddable":true,"href":"https:\/\/berberedesign.com\/de\/wp-json\/wp\/v2\/media\/103962"}],"wp:attachment":[{"href":"https:\/\/berberedesign.com\/de\/wp-json\/wp\/v2\/media?parent=103793"}],"wp:term":[{"taxonomy":"product_brand","embeddable":true,"href":"https:\/\/berberedesign.com\/de\/wp-json\/wp\/v2\/product_brand?post=103793"},{"taxonomy":"product_cat","embeddable":true,"href":"https:\/\/berberedesign.com\/de\/wp-json\/wp\/v2\/product_cat?post=103793"},{"taxonomy":"product_tag","embeddable":true,"href":"https:\/\/berberedesign.com\/de\/wp-json\/wp\/v2\/product_tag?post=103793"}],"curies":[{"name":"wp","href":"https:\/\/api.w.org\/{rel}","templated":true}]}}