{"id":102502,"date":"2024-10-21T19:05:44","date_gmt":"2024-10-21T19:05:44","guid":{"rendered":"https:\/\/berberedesign.com\/full-white-leather-pouf-elegant-versatility-for-your-home\/"},"modified":"2025-02-28T16:43:32","modified_gmt":"2025-02-28T16:43:32","slug":"voller-weiser-lederpuff-elegante-vielseitigkeit-fur-ihr-zuhause","status":"publish","type":"product","link":"https:\/\/berberedesign.com\/de\/voller-weiser-lederpuff-elegante-vielseitigkeit-fur-ihr-zuhause\/","title":{"rendered":"Pouf aus wei\u00dfem Vollleder: Elegante Vielseitigkeit f\u00fcr Ihr Zuhause"},"content":{"rendered":"<div data-elementor-type=\"product-post\" data-elementor-id=\"102502\" class=\"elementor elementor-102502\" data-elementor-post-type=\"product\">\n\t\t\t\t<div class=\"elementor-element elementor-element-15ef188 e-flex e-con-boxed e-con e-parent\" data-id=\"15ef188\" data-element_type=\"container\">\n\t\t\t\t\t<div class=\"e-con-inner\">\n\t\t\t\t<div class=\"elementor-element elementor-element-4998f51 elementor-widget elementor-widget-text-editor\" data-id=\"4998f51\" data-element_type=\"widget\" data-widget_type=\"text-editor.default\">\n\t\t\t\t<div class=\"elementor-widget-container\">\n\t\t\t\t\t\t\t\t\t<p>Verwandeln Sie Ihren Wohnbereich mit unserem exquisiten Pouf aus wei\u00dfem Vollleder, der jedem Raum einen Hauch von Eleganz und Vielseitigkeit verleiht. Der aus hochwertigem, strapazierf\u00e4higem Leder gefertigte Pouf ist nicht nur ein stilvoller Akzent, sondern dient auch als zus\u00e4tzliche Sitzgelegenheit, gem\u00fctliche Fu\u00dfst\u00fctze oder schickes Dekorationselement.<\/p><p>Wesentliche Merkmale:<\/p><p>- Erstklassige Qualit\u00e4t: Hergestellt aus weichem, geschmeidigem Leder, das sowohl Komfort als auch Strapazierf\u00e4higkeit bietet, damit es dem t\u00e4glichen Gebrauch standh\u00e4lt.<\/p><p>- Vielseitiges Design: Die schlichte wei\u00dfe Oberfl\u00e4che passt nahtlos zu einer Vielzahl von Einrichtungsstilen, von modern bis minimalistisch, und ist damit eine ideale Erg\u00e4nzung f\u00fcr Ihr Zuhause.<\/p><p>- Leicht zu reinigen: Reinigen Sie den Hocker mit einem feuchten Tuch, um sein makelloses Aussehen zu bewahren, damit er immer frisch und neu aussieht.<\/p><p>Ganz gleich, ob Sie Ihr Wohnzimmer, Ihr Schlafzimmer oder Ihren Au\u00dfenbereich versch\u00f6nern m\u00f6chten, unser Pouf aus wei\u00dfem Vollleder ist die perfekte Wahl. Werten Sie Ihre Einrichtung auf und schaffen Sie eine stilvolle, einladende Atmosph\u00e4re mit diesem eleganten St\u00fcck.<\/p>\t\t\t\t\t\t\t\t<\/div>\n\t\t\t\t<\/div>\n\t\t\t\t\t<\/div>\n\t\t\t\t<\/div>\n\t\t\t\t<\/div>","protected":false},"excerpt":{"rendered":"<p>Versch\u00f6nern Sie Ihren Raum mit unserem Pouf aus wei\u00dfem Vollleder! Dieses schicke und vielseitige St\u00fcck aus hochwertigem Leder dient als zus\u00e4tzliche Sitzgelegenheit, als gem\u00fctliche Fu\u00dfst\u00fctze oder als stilvoller Akzent. Das schlichte wei\u00dfe Finish passt zu jedem Einrichtungsstil und ist somit die perfekte Erg\u00e4nzung f\u00fcr Ihr Zuhause. Verwandeln Sie Ihren Wohnbereich noch heute mit diesem eleganten und funktionalen Hocker!<\/p>\n<p>https:\/\/www.youtube.com\/watch?v=c_10xM47nDw<\/p>","protected":false},"featured_media":102496,"comment_status":"open","ping_status":"closed","template":"","meta":[],"product_brand":[],"product_cat":[234,301,302,204,232,236],"product_tag":[],"class_list":{"0":"post-102502","1":"product","2":"type-product","3":"status-publish","4":"has-post-thumbnail","6":"product_cat-best-sellers","7":"product_cat-leather","8":"product_cat-leather-poufs","9":"product_cat-moroccan-poufs","10":"product_cat-new-arrivals","11":"product_cat-sale-items","13":"first","14":"instock","15":"sale","16":"shipping-taxable","17":"purchasable","18":"product-type-variable"},"jetpack_sharing_enabled":true,"_links":{"self":[{"href":"https:\/\/berberedesign.com\/de\/wp-json\/wp\/v2\/product\/102502","targetHints":{"allow":["GET"]}}],"collection":[{"href":"https:\/\/berberedesign.com\/de\/wp-json\/wp\/v2\/product"}],"about":[{"href":"https:\/\/berberedesign.com\/de\/wp-json\/wp\/v2\/types\/product"}],"replies":[{"embeddable":true,"href":"https:\/\/berberedesign.com\/de\/wp-json\/wp\/v2\/comments?post=102502"}],"version-history":[{"count":7,"href":"https:\/\/berberedesign.com\/de\/wp-json\/wp\/v2\/product\/102502\/revisions"}],"predecessor-version":[{"id":106805,"href":"https:\/\/berberedesign.com\/de\/wp-json\/wp\/v2\/product\/102502\/revisions\/106805"}],"wp:featuredmedia":[{"embeddable":true,"href":"https:\/\/berberedesign.com\/de\/wp-json\/wp\/v2\/media\/102496"}],"wp:attachment":[{"href":"https:\/\/berberedesign.com\/de\/wp-json\/wp\/v2\/media?parent=102502"}],"wp:term":[{"taxonomy":"product_brand","embeddable":true,"href":"https:\/\/berberedesign.com\/de\/wp-json\/wp\/v2\/product_brand?post=102502"},{"taxonomy":"product_cat","embeddable":true,"href":"https:\/\/berberedesign.com\/de\/wp-json\/wp\/v2\/product_cat?post=102502"},{"taxonomy":"product_tag","embeddable":true,"href":"https:\/\/berberedesign.com\/de\/wp-json\/wp\/v2\/product_tag?post=102502"}],"curies":[{"name":"wp","href":"https:\/\/api.w.org\/{rel}","templated":true}]}}