{"id":102287,"date":"2024-04-11T23:34:02","date_gmt":"2024-04-11T23:34:02","guid":{"rendered":"https:\/\/berberedesign.com\/?post_type=product&#038;p=102287"},"modified":"2026-03-10T11:14:06","modified_gmt":"2026-03-10T11:14:06","slug":"runder-schwarzer-marokkanischer-hocker","status":"publish","type":"product","link":"https:\/\/berberedesign.com\/de\/runder-schwarzer-marokkanischer-hocker\/","title":{"rendered":"Saharan Eclipse : Runder schwarzer marokkanischer Hocker"},"content":{"rendered":"<p>Dieser runde, handgefertigte Hocker aus marokkanischem Leder verleiht Ihrem Wohnbereich einen Hauch von zeitloser Raffinesse. Dieser von erfahrenen Handwerkern gefertigte Hocker besteht aus hochwertigem echtem Leder in einem klassischen Schwarzton. Ob als Fu\u00dfst\u00fctze, zus\u00e4tzliche Sitzgelegenheit oder dekorativer Akzent, das schlichte Design und die robuste Konstruktion machen ihn zu einer perfekten Erg\u00e4nzung f\u00fcr moderne oder traditionelle Innenr\u00e4ume.<\/p>\n<ul>\n<li><strong>Authentische Handwerkskunst:<\/strong> Handgefertigt von marokkanischen Kunsthandwerkern mit Pr\u00e4zision und Sorgfalt.<\/li>\n<li><strong>Klassisch schwarzes Finish:<\/strong> Ein schlichter, neutraler Ton, der zu jedem Einrichtungsstil passt.<\/li>\n<li><strong>Vielseitige Funktionalit\u00e4t:<\/strong> Ideal f\u00fcr die Verwendung als Fu\u00dfst\u00fctze, zus\u00e4tzliche Sitzgelegenheit oder stilvolles Mittelst\u00fcck.<\/li>\n<li><strong>Strapazierf\u00e4hig und langlebig:<\/strong> Aus hochwertigem echtem Leder gefertigt, um eine jahrelange Nutzung zu gew\u00e4hrleisten.<\/li>\n<li><strong>Anspruchsvolles Design:<\/strong> Ein minimalistisches, aber elegantes St\u00fcck, das Tradition und Moderne verbindet.<\/li>\n<\/ul>\n<p>Versch\u00f6nern Sie Ihr Zuhause mit diesem schwarzen Hocker aus marokkanischem Leder, der eine perfekte Mischung aus Stil, Funktionalit\u00e4t und kulturellem Erbe darstellt.<\/p>\n<p><iframe title=\"Ein marokkanisches Handwerkstalent\" width=\"1200\" height=\"675\" src=\"https:\/\/www.youtube.com\/embed\/c_10xM47nDw?feature=oembed&#038;enablejsapi=1&#038;origin=https:\/\/berberedesign.com\" frameborder=\"0\" allow=\"accelerometer; autoplay; clipboard-write; encrypted-media; gyroscope; picture-in-picture; web-share\" referrerpolicy=\"strict-origin-when-cross-origin\" allowfullscreen><\/iframe><\/p>\n<p>&nbsp;<\/p>","protected":false},"excerpt":{"rendered":"<p>Erleben Sie die Eleganz der marokkanischen Kunst mit unserem Saharan Eclipse: Runder schwarzer marokkanischer Hocker. Dieser in perfekter Handarbeit gefertigte Pouf ist mehr als nur eine Sitzgelegenheit; er ist ein Statement der Raffinesse. Sein vielseitiger schwarzer Farbton und seine robuste Konstruktion machen ihn zu einer idealen Wahl f\u00fcr jeden Wohnbereich, da er als Sitzgelegenheit, Fu\u00dfst\u00fctze oder stilvoller Beistelltisch dient. Versch\u00f6nern Sie Ihr Zuhause mit diesem zeitlosen St\u00fcck, das das reiche Erbe Marokkos verk\u00f6rpert.<\/p>","protected":false},"featured_media":102400,"comment_status":"open","ping_status":"closed","template":"","meta":[],"product_brand":[],"product_cat":[234,202,302,204,232,236],"product_tag":[139,140],"class_list":{"0":"post-102287","1":"product","2":"type-product","3":"status-publish","4":"has-post-thumbnail","6":"product_cat-best-sellers","7":"product_cat-home-decor","8":"product_cat-leather-poufs","9":"product_cat-moroccan-poufs","10":"product_cat-new-arrivals","11":"product_cat-sale-items","12":"product_tag-moroccan-leather-pouf-cream","13":"product_tag-pouf-cream-moroccan-leather","14":"product_shipping_class-free","15":"description-off","17":"first","18":"instock","19":"sale","20":"shipping-taxable","21":"purchasable","22":"product-type-variable"},"jetpack_sharing_enabled":true,"_links":{"self":[{"href":"https:\/\/berberedesign.com\/de\/wp-json\/wp\/v2\/product\/102287","targetHints":{"allow":["GET"]}}],"collection":[{"href":"https:\/\/berberedesign.com\/de\/wp-json\/wp\/v2\/product"}],"about":[{"href":"https:\/\/berberedesign.com\/de\/wp-json\/wp\/v2\/types\/product"}],"replies":[{"embeddable":true,"href":"https:\/\/berberedesign.com\/de\/wp-json\/wp\/v2\/comments?post=102287"}],"version-history":[{"count":2,"href":"https:\/\/berberedesign.com\/de\/wp-json\/wp\/v2\/product\/102287\/revisions"}],"predecessor-version":[{"id":106810,"href":"https:\/\/berberedesign.com\/de\/wp-json\/wp\/v2\/product\/102287\/revisions\/106810"}],"wp:featuredmedia":[{"embeddable":true,"href":"https:\/\/berberedesign.com\/de\/wp-json\/wp\/v2\/media\/102400"}],"wp:attachment":[{"href":"https:\/\/berberedesign.com\/de\/wp-json\/wp\/v2\/media?parent=102287"}],"wp:term":[{"taxonomy":"product_brand","embeddable":true,"href":"https:\/\/berberedesign.com\/de\/wp-json\/wp\/v2\/product_brand?post=102287"},{"taxonomy":"product_cat","embeddable":true,"href":"https:\/\/berberedesign.com\/de\/wp-json\/wp\/v2\/product_cat?post=102287"},{"taxonomy":"product_tag","embeddable":true,"href":"https:\/\/berberedesign.com\/de\/wp-json\/wp\/v2\/product_tag?post=102287"}],"curies":[{"name":"wp","href":"https:\/\/api.w.org\/{rel}","templated":true}]}}