{"id":101918,"date":"2023-07-20T14:27:47","date_gmt":"2023-07-20T14:27:47","guid":{"rendered":"https:\/\/berberedesign.com\/?post_type=product&#038;p=101918"},"modified":"2025-02-28T16:43:41","modified_gmt":"2025-02-28T16:43:41","slug":"handgefertigte-marokkanische-rote-kissenbezuge","status":"publish","type":"product","link":"https:\/\/berberedesign.com\/de\/handgefertigte-marokkanische-rote-kissenbezuge\/","title":{"rendered":"Handgemachte marokkanische rote Kissenbez\u00fcge | Shop Custom Throw Pillows"},"content":{"rendered":"<p>Wir stellen Ihnen unsere exquisite Kollektion handgefertigter marokkanischer roter Kissenbez\u00fcge vor - die perfekte Erg\u00e4nzung f\u00fcr Ihr Heimdekor. Diese einzigartigen und aufwendig gestalteten Bez\u00fcge werden von geschickten Kunsthandwerkern sorgf\u00e4ltig hergestellt und spiegeln das reiche kulturelle Erbe Marokkos wider. Ganz gleich, ob Sie Ihrem Wohnzimmer, Schlafzimmer oder einem anderen Raum einen Hauch von Eleganz verleihen m\u00f6chten, unsere ma\u00dfgefertigten Kissen sind die ideale Wahl.<\/p>\n<p>Jeder Kissenbezug wird aus hochwertigen Materialien handgefertigt, die sorgf\u00e4ltig ausgew\u00e4hlt werden, um Haltbarkeit und Langlebigkeit zu gew\u00e4hrleisten. Das handwerkliche Geschick zeigt sich in den feinen Details, einschlie\u00dflich der komplizierten Stickereien, der leuchtenden Farben und der traditionellen Muster, die die Sch\u00f6nheit der marokkanischen Handwerkskunst pr\u00e4sentieren. Diese Bez\u00fcge sind ein wahres Zeugnis f\u00fcr das Talent und die Hingabe unserer Kunsthandwerker.<\/p>\n<p><img fetchpriority=\"high\" decoding=\"async\" class=\"aligncenter wp-image-101921 size-large\" src=\"https:\/\/berberedesign.com\/wp-content\/uploads\/2023\/07\/Handmade-Moroccan-Red-Cushion-Covers--1024x683.webp\" alt=\"Handgemachte marokkanische rote Kissenbez\u00fcge \" width=\"1024\" height=\"683\" title=\"\"><\/p>\n<p>Unsere marokkanischen Kissenbez\u00fcge sind nicht nur optisch ansprechend, sondern bieten auch au\u00dfergew\u00f6hnlichen Komfort und Halt. Sie sind so konzipiert, dass sie auf Kissen in Standardgr\u00f6\u00dfe passen, so dass Sie Ihre vorhandenen Kissen ganz einfach in fesselnde Statement-St\u00fccke verwandeln k\u00f6nnen. Die weiche und pl\u00fcschige Textur der Bez\u00fcge verleiht jedem Raum ein gem\u00fctliches und einladendes Element, in dem Sie sich stilvoll entspannen und erholen k\u00f6nnen.<\/p>\n<p>Was unsere handgefertigten marokkanischen Kissenbez\u00fcge auszeichnet, ist ihre Vielseitigkeit. Sie f\u00fcgen sich nahtlos in eine breite Palette von Einrichtungsstilen ein, von modern und zeitgen\u00f6ssisch bis hin zu b\u00f6hmisch und eklektisch. Ganz gleich, ob Sie eine minimalistische \u00c4sthetik oder einen lebendigen und eklektischen Look bevorzugen, unsere Kissenbez\u00fcge erg\u00e4nzen m\u00fchelos Ihren pers\u00f6nlichen Stil und Ihre bestehende Einrichtung.<\/p>\n<p>In unserem Gesch\u00e4ft legen wir gro\u00dfen Wert auf die Anpassung an Ihre individuellen W\u00fcnsche. Wir bieten eine gro\u00dfe Auswahl an Farbkombinationen, Mustern und Gr\u00f6\u00dfen, damit Sie die perfekte L\u00f6sung f\u00fcr Ihre Einrichtungsvorstellungen finden. Sie k\u00f6nnen verschiedene Designs miteinander kombinieren, um ein fesselndes Ensemble zu schaffen, oder ein einzelnes, herausragendes St\u00fcck w\u00e4hlen, das zum Mittelpunkt Ihres Raumes wird.<\/p>\n<p>Wenn Sie unsere handgefertigten marokkanischen Kissenbez\u00fcge kaufen, investieren Sie nicht nur in einen dekorativen Gegenstand, sondern unterst\u00fctzen auch die traditionelle Handwerkskunst und die Arbeit von Kunsthandwerkern. Wir haben uns zu fairen Handelspraktiken verpflichtet, um sicherzustellen, dass unsere Kunsthandwerker eine faire Entlohnung f\u00fcr ihre au\u00dfergew\u00f6hnlichen F\u00e4higkeiten und ihre harte Arbeit erhalten.<\/p>\n<p><img decoding=\"async\" class=\"aligncenter wp-image-101924 size-large\" src=\"https:\/\/berberedesign.com\/wp-content\/uploads\/2023\/07\/Handmade-Moroccan-Cushion-1024x683.webp\" alt=\"Handgefertigtes marokkanisches Kissen\" width=\"1024\" height=\"683\" title=\"\"><\/p>\n<p>Beleben Sie Ihr Zuhause mit der zeitlosen Eleganz des marokkanischen Designs, indem Sie unsere handgefertigten marokkanischen Kissenbez\u00fcge zu Ihrer Kollektion hinzuf\u00fcgen. Mit ihrer exquisiten Handwerkskunst, der hervorragenden Qualit\u00e4t und den anpassbaren Optionen sind diese Kissenbez\u00fcge ein Muss f\u00fcr jeden, der ein warmes und einladendes Ambiente in seinem Wohnbereich schaffen m\u00f6chte. Kaufen Sie jetzt und erleben Sie die Sch\u00f6nheit der marokkanischen Kunst in Ihrem Zuhause.<\/p>","protected":false},"excerpt":{"rendered":"<p>Werten Sie Ihr Zuhause mit unseren handgefertigten marokkanischen Kissenbez\u00fcgen auf. Diese ma\u00dfgeschneiderten Kissenbez\u00fcge zeichnen sich durch aufwendige Stickereien, leuchtende Farben und traditionelle Muster aus, die die Sch\u00f6nheit der marokkanischen Kunst einfangen. Sie werden aus hochwertigen Materialien hergestellt und bieten sowohl Komfort als auch Stil und passen m\u00fchelos zu jeder Inneneinrichtung. W\u00e4hlen Sie aus einer Vielzahl von Farben, Mustern und Gr\u00f6\u00dfen, um einen individuellen Look zu kreieren. Unterst\u00fctzen Sie mit jedem Kauf faire Handelspraktiken und unterst\u00fctzen Sie Kunsthandwerker. Verwandeln Sie Ihren Raum mit der zeitlosen Eleganz unserer handgefertigten marokkanischen Kissenbez\u00fcge. Kaufen Sie jetzt und holen Sie sich den Charme Marokkos in Ihr Zuhause.<\/p>","protected":false},"featured_media":101919,"comment_status":"open","ping_status":"closed","template":"","meta":[],"product_brand":[],"product_cat":[234,198,197,199,232,196,200,236,201],"product_tag":[],"class_list":{"0":"post-101918","1":"product","2":"type-product","3":"status-publish","4":"has-post-thumbnail","6":"product_cat-best-sellers","7":"product_cat-embroidered-cushions","8":"product_cat-handwoven-berber-pillows","9":"product_cat-kilim-pillow-covers","10":"product_cat-new-arrivals","11":"product_cat-pillows-and-cushions","12":"product_cat-pom-pom-cushions","13":"product_cat-sale-items","14":"product_cat-vintage-berber-pillows","15":"product_shipping_class-free","16":"description-off","18":"first","19":"instock","20":"featured","21":"shipping-taxable","22":"purchasable","23":"product-type-simple"},"jetpack_sharing_enabled":true,"_links":{"self":[{"href":"https:\/\/berberedesign.com\/de\/wp-json\/wp\/v2\/product\/101918","targetHints":{"allow":["GET"]}}],"collection":[{"href":"https:\/\/berberedesign.com\/de\/wp-json\/wp\/v2\/product"}],"about":[{"href":"https:\/\/berberedesign.com\/de\/wp-json\/wp\/v2\/types\/product"}],"replies":[{"embeddable":true,"href":"https:\/\/berberedesign.com\/de\/wp-json\/wp\/v2\/comments?post=101918"}],"version-history":[{"count":0,"href":"https:\/\/berberedesign.com\/de\/wp-json\/wp\/v2\/product\/101918\/revisions"}],"wp:featuredmedia":[{"embeddable":true,"href":"https:\/\/berberedesign.com\/de\/wp-json\/wp\/v2\/media\/101919"}],"wp:attachment":[{"href":"https:\/\/berberedesign.com\/de\/wp-json\/wp\/v2\/media?parent=101918"}],"wp:term":[{"taxonomy":"product_brand","embeddable":true,"href":"https:\/\/berberedesign.com\/de\/wp-json\/wp\/v2\/product_brand?post=101918"},{"taxonomy":"product_cat","embeddable":true,"href":"https:\/\/berberedesign.com\/de\/wp-json\/wp\/v2\/product_cat?post=101918"},{"taxonomy":"product_tag","embeddable":true,"href":"https:\/\/berberedesign.com\/de\/wp-json\/wp\/v2\/product_tag?post=101918"}],"curies":[{"name":"wp","href":"https:\/\/api.w.org\/{rel}","templated":true}]}}