{"id":101909,"date":"2023-07-20T13:21:25","date_gmt":"2023-07-20T13:21:25","guid":{"rendered":"https:\/\/berberedesign.com\/?post_type=product&#038;p=101909"},"modified":"2023-11-11T10:30:34","modified_gmt":"2023-11-11T10:30:34","slug":"handgefertigte-marokkanische-rote-kissenhulle","status":"publish","type":"product","link":"https:\/\/berberedesign.com\/de\/handgefertigte-marokkanische-rote-kissenhulle\/","title":{"rendered":"Handgefertigtes marokkanisches rotes Kissen Abdeckung-Sabra Seide Kissen"},"content":{"rendered":"<p>Verleihen Sie Ihrem Zuhause mit unserem handgefertigten marokkanischen roten Kissenbezug aus luxuri\u00f6ser Sabra-Seide einen Hauch von lebendiger Farbe und exotischem Charme. Dieses charmante Accessoire stammt aus dem Herzen Marokkos, einem Land, das f\u00fcr sein reiches Erbe und seine unvergleichliche Textilkunst bekannt ist.<\/p>\n<p>Dieser von einheimischen Kunsthandwerkern gefertigte Kissenbezug ist der Inbegriff marokkanischer \u00c4sthetik. Er ist in einem auff\u00e4lligen Rotton gef\u00e4rbt, der an die feurigen Sonnenunterg\u00e4nge von Marrakesch erinnert und jedem Raum einen einzigartigen und auff\u00e4lligen Akzent verleiht. Die Farbe ist nicht nur \u00e4sthetisch ansprechend: Rot gilt in der marokkanischen Kultur als Symbol des Lebens und der Freude und verleiht diesem wundersch\u00f6nen handgefertigten St\u00fcck noch mehr Tiefe.<\/p>\n<p><img fetchpriority=\"high\" decoding=\"async\" class=\"aligncenter wp-image-101913 size-large\" src=\"https:\/\/berberedesign.com\/wp-content\/uploads\/2023\/07\/Moroccan-Red-Cushion-Cover-1024x683.webp\" alt=\"Marokkanischer roter Kissenbezug\" width=\"1024\" height=\"683\" title=\"\"><\/p>\n<p>Die komplizierten Muster, die von jahrhundertealten Berbersymbolen inspiriert sind, werden sorgf\u00e4ltig von Hand gen\u00e4ht und verleihen dem Stoff eine besondere Struktur und F\u00fclle. Bei der verwendeten Sabra-Seide handelt es sich um eine Art Kaktusseide, die auch als \"Pflanzenseide\" bekannt ist. Sie ist unglaublich weich, aber dennoch strapazierf\u00e4hig und hypoallergen, was sie zu einer ausgezeichneten Wahl f\u00fcr Haushalte macht, die auf Allergene empfindlich reagieren.<\/p>\n<p>Unser Kissenbezug misst 18 x 18 Zoll, eine perfekte Gr\u00f6\u00dfe f\u00fcr Standard-Kopfkissen. Er verf\u00fcgt \u00fcber einen versteckten Rei\u00dfverschluss, der ein einfaches Abnehmen und Einlegen Ihres Kisseneinsatzes erm\u00f6glicht. Bitte beachten Sie, dass es sich um ein handgefertigtes Produkt handelt und leichte Abweichungen in Design, Farbe und Gr\u00f6\u00dfe zu erwarten sind, was jeden Bezug zu einem echten Unikat macht.<\/p>\n<p>Die Pflegehinweise sind einfach - nur Handw\u00e4sche oder chemische Reinigung. B\u00fcgeln Sie auf einer warmen Stufe. Nicht bleichen. Auf diese Weise bleiben die Farbe und die komplizierten Stickereien erhalten.<\/p>\n<p><img decoding=\"async\" class=\"aligncenter wp-image-101915 size-large\" src=\"https:\/\/berberedesign.com\/wp-content\/uploads\/2023\/07\/red-Sabra-Silk-Pillow-1024x683.webp\" alt=\"rotes Sabra Seidenkissen\" width=\"1024\" height=\"683\" title=\"\"><\/p>\n<p>Der handgefertigte marokkanische rote Kissenbezug: Sabra Silk Pillow bietet nicht nur Komfort, sondern erz\u00e4hlt auch eine Geschichte von reicher Tradition und Kunstfertigkeit. Es ist mehr als nur ein dekoratives Accessoire; es ist ein St\u00fcck marokkanisches Erbe, das direkt zu Ihnen nach Hause kommt. Warum also warten? Erg\u00e4nzen Sie Ihre Einrichtung mit diesem pr\u00e4chtigen Accessoire und lassen Sie sich von seiner Ausstrahlung und kulturellen Essenz verzaubern.<\/p>","protected":false},"excerpt":{"rendered":"<p>Tauchen Sie ein in die Essenz der marokkanischen Tradition mit unserem handgefertigten marokkanischen roten Kissenbezug. Dieses von erfahrenen Kunsthandwerkern aus luxuri\u00f6ser Sabra-Seide gewebte Accessoire ist in einem lebhaften Rotton gef\u00e4rbt und verleiht jedem Raum einen exotischen Touch. Mit seinen komplizierten, handgestickten Berbermustern und einem versteckten Rei\u00dfverschluss ist es nicht nur ein dekoratives St\u00fcck, sondern auch ein St\u00fcck marokkanisches Erbe in Ihrem Zuhause. Ma\u00dfe: 18 x 18 Zoll, passend f\u00fcr Standard-Kissen.<\/p>","protected":false},"featured_media":101911,"comment_status":"open","ping_status":"closed","template":"","meta":[],"product_brand":[],"product_cat":[234,198,197,199,232,196,200,236,201],"product_tag":[],"class_list":{"0":"post-101909","1":"product","2":"type-product","3":"status-publish","4":"has-post-thumbnail","6":"product_cat-best-sellers","7":"product_cat-embroidered-cushions","8":"product_cat-handwoven-berber-pillows","9":"product_cat-kilim-pillow-covers","10":"product_cat-new-arrivals","11":"product_cat-pillows-and-cushions","12":"product_cat-pom-pom-cushions","13":"product_cat-sale-items","14":"product_cat-vintage-berber-pillows","15":"product_shipping_class-free","16":"description-off","18":"first","19":"instock","20":"featured","21":"shipping-taxable","22":"purchasable","23":"product-type-simple"},"jetpack_sharing_enabled":true,"_links":{"self":[{"href":"https:\/\/berberedesign.com\/de\/wp-json\/wp\/v2\/product\/101909","targetHints":{"allow":["GET"]}}],"collection":[{"href":"https:\/\/berberedesign.com\/de\/wp-json\/wp\/v2\/product"}],"about":[{"href":"https:\/\/berberedesign.com\/de\/wp-json\/wp\/v2\/types\/product"}],"replies":[{"embeddable":true,"href":"https:\/\/berberedesign.com\/de\/wp-json\/wp\/v2\/comments?post=101909"}],"version-history":[{"count":1,"href":"https:\/\/berberedesign.com\/de\/wp-json\/wp\/v2\/product\/101909\/revisions"}],"predecessor-version":[{"id":105329,"href":"https:\/\/berberedesign.com\/de\/wp-json\/wp\/v2\/product\/101909\/revisions\/105329"}],"wp:featuredmedia":[{"embeddable":true,"href":"https:\/\/berberedesign.com\/de\/wp-json\/wp\/v2\/media\/101911"}],"wp:attachment":[{"href":"https:\/\/berberedesign.com\/de\/wp-json\/wp\/v2\/media?parent=101909"}],"wp:term":[{"taxonomy":"product_brand","embeddable":true,"href":"https:\/\/berberedesign.com\/de\/wp-json\/wp\/v2\/product_brand?post=101909"},{"taxonomy":"product_cat","embeddable":true,"href":"https:\/\/berberedesign.com\/de\/wp-json\/wp\/v2\/product_cat?post=101909"},{"taxonomy":"product_tag","embeddable":true,"href":"https:\/\/berberedesign.com\/de\/wp-json\/wp\/v2\/product_tag?post=101909"}],"curies":[{"name":"wp","href":"https:\/\/api.w.org\/{rel}","templated":true}]}}