{"id":101314,"date":"2023-06-15T19:03:15","date_gmt":"2023-06-15T19:03:15","guid":{"rendered":"https:\/\/berberedesign.com\/?post_type=product&#038;p=101314"},"modified":"2025-02-22T14:57:19","modified_gmt":"2025-02-22T14:57:19","slug":"cremefarbener-hocker-aus-marokkanischem-leder","status":"publish","type":"product","link":"https:\/\/berberedesign.com\/de\/cremefarbener-hocker-aus-marokkanischem-leder\/","title":{"rendered":"Opulenter Pouf aus marokkanischem Leder in Creme"},"content":{"rendered":"<h1>Lassen Sie sich von der zeitlosen Eleganz unseres runden Poufs aus marokkanischem Leder in Creme verzaubern.<\/h1>\n<p>Dieser exquisite Hocker, der in sorgf\u00e4ltiger Handarbeit von geschickten Kunsthandwerkern hergestellt wird, ist ein Beweis f\u00fcr die Sch\u00f6nheit der marokkanischen Handwerkskunst. Aus hochwertigem Leder gefertigt, strahlt er ein Gef\u00fchl von Luxus und Raffinesse aus. Das cremefarbene Leder passt zu einer Vielzahl von Einrichtungsstilen, von traditionell bis modern, und macht ihn zu einer vielseitigen Erg\u00e4nzung Ihres Wohnraums. Seine runde Form verleiht ihm einen charmanten und einladenden Touch und macht ihn zu einer gem\u00fctlichen Sitzgelegenheit oder einer stilvollen Fu\u00dfst\u00fctze.<\/p>\n<p>Dieser Hocker dient nicht nur als funktionales M\u00f6belst\u00fcck, sondern auch als dekorativer Akzent. Die aufwendigen N\u00e4hte und die Liebe zum Detail zeugen vom handwerklichen K\u00f6nnen des K\u00fcnstlers, w\u00e4hrend die nat\u00fcrlichen Variationen des Leders jedem Hocker Charakter und Einzigartigkeit verleihen. Ganz gleich, ob Sie ihn im Wohnzimmer, im Schlafzimmer oder in einer gem\u00fctlichen Leseecke platzieren, er wertet m\u00fchelos das Ambiente eines jeden Raumes auf.<\/p>\n<p>&nbsp;<\/p>\n<p>Bringen Sie einen Hauch von handgefertigtem Luxus in Ihr Zuhause mit unserem runden Pouf aus marokkanischem Leder in Creme. Erleben Sie die Sch\u00f6nheit, den Komfort und den dauerhaften Charme, den er in Ihren Wohnraum bringt und der Sie dazu einl\u00e4dt, sich zu entspannen und sich einen Moment der puren Entspannung zu g\u00f6nnen.<\/p>\n<p><iframe title=\"Ein marokkanisches Handwerkstalent\" width=\"1200\" height=\"675\" src=\"https:\/\/www.youtube.com\/embed\/c_10xM47nDw?feature=oembed&#038;enablejsapi=1&#038;origin=https:\/\/berberedesign.com\" frameborder=\"0\" allow=\"accelerometer; autoplay; clipboard-write; encrypted-media; gyroscope; picture-in-picture; web-share\" referrerpolicy=\"strict-origin-when-cross-origin\" allowfullscreen><\/iframe><\/p>\n<h3><strong>Zus\u00e4tzliche Informationen:\u00a0<\/strong><\/h3>\n<ul>\n<li>Produkttyp: Hocker aus Leder<\/li>\n<li>Material: Echtes Leder<\/li>\n<li>Ethisch: Ethisch handgefertigt, bestickt und gen\u00e4ht in Marokko.<\/li>\n<li>Herkunft: Marokko<\/li>\n<li>Farbe: Creme<\/li>\n<li>Abmessungen 53 x 53 x 32 cm<\/li>\n<li>Zustand: Unsere Lederhocker sind ungef\u00fcllt \/ gebrauchsfertig.<\/li>\n<\/ul>","protected":false},"excerpt":{"rendered":"<p>Versch\u00f6nern Sie Ihren Wohnbereich mit unserem runden Pouf aus marokkanischem Leder in Creme. Dieser handgefertigte Hocker vereint zeitlose Eleganz und luxuri\u00f6sen Komfort und verleiht jedem Raum einen Hauch von Raffinesse.<\/p>","protected":false},"featured_media":102387,"comment_status":"open","ping_status":"closed","template":"","meta":[],"product_brand":[],"product_cat":[234,202,302,204,232,236],"product_tag":[139,140],"class_list":{"0":"post-101314","1":"product","2":"type-product","3":"status-publish","4":"has-post-thumbnail","6":"product_cat-best-sellers","7":"product_cat-home-decor","8":"product_cat-leather-poufs","9":"product_cat-moroccan-poufs","10":"product_cat-new-arrivals","11":"product_cat-sale-items","12":"product_tag-moroccan-leather-pouf-cream","13":"product_tag-pouf-cream-moroccan-leather","14":"product_shipping_class-free","15":"description-off","17":"first","18":"instock","19":"sale","20":"shipping-taxable","21":"purchasable","22":"product-type-variable"},"jetpack_sharing_enabled":true,"_links":{"self":[{"href":"https:\/\/berberedesign.com\/de\/wp-json\/wp\/v2\/product\/101314","targetHints":{"allow":["GET"]}}],"collection":[{"href":"https:\/\/berberedesign.com\/de\/wp-json\/wp\/v2\/product"}],"about":[{"href":"https:\/\/berberedesign.com\/de\/wp-json\/wp\/v2\/types\/product"}],"replies":[{"embeddable":true,"href":"https:\/\/berberedesign.com\/de\/wp-json\/wp\/v2\/comments?post=101314"}],"version-history":[{"count":3,"href":"https:\/\/berberedesign.com\/de\/wp-json\/wp\/v2\/product\/101314\/revisions"}],"predecessor-version":[{"id":106813,"href":"https:\/\/berberedesign.com\/de\/wp-json\/wp\/v2\/product\/101314\/revisions\/106813"}],"wp:featuredmedia":[{"embeddable":true,"href":"https:\/\/berberedesign.com\/de\/wp-json\/wp\/v2\/media\/102387"}],"wp:attachment":[{"href":"https:\/\/berberedesign.com\/de\/wp-json\/wp\/v2\/media?parent=101314"}],"wp:term":[{"taxonomy":"product_brand","embeddable":true,"href":"https:\/\/berberedesign.com\/de\/wp-json\/wp\/v2\/product_brand?post=101314"},{"taxonomy":"product_cat","embeddable":true,"href":"https:\/\/berberedesign.com\/de\/wp-json\/wp\/v2\/product_cat?post=101314"},{"taxonomy":"product_tag","embeddable":true,"href":"https:\/\/berberedesign.com\/de\/wp-json\/wp\/v2\/product_tag?post=101314"}],"curies":[{"name":"wp","href":"https:\/\/api.w.org\/{rel}","templated":true}]}}