{"id":101255,"date":"2023-06-15T11:20:22","date_gmt":"2023-06-15T11:20:22","guid":{"rendered":"https:\/\/berberedesign.com\/?post_type=product&#038;p=101255"},"modified":"2025-06-22T03:13:13","modified_gmt":"2025-06-22T03:13:13","slug":"blauer-marokkanischer-teppich-beni-ourain","status":"publish","type":"product","link":"https:\/\/berberedesign.com\/de\/blauer-marokkanischer-teppich-beni-ourain\/","title":{"rendered":"Fesselnder blauer marokkanischer Teppich Beni Ourain"},"content":{"rendered":"<h1>Tauchen Sie ein in die Faszination des fesselnden blauen marokkanischen Teppichs Beni Ourain.<\/h1>\n<p>In sorgf\u00e4ltiger Handarbeit von geschickten Kunsthandwerkern im Herzen Marokkos gefertigt, zeigt dieser Teppich die zeitlose Sch\u00f6nheit und Kunstfertigkeit des Beni Ourain-Stammes. Der fesselnde Blauton dieses Teppichs ruft ein Gef\u00fchl der Ruhe und Gelassenheit hervor und verleiht Ihrem Raum ein erfrischendes Ambiente. Seine komplizierten geometrischen Muster und symbolischen Motive erz\u00e4hlen eine einzigartige Geschichte und spiegeln das reiche kulturelle Erbe und die Kunstfertigkeit wider, die hinter jedem handgewebten Meisterwerk stehen.<\/p>\n<p>Der aus hochwertiger Wolle gefertigte Teppich bietet eine \u00fcppig weiche und pl\u00fcschige Textur unter den F\u00fc\u00dfen und schafft eine gem\u00fctliche Oase in Ihrem Wohn-, Schlaf- oder Arbeitszimmer. Die nat\u00fcrlichen Farb- und Strukturvariationen der Wolle verst\u00e4rken den organischen Reiz des Teppichs und gew\u00e4hrleisten gleichzeitig seine Haltbarkeit und Langlebigkeit.<\/p>\n<p><img fetchpriority=\"high\" decoding=\"async\" class=\"aligncenter wp-image-101260 size-large\" src=\"https:\/\/berberedesign.com\/wp-content\/uploads\/2023\/06\/Blue-Moroccan-Rug-Beni-Ourain-design-1024x683.webp\" alt=\"Blauer marokkanischer Teppich Beni Ourain Design\" width=\"1024\" height=\"683\" title=\"\" srcset=\"https:\/\/berberedesign.com\/wp-content\/uploads\/2023\/06\/Blue-Moroccan-Rug-Beni-Ourain-design-1024x683.webp 1024w, https:\/\/berberedesign.com\/wp-content\/uploads\/2023\/06\/Blue-Moroccan-Rug-Beni-Ourain-design-300x200.webp 300w, https:\/\/berberedesign.com\/wp-content\/uploads\/2023\/06\/Blue-Moroccan-Rug-Beni-Ourain-design-768x512.webp 768w, https:\/\/berberedesign.com\/wp-content\/uploads\/2023\/06\/Blue-Moroccan-Rug-Beni-Ourain-design-18x12.webp 18w, https:\/\/berberedesign.com\/wp-content\/uploads\/2023\/06\/Blue-Moroccan-Rug-Beni-Ourain-design-1064x710.webp 1064w, https:\/\/berberedesign.com\/wp-content\/uploads\/2023\/06\/Blue-Moroccan-Rug-Beni-Ourain-design-20x13.webp 20w, https:\/\/berberedesign.com\/wp-content\/uploads\/2023\/06\/Blue-Moroccan-Rug-Beni-Ourain-design-64x43.webp 64w, https:\/\/berberedesign.com\/wp-content\/uploads\/2023\/06\/Blue-Moroccan-Rug-Beni-Ourain-design-1080x721.webp 1080w, https:\/\/berberedesign.com\/wp-content\/uploads\/2023\/06\/Blue-Moroccan-Rug-Beni-Ourain-design-980x654.webp 980w, https:\/\/berberedesign.com\/wp-content\/uploads\/2023\/06\/Blue-Moroccan-Rug-Beni-Ourain-design-480x320.webp 480w, https:\/\/berberedesign.com\/wp-content\/uploads\/2023\/06\/Blue-Moroccan-Rug-Beni-Ourain-design.webp 1280w\" sizes=\"(max-width: 1024px) 100vw, 1024px\"><\/p>\n<p>Der fesselnde blaue marokkanische Teppich Beni Ourain passt m\u00fchelos zu einer Vielzahl von Einrichtungsstilen, von zeitgen\u00f6ssisch bis b\u00f6hmisch und allem dazwischen. Dank seiner gro\u00dfz\u00fcgigen Gr\u00f6\u00dfe ist er ein fester Bestandteil des Raumes und ein fesselnder Blickfang, der Gespr\u00e4che anregt und die Aufmerksamkeit auf sich zieht.<\/p>\n<p>Werten Sie Ihr Zuhause mit der au\u00dfergew\u00f6hnlichen Sch\u00f6nheit des blauen marokkanischen Teppichs Beni Ourain auf. Lassen Sie sich von der exquisiten Handwerkskunst und der zeitlosen Eleganz dieses Teppichs begeistern, der die \u00c4sthetik Ihres Raumes aufwertet und eine harmonische Mischung aus Stil und Kultur schafft.<\/p>\n<h3><strong>Zus\u00e4tzliche Informationen:\u00a0<\/strong><\/h3>\n<p>Produkttyp: Handgefertigter Teppich<\/p>\n<p>Material: Wolle<\/p>\n<p>Zusammensetzung: 100% Wolle<\/p>\n<p>Stil: Beni ourain<\/p>\n<p>Farbe: Blau und Wei\u00df<\/p>\n<p>Gr\u00f6\u00dfe: 6,56 x 9,84 ft \/ 200\u00d7300 cm<\/p>\n<p>Hinweis: Da jeder Teppich von Hand gewebt wird, kann es zu leichten Abweichungen bei den Abmessungen und dem Gewicht kommen, was die Einzigartigkeit und den Charakter des Produkts noch verst\u00e4rkt.<\/p>\n<p>Wenn Sie ein bestimmtes Gewicht und Abmessungen f\u00fcr einen bestimmten Captivating Blue Moroccan Rug Beni Ourain ben\u00f6tigen, geben Sie bitte die gew\u00fcnschte Gr\u00f6\u00dfe oder das Modell an, und ich werde Ihnen gerne weiterhelfen.<\/p>","protected":false},"excerpt":{"rendered":"<p>Verwandeln Sie Ihren Raum mit dem fesselnden blauen marokkanischen Teppich Beni Ourain. Dieser exquisite Teppich kombiniert traditionelle marokkanische Handwerkskunst mit einer faszinierenden blauen Farbpalette und ist ein Highlight, das jedem Raum Tiefe und Charme verleiht.<\/p>","protected":false},"featured_media":101863,"comment_status":"open","ping_status":"closed","template":"","meta":[],"product_brand":[],"product_cat":[232,192,234,190,319,318],"product_tag":[132,131,128,133,130,134,129],"class_list":{"0":"post-101255","1":"product","2":"type-product","3":"status-publish","4":"has-post-thumbnail","6":"product_cat-new-arrivals","7":"product_cat-beni-ourain-rugs","8":"product_cat-best-sellers","9":"product_cat-rugs","10":"product_cat-rugs-wool-handcrafted-benches","11":"product_cat-wool","12":"product_tag-beni-ourain-rug","13":"product_tag-checkered-rug","14":"product_tag-green-and-white-checkered-rug","15":"product_tag-green-berber-rug","16":"product_tag-green-moroccan-rug","17":"product_tag-green-shag-rug","18":"product_tag-sage-green-moroccan-rug-beni-ourain","19":"product_shipping_class-free","20":"description-off","22":"first","23":"outofstock","24":"featured","25":"shipping-taxable","26":"purchasable","27":"product-type-simple"},"jetpack_sharing_enabled":true,"_links":{"self":[{"href":"https:\/\/berberedesign.com\/de\/wp-json\/wp\/v2\/product\/101255","targetHints":{"allow":["GET"]}}],"collection":[{"href":"https:\/\/berberedesign.com\/de\/wp-json\/wp\/v2\/product"}],"about":[{"href":"https:\/\/berberedesign.com\/de\/wp-json\/wp\/v2\/types\/product"}],"replies":[{"embeddable":true,"href":"https:\/\/berberedesign.com\/de\/wp-json\/wp\/v2\/comments?post=101255"}],"version-history":[{"count":1,"href":"https:\/\/berberedesign.com\/de\/wp-json\/wp\/v2\/product\/101255\/revisions"}],"predecessor-version":[{"id":105319,"href":"https:\/\/berberedesign.com\/de\/wp-json\/wp\/v2\/product\/101255\/revisions\/105319"}],"wp:featuredmedia":[{"embeddable":true,"href":"https:\/\/berberedesign.com\/de\/wp-json\/wp\/v2\/media\/101863"}],"wp:attachment":[{"href":"https:\/\/berberedesign.com\/de\/wp-json\/wp\/v2\/media?parent=101255"}],"wp:term":[{"taxonomy":"product_brand","embeddable":true,"href":"https:\/\/berberedesign.com\/de\/wp-json\/wp\/v2\/product_brand?post=101255"},{"taxonomy":"product_cat","embeddable":true,"href":"https:\/\/berberedesign.com\/de\/wp-json\/wp\/v2\/product_cat?post=101255"},{"taxonomy":"product_tag","embeddable":true,"href":"https:\/\/berberedesign.com\/de\/wp-json\/wp\/v2\/product_tag?post=101255"}],"curies":[{"name":"wp","href":"https:\/\/api.w.org\/{rel}","templated":true}]}}