{"id":100363,"date":"2023-05-22T16:18:06","date_gmt":"2023-05-22T16:18:06","guid":{"rendered":"https:\/\/berberedesign.com\/?post_type=product&#038;p=100363"},"modified":"2025-02-22T17:24:20","modified_gmt":"2025-02-22T17:24:20","slug":"marokkanische-tifinagh-zeichen-teppich-azilal-teppich","status":"publish","type":"product","link":"https:\/\/berberedesign.com\/de\/marokkanische-tifinagh-zeichen-teppich-azilal-teppich\/","title":{"rendered":"Exquisite marokkanische Tifinagh Zeichen Teppich - Azilal Meisterwerk"},"content":{"rendered":"<p>[et_pb_section fb_built=\"1\u2033 _builder_version=\"4.16\u2033 custom_padding=\"0px||||false|false\" global_colors_info=\"{}\"][et_pb_row _builder_version=\"4.16\u2033 background_size=\"initial\" background_position=\"top_left\" background_repeat=\"repeat\" width=\"100%\" custom_padding=\"0px||0px||false|false\" global_colors_info=\"{}\"][et_pb_column type=\"4_4\u2033 _builder_version=\"4.16\u2033 custom_padding=\"|||\" global_colors_info=\"{}\" custom_padding__hover=\"|||\"][et_pb_wc_breadcrumb _builder_version=\"4.16\u2033 global_colors_info=\"{}\"][\/et_pb_wc_breadcrumb][et_pb_wc_cart_notice _builder_version=\"4.16\u2033 global_colors_info=\"{}\"][\/et_pb_wc_cart_notice][\/et_pb_column][\/et_pb_row][et_pb_row column_structure=\"1_2,1_2\u2033 _builder_version=\"4.16\u2033 background_size=\"initial\" background_position=\"top_left\" background_repeat=\"repeat\" width=\"100%\" custom_padding=\"0px||||false|false\" global_colors_info=\"{}\"][et_pb_column type=\"1_2\u2033 _builder_version=\"4.16\u2033 custom_padding=\"|||\" global_colors_info=\"{}\" custom_padding__hover=\"|||\"][et_pb_wc_images _builder_version=\"4.16\u2033 global_colors_info=\"{}\"][\/et_pb_wc_images][\/et_pb_column][et_pb_column type=\"1_2\u2033 _builder_version=\"4.16\u2033 custom_padding=\"|||\" global_colors_info=\"{}\" custom_padding__hover=\"|||\"][et_pb_wc_title _builder_version=\"4.16\u2033 global_colors_info=\"{}\"][\/et_pb_wc_title][et_pb_wc_rating _builder_version=\"4.16\u2033 global_colors_info=\"{}\"][\/et_pb_wc_rating][et_pb_wc_price _builder_version=\"4.16\u2033 global_colors_info=\"{}\"][\/et_pb_wc_price][et_pb_wc_description _builder_version=\"4.16\u2033 global_colors_info=\"{}\"][\/et_pb_wc_description][et_pb_wc_add_to_cart _builder_version=\"4.16\u2033 global_colors_info=\"{}\"][\/et_pb_wc_add_to_cart][et_pb_wc_meta _builder_version=\"4.16\u2033 global_colors_info=\"{}\"][\/et_pb_wc_meta][\/et_pb_column][\/et_pb_row][et_pb_row _builder_version=\"4.16\u2033 background_size=\"initial\" background_position=\"top_left\" background_repeat=\"repeat\" width=\"100%\" global_colors_info=\"{}\"][et_pb_column type=\"4_4\u2033 _builder_version=\"4.16\u2033 custom_padding=\"|||\" global_colors_info=\"{}\" custom_padding__hover=\"|||\"][et_pb_wc_tabs _builder_version=\"4.16\u2033 global_colors_info=\"{}\"] [\/et_pb_wc_tabs][et_pb_wc_upsells _builder_version=\"4.16\u2033 global_colors_info=\"{}\"][\/et_pb_wc_upsells][et_pb_wc_related_products _builder_version=\"4.16\u2033 global_colors_info=\"{}\"][\/et_pb_wc_related_products][\/et_pb_column][\/et_pb_row][\/et_pb_section]<\/p>","protected":false},"excerpt":{"rendered":"<p><strong>Marokkanischer Tifinagh-Charaktere-Teppich<\/strong> &#8211; <strong>Azilal-Teppich<\/strong>. ist ein wundersch\u00f6nes und einzigartiges Kunstwerk, das in Geschichte und Kultur verwurzelt ist. Die Verwendung von Tifinagh-Zeichen und die abstrakten geometrischen Muster machen diesen Teppich zu einem einzigartigen St\u00fcck, das jedem Raum einen Hauch von Eleganz verleihen kann. Die Handwerkskunst und die Liebe zum Detail, die in die Herstellung dieser Teppiche einflie\u00dfen, sind wirklich bemerkenswert, und es ist kein Wunder, dass sie bei Sammlern und Innenarchitekten gleicherma\u00dfen sehr begehrt sind. Wenn Sie auf der Suche nach einem Teppich sind, der nicht nur sch\u00f6n ist, sondern auch eine reiche kulturelle Bedeutung hat, dann ist der Tifinagh Characters Rug - Azilal Rug die perfekte Wahl.<\/p>","protected":false},"featured_media":101866,"comment_status":"open","ping_status":"closed","template":"","meta":[],"product_brand":[],"product_cat":[234,193,232,190,319,236,318],"product_tag":[],"class_list":{"0":"post-100363","1":"product","2":"type-product","3":"status-publish","4":"has-post-thumbnail","6":"product_cat-best-sellers","7":"product_cat-azilal-rugs","8":"product_cat-new-arrivals","9":"product_cat-rugs","10":"product_cat-rugs-wool-handcrafted-benches","11":"product_cat-sale-items","12":"product_cat-wool","13":"product_shipping_class-free","14":"description-off","16":"first","17":"instock","18":"featured","19":"shipping-taxable","20":"purchasable","21":"product-type-simple"},"jetpack_sharing_enabled":true,"_links":{"self":[{"href":"https:\/\/berberedesign.com\/de\/wp-json\/wp\/v2\/product\/100363","targetHints":{"allow":["GET"]}}],"collection":[{"href":"https:\/\/berberedesign.com\/de\/wp-json\/wp\/v2\/product"}],"about":[{"href":"https:\/\/berberedesign.com\/de\/wp-json\/wp\/v2\/types\/product"}],"replies":[{"embeddable":true,"href":"https:\/\/berberedesign.com\/de\/wp-json\/wp\/v2\/comments?post=100363"}],"version-history":[{"count":1,"href":"https:\/\/berberedesign.com\/de\/wp-json\/wp\/v2\/product\/100363\/revisions"}],"predecessor-version":[{"id":105322,"href":"https:\/\/berberedesign.com\/de\/wp-json\/wp\/v2\/product\/100363\/revisions\/105322"}],"wp:featuredmedia":[{"embeddable":true,"href":"https:\/\/berberedesign.com\/de\/wp-json\/wp\/v2\/media\/101866"}],"wp:attachment":[{"href":"https:\/\/berberedesign.com\/de\/wp-json\/wp\/v2\/media?parent=100363"}],"wp:term":[{"taxonomy":"product_brand","embeddable":true,"href":"https:\/\/berberedesign.com\/de\/wp-json\/wp\/v2\/product_brand?post=100363"},{"taxonomy":"product_cat","embeddable":true,"href":"https:\/\/berberedesign.com\/de\/wp-json\/wp\/v2\/product_cat?post=100363"},{"taxonomy":"product_tag","embeddable":true,"href":"https:\/\/berberedesign.com\/de\/wp-json\/wp\/v2\/product_tag?post=100363"}],"curies":[{"name":"wp","href":"https:\/\/api.w.org\/{rel}","templated":true}]}}