{"id":100325,"date":"2023-05-20T18:31:59","date_gmt":"2023-05-20T18:31:59","guid":{"rendered":"https:\/\/berberedesign.com\/?post_type=product&#038;p=100325"},"modified":"2026-02-26T23:08:31","modified_gmt":"2026-02-26T23:08:31","slug":"verzierter-handgefertigter-marokkanischer-echter-lederhocker-rund-braun","status":"publish","type":"product","link":"https:\/\/berberedesign.com\/de\/verzierter-handgefertigter-marokkanischer-echter-lederhocker-rund-braun\/","title":{"rendered":"Verzierter handgefertigter marokkanischer Pouf aus echtem Leder rund - braun"},"content":{"rendered":"<p>Dieser kunstvoll gestaltete runde Hocker aus marokkanischem Leder wertet Ihre Einrichtung auf. Er wird von erfahrenen Handwerkern handgefertigt und zeichnet sich durch exquisite Handwerkskunst und hochwertiges echtes Leder in einem warmen Braunton aus. Dieser Hocker eignet sich perfekt als Fu\u00dfst\u00fctze, zus\u00e4tzliche Sitzgelegenheit oder dekorativer Akzent und bringt eine Mischung aus Tradition und modernem Stil in Ihren Wohnraum.<\/p>\n<ul>\n<li><strong>Authentische Handwerkskunst:<\/strong> Handgefertigt von marokkanischen Kunsthandwerkern, die f\u00fcr einzigartige und hochwertige Details sorgen.<\/li>\n<li><strong>Premium-Echtleder:<\/strong> Hergestellt aus strapazierf\u00e4higem, echtem Leder in sattem Braun.<\/li>\n<li><strong>Verschn\u00f6rkelte Details:<\/strong> Die verschlungenen Muster spiegeln die Sch\u00f6nheit der marokkanischen Kunstfertigkeit wider.<\/li>\n<li><strong>Vielseitig einsetzbar:<\/strong> Ideal als Fu\u00dfst\u00fctze, zus\u00e4tzliche Sitzgelegenheit oder als Blickfang in jedem Raum.<\/li>\n<li><strong>Langlebig und funktionell:<\/strong> Die robuste Konstruktion gew\u00e4hrleistet eine lange Nutzungsdauer und zeitlose Attraktivit\u00e4t.<\/li>\n<\/ul>\n<p>Dieser kunstvolle Hocker aus marokkanischem Leder verbindet kulturelles Erbe mit moderner Funktionalit\u00e4t und ist damit die perfekte Erg\u00e4nzung f\u00fcr Ihr Zuhause.<\/p>\n<p><iframe title=\"Ein marokkanisches Handwerkstalent\" width=\"1200\" height=\"675\" src=\"https:\/\/www.youtube.com\/embed\/c_10xM47nDw?feature=oembed&#038;enablejsapi=1&#038;origin=https:\/\/berberedesign.com\" frameborder=\"0\" allow=\"accelerometer; autoplay; clipboard-write; encrypted-media; gyroscope; picture-in-picture; web-share\" referrerpolicy=\"strict-origin-when-cross-origin\" allowfullscreen><\/iframe><\/p>","protected":false},"excerpt":{"rendered":"<p>Erleben Sie den Inbegriff von Gro\u00dfz\u00fcgigkeit mit dem <strong>Verzierter handgefertigter marokkanischer Pouf aus echtem Leder Rund<\/strong>. Die geschickten marokkanischen Handwerker haben jedes St\u00fcck sorgf\u00e4ltig gefertigt. <strong>runder Lederhocker Braun<\/strong>Das Ergebnis ist ein unverwechselbares und einzigartiges St\u00fcck. Der Hocker bietet eine unvergleichliche Qualit\u00e4t, vielseitige Formen und ein kompliziertes Design, dem man nur schwer widerstehen kann.<\/p>","protected":false},"featured_media":102411,"comment_status":"open","ping_status":"closed","template":"","meta":[],"product_brand":[],"product_cat":[234,202,302,204,232,236],"product_tag":[],"class_list":{"0":"post-100325","1":"product","2":"type-product","3":"status-publish","4":"has-post-thumbnail","6":"product_cat-best-sellers","7":"product_cat-home-decor","8":"product_cat-leather-poufs","9":"product_cat-moroccan-poufs","10":"product_cat-new-arrivals","11":"product_cat-sale-items","12":"product_shipping_class-free","13":"description-off","15":"first","16":"instock","17":"sale","18":"shipping-taxable","19":"purchasable","20":"product-type-variable"},"jetpack_sharing_enabled":true,"_links":{"self":[{"href":"https:\/\/berberedesign.com\/de\/wp-json\/wp\/v2\/product\/100325","targetHints":{"allow":["GET"]}}],"collection":[{"href":"https:\/\/berberedesign.com\/de\/wp-json\/wp\/v2\/product"}],"about":[{"href":"https:\/\/berberedesign.com\/de\/wp-json\/wp\/v2\/types\/product"}],"replies":[{"embeddable":true,"href":"https:\/\/berberedesign.com\/de\/wp-json\/wp\/v2\/comments?post=100325"}],"version-history":[{"count":3,"href":"https:\/\/berberedesign.com\/de\/wp-json\/wp\/v2\/product\/100325\/revisions"}],"predecessor-version":[{"id":106814,"href":"https:\/\/berberedesign.com\/de\/wp-json\/wp\/v2\/product\/100325\/revisions\/106814"}],"wp:featuredmedia":[{"embeddable":true,"href":"https:\/\/berberedesign.com\/de\/wp-json\/wp\/v2\/media\/102411"}],"wp:attachment":[{"href":"https:\/\/berberedesign.com\/de\/wp-json\/wp\/v2\/media?parent=100325"}],"wp:term":[{"taxonomy":"product_brand","embeddable":true,"href":"https:\/\/berberedesign.com\/de\/wp-json\/wp\/v2\/product_brand?post=100325"},{"taxonomy":"product_cat","embeddable":true,"href":"https:\/\/berberedesign.com\/de\/wp-json\/wp\/v2\/product_cat?post=100325"},{"taxonomy":"product_tag","embeddable":true,"href":"https:\/\/berberedesign.com\/de\/wp-json\/wp\/v2\/product_tag?post=100325"}],"curies":[{"name":"wp","href":"https:\/\/api.w.org\/{rel}","templated":true}]}}