{"id":92237,"date":"2021-07-15T05:04:22","date_gmt":"2021-07-15T05:04:22","guid":{"rendered":"https:\/\/divifurnitureshop.divifixer.com\/?page_id=24"},"modified":"2023-06-12T17:53:09","modified_gmt":"2023-06-12T17:53:09","slug":"faq","status":"publish","type":"page","link":"https:\/\/berberedesign.com\/de\/faq\/","title":{"rendered":"Faq"},"content":{"rendered":"<p>[et_pb_section fb_built=\"1\u2033 custom_padding_last_edited=\"on|phone\" _builder_version=\"4.16\u2033 _module_preset=\"default\" background_enable_color=\"off\" use_background_color_gradient=\"on\" background_color_gradient_direction=\"90deg\" background_color_gradient_stops=\"rgba(0,0,0,0.67) 40%|rgba(255,255,255,0) 90%\" background_color_gradient_start=\"rgba(0,0,0,0.67)\" background_color_gradient_start_position=\"40%\" background_color_gradient_end=\"rgba(255,255,255,0)\" background_color_gradient_end_position=\"90%\" background_image=\"https:\/\/berberedesign.com\/wp-content\/uploads\/2023\/05\/furniture-09.jpg\" background_position=\"center_right\" background_blend=\"overlay\" custom_padding_tablet=\"30px||30px||true|false\" custom_padding_phone=\"20px||20px||true|false\" global_colors_info=\"{}\"][et_pb_row use_custom_gutter=\"on\" make_equal=\"on\" _builder_version=\"4.16\u2033 _module_preset=\"default\" width=\"90%\" max_width=\"1400px\" custom_padding=\"||0px|||\" global_colors_info=\"{}\"][et_pb_column type=\"4_4\u2033 _builder_version=\"4.16\u2033 _module_preset=\"default\" global_colors_info=\"{}\" custom_css_main_element_last_edited=\"on|phone\" custom_css_main_element_tablet=\"padding-bottom:10px;\" custom_css_main_element_phone=\"margin-bottom:0px;\"][et_pb_text _builder_version=\"4.16\u2033 _module_preset=\u201d020b907f-3824-4cde-9bfc-199ac70a11cd\" text_font=\"|||on|||||\" text_font_size=\"18px\" text_letter_spacing=\"1px\" link_font=\"||||||||\" ul_font=\"||||||||\" ol_font=\"||||||||\" quote_font=\"||||||||\" header_font=\"||||||||\" header_2_font=\"||||||||\" header_3_font=\"||||||||\" header_4_font=\"||||||||\" header_5_font=\"||||||||\" header_6_font=\"||||||||\" custom_margin=\"||15px||false|false\" custom_margin_tablet=\"||10px||false|false\" custom_margin_phone=\"||5px||false|false\" custom_margin_last_edited=\"on|desktop\" text_font_size_tablet=\"15px\" text_font_size_phone=\"\" text_font_size_last_edited=\"on|phone\" text_orientation_tablet=\"center\" text_orientation_last_edited=\"off|tablet\" custom_css_main_element=\"color:var(-color-1); \" global_colors_info=\"{}\"]M\u00f6bel Shop[\/et_pb_text][et_pb_text _builder_version=\"4.21.0\u2033 _module_preset=\u201dc5e1c558-cbbf-4f46-917f-13388175cc27\u2033 text_font=\"||||||||\" text_text_color=\"#FFFFFF\" text_font_size=\"20px\" text_line_height=\"30px\" link_font=\"||||||||\" ul_font=\"||||||||\" ol_font=\"||||||||\" quote_font=\"||||||||\" header_font=\"||||||||\" header_text_align=\"left\" header_2_font=\"|700||auf|||||\" header_2_text_align=\"left\" header_2_text_color=\"#FFFFFF\" header_2_font_size=\"42px\" header_2_letter_spacing=\"2px\" header_3_font=\"||||||||\" header_4_font=\"|700|||||||\" header_4_text_color=\"#58595b\" header_4_font_size=\"50px\" header_5_font=\"||||||||\" header_6_font=\"||||||||\" custom_margin_tablet=\"||0px||false|false\" custom_margin_phone=\"||0px||false|false\" custom_margin_last_edited=\"on|phone\" hover_enabled=\"0\u2033 header_2_font_size_tablet=\"40px\" header_2_font_size_phone=\"35px\" header_2_font_size_last_edited=\"on|phone\" header_2_line_height_tablet=\"40px\" header_2_line_height_phone=\"40px\" header_2_line_height_last_edited=\"on|tablet\" header_4_font_size_tablet=\"40px\" header_4_font_size_phone=\"35px\" header_4_font_size_last_edited=\"on|phone\" header_4_line_height_tablet=\"40px\" header_4_line_height_phone=\"40px\" header_4_line_height_last_edited=\"on|tablet\" text_orientation_tablet=\"center\" text_orientation_last_edited=\"off|tablet\" global_colors_info=\"{}\" sticky_enabled=\"0\u2033]<\/p>\n<h2>Unser <strong>FAQ<\/strong>s<\/h2>\n<p>H\u00e4ufig gestellte Fragen\u00a0<\/p>\n<p>[\/et_pb_text][et_pb_divider color=\u201drgba(229,222,226,0.13)\u201d _builder_version=\"4.16\u2033 _module_preset=\"default\" min_height=\"2px\" height=\"2px\" custom_margin=\"10px||5px||false|false\" custom_padding=\"||0px|||false|false\" global_colors_info=\"{}\"][\/et_pb_divider][et_pb_button button_url=\"@ET-DC@eyJkeW5hbWljIjp0cnVlLCJjb250ZW50IjoiaG9tZV91cmwiLCJzZXR0aW5ncyI6e319@\" button_text=\"home \" button_alignment=\"left\" button_alignment_tablet=\"left\" button_alignment_phone=\"\" button_alignment_last_edited=\"on|phone\" _builder_version=\"4.16\u2033 _dynamic_attributes=\"button_url\" _module_preset=\"default\" custom_button=\"on\" button_text_size=\"14px\" button_border_width=\"0px\" button_border_color=\"#42b4b0\u2033 button_border_radius=\"30px\" button_font=\"|||on|||||\" button_icon=\"9||divi||400\u2033 button_on_hover=\"off\" custom_margin_tablet=\"0px||||false|false\" custom_margin_phone=\"\" custom_margin_last_edited=\"on|desktop\" custom_padding=\"5px|0px|5px|5px|true|false|on\" custom_css_main_element=\"float:left;color:var(-color-1);\t\" global_colors_info=\"{}\" button_bg_color__hover=\"\" button_bg_color__hover_enabled=\"on|hover\" button_border_color__hover=\"#58595b\" button_border_color__hover_enabled=\"on|hover\" button_letter_spacing__hover=\"0px\" button_letter_spacing__hover_enabled=\"on|hover\" button_bg_enable_color__hover=\"off\"][\/et_pb_button][et_pb_button button_text=\"@ET-DC@eyJkeW5hbWljIjp0cnVlLCJjb250ZW50IjoicG9zdF90aXRsZSIsInNldHRpbmdzIjp7ImJlZm9yZSI6IiIsImFmdGVyIjoiIn19@\" button_alignment=\"left\" button_alignment_tablet=\"left\" button_alignment_phone=\"\" button_alignment_last_edited=\"on|phone\" _builder_version=\"4.16\u2033 _dynamic_attributes=\"button_text\" _module_preset=\"default\" custom_button=\"on\" button_text_size=\"14px\" button_text_color=\"#FFFFFF\" button_border_width=\"0px\" button_border_color=\"#000000\u2033 button_border_radius=\"30px\" button_font=\"|||on|||||\" button_use_icon=\"off\" custom_margin=\"-29px||||false|false\" custom_margin_tablet=\"-20px||||false|false\" custom_margin_phone=\"\" custom_margin_last_edited=\"on|desktop\" custom_padding=\"0px|30px|10px|30px|false|true|on\" custom_css_main_element=\"float:left;\u201d global_colors_info=\u201d{}\u201d button_bg_color__hover=\u201drgba(255,255,255,0)\" button_bg_color__hover_enabled=\"on|hover\" button_border_color__hover=\"#58595b\" button_border_color__hover_enabled=\"on|hover\" button_letter_spacing__hover=\"1px\" button_letter_spacing__hover_enabled=\"on|hover\" button_text_color__hover_enabled=\"off|desktop\" button_text_color__hover=\"#42b4b0\u2033 button_bg_enable_color__hover=\"on\"][\/et_pb_button][\/et_pb_column][\/et_pb_row][\/et_pb_section][et_pb_section fb_built=\"1\u2033 custom_padding_last_edited=\"on|tablet\" _builder_version=\"4.16\u2033 _module_preset=\"default\" custom_padding=\"||20px||false|false\" custom_padding_tablet=\"10px||20px||false|false\" custom_padding_phone=\"\" global_colors_info=\"{}\"][et_pb_row use_custom_gutter=\"on\" gutter_width=\"2\u2033 make_equal=\"on\" _builder_version=\"4.16\u2033 _module_preset=\"default\" width=\"90%\" max_width=\"1400px\" global_colors_info=\"{}\"][et_pb_column type=\"4_4\u2033 _builder_version=\"4.16\u2033 _module_preset=\"default\" global_colors_info=\"{}\"][et_pb_text _builder_version=\"4.16\u2033 _module_preset=\"default\" text_font_size=\"20px\" text_line_height=\"27px\" custom_css_main_element=\"color:var(-color-2); \" global_colors_info=\"{}\"]<span style=\"font-size:35px;font-weight:700\">01. <\/span>SHOPPING INFORMATION[\/et_pb_text][\/et_pb_column][\/et_pb_row][et_pb_row column_structure=\"1_2,1_2\u2033 use_custom_gutter=\"on\" gutter_width=\"2\u2033 custom_padding_last_edited=\"on|tablet\" _builder_version=\"4.16\u2033 _module_preset=\"default\" width=\"90%\" max_width=\"1300px\" custom_padding_tablet=\"0px||||false|false\" custom_padding_phone=\"\" global_colors_info=\"{}\"][et_pb_column type=\"1_2\u2033 _builder_version=\"4.16\u2033 _module_preset=\"default\" global_colors_info=\"{}\"][et_pb_accordion module_class=\"dct_faq\" _builder_version=\"4.21.0\u2033 _module_preset=\"default\" hover_enabled=\"0\u2033 global_colors_info=\"{}\" sticky_enabled=\"0\u2033][et_pb_accordion_item title=\"Was ist Berberedesign.com?\" open=\"on\" _builder_version=\"4.21.0\u2033 _module_preset=\"default\" hover_enabled=\"0\u2033 global_colors_info=\"{}\" sticky_enabled=\"0\u2033]<\/p>\n<p><span>Berberedesign.com ist ein Online-Shop, der sich auf authentische marokkanische Teppiche, Poufs, Kissen und Decken spezialisiert hat. Wir bieten eine gro\u00dfe Auswahl an wundersch\u00f6nen handgefertigten Produkten, die direkt aus Marokko bezogen werden.<\/span><\/p>\n<p>[\/et_pb_accordion_item][et_pb_accordion_item title=\"Haben Sie ein physisches Gesch\u00e4ft, in dem ich die Produkte pers\u00f6nlich sehen kann?\" _builder_version=\"4.21.0\u2033 _module_preset=\"default\" hover_enabled=\"0\u2033 global_colors_info=\"{}\" open=\"off\" sticky_enabled=\"0\u2033]<\/p>\n<p><span>Wir betreiben ausschlie\u00dflich einen Online-Shop. Wir bem\u00fchen uns jedoch, detaillierte Produktbeschreibungen, hochwertige Bilder und genaue Ma\u00dfangaben bereitzustellen, damit Sie eine fundierte Kaufentscheidung treffen k\u00f6nnen.<\/span><\/p>\n<p>[\/et_pb_accordion_item][et_pb_accordion_item title=\"Wie kann ich die Gr\u00f6\u00dfe eines marokkanischen Teppichs vor dem Kauf bestimmen?\" _builder_version=\"4.21.0\u2033 _module_preset=\"default\" hover_enabled=\"0\u2033 global_colors_info=\"{}\" open=\"off\" sticky_enabled=\"0\u2033]<\/p>\n<p><span>Jeder Teppich auf unserer Website ist mit Abmessungen versehen. Sie k\u00f6nnen den Bereich, in dem Sie den Teppich platzieren m\u00f6chten, ausmessen und mit den angegebenen Ma\u00dfen vergleichen, um die richtige Passform zu gew\u00e4hrleisten.<\/span><\/p>\n<p>[\/et_pb_accordion_item][\/et_pb_accordion][\/et_pb_column][et_pb_column type=\"1_2\u2033 _builder_version=\"4.16\u2033 _module_preset=\"default\" global_colors_info=\"{}\"][et_pb_accordion module_class=\"dct_faq\" _builder_version=\"4.21.0\u2033 _module_preset=\"default\" hover_enabled=\"0\u2033 global_colors_info=\"{}\" sticky_enabled=\"0\u2033][et_pb_accordion_item title=\"Sind die Produkte auf Berberedesign.com handgemacht?\" open=\"on\" _builder_version=\"4.21.0\u2033 _module_preset=\"default\" hover_enabled=\"0\u2033 global_colors_info=\"{}\" sticky_enabled=\"0\u2033]<\/p>\n<p><span>Ja, alle unsere Produkte, einschlie\u00dflich marokkanischer Teppiche, Hocker, Kissen und Decken, werden in sorgf\u00e4ltiger Handarbeit von geschickten Kunsthandwerkern in Marokko hergestellt. Jedes St\u00fcck wird mit viel Liebe zum Detail hergestellt und spiegelt die reichen Traditionen der marokkanischen Handwerkskunst wider.<\/span><\/p>\n<p>[\/et_pb_accordion_item][et_pb_accordion_item title=\"Sind die marokkanischen Teppiche auf Ihrer Website echt?\" _builder_version=\"4.21.0\u2033 _module_preset=\"default\" hover_enabled=\"0\u2033 global_colors_info=\"{}\" open=\"off\" sticky_enabled=\"0\u2033]<\/p>\n<ol>\n<li>\n<p>Unbedingt! Wir sind stolz darauf, nur authentische marokkanische Teppiche anzubieten. Wir arbeiten eng mit lokalen Kunsthandwerkern und Genossenschaften in Marokko zusammen, um sicherzustellen, dass unsere Teppiche mit traditionellen Techniken und hochwertigen Materialien hergestellt werden. Sie k\u00f6nnen darauf vertrauen, dass die Teppiche, die Sie bei uns kaufen, echte marokkanische Sch\u00e4tze sind.<\/p>\n<\/li>\n<li><\/li>\n<\/ol>\n<p>[\/et_pb_accordion_item][et_pb_accordion_item title=\"Sind die marokkanischen Teppiche f\u00fcr stark frequentierte Bereiche geeignet?\" _builder_version=\"4.21.0\u2033 _module_preset=\"default\" hover_enabled=\"0\u2033 global_colors_info=\"{}\" open=\"off\" sticky_enabled=\"0\u2033]<\/p>\n<p><span>Ja, unsere marokkanischen Teppiche werden mit Blick auf ihre Langlebigkeit hergestellt. Es ist jedoch wichtig, das spezifische Design und die Materialien des Teppichs zu ber\u00fccksichtigen, um seine Eignung f\u00fcr stark frequentierte Bereiche zu bestimmen.<\/span><\/p>\n<p>[\/et_pb_accordion_item][\/et_pb_accordion][\/et_pb_column][\/et_pb_row][\/et_pb_section][et_pb_section fb_built=\"1\u2033 _builder_version=\"4.16\u2033 _module_preset=\"default\" custom_padding=\"0px||0px||true|false\" global_colors_info=\"{}\"][et_pb_row use_custom_gutter=\"on\" gutter_width=\"2\u2033 make_equal=\"on\" custom_padding_last_edited=\"on|tablet\" _builder_version=\"4.16\u2033 _module_preset=\"default\" width=\"90%\" max_width=\"1400px\" custom_padding_tablet=\"0px||||false|false\" custom_padding_phone=\"\" global_colors_info=\"{}\"][et_pb_column type=\"4_4\u2033 _builder_version=\"4.16\u2033 _module_preset=\"default\" global_colors_info=\"{}\"][et_pb_text _builder_version=\"4.16\u2033 _module_preset=\"default\" text_font_size=\"20px\" text_line_height=\"27px\" custom_css_main_element=\"color:var(-color-2); \" global_colors_info=\"{}\"]<span style=\"font-size:35px;font-weight:700\">02. <\/span> ZAHLUNGSINFORMATIONEN[\/et_pb_text][\/et_pb_column][\/et_pb_row][et_pb_row use_custom_gutter=\"on\" gutter_width=\"2\u2033 _builder_version=\"4.16\u2033 _module_preset=\"default\" width=\"90%\" max_width=\"1300px\" global_colors_info=\"{}\"][et_pb_column type=\"4_4\u2033 _builder_version=\"4.16\u2033 _module_preset=\"default\" global_colors_info=\"{}\"][et_pb_accordion module_class=\"dct_faq\" _builder_version=\"4.21.0\u2033 _module_preset=\"default\" hover_enabled=\"0\u2033 global_colors_info=\"{}\" sticky_enabled=\"0\u2033][et_pb_accordion_item title=\"Welche Zahlungsarten akzeptieren Sie?\" open=\"on\" _builder_version=\"4.21.0\u2033 _module_preset=\"default\" hover_enabled=\"0\u2033 global_colors_info=\"{}\" sticky_enabled=\"0\u2033]<\/p>\n<p><span>Wir akzeptieren verschiedene Zahlungsmethoden, einschlie\u00dflich Debitkarten, Kreditkarten (Visa, Mastercard, American Express) und PayPal, bei Bedarf bieten wir auch andere sichere Online-Zahlungsplattformen.<\/span><\/p>\n<p>[\/et_pb_accordion_item][et_pb_accordion_item title=\"Sind meine Zahlungsinformationen auf Ihrer Website sicher?\" _builder_version=\"4.21.0\u2033 _module_preset=\"default\" hover_enabled=\"0\u2033 global_colors_info=\"{}\" open=\"off\" sticky_enabled=\"0\u2033]<\/p>\n<p><span>Ja, wir nehmen die Sicherheit Ihrer Zahlungsinformationen ernst. Unsere Website verwendet sichere Verschl\u00fcsselungsprotokolle, um Ihre Daten w\u00e4hrend des Bestellvorgangs zu sch\u00fctzen.<\/span><\/p>\n<p>[\/et_pb_accordion_item][et_pb_accordion_item title=\"Bieten Sie Ratenzahlungsoptionen an?\" _builder_version=\"4.21.0\u2033 _module_preset=\"default\" hover_enabled=\"0\u2033 global_colors_info=\"{}\" open=\"off\" sticky_enabled=\"0\u2033]<\/p>\n<p><span>Derzeit bieten wir keine Ratenzahlungsoptionen an. Alle Bestellungen m\u00fcssen zum Zeitpunkt des Kaufs in voller H\u00f6he bezahlt werden.<\/span><\/p>\n<p>[\/et_pb_accordion_item][\/et_pb_accordion][\/et_pb_column][\/et_pb_row][\/et_pb_section][et_pb_section fb_built=\"1\u2033 _builder_version=\"4.16\u2033 _module_preset=\"default\" custom_padding=\"20px||||false|false\" global_colors_info=\"{}\"][et_pb_row use_custom_gutter=\"on\" gutter_width=\"2\u2033 make_equal=\"on\" _builder_version=\"4.16\u2033 _module_preset=\"default\" width=\"90%\" max_width=\"1400px\" global_colors_info=\"{}\"][et_pb_column type=\"4_4\u2033 _builder_version=\"4.16\u2033 _module_preset=\"default\" global_colors_info=\"{}\"][et_pb_text _builder_version=\"4.16\u2033 _module_preset=\"default\" text_font_size=\"20px\" text_line_height=\"27px\" custom_css_main_element=\"color:var(-color-2); \" global_colors_info=\"{}\"]<span style=\"font-size:35px;font-weight:700\">03. <\/span> BESTELLUNGEN UND R\u00dcCKGABEN[\/et_pb_text][\/et_pb_column][\/et_pb_row][et_pb_row column_structure=\"1_2,1_2\u2033 use_custom_gutter=\"on\" gutter_width=\"2\u2033 custom_padding_last_edited=\"on|tablet\" _builder_version=\"4.16\u2033 _module_preset=\"default\" width=\"90%\" max_width=\"1300px\" custom_padding_tablet=\"0px||||false|false\" custom_padding_phone=\"\" global_colors_info=\"{}\"][et_pb_column type=\"1_2\u2033 _builder_version=\"4.16\u2033 _module_preset=\"default\" global_colors_info=\"{}\"][et_pb_accordion module_class=\"dct_faq\" _builder_version=\"4.21.0\u2033 _module_preset=\"default\" hover_enabled=\"0\u2033 global_colors_info=\"{}\" sticky_enabled=\"0\u2033][et_pb_accordion_item title=\"Wie kann ich den Status meiner Bestellung verfolgen?\" open=\"on\" _builder_version=\"4.21.0\u2033 _module_preset=\"default\" hover_enabled=\"0\u2033 global_colors_info=\"{}\" sticky_enabled=\"0\u2033]<\/p>\n<p><span>Sobald Ihre Bestellung versandt wurde, erhalten Sie von uns eine Sendungsverfolgungsnummer. Mit dieser Nummer k\u00f6nnen Sie den Verlauf Ihrer Sendung auf der Website des jeweiligen Transportunternehmens verfolgen.<\/span><\/p>\n<p>[\/et_pb_accordion_item][et_pb_accordion_item title=\"Kann ich meine Bestellung \u00e4ndern oder stornieren, nachdem sie aufgegeben wurde?\" _builder_version=\"4.21.0\u2033 _module_preset=\"default\" hover_enabled=\"0\u2033 global_colors_info=\"{}\" open=\"off\" sticky_enabled=\"0\u2033]<\/p>\n<p><span>Wir bem\u00fchen uns, Bestellungen schnell zu bearbeiten, aber wenn Sie Ihre Bestellung \u00e4ndern oder stornieren m\u00fcssen, kontaktieren Sie uns bitte so schnell wie m\u00f6glich. Wir werden unser Bestes tun, um Ihre Anfrage zu ber\u00fccksichtigen, aber bitte beachten Sie, dass eine Bestellung, sobald sie versandt wurde, nicht mehr ge\u00e4ndert oder storniert werden kann.<\/span><\/p>\n<p>[\/et_pb_accordion_item][et_pb_accordion_item title=\"Was ist Ihr R\u00fcckgaberecht?\" _builder_version=\"4.21.0\u2033 _module_preset=\"default\" hover_enabled=\"0\u2033 global_colors_info=\"{}\" open=\"off\" sticky_enabled=\"0\u2033]<\/p>\n<p><span>Wenn Sie mit Ihrem Kauf nicht zufrieden sind, k\u00f6nnen Sie ihn innerhalb von 30 Tagen nach Lieferung gegen Erstattung oder Umtausch zur\u00fcckgeben. Bitte beachten Sie unser <a href=\"https:\/\/berberedesign.com\/de\/ruckerstattung_ruckgaben\/\">Seite R\u00fcckgabe und Umtausch<\/a> f\u00fcr detaillierte Anweisungen zur Einleitung einer R\u00fccksendung.<\/span><\/p>\n<p>[\/et_pb_accordion_item][\/et_pb_accordion][\/et_pb_column][et_pb_column type=\"1_2\u2033 _builder_version=\"4.16\u2033 _module_preset=\"default\" global_colors_info=\"{}\"][et_pb_accordion module_class=\"dct_faq\" _builder_version=\"4.21.0\u2033 _module_preset=\"default\" hover_enabled=\"0\u2033 global_colors_info=\"{}\" sticky_enabled=\"0\u2033][et_pb_accordion_item title=\"Muss ich f\u00fcr den R\u00fcckversand bezahlen?\" open=\"on\" _builder_version=\"4.21.0\u2033 _module_preset=\"default\" hover_enabled=\"0\u2033 global_colors_info=\"{}\" sticky_enabled=\"0\u2033]<\/p>\n<p><span>In den meisten F\u00e4llen ist der Kunde f\u00fcr die Kosten der R\u00fccksendung verantwortlich. Wenn die R\u00fccksendung jedoch auf einen Fehler unsererseits zur\u00fcckzuf\u00fchren ist oder wenn der Artikel defekt oder besch\u00e4digt ist, \u00fcbernehmen wir die R\u00fccksendekosten.<\/span><\/p>\n<p>[\/et_pb_accordion_item][et_pb_accordion_item title=\"Wie lange dauert es, eine Erstattung zu bearbeiten?\" _builder_version=\"4.21.0\u2033 _module_preset=\"default\" hover_enabled=\"0\u2033 global_colors_info=\"{}\" open=\"off\" sticky_enabled=\"0\u2033]<\/p>\n<p><span>Sobald wir den zur\u00fcckgesandten Artikel erhalten haben, werden wir ihn pr\u00fcfen und Ihre R\u00fcckerstattung innerhalb weniger Werktage bearbeiten. Wie lange es genau dauert, bis die R\u00fcckerstattung auf Ihrem Konto erscheint, h\u00e4ngt von Ihrer Zahlungsmethode und Ihrem Finanzinstitut ab.<\/span><\/p>\n<p>[\/et_pb_accordion_item][et_pb_accordion_item title=\"Kann ich einen Artikel gegen einen anderen austauschen?\" _builder_version=\"4.21.0\u2033 _module_preset=\"default\" hover_enabled=\"0\u2033 global_colors_info=\"{}\" open=\"off\" sticky_enabled=\"0\u2033]<\/p>\n<p><span>Ja, wir bieten einen Umtausch f\u00fcr Artikel von gleichem oder geringerem Wert an. Wenn Sie einen Artikel umtauschen m\u00f6chten, folgen Sie bitte den Anweisungen auf unserer Seite \"R\u00fcckgabe und Umtausch\", und unser Kundendienstteam wird Ihnen helfen.<\/span><\/p>\n<p>[\/et_pb_accordion_item][\/et_pb_accordion][\/et_pb_column][\/et_pb_row][\/et_pb_section]<\/p>","protected":false},"excerpt":{"rendered":"<p>[et_pb_section fb_built=&#8221;1&#8243; custom_padding_last_edited=&#8221;on|phone&#8221; _builder_version=&#8221;4.16&#8243; _module_preset=&#8221;default&#8221; background_enable_color=&#8221;off&#8221; use_background_color_gradient=&#8221;on&#8221; background_color_gradient_direction=&#8221;90deg&#8221; background_color_gradient_stops=&#8221;rgba(0,0,0,0.67) 40%|rgba(255,255,255,0) 90%&#8221; background_color_gradient_start=&#8221;rgba(0,0,0,0.67)&#8221; background_color_gradient_start_position=&#8221;40%&#8221; background_color_gradient_end=&#8221;rgba(255,255,255,0)&#8221; background_color_gradient_end_position=&#8221;90%&#8221; background_image=&#8221;https:\/\/berberedesign.com\/wp-content\/uploads\/2023\/05\/furniture-09.jpg&#8221; background_position=&#8221;center_right&#8221; background_blend=&#8221;overlay&#8221; custom_padding_tablet=&#8221;30px||30px||true|false&#8221; custom_padding_phone=&#8221;20px||20px||true|false&#8221; global_colors_info=&#8221;{}&#8221;][et_pb_row use_custom_gutter=&#8221;on&#8221; make_equal=&#8221;on&#8221; _builder_version=&#8221;4.16&#8243; _module_preset=&#8221;default&#8221; width=&#8221;90%&#8221; max_width=&#8221;1400px&#8221; custom_padding=&#8221;||0px|||&#8221; global_colors_info=&#8221;{}&#8221;][et_pb_column type=&#8221;4_4&#8243; _builder_version=&#8221;4.16&#8243; _module_preset=&#8221;default&#8221; global_colors_info=&#8221;{}&#8221; custom_css_main_element_last_edited=&#8221;on|phone&#8221; custom_css_main_element_tablet=&#8221;padding-bottom:10px;&#8221; custom_css_main_element_phone=&#8221;margin-bottom:0px;&#8221;][et_pb_text _builder_version=&#8221;4.16&#8243; _module_preset=&#8221;020b907f-3824-4cde-9bfc-199ac70a11cd&#8221; text_font=&#8221;|||on|||||&#8221; text_font_size=&#8221;18px&#8221; text_letter_spacing=&#8221;1px&#8221; link_font=&#8221;||||||||&#8221; ul_font=&#8221;||||||||&#8221; ol_font=&#8221;||||||||&#8221; quote_font=&#8221;||||||||&#8221; header_font=&#8221;||||||||&#8221; header_2_font=&#8221;||||||||&#8221; header_3_font=&#8221;||||||||&#8221; header_4_font=&#8221;||||||||&#8221; header_5_font=&#8221;||||||||&#8221; header_6_font=&#8221;||||||||&#8221; custom_margin=&#8221;||15px||false|false&#8221; custom_margin_tablet=&#8221;||10px||false|false&#8221; custom_margin_phone=&#8221;||5px||false|false&#8221; custom_margin_last_edited=&#8221;on|desktop&#8221;&hellip;<\/p>","protected":false},"author":8,"featured_media":0,"parent":0,"menu_order":0,"comment_status":"closed","ping_status":"closed","template":"","meta":{"footnotes":""},"class_list":["post-92237","page","type-page","status-publish","hentry","description-off"],"jetpack_sharing_enabled":true,"_links":{"self":[{"href":"https:\/\/berberedesign.com\/de\/wp-json\/wp\/v2\/pages\/92237","targetHints":{"allow":["GET"]}}],"collection":[{"href":"https:\/\/berberedesign.com\/de\/wp-json\/wp\/v2\/pages"}],"about":[{"href":"https:\/\/berberedesign.com\/de\/wp-json\/wp\/v2\/types\/page"}],"author":[{"embeddable":true,"href":"https:\/\/berberedesign.com\/de\/wp-json\/wp\/v2\/users\/8"}],"replies":[{"embeddable":true,"href":"https:\/\/berberedesign.com\/de\/wp-json\/wp\/v2\/comments?post=92237"}],"version-history":[{"count":0,"href":"https:\/\/berberedesign.com\/de\/wp-json\/wp\/v2\/pages\/92237\/revisions"}],"wp:attachment":[{"href":"https:\/\/berberedesign.com\/de\/wp-json\/wp\/v2\/media?parent=92237"}],"curies":[{"name":"wp","href":"https:\/\/api.w.org\/{rel}","templated":true}]}}