{"id":869,"date":"2020-01-01T11:38:23","date_gmt":"2020-01-01T11:38:23","guid":{"rendered":"https:\/\/berberedesign.com\/blog-2\/"},"modified":"2025-01-03T18:54:49","modified_gmt":"2025-01-03T18:54:49","slug":"blog","status":"publish","type":"page","link":"https:\/\/berberedesign.com\/de\/infos\/blog\/","title":{"rendered":"Blog"},"content":{"rendered":"<div data-elementor-type=\"wp-page\" data-elementor-id=\"869\" class=\"elementor elementor-869\" data-elementor-post-type=\"page\">\n\t\t\t\t\t\t<section class=\"elementor-section elementor-top-section elementor-element elementor-element-c211fa5 elementor-section-boxed elementor-section-height-default elementor-section-height-default\" data-id=\"c211fa5\" data-element_type=\"section\">\n\t\t\t\t\t\t<div class=\"elementor-container elementor-column-gap-wider\">\n\t\t\t\t\t<div class=\"elementor-column elementor-col-100 elementor-top-column elementor-element elementor-element-855861c\" data-id=\"855861c\" data-element_type=\"column\">\n\t\t\t<div class=\"elementor-widget-wrap elementor-element-populated\">\n\t\t\t\t\t\t<div class=\"elementor-element elementor-element-3611717 img-align-top icon-box-vertical-align-top image-vertical-align-start preserve-img-ratio-cover slide-h-position-left elementor-widget elementor-widget-the7-elements-simple-posts\" data-id=\"3611717\" data-element_type=\"widget\" data-widget_type=\"the7-elements-simple-posts.default\">\n\t\t\t\t<div class=\"elementor-widget-container\">\n\t\t\t\t\t<div class=\"the7-simple-widget-posts the7-elementor-widget the7-elements-simple-posts-3611717 show-all-pages\" data-post-limit=\"-1\" data-pagination-mode=\"standard\" data-scroll-offset=\"\">\t\t\t<div class=\"dt-css-grid custom-pagination-handler\" data-columns=\"{&quot;d&quot;:3,&quot;t&quot;:2,&quot;p&quot;:1,&quot;wd&quot;:&quot;&quot;}\">\n\t\t\t\t\t\t\t\t\t<div class=\"wf-cell visible\">\n\t\t\t\t\t\t<article class=\"post visible wrapper post-100596 type-post status-publish format-standard has-post-thumbnail hentry category-blogs category-127 description-off\">\n\n\t\t\t\t\t\t\t<div class=\"post-content-wrapper\">\n\t\t\t\t\t\t\t\t\t\t\t\t\t\t\t\t\t<div class=\"the7-simple-post-thumb\">\n\t\t\t\t\t\t\t\t\t\t<a class=\"post-thumbnail-rollover layzr-bg img-css-resize-wrapper\" aria-label=\"Post image\" href=\"https:\/\/berberedesign.com\/de\/welche-verschiedenen-arten-von-marokkanischen-teppichen-gibt-es\/\"><img fetchpriority=\"high\" decoding=\"async\" width=\"1000\" height=\"430\" src=\"data:image\/svg+xml,%3Csvg%20xmlns%3D&#039;http%3A%2F%2Fwww.w3.org%2F2000%2Fsvg&#039;%20viewBox%3D&#039;0%200%201000%20430&#039;%2F%3E\" class=\"attachment-full size-full preload-me aspect lazy lazy-load\" alt=\"Was sind die verschiedenen Arten von marokkanischen Teppichen - Neu\" sizes=\"(max-width: 1000px) 100vw, 1000px\" style=\"--ratio: 1000 \/ 430;\" data-src=\"https:\/\/berberedesign.com\/wp-content\/uploads\/2023\/06\/What-are-the-different-types-of-Moroccan-rugs-New.webp\" loading=\"eager\" data-srcset=\"https:\/\/berberedesign.com\/wp-content\/uploads\/2023\/06\/What-are-the-different-types-of-Moroccan-rugs-New.webp 1000w, https:\/\/berberedesign.com\/wp-content\/uploads\/2023\/06\/What-are-the-different-types-of-Moroccan-rugs-New-300x129.webp 300w, https:\/\/berberedesign.com\/wp-content\/uploads\/2023\/06\/What-are-the-different-types-of-Moroccan-rugs-New-768x330.webp 768w, https:\/\/berberedesign.com\/wp-content\/uploads\/2023\/06\/What-are-the-different-types-of-Moroccan-rugs-New-18x8.webp 18w, https:\/\/berberedesign.com\/wp-content\/uploads\/2023\/06\/What-are-the-different-types-of-Moroccan-rugs-New-20x9.webp 20w, https:\/\/berberedesign.com\/wp-content\/uploads\/2023\/06\/What-are-the-different-types-of-Moroccan-rugs-New-64x28.webp 64w, https:\/\/berberedesign.com\/wp-content\/uploads\/2023\/06\/What-are-the-different-types-of-Moroccan-rugs-New-980x421.webp 980w, https:\/\/berberedesign.com\/wp-content\/uploads\/2023\/06\/What-are-the-different-types-of-Moroccan-rugs-New-480x206.webp 480w\" title=\"\"><span class=\"the7-hover-icon\"><svg xmlns=\"http:\/\/www.w3.org\/2000\/svg\" viewbox=\"0 0 24 24\" width=\"24\" height=\"24\"><path fill=\"none\" d=\"M0 0h24v24H0z\"><\/path><path d=\"M5 10c-1.1 0-2 .9-2 2s.9 2 2 2 2-.9 2-2-.9-2-2-2zm14 0c-1.1 0-2 .9-2 2s.9 2 2 2 2-.9 2-2-.9-2-2-2zm-7 0c-1.1 0-2 .9-2 2s.9 2 2 2 2-.9 2-2-.9-2-2-2z\"><\/path><\/svg><\/span><\/a>\t\t\t\t\t\t\t\t\t<\/div>\n\t\t\t\t\t\t\t\t\t\t\t\t\t\t\t\t<div class=\"post-entry-content\">\n\t\t\t\t\t\t\t\t\t<h5 class=\"heading\"><a href=\"https:\/\/berberedesign.com\/de\/welche-verschiedenen-arten-von-marokkanischen-teppichen-gibt-es\/\" rel=\"bookmark\" title=\"Entdecken Sie die verborgene Welt der marokkanischen Teppiche: 7 einzigartige Stile, von denen Sie nicht wussten, dass es sie gibt\" class=\"post-title\">Entdecken Sie die verborgene Welt der marokkanischen Teppiche: 7 einzigartige Stile, von denen Sie nicht wussten, dass es sie gibt<\/a><\/h5><div class=\"entry-meta\"><span class=\"meta-item data-link\"><time class=\"entry-date updated\" datetime=\"2023-06-07T18:15:48+00:00\">Juni 7, 2023<\/time><\/span><\/div><p class=\"short-description\">\u00a0 When most people think of Moroccan rugs, they picture a single design style\u2014perhaps the minimalist Beni Ourain or a vibrantly colored piece seen in a lifestyle magazine. But the truth is far more fascinating. There are many different types of Moroccan rugs, each with unique patterns, origins, and weaving techniques that reflect Morocco\u2019s rich&hellip;<\/p>\t\t\t\t\t\t\t\t<\/div>\n\t\t\t\t\t\t\t<\/div>\n\t\t\t\t\t\t<\/article>\n\t\t\t\t\t<\/div>\t\t\t\t\t\t\t\t\t\t<div class=\"wf-cell visible\">\n\t\t\t\t\t\t<article class=\"post visible wrapper post-97583 type-post status-publish format-standard has-post-thumbnail hentry category-blogs tag-is-morocco-safe tag-moroccan-people tag-morocco-continent tag-morocco-in-the-world tag-morocco-language tag-morocco-religion tag-where-is-morocco-located-in-africa tag-where-is-morocco-located-in-the-world-and-africa category-127 description-off\">\n\n\t\t\t\t\t\t\t<div class=\"post-content-wrapper\">\n\t\t\t\t\t\t\t\t\t\t\t\t\t\t\t\t\t<div class=\"the7-simple-post-thumb\">\n\t\t\t\t\t\t\t\t\t\t<a class=\"post-thumbnail-rollover layzr-bg img-css-resize-wrapper\" aria-label=\"Post image\" href=\"https:\/\/berberedesign.com\/de\/wo-befindet-sich-marokko-in-der-welt\/\"><img decoding=\"async\" width=\"1280\" height=\"854\" src=\"data:image\/svg+xml,%3Csvg%20xmlns%3D&#039;http%3A%2F%2Fwww.w3.org%2F2000%2Fsvg&#039;%20viewBox%3D&#039;0%200%201280%20854&#039;%2F%3E\" class=\"attachment-full size-full preload-me aspect lazy lazy-load\" alt=\"Marokko Sch\u00f6nes Land\" sizes=\"(max-width: 1280px) 100vw, 1280px\" style=\"--ratio: 1280 \/ 854;\" data-src=\"https:\/\/berberedesign.com\/wp-content\/uploads\/2021\/07\/Untitled-design-25.png\" loading=\"eager\" data-srcset=\"https:\/\/berberedesign.com\/wp-content\/uploads\/2021\/07\/Untitled-design-25.png 1280w, https:\/\/berberedesign.com\/wp-content\/uploads\/2021\/07\/Untitled-design-25-300x200.png 300w, https:\/\/berberedesign.com\/wp-content\/uploads\/2021\/07\/Untitled-design-25-1024x683.png 1024w, https:\/\/berberedesign.com\/wp-content\/uploads\/2021\/07\/Untitled-design-25-768x512.png 768w, https:\/\/berberedesign.com\/wp-content\/uploads\/2021\/07\/Untitled-design-25-18x12.png 18w, https:\/\/berberedesign.com\/wp-content\/uploads\/2021\/07\/Untitled-design-25-1064x710.png 1064w, https:\/\/berberedesign.com\/wp-content\/uploads\/2021\/07\/Untitled-design-25-20x13.png 20w, https:\/\/berberedesign.com\/wp-content\/uploads\/2021\/07\/Untitled-design-25-64x43.png 64w, https:\/\/berberedesign.com\/wp-content\/uploads\/2021\/07\/Untitled-design-25-1080x721.png 1080w, https:\/\/berberedesign.com\/wp-content\/uploads\/2021\/07\/Untitled-design-25-980x654.png 980w, https:\/\/berberedesign.com\/wp-content\/uploads\/2021\/07\/Untitled-design-25-480x320.png 480w\" title=\"\"><span class=\"the7-hover-icon\"><svg xmlns=\"http:\/\/www.w3.org\/2000\/svg\" viewbox=\"0 0 24 24\" width=\"24\" height=\"24\"><path fill=\"none\" d=\"M0 0h24v24H0z\"><\/path><path d=\"M5 10c-1.1 0-2 .9-2 2s.9 2 2 2 2-.9 2-2-.9-2-2-2zm14 0c-1.1 0-2 .9-2 2s.9 2 2 2 2-.9 2-2-.9-2-2-2zm-7 0c-1.1 0-2 .9-2 2s.9 2 2 2 2-.9 2-2-.9-2-2-2z\"><\/path><\/svg><\/span><\/a>\t\t\t\t\t\t\t\t\t<\/div>\n\t\t\t\t\t\t\t\t\t\t\t\t\t\t\t\t<div class=\"post-entry-content\">\n\t\t\t\t\t\t\t\t\t<h5 class=\"heading\"><a href=\"https:\/\/berberedesign.com\/de\/wo-befindet-sich-marokko-in-der-welt\/\" rel=\"bookmark\" title=\"Wo befindet sich Marokko in der Welt?\" class=\"post-title\">Wo befindet sich Marokko in der Welt?<\/a><\/h5><div class=\"entry-meta\"><span class=\"meta-item data-link\"><time class=\"entry-date updated\" datetime=\"2021-07-16T06:49:14+00:00\">Juli 16, 2021<\/time><\/span><\/div><p class=\"short-description\">Wo befindet sich Marokko in der Welt und in Afrika? Marokko liegt im nordwestlichen Teil des afrikanischen Kontinents und ist ein souver\u00e4nes Land, das im Westen an den Atlantischen Ozean und im Norden an das Mittelmeer grenzt. Marokko grenzt im Osten an Algerien und im S\u00fcden an Mauretanien und ist ein Land...<\/p>\t\t\t\t\t\t\t\t<\/div>\n\t\t\t\t\t\t\t<\/div>\n\t\t\t\t\t\t<\/article>\n\t\t\t\t\t<\/div>\t\t\t\t\t\t\t\t\t\t<div class=\"wf-cell visible\">\n\t\t\t\t\t\t<article class=\"post visible wrapper post-97721 type-post status-publish format-standard has-post-thumbnail hentry category-blogs category-127 description-off\">\n\n\t\t\t\t\t\t\t<div class=\"post-content-wrapper\">\n\t\t\t\t\t\t\t\t\t\t\t\t\t\t\t\t\t<div class=\"the7-simple-post-thumb\">\n\t\t\t\t\t\t\t\t\t\t<a class=\"post-thumbnail-rollover layzr-bg img-css-resize-wrapper\" aria-label=\"Post image\" href=\"https:\/\/berberedesign.com\/de\/entdeckung-der-aromen-der-marokkanischen-kuche-im-marokkanischen-restaurant\/\"><img decoding=\"async\" width=\"1000\" height=\"667\" src=\"data:image\/svg+xml,%3Csvg%20xmlns%3D&#039;http%3A%2F%2Fwww.w3.org%2F2000%2Fsvg&#039;%20viewBox%3D&#039;0%200%201000%20667&#039;%2F%3E\" class=\"attachment-full size-full preload-me aspect lazy lazy-load\" alt=\"\" sizes=\"(max-width: 1000px) 100vw, 1000px\" style=\"--ratio: 1000 \/ 667;\" data-src=\"https:\/\/berberedesign.com\/wp-content\/uploads\/2021\/07\/e3dbfeee6f.jpeg\" loading=\"eager\" data-srcset=\"https:\/\/berberedesign.com\/wp-content\/uploads\/2021\/07\/e3dbfeee6f.jpeg 1000w, https:\/\/berberedesign.com\/wp-content\/uploads\/2021\/07\/e3dbfeee6f-300x200.jpeg 300w, https:\/\/berberedesign.com\/wp-content\/uploads\/2021\/07\/e3dbfeee6f-768x512.jpeg 768w, https:\/\/berberedesign.com\/wp-content\/uploads\/2021\/07\/e3dbfeee6f-18x12.jpeg 18w, https:\/\/berberedesign.com\/wp-content\/uploads\/2021\/07\/e3dbfeee6f-20x13.jpeg 20w, https:\/\/berberedesign.com\/wp-content\/uploads\/2021\/07\/e3dbfeee6f-64x43.jpeg 64w, https:\/\/berberedesign.com\/wp-content\/uploads\/2021\/07\/e3dbfeee6f-980x654.jpeg 980w, https:\/\/berberedesign.com\/wp-content\/uploads\/2021\/07\/e3dbfeee6f-480x320.jpeg 480w\" title=\"\"><span class=\"the7-hover-icon\"><svg xmlns=\"http:\/\/www.w3.org\/2000\/svg\" viewbox=\"0 0 24 24\" width=\"24\" height=\"24\"><path fill=\"none\" d=\"M0 0h24v24H0z\"><\/path><path d=\"M5 10c-1.1 0-2 .9-2 2s.9 2 2 2 2-.9 2-2-.9-2-2-2zm14 0c-1.1 0-2 .9-2 2s.9 2 2 2 2-.9 2-2-.9-2-2-2zm-7 0c-1.1 0-2 .9-2 2s.9 2 2 2 2-.9 2-2-.9-2-2-2z\"><\/path><\/svg><\/span><\/a>\t\t\t\t\t\t\t\t\t<\/div>\n\t\t\t\t\t\t\t\t\t\t\t\t\t\t\t\t<div class=\"post-entry-content\">\n\t\t\t\t\t\t\t\t\t<h5 class=\"heading\"><a href=\"https:\/\/berberedesign.com\/de\/entdeckung-der-aromen-der-marokkanischen-kuche-im-marokkanischen-restaurant\/\" rel=\"bookmark\" title=\"Entdecken Sie die Aromen der marokkanischen K\u00fcche im (marokkanischen Restaurant)\" class=\"post-title\">Entdecken Sie die Aromen der marokkanischen K\u00fcche im (marokkanischen Restaurant)<\/a><\/h5><div class=\"entry-meta\"><span class=\"meta-item data-link\"><time class=\"entry-date updated\" datetime=\"2021-07-16T06:48:54+00:00\">Juli 16, 2021<\/time><\/span><\/div><p class=\"short-description\">Entdecken Sie die Aromen der marokkanischen K\u00fcche im (Moroccan Restaurant) Die marokkanische K\u00fcche ist eine lebendige und geschmackvolle Verschmelzung von mediterranen, arabischen und afrikanischen Einfl\u00fcssen. Im (Moroccan Restaurant) k\u00f6nnen G\u00e4ste die reichen und exotischen Aromen dieses nordafrikanischen Landes in einer warmen und einladenden Atmosph\u00e4re erleben. Von aromatischen Tagines bis zu fluffigem Couscous bietet die Speisekarte eine...<\/p>\t\t\t\t\t\t\t\t<\/div>\n\t\t\t\t\t\t\t<\/div>\n\t\t\t\t\t\t<\/article>\n\t\t\t\t\t<\/div>\t\t\t\t\t\t\t\t\t\t<div class=\"wf-cell visible\">\n\t\t\t\t\t\t<article class=\"post visible wrapper post-91343 type-post status-publish format-standard has-post-thumbnail hentry category-blogs category-127 description-off\">\n\n\t\t\t\t\t\t\t<div class=\"post-content-wrapper\">\n\t\t\t\t\t\t\t\t\t\t\t\t\t\t\t\t\t<div class=\"the7-simple-post-thumb\">\n\t\t\t\t\t\t\t\t\t\t<a class=\"post-thumbnail-rollover layzr-bg img-css-resize-wrapper\" aria-label=\"Post image\" href=\"https:\/\/berberedesign.com\/de\/alles-was-sie-uber-marokkanische-teppiche-wissen-mussen\/\"><img decoding=\"async\" width=\"1280\" height=\"854\" src=\"data:image\/svg+xml,%3Csvg%20xmlns%3D&#039;http%3A%2F%2Fwww.w3.org%2F2000%2Fsvg&#039;%20viewBox%3D&#039;0%200%201280%20854&#039;%2F%3E\" class=\"attachment-full size-full preload-me aspect lazy lazy-load\" alt=\"Marokkanischer Beni Ourain karierter Teppich\" sizes=\"(max-width: 1280px) 100vw, 1280px\" style=\"--ratio: 1280 \/ 854;\" data-src=\"https:\/\/berberedesign.com\/wp-content\/uploads\/2021\/07\/moroccan-beni-ourain-checkered-rug.webp\" loading=\"eager\" data-srcset=\"https:\/\/berberedesign.com\/wp-content\/uploads\/2021\/07\/moroccan-beni-ourain-checkered-rug.webp 1280w, https:\/\/berberedesign.com\/wp-content\/uploads\/2021\/07\/moroccan-beni-ourain-checkered-rug-300x200.webp 300w, https:\/\/berberedesign.com\/wp-content\/uploads\/2021\/07\/moroccan-beni-ourain-checkered-rug-1024x683.webp 1024w, https:\/\/berberedesign.com\/wp-content\/uploads\/2021\/07\/moroccan-beni-ourain-checkered-rug-768x512.webp 768w, https:\/\/berberedesign.com\/wp-content\/uploads\/2021\/07\/moroccan-beni-ourain-checkered-rug-18x12.webp 18w, https:\/\/berberedesign.com\/wp-content\/uploads\/2021\/07\/moroccan-beni-ourain-checkered-rug-1064x710.webp 1064w, https:\/\/berberedesign.com\/wp-content\/uploads\/2021\/07\/moroccan-beni-ourain-checkered-rug-20x13.webp 20w, https:\/\/berberedesign.com\/wp-content\/uploads\/2021\/07\/moroccan-beni-ourain-checkered-rug-64x43.webp 64w, https:\/\/berberedesign.com\/wp-content\/uploads\/2021\/07\/moroccan-beni-ourain-checkered-rug-1080x721.webp 1080w, https:\/\/berberedesign.com\/wp-content\/uploads\/2021\/07\/moroccan-beni-ourain-checkered-rug-980x654.webp 980w, https:\/\/berberedesign.com\/wp-content\/uploads\/2021\/07\/moroccan-beni-ourain-checkered-rug-480x320.webp 480w\" title=\"\"><span class=\"the7-hover-icon\"><svg xmlns=\"http:\/\/www.w3.org\/2000\/svg\" viewbox=\"0 0 24 24\" width=\"24\" height=\"24\"><path fill=\"none\" d=\"M0 0h24v24H0z\"><\/path><path d=\"M5 10c-1.1 0-2 .9-2 2s.9 2 2 2 2-.9 2-2-.9-2-2-2zm14 0c-1.1 0-2 .9-2 2s.9 2 2 2 2-.9 2-2-.9-2-2-2zm-7 0c-1.1 0-2 .9-2 2s.9 2 2 2 2-.9 2-2-.9-2-2-2z\"><\/path><\/svg><\/span><\/a>\t\t\t\t\t\t\t\t\t<\/div>\n\t\t\t\t\t\t\t\t\t\t\t\t\t\t\t\t<div class=\"post-entry-content\">\n\t\t\t\t\t\t\t\t\t<h5 class=\"heading\"><a href=\"https:\/\/berberedesign.com\/de\/alles-was-sie-uber-marokkanische-teppiche-wissen-mussen\/\" rel=\"bookmark\" title=\"Alles, was Sie \u00fcber marokkanische Teppiche wissen m\u00fcssen\" class=\"post-title\">Alles, was Sie \u00fcber marokkanische Teppiche wissen m\u00fcssen<\/a><\/h5><div class=\"entry-meta\"><span class=\"meta-item data-link\"><time class=\"entry-date updated\" datetime=\"2021-07-16T06:48:32+00:00\">Juli 16, 2021<\/time><\/span><\/div><p class=\"short-description\">Was ist ein marokkanischer Teppich? Marokkanische Teppiche sind handgewebte Textilien, die vom Berbervolk in Nordafrika hergestellt werden. Diese Teppiche sind f\u00fcr ihre einzigartigen Designs, leuchtenden Farben und weichen Strukturen bekannt. Sie werden mit traditionellen Techniken hergestellt, die von Generation zu Generation weitergegeben wurden...<\/p>\t\t\t\t\t\t\t\t<\/div>\n\t\t\t\t\t\t\t<\/div>\n\t\t\t\t\t\t<\/article>\n\t\t\t\t\t<\/div>\t\t\t\t\t\t\t\t\t\t<div class=\"wf-cell visible\">\n\t\t\t\t\t\t<article class=\"post visible wrapper post-99539 type-post status-publish format-standard has-post-thumbnail hentry category-blogs category-127 description-off\">\n\n\t\t\t\t\t\t\t<div class=\"post-content-wrapper\">\n\t\t\t\t\t\t\t\t\t\t\t\t\t\t\t\t\t<div class=\"the7-simple-post-thumb\">\n\t\t\t\t\t\t\t\t\t\t<a class=\"post-thumbnail-rollover layzr-bg img-css-resize-wrapper\" aria-label=\"Post image\" href=\"https:\/\/berberedesign.com\/de\/marokkanische-frauen\/\"><img decoding=\"async\" width=\"1000\" height=\"430\" src=\"data:image\/svg+xml,%3Csvg%20xmlns%3D&#039;http%3A%2F%2Fwww.w3.org%2F2000%2Fsvg&#039;%20viewBox%3D&#039;0%200%201000%20430&#039;%2F%3E\" class=\"attachment-full size-full preload-me aspect lazy lazy-load\" alt=\"Marokkanische Frauen\" sizes=\"(max-width: 1000px) 100vw, 1000px\" style=\"--ratio: 1000 \/ 430;\" data-src=\"https:\/\/berberedesign.com\/wp-content\/uploads\/2021\/07\/Untitled-design-45.png\" loading=\"eager\" data-srcset=\"https:\/\/berberedesign.com\/wp-content\/uploads\/2021\/07\/Untitled-design-45.png 1000w, https:\/\/berberedesign.com\/wp-content\/uploads\/2021\/07\/Untitled-design-45-300x129.png 300w, https:\/\/berberedesign.com\/wp-content\/uploads\/2021\/07\/Untitled-design-45-768x330.png 768w, https:\/\/berberedesign.com\/wp-content\/uploads\/2021\/07\/Untitled-design-45-18x8.png 18w, https:\/\/berberedesign.com\/wp-content\/uploads\/2021\/07\/Untitled-design-45-20x9.png 20w, https:\/\/berberedesign.com\/wp-content\/uploads\/2021\/07\/Untitled-design-45-64x28.png 64w, https:\/\/berberedesign.com\/wp-content\/uploads\/2021\/07\/Untitled-design-45-980x421.png 980w, https:\/\/berberedesign.com\/wp-content\/uploads\/2021\/07\/Untitled-design-45-480x206.png 480w\" title=\"\"><span class=\"the7-hover-icon\"><svg xmlns=\"http:\/\/www.w3.org\/2000\/svg\" viewbox=\"0 0 24 24\" width=\"24\" height=\"24\"><path fill=\"none\" d=\"M0 0h24v24H0z\"><\/path><path d=\"M5 10c-1.1 0-2 .9-2 2s.9 2 2 2 2-.9 2-2-.9-2-2-2zm14 0c-1.1 0-2 .9-2 2s.9 2 2 2 2-.9 2-2-.9-2-2-2zm-7 0c-1.1 0-2 .9-2 2s.9 2 2 2 2-.9 2-2-.9-2-2-2z\"><\/path><\/svg><\/span><\/a>\t\t\t\t\t\t\t\t\t<\/div>\n\t\t\t\t\t\t\t\t\t\t\t\t\t\t\t\t<div class=\"post-entry-content\">\n\t\t\t\t\t\t\t\t\t<h5 class=\"heading\"><a href=\"https:\/\/berberedesign.com\/de\/marokkanische-frauen\/\" rel=\"bookmark\" title=\"Marokkanische Frauen\" class=\"post-title\">Marokkanische Frauen<\/a><\/h5><div class=\"entry-meta\"><span class=\"meta-item data-link\"><time class=\"entry-date updated\" datetime=\"2021-07-16T06:48:07+00:00\">Juli 16, 2021<\/time><\/span><\/div><p class=\"short-description\">Wof\u00fcr sind marokkanische Frauen bekannt? Marokkanische Frauen sind f\u00fcr ihre Sch\u00f6nheit, ihre Intelligenz und ihre starken kulturellen Werte bekannt. Sie werden oft als exotisch und geheimnisvoll beschrieben, mit einer einzigartigen Mischung aus arabischen, afrikanischen und europ\u00e4ischen Einfl\u00fcssen. Marokkanische Frauen sind auch f\u00fcr ihre Gastfreundschaft und Herzlichkeit gegen\u00fcber G\u00e4sten bekannt und sorgen daf\u00fcr, dass sich Besucher willkommen und wohl f\u00fchlen...<\/p>\t\t\t\t\t\t\t\t<\/div>\n\t\t\t\t\t\t\t<\/div>\n\t\t\t\t\t\t<\/article>\n\t\t\t\t\t<\/div>\t\t\t\t\t\t\t\t<\/div>\n\t\t<\/div>\t\t\t\t<\/div>\n\t\t\t\t<\/div>\n\t\t\t\t\t<\/div>\n\t\t<\/div>\n\t\t\t\t\t<\/div>\n\t\t<\/section>\n\t\t\t\t<\/div>","protected":false},"excerpt":{"rendered":"","protected":false},"author":8,"featured_media":0,"parent":5691,"menu_order":0,"comment_status":"closed","ping_status":"closed","template":"","meta":{"footnotes":""},"class_list":["post-869","page","type-page","status-publish","hentry","category-127","description-off"],"jetpack_sharing_enabled":true,"_links":{"self":[{"href":"https:\/\/berberedesign.com\/de\/wp-json\/wp\/v2\/pages\/869","targetHints":{"allow":["GET"]}}],"collection":[{"href":"https:\/\/berberedesign.com\/de\/wp-json\/wp\/v2\/pages"}],"about":[{"href":"https:\/\/berberedesign.com\/de\/wp-json\/wp\/v2\/types\/page"}],"author":[{"embeddable":true,"href":"https:\/\/berberedesign.com\/de\/wp-json\/wp\/v2\/users\/8"}],"replies":[{"embeddable":true,"href":"https:\/\/berberedesign.com\/de\/wp-json\/wp\/v2\/comments?post=869"}],"version-history":[{"count":1,"href":"https:\/\/berberedesign.com\/de\/wp-json\/wp\/v2\/pages\/869\/revisions"}],"predecessor-version":[{"id":104146,"href":"https:\/\/berberedesign.com\/de\/wp-json\/wp\/v2\/pages\/869\/revisions\/104146"}],"up":[{"embeddable":true,"href":"https:\/\/berberedesign.com\/de\/wp-json\/wp\/v2\/pages\/5691"}],"wp:attachment":[{"href":"https:\/\/berberedesign.com\/de\/wp-json\/wp\/v2\/media?parent=869"}],"curies":[{"name":"wp","href":"https:\/\/api.w.org\/{rel}","templated":true}]}}