{"id":347,"date":"2019-12-12T09:25:07","date_gmt":"2019-12-12T09:25:07","guid":{"rendered":"https:\/\/berberedesign.com\/about-us-2\/"},"modified":"2025-01-03T19:20:04","modified_gmt":"2025-01-03T19:20:04","slug":"uber-uns","status":"publish","type":"page","link":"https:\/\/berberedesign.com\/de\/infos\/uber-uns\/","title":{"rendered":"\u00dcber uns"},"content":{"rendered":"<div data-elementor-type=\"wp-page\" data-elementor-id=\"347\" class=\"elementor elementor-347\" data-elementor-post-type=\"page\">\n\t\t\t\t\t\t<section class=\"elementor-section elementor-top-section elementor-element elementor-element-b048c3b elementor-section-boxed elementor-section-height-default elementor-section-height-default\" data-id=\"b048c3b\" data-element_type=\"section\">\n\t\t\t\t\t\t<div class=\"elementor-container elementor-column-gap-wider\">\n\t\t\t\t\t<div class=\"elementor-column elementor-col-100 elementor-top-column elementor-element elementor-element-daaa58f\" data-id=\"daaa58f\" data-element_type=\"column\">\n\t\t\t<div class=\"elementor-widget-wrap elementor-element-populated\">\n\t\t\t\t\t\t<div class=\"elementor-element elementor-element-c901889 elementor-widget elementor-widget-image\" data-id=\"c901889\" data-element_type=\"widget\" data-widget_type=\"image.default\">\n\t\t\t\t<div class=\"elementor-widget-container\">\n\t\t\t\t\t\t\t\t\t\t\t\t\t\t\t<img fetchpriority=\"high\" decoding=\"async\" width=\"553\" height=\"369\" src=\"https:\/\/berberedesign.com\/wp-content\/uploads\/2024\/06\/114334.jpg\" class=\"attachment-full size-full wp-image-102353\" alt=\"\" srcset=\"https:\/\/berberedesign.com\/wp-content\/uploads\/2024\/06\/114334.jpg 553w, https:\/\/berberedesign.com\/wp-content\/uploads\/2024\/06\/114334-300x200.jpg 300w, https:\/\/berberedesign.com\/wp-content\/uploads\/2024\/06\/114334-18x12.jpg 18w, https:\/\/berberedesign.com\/wp-content\/uploads\/2024\/06\/114334-20x13.jpg 20w, https:\/\/berberedesign.com\/wp-content\/uploads\/2024\/06\/114334-64x43.jpg 64w, https:\/\/berberedesign.com\/wp-content\/uploads\/2024\/06\/114334-480x320.jpg 480w\" sizes=\"(max-width: 553px) 100vw, 553px\" title=\"\">\t\t\t\t\t\t\t\t\t\t\t\t\t\t\t<\/div>\n\t\t\t\t<\/div>\n\t\t\t\t\t<\/div>\n\t\t<\/div>\n\t\t\t\t\t<\/div>\n\t\t<\/section>\n\t\t\t\t<section class=\"elementor-section elementor-top-section elementor-element elementor-element-3124d68 elementor-section-boxed elementor-section-height-default elementor-section-height-default\" data-id=\"3124d68\" data-element_type=\"section\">\n\t\t\t\t\t\t<div class=\"elementor-container elementor-column-gap-wider\">\n\t\t\t\t\t<div class=\"elementor-column elementor-col-100 elementor-top-column elementor-element elementor-element-df99ffe\" data-id=\"df99ffe\" data-element_type=\"column\">\n\t\t\t<div class=\"elementor-widget-wrap elementor-element-populated\">\n\t\t\t\t\t\t<div class=\"elementor-element elementor-element-3adcfdf elementor-widget elementor-widget-heading\" data-id=\"3adcfdf\" data-element_type=\"widget\" data-widget_type=\"heading.default\">\n\t\t\t\t<div class=\"elementor-widget-container\">\n\t\t\t\t\t<h3 class=\"elementor-heading-title elementor-size-default\">Kultur durch Design zum Leben erwecken<\/h3>\t\t\t\t<\/div>\n\t\t\t\t<\/div>\n\t\t\t\t<div class=\"elementor-element elementor-element-1411e16 elementor-widget elementor-widget-spacer\" data-id=\"1411e16\" data-element_type=\"widget\" data-widget_type=\"spacer.default\">\n\t\t\t\t<div class=\"elementor-widget-container\">\n\t\t\t\t\t\t\t<div class=\"elementor-spacer\">\n\t\t\t<div class=\"elementor-spacer-inner\"><\/div>\n\t\t<\/div>\n\t\t\t\t\t\t<\/div>\n\t\t\t\t<\/div>\n\t\t\t\t<div class=\"elementor-element elementor-element-7945834 elementor-widget elementor-widget-text-editor\" data-id=\"7945834\" data-element_type=\"widget\" data-widget_type=\"text-editor.default\">\n\t\t\t\t<div class=\"elementor-widget-container\">\n\t\t\t\t\t\t\t\t\t<p>Willkommen bei Berbere Design - wo Tr\u00e4ume auf Realit\u00e4t treffen<\/p>\n<p>Berbere Design ist mehr als eine Marke - es ist eine Mission, Frauen durch Design zu st\u00e4rken, die tief in einem Kindheitstraum unserer Gr\u00fcnder und der Frauen ihrer Gemeinschaft verwurzelt ist. Inspiriert von der unternehmerischen Vision ihrer Mutter setzten die Zwillingsbr\u00fcder und ihre Geschwister ihre Idee in die Tat um und schufen eine Plattform, die die Handwerkskunst der Berber feiert und gleichzeitig die wirtschaftliche Unabh\u00e4ngigkeit f\u00f6rdert.<\/p><p>Berbere Design hat sich der Bewahrung traditioneller Berbertechniken verschrieben und bietet authentische, handgefertigte Teppiche, Lederhocker und handwerkliche Produkte an, die den Geist unserer Gemeinschaft verk\u00f6rpern. Durch die Unterst\u00fctzung von Kunsthandwerkerinnen, die damit ihren Lebensunterhalt bestreiten k\u00f6nnen, stellen wir sicher, dass das Erbe und die Kunstfertigkeit auch f\u00fcr kommende Generationen erhalten bleiben. Wir glauben, dass Design die Macht hat, Leben zu ver\u00e4ndern, Kulturen zu vereinen und Geschichten von Widerstandsf\u00e4higkeit und Kreativit\u00e4t zu erz\u00e4hlen. Begleiten Sie uns auf dieser Reise der St\u00e4rkung von Tradition und Selbstbestimmung.<\/p>\t\t\t\t\t\t\t\t<\/div>\n\t\t\t\t<\/div>\n\t\t\t\t\t<\/div>\n\t\t<\/div>\n\t\t\t\t\t<\/div>\n\t\t<\/section>\n\t\t\t\t<section class=\"elementor-section elementor-top-section elementor-element elementor-element-8ac2375 elementor-section-boxed elementor-section-height-default elementor-section-height-default\" data-id=\"8ac2375\" data-element_type=\"section\">\n\t\t\t\t\t\t<div class=\"elementor-container elementor-column-gap-wider\">\n\t\t\t\t\t<div class=\"elementor-column elementor-col-50 elementor-top-column elementor-element elementor-element-5ef5c38\" data-id=\"5ef5c38\" data-element_type=\"column\">\n\t\t\t<div class=\"elementor-widget-wrap elementor-element-populated\">\n\t\t\t\t\t\t<div class=\"elementor-element elementor-element-87a0491 elementor-widget elementor-widget-image\" data-id=\"87a0491\" data-element_type=\"widget\" data-widget_type=\"image.default\">\n\t\t\t\t<div class=\"elementor-widget-container\">\n\t\t\t\t\t\t\t\t\t\t\t\t\t\t\t<img decoding=\"async\" src=\"https:\/\/berberedesign.com\/wp-content\/uploads\/elementor\/thumbs\/VXIcDu-qpsm6yxtobpokx6t1ltp14jxazwg2jm9jzst3mk9rk.jpg\" title=\"VXIcDu.jpg\" alt=\"VXIcDu.jpg\" loading=\"lazy\">\t\t\t\t\t\t\t\t\t\t\t\t\t\t\t<\/div>\n\t\t\t\t<\/div>\n\t\t\t\t\t<\/div>\n\t\t<\/div>\n\t\t\t\t<div class=\"elementor-column elementor-col-50 elementor-top-column elementor-element elementor-element-70e400a\" data-id=\"70e400a\" data-element_type=\"column\">\n\t\t\t<div class=\"elementor-widget-wrap elementor-element-populated\">\n\t\t\t\t\t\t<div class=\"elementor-element elementor-element-2282bbe elementor-widget elementor-widget-heading\" data-id=\"2282bbe\" data-element_type=\"widget\" data-widget_type=\"heading.default\">\n\t\t\t\t<div class=\"elementor-widget-container\">\n\t\t\t\t\t<h3 class=\"elementor-heading-title elementor-size-default\">Unsere Vision<\/h3>\t\t\t\t<\/div>\n\t\t\t\t<\/div>\n\t\t\t\t<div class=\"elementor-element elementor-element-7eb025f elementor-widget elementor-widget-spacer\" data-id=\"7eb025f\" data-element_type=\"widget\" data-widget_type=\"spacer.default\">\n\t\t\t\t<div class=\"elementor-widget-container\">\n\t\t\t\t\t\t\t<div class=\"elementor-spacer\">\n\t\t\t<div class=\"elementor-spacer-inner\"><\/div>\n\t\t<\/div>\n\t\t\t\t\t\t<\/div>\n\t\t\t\t<\/div>\n\t\t\t\t<div class=\"elementor-element elementor-element-137e715 elementor-widget elementor-widget-text-editor\" data-id=\"137e715\" data-element_type=\"widget\" data-widget_type=\"text-editor.default\">\n\t\t\t\t<div class=\"elementor-widget-container\">\n\t\t\t\t\t\t\t\t\t<p>Berbere Design st\u00e4rkt einheimische Kunsthandwerkerinnen und bewahrt gleichzeitig das Erbe der Berber. Wir f\u00f6rdern authentische Handwerkskunst, fairen Handel und nachhaltige Praktiken, um wirtschaftliches Wachstum und sozialen Wandel zu unterst\u00fctzen. Wir sind mehr als eine Marke, wir sind eine Bewegung, die Kultur, Nachhaltigkeit und die St\u00e4rkung der Rolle der Frau feiert.<\/p>\t\t\t\t\t\t\t\t<\/div>\n\t\t\t\t<\/div>\n\t\t\t\t\t<\/div>\n\t\t<\/div>\n\t\t\t\t\t<\/div>\n\t\t<\/section>\n\t\t\t\t<section class=\"elementor-section elementor-top-section elementor-element elementor-element-d6b9dbd elementor-reverse-tablet elementor-reverse-mobile elementor-section-boxed elementor-section-height-default elementor-section-height-default\" data-id=\"d6b9dbd\" data-element_type=\"section\">\n\t\t\t\t\t\t<div class=\"elementor-container elementor-column-gap-wider\">\n\t\t\t\t\t<div class=\"elementor-column elementor-col-50 elementor-top-column elementor-element elementor-element-d5ee7f4\" data-id=\"d5ee7f4\" data-element_type=\"column\">\n\t\t\t<div class=\"elementor-widget-wrap elementor-element-populated\">\n\t\t\t\t\t\t<div class=\"elementor-element elementor-element-281c757 elementor-widget elementor-widget-heading\" data-id=\"281c757\" data-element_type=\"widget\" data-widget_type=\"heading.default\">\n\t\t\t\t<div class=\"elementor-widget-container\">\n\t\t\t\t\t<h3 class=\"elementor-heading-title elementor-size-default\">Unsere Werte<\/h3>\t\t\t\t<\/div>\n\t\t\t\t<\/div>\n\t\t\t\t<div class=\"elementor-element elementor-element-e3e8ebd elementor-widget elementor-widget-spacer\" data-id=\"e3e8ebd\" data-element_type=\"widget\" data-widget_type=\"spacer.default\">\n\t\t\t\t<div class=\"elementor-widget-container\">\n\t\t\t\t\t\t\t<div class=\"elementor-spacer\">\n\t\t\t<div class=\"elementor-spacer-inner\"><\/div>\n\t\t<\/div>\n\t\t\t\t\t\t<\/div>\n\t\t\t\t<\/div>\n\t\t\t\t<div class=\"elementor-element elementor-element-ffc76e6 content-align-left icon-box-vertical-align-top icon-position-left icon-vertical-align-start elementor-widget elementor-widget-the7_icon_box_grid_widget\" data-id=\"ffc76e6\" data-element_type=\"widget\" data-widget_type=\"the7_icon_box_grid_widget.default\">\n\t\t\t\t<div class=\"elementor-widget-container\">\n\t\t\t\t\t<div class=\"the7-box-grid-wrapper the7-elementor-widget loading-effect-none the7_icon_box_grid_widget-ffc76e6\">\t\t\t<div class=\"dt-css-grid\">\n\t\t\t\t\t\t\t\t\t<div class=\"wf-cell shown\">\n\t\t\t\t\t\t<div class=\"the7-icon-box-grid\">\t\t\t\t\t\t\t<div class=\"box-content-wrapper\">\n\t\t\t\t\t\t\t\t\t\t\t\t\t\t\t\t\t<a class=\"elementor-icon-div\" aria-label=\"Qualit\u00e4t vor Quantit\u00e4t\">\t\t\t\t\t\t\t\t\t\t<div class=\"elementor-icon\">\n\t\t\t\t\t\t\t\t\t\t\t<svg xmlns=\"http:\/\/www.w3.org\/2000\/svg\" viewbox=\"0 0 24 24\" width=\"24\" height=\"24\"><path fill=\"none\" d=\"M0 0H24V24H0z\"><\/path><path d=\"M12.001 4.529c2.349-2.109 5.979-2.039 8.242.228 2.262 2.268 2.34 5.88.236 8.236l-8.48 8.492-8.478-8.492c-2.104-2.356-2.025-5.974.236-8.236 2.265-2.264 5.888-2.34 8.244-.228zm6.826 1.641c-1.5-1.502-3.92-1.563-5.49-.153l-1.335 1.198-1.336-1.197c-1.575-1.412-3.99-1.35-5.494.154-1.49 1.49-1.565 3.875-.192 5.451L12 18.654l7.02-7.03c1.374-1.577 1.299-3.959-.193-5.454z\"><\/path><\/svg>\t\t\t\t\t\t\t\t\t\t<\/div>\n\t\t\t\t\t\t\t\t\t<\/a>\t\t\t\t\t\t\t\t\t\t\t\t\t\t\t\t<div class=\"box-content\">\n\t\t\t\t\t\t\t\t\t\t\t\t\t\t\t\t\t\t\t\t\t\t\t\t\t\t\t\t\t<h4 class=\"box-heading\">\n\t\t\t\t\t\t\t\t\t\t\t<a aria-label=\"Qualit\u00e4t vor Quantit\u00e4t\">\t\t\t\t\t\t\t\t\t\t\t\tQualit\u00e4t vor Quantit\u00e4t\t\t\t\t\t\t\t\t\t\t\t<\/a>\t\t\t\t\t\t\t\t\t\t<\/h4>\n\t\t\t\t\t\t\t\t\t\t\t\t\t\t\t\t\t\t\t\t\t\t\t\t\t\t\t\t\t\t\t\t\t\t\t<\/div>\n\t\t\t\t\t\t\t<\/div>\n\t\t\t\t\t\t<\/div>\t\t\t\t\t<\/div>\n\t\t\t\t\t\t\t\t\t<div class=\"wf-cell shown\">\n\t\t\t\t\t\t<div class=\"the7-icon-box-grid\">\t\t\t\t\t\t\t<div class=\"box-content-wrapper\">\n\t\t\t\t\t\t\t\t\t\t\t\t\t\t\t\t\t<a class=\"elementor-icon-div\" aria-label=\"Positive Auswirkungen auf die \u00d6kologie\">\t\t\t\t\t\t\t\t\t\t<div class=\"elementor-icon\">\n\t\t\t\t\t\t\t\t\t\t\t<svg xmlns=\"http:\/\/www.w3.org\/2000\/svg\" viewbox=\"0 0 24 24\" width=\"24\" height=\"24\"><path fill=\"none\" d=\"M0 0h24v24H0z\"><\/path><path d=\"M12 22C6.477 22 2 17.523 2 12S6.477 2 12 2s10 4.477 10 10-4.477 10-10 10zm-2.29-2.333A17.9 17.9 0 0 1 8.027 13H4.062a8.008 8.008 0 0 0 5.648 6.667zM10.03 13c.151 2.439.848 4.73 1.97 6.752A15.905 15.905 0 0 0 13.97 13h-3.94zm9.908 0h-3.965a17.9 17.9 0 0 1-1.683 6.667A8.008 8.008 0 0 0 19.938 13zM4.062 11h3.965A17.9 17.9 0 0 1 9.71 4.333 8.008 8.008 0 0 0 4.062 11zm5.969 0h3.938A15.905 15.905 0 0 0 12 4.248 15.905 15.905 0 0 0 10.03 11zm4.259-6.667A17.9 17.9 0 0 1 15.973 11h3.965a8.008 8.008 0 0 0-5.648-6.667z\"><\/path><\/svg>\t\t\t\t\t\t\t\t\t\t<\/div>\n\t\t\t\t\t\t\t\t\t<\/a>\t\t\t\t\t\t\t\t\t\t\t\t\t\t\t\t<div class=\"box-content\">\n\t\t\t\t\t\t\t\t\t\t\t\t\t\t\t\t\t\t\t\t\t\t\t\t\t\t\t\t\t<h4 class=\"box-heading\">\n\t\t\t\t\t\t\t\t\t\t\t<a aria-label=\"Positive Auswirkungen auf die \u00d6kologie\">\t\t\t\t\t\t\t\t\t\t\t\tPositive Auswirkungen auf die \u00d6kologie\t\t\t\t\t\t\t\t\t\t\t<\/a>\t\t\t\t\t\t\t\t\t\t<\/h4>\n\t\t\t\t\t\t\t\t\t\t\t\t\t\t\t\t\t\t\t\t\t\t\t\t\t\t\t\t\t\t\t\t\t\t\t<\/div>\n\t\t\t\t\t\t\t<\/div>\n\t\t\t\t\t\t<\/div>\t\t\t\t\t<\/div>\n\t\t\t\t\t\t\t\t\t<div class=\"wf-cell shown\">\n\t\t\t\t\t\t<div class=\"the7-icon-box-grid\">\t\t\t\t\t\t\t<div class=\"box-content-wrapper\">\n\t\t\t\t\t\t\t\t\t\t\t\t\t\t\t\t\t<a class=\"elementor-icon-div\" aria-label=\"Vielfalt der Produkte\">\t\t\t\t\t\t\t\t\t\t<div class=\"elementor-icon\">\n\t\t\t\t\t\t\t\t\t\t\t<svg xmlns=\"http:\/\/www.w3.org\/2000\/svg\" viewbox=\"0 0 24 24\" width=\"24\" height=\"24\"><path fill=\"none\" d=\"M0 0h24v24H0z\"><\/path><path d=\"M20 22H4a1 1 0 0 1-1-1V3a1 1 0 0 1 1-1h16a1 1 0 0 1 1 1v18a1 1 0 0 1-1 1zm-1-2V4H5v16h14zM9 6v2a3 3 0 0 0 6 0V6h2v2A5 5 0 0 1 7 8V6h2z\"><\/path><\/svg>\t\t\t\t\t\t\t\t\t\t<\/div>\n\t\t\t\t\t\t\t\t\t<\/a>\t\t\t\t\t\t\t\t\t\t\t\t\t\t\t\t<div class=\"box-content\">\n\t\t\t\t\t\t\t\t\t\t\t\t\t\t\t\t\t\t\t\t\t\t\t\t\t\t\t\t\t<h4 class=\"box-heading\">\n\t\t\t\t\t\t\t\t\t\t\t<a aria-label=\"Vielfalt der Produkte\">\t\t\t\t\t\t\t\t\t\t\t\tVielfalt der Produkte\t\t\t\t\t\t\t\t\t\t\t<\/a>\t\t\t\t\t\t\t\t\t\t<\/h4>\n\t\t\t\t\t\t\t\t\t\t\t\t\t\t\t\t\t\t\t\t\t\t\t\t\t\t\t\t\t\t\t\t\t\t\t<\/div>\n\t\t\t\t\t\t\t<\/div>\n\t\t\t\t\t\t<\/div>\t\t\t\t\t<\/div>\n\t\t\t\t\t\t\t\t\t<div class=\"wf-cell shown\">\n\t\t\t\t\t\t<div class=\"the7-icon-box-grid\">\t\t\t\t\t\t\t<div class=\"box-content-wrapper\">\n\t\t\t\t\t\t\t\t\t\t\t\t\t\t\t\t\t<a class=\"elementor-icon-div\" aria-label=\"Sichere und einfache Zahlungen\">\t\t\t\t\t\t\t\t\t\t<div class=\"elementor-icon\">\n\t\t\t\t\t\t\t\t\t\t\t<svg xmlns=\"http:\/\/www.w3.org\/2000\/svg\" viewbox=\"0 0 24 24\" width=\"24\" height=\"24\"><path fill=\"none\" d=\"M0 0h24v24H0z\"><\/path><path d=\"M11 2l7.298 2.28a1 1 0 0 1 .702.955V7h2a1 1 0 0 1 1 1v2H9V8a1 1 0 0 1 1-1h7V5.97l-6-1.876L5 5.97v7.404a4 4 0 0 0 1.558 3.169l.189.136L11 19.58 14.782 17H10a1 1 0 0 1-1-1v-4h13v4a1 1 0 0 1-1 1l-3.22.001c-.387.51-.857.96-1.4 1.33L11 22l-5.38-3.668A6 6 0 0 1 3 13.374V5.235a1 1 0 0 1 .702-.954L11 2z\"><\/path><\/svg>\t\t\t\t\t\t\t\t\t\t<\/div>\n\t\t\t\t\t\t\t\t\t<\/a>\t\t\t\t\t\t\t\t\t\t\t\t\t\t\t\t<div class=\"box-content\">\n\t\t\t\t\t\t\t\t\t\t\t\t\t\t\t\t\t\t\t\t\t\t\t\t\t\t\t\t\t<h4 class=\"box-heading\">\n\t\t\t\t\t\t\t\t\t\t\t<a aria-label=\"Sichere und einfache Zahlungen\">\t\t\t\t\t\t\t\t\t\t\t\tSichere und einfache Zahlungen\t\t\t\t\t\t\t\t\t\t\t<\/a>\t\t\t\t\t\t\t\t\t\t<\/h4>\n\t\t\t\t\t\t\t\t\t\t\t\t\t\t\t\t\t\t\t\t\t\t\t\t\t\t\t\t\t\t\t\t\t\t\t<\/div>\n\t\t\t\t\t\t\t<\/div>\n\t\t\t\t\t\t<\/div>\t\t\t\t\t<\/div>\n\t\t\t\t\t\t\t<\/div>\n\t\t<\/div>\t\t\t\t<\/div>\n\t\t\t\t<\/div>\n\t\t\t\t\t<\/div>\n\t\t<\/div>\n\t\t\t\t<div class=\"elementor-column elementor-col-50 elementor-top-column elementor-element elementor-element-046352f\" data-id=\"046352f\" data-element_type=\"column\">\n\t\t\t<div class=\"elementor-widget-wrap elementor-element-populated\">\n\t\t\t\t\t\t<div class=\"elementor-element elementor-element-74b3f14 elementor-widget elementor-widget-image\" data-id=\"74b3f14\" data-element_type=\"widget\" data-widget_type=\"image.default\">\n\t\t\t\t<div class=\"elementor-widget-container\">\n\t\t\t\t\t\t\t\t\t\t\t\t\t\t\t<img decoding=\"async\" src=\"https:\/\/berberedesign.com\/wp-content\/uploads\/elementor\/thumbs\/new-Moroccan-Tifinagh-Characters-Rug-for-room-q7ykxd4umc76toc3uheh40fibwibnr78u803i0bmuo.webp\" title=\"neu Marokkanische Tifinagh Zeichen Teppich f\u00fcr Zimmer\" alt=\"neu Marokkanische Tifinagh Zeichen Teppich f\u00fcr Zimmer\" loading=\"lazy\">\t\t\t\t\t\t\t\t\t\t\t\t\t\t\t<\/div>\n\t\t\t\t<\/div>\n\t\t\t\t\t<\/div>\n\t\t<\/div>\n\t\t\t\t\t<\/div>\n\t\t<\/section>\n\t\t\t\t<\/div>","protected":false},"excerpt":{"rendered":"<p>Bringing Culture to Life through Design Welcome to Berbere Design \u2013 where dreams meet reality Berbere Design is more than a brand\u2014it\u2019s a mission to empower women through design, deeply rooted in a childhood dream shared by our founders and the women of their community. Inspired by their mother\u2019s entrepreneurial vision, twin brothers and their&hellip;<\/p>","protected":false},"author":8,"featured_media":0,"parent":5691,"menu_order":0,"comment_status":"closed","ping_status":"closed","template":"","meta":{"footnotes":""},"class_list":["post-347","page","type-page","status-publish","hentry"],"jetpack_sharing_enabled":true,"_links":{"self":[{"href":"https:\/\/berberedesign.com\/de\/wp-json\/wp\/v2\/pages\/347","targetHints":{"allow":["GET"]}}],"collection":[{"href":"https:\/\/berberedesign.com\/de\/wp-json\/wp\/v2\/pages"}],"about":[{"href":"https:\/\/berberedesign.com\/de\/wp-json\/wp\/v2\/types\/page"}],"author":[{"embeddable":true,"href":"https:\/\/berberedesign.com\/de\/wp-json\/wp\/v2\/users\/8"}],"replies":[{"embeddable":true,"href":"https:\/\/berberedesign.com\/de\/wp-json\/wp\/v2\/comments?post=347"}],"version-history":[{"count":12,"href":"https:\/\/berberedesign.com\/de\/wp-json\/wp\/v2\/pages\/347\/revisions"}],"predecessor-version":[{"id":104164,"href":"https:\/\/berberedesign.com\/de\/wp-json\/wp\/v2\/pages\/347\/revisions\/104164"}],"up":[{"embeddable":true,"href":"https:\/\/berberedesign.com\/de\/wp-json\/wp\/v2\/pages\/5691"}],"wp:attachment":[{"href":"https:\/\/berberedesign.com\/de\/wp-json\/wp\/v2\/media?parent=347"}],"curies":[{"name":"wp","href":"https:\/\/api.w.org\/{rel}","templated":true}]}}