{"id":316,"date":"2019-12-11T15:21:35","date_gmt":"2019-12-11T15:21:35","guid":{"rendered":"https:\/\/berberedesign.com\/privacy-policy-2\/"},"modified":"2025-01-03T19:28:34","modified_gmt":"2025-01-03T19:28:34","slug":"bedingungen-und-konditionen","status":"publish","type":"page","link":"https:\/\/berberedesign.com\/de\/infos\/bedingungen-und-konditionen\/","title":{"rendered":"Bedingungen und Konditionen"},"content":{"rendered":"<div data-elementor-type=\"wp-page\" data-elementor-id=\"316\" class=\"elementor elementor-316\" data-elementor-post-type=\"page\">\n\t\t\t\t\t\t<section class=\"elementor-section elementor-top-section elementor-element elementor-element-10e6cef elementor-section-boxed elementor-section-height-default elementor-section-height-default\" data-id=\"10e6cef\" data-element_type=\"section\">\n\t\t\t\t\t\t<div class=\"elementor-container elementor-column-gap-wider\">\n\t\t\t\t\t<div class=\"elementor-column elementor-col-100 elementor-top-column elementor-element elementor-element-a169c2c\" data-id=\"a169c2c\" data-element_type=\"column\">\n\t\t\t<div class=\"elementor-widget-wrap elementor-element-populated\">\n\t\t\t\t\t\t<div class=\"elementor-element elementor-element-9c508c5 elementor-widget elementor-widget-text-editor\" data-id=\"9c508c5\" data-element_type=\"widget\" data-widget_type=\"text-editor.default\">\n\t\t\t\t<div class=\"elementor-widget-container\">\n\t\t\t\t\t\t\t\t\t<p data-pm-slice=\"1 1 []\"><strong>Zuletzt aktualisiert: Januar 2025<\/strong><\/p><p>Willkommen bei BerbereDesign! Durch den Zugriff auf unsere Website (berberedesign.com) und unsere Dienstleistungen erkl\u00e4ren Sie sich mit den folgenden Bedingungen einverstanden. Wenn Sie mit diesen Bedingungen nicht einverstanden sind, nutzen Sie bitte unsere Website oder Dienstleistungen nicht.<\/p><div>\u00a0<\/div><h3><strong>1. Begriffsbestimmungen<\/strong><\/h3><ul data-spread=\"false\"><li><p><strong>Unternehmen<\/strong>: BerbereDesign, bezeichnet als \"wir\", \"uns\" oder \"unser\".<\/p><\/li><li><p><strong>Benutzer<\/strong>: Jede nat\u00fcrliche oder juristische Person, die auf unsere Website oder Dienste zugreift.<\/p><\/li><li><p><strong>Dienstleistungen<\/strong>: Die Produkte, Funktionen und Inhalte, die von BerbereDesign bereitgestellt werden.<\/p><\/li><li><p><strong>Website<\/strong>: berberedesign.com.<\/p><\/li><\/ul><div>\u00a0<\/div><h3><strong>2. Nutzung von Dienstleistungen<\/strong><\/h3><ul data-spread=\"false\"><li><p>Sie m\u00fcssen mindestens 18 Jahre alt sein oder die Zustimmung Ihrer Eltern haben, um unsere Dienste zu nutzen.<\/p><\/li><li><p>Sie erkl\u00e4ren sich damit einverstanden, unsere Dienste nur f\u00fcr rechtm\u00e4\u00dfige Zwecke und nicht f\u00fcr betr\u00fcgerische Aktivit\u00e4ten zu nutzen.<\/p><\/li><li><p>Wir behalten uns das Recht vor, nach eigenem Ermessen Dienste zu verweigern, Konten zu k\u00fcndigen oder Inhalte zu entfernen.<\/p><\/li><\/ul><div>\u00a0<\/div><h3><strong>3. Geistiges Eigentum<\/strong><\/h3><ul data-spread=\"false\"><li><p>Alle Inhalte, Designs, Marken und geistiges Eigentum auf unserer Website geh\u00f6ren BerbereDesign oder seinen Lizenzgebern.<\/p><\/li><li><p>Sie d\u00fcrfen unsere Inhalte nicht ohne unsere ausdr\u00fcckliche Genehmigung kopieren, ver\u00e4ndern, verbreiten oder nutzen.<\/p><\/li><\/ul><div>\u00a0<\/div><h3><strong>4. Bestellungen und Zahlungen<\/strong><\/h3><ul data-spread=\"false\"><li><p>Alle Bestellungen sind vorbehaltlich der Verf\u00fcgbarkeit und Best\u00e4tigung.<\/p><\/li><li><p>Die Preise sind in der jeweiligen W\u00e4hrung angegeben und k\u00f6nnen sich \u00e4ndern.<\/p><\/li><li><p>Die Zahlung muss in voller H\u00f6he erfolgen, bevor die Produkte versandt oder die Dienstleistungen erbracht werden.<\/p><\/li><li><p>Wir verwenden sichere Drittanbieter-Zahlungsabwickler; wir speichern Ihre Zahlungsinformationen nicht.<\/p><\/li><\/ul><div>\u00a0<\/div><h3><strong>5. Versand und R\u00fccksendung<\/strong><\/h3><ul data-spread=\"false\"><li><p>Wir versenden weltweit; Versandkosten und Lieferzeiten variieren.<\/p><\/li><li><p>Die Kunden sind f\u00fcr etwaige Zollgeb\u00fchren oder Einfuhrsteuern verantwortlich.<\/p><\/li><li><p>R\u00fccksendungen und Umtausch sind innerhalb von 14 Tagen nach Erhalt m\u00f6glich und unterliegen unseren R\u00fcckgabebedingungen.<\/p><\/li><\/ul><div>\u00a0<\/div><h3><strong>6. Begrenzung der Haftung<\/strong><\/h3><ul data-spread=\"false\"><li><p>Wir haften nicht f\u00fcr indirekte, zuf\u00e4llige oder Folgesch\u00e4den, die sich aus der Nutzung unserer Website oder unserer Produkte ergeben.<\/p><\/li><li><p>Wir garantieren keinen ununterbrochenen Zugang zu unseren Diensten.<\/p><\/li><li><p>In keinem Fall \u00fcbersteigt unsere Haftung den Betrag, den der Nutzer f\u00fcr das Produkt oder die Dienstleistung bezahlt hat.<\/p><\/li><\/ul><div>\u00a0<\/div><h3><strong>7. Datenschutz<\/strong><\/h3><ul data-spread=\"false\"><li><p>Unsere Datenschutzrichtlinie regelt, wie wir Ihre pers\u00f6nlichen Daten sammeln, verwenden und sch\u00fctzen.<\/p><\/li><li><p>Durch die Nutzung unserer Dienste erkl\u00e4ren Sie sich mit unseren Datenpraktiken einverstanden.<\/p><\/li><\/ul><div>\u00a0<\/div><h3><strong>8. Links von Drittanbietern<\/strong><\/h3><ul data-spread=\"false\"><li><p>Unsere Website kann Links zu Websites Dritter enthalten. Wir sind nicht verantwortlich f\u00fcr deren Inhalte, Datenschutzrichtlinien oder Praktiken.<\/p><\/li><li><p>Ihre Interaktionen mit Websites Dritter erfolgen auf eigene Gefahr.<\/p><\/li><\/ul><div>\u00a0<\/div><h3><strong>9. Beendigung<\/strong><\/h3><ul data-spread=\"false\"><li><p>Wir behalten uns das Recht vor, Ihren Zugang auszusetzen oder zu beenden, wenn Sie gegen diese Bedingungen versto\u00dfen.<\/p><\/li><li><p>Die Nutzer k\u00f6nnen ihr Konto jederzeit k\u00fcndigen.<\/p><\/li><\/ul><div>\u00a0<\/div><h3><strong>10. Geltendes Recht<\/strong><\/h3><ul data-spread=\"false\"><li><p>Diese Allgemeinen Gesch\u00e4ftsbedingungen unterliegen dem Recht der Vereinigten Staaten.<\/p><\/li><li><p>Alle Streitigkeiten sind vor den zust\u00e4ndigen Gerichten der jeweiligen Gerichtsbarkeit zu kl\u00e4ren.<\/p><\/li><\/ul><div>\u00a0<\/div><h3><strong>11. \u00c4nderungen der vorliegenden Bedingungen<\/strong><\/h3><ul data-spread=\"false\"><li><p>Wir k\u00f6nnen diese Allgemeinen Gesch\u00e4ftsbedingungen jederzeit aktualisieren. Die \u00c4nderungen werden auf dieser Seite ver\u00f6ffentlicht.<\/p><\/li><li><p>Die fortgesetzte Nutzung unserer Dienste nach \u00c4nderungen gilt als Zustimmung zu den neuen Bedingungen.<\/p><\/li><\/ul><div>\u00a0<\/div><h3><strong>12. Kontaktinformationen<\/strong><\/h3><p>Bei Fragen zu diesen Allgemeinen Gesch\u00e4ftsbedingungen wenden Sie sich bitte an uns:<\/p><ul><li data-leveltext=\"\uf0b7\" data-font=\"Symbol\" data-listid=\"1\" data-list-defn-props=\"{&quot;335552541&quot;:1,&quot;335559683&quot;:0,&quot;335559684&quot;:-2,&quot;335559685&quot;:720,&quot;335559991&quot;:360,&quot;469769226&quot;:&quot;Symbol&quot;,&quot;469769242&quot;:[8226],&quot;469777803&quot;:&quot;left&quot;,&quot;469777804&quot;:&quot;\uf0b7&quot;,&quot;469777815&quot;:&quot;hybridMultilevel&quot;}\" aria-setsize=\"-1\" data-aria-posinset=\"25\" data-aria-level=\"1\"><span data-contrast=\"none\">Per E-Mail:\u00a0<\/span><a href=\"mailto:contact@berberedesign.com\"><span data-contrast=\"none\">contact@berberedesign.com<\/span><\/a><span data-ccp-props=\"{&quot;134233117&quot;:false,&quot;134233118&quot;:false,&quot;201341983&quot;:1,&quot;335551550&quot;:1,&quot;335551620&quot;:1,&quot;335559738&quot;:0,&quot;335559739&quot;:0,&quot;335559740&quot;:390}\">\u00a0<\/span><\/li><li data-leveltext=\"\uf0b7\" data-font=\"Symbol\" data-listid=\"1\" data-list-defn-props=\"{&quot;335552541&quot;:1,&quot;335559683&quot;:0,&quot;335559684&quot;:-2,&quot;335559685&quot;:720,&quot;335559991&quot;:360,&quot;469769226&quot;:&quot;Symbol&quot;,&quot;469769242&quot;:[8226],&quot;469777803&quot;:&quot;left&quot;,&quot;469777804&quot;:&quot;\uf0b7&quot;,&quot;469777815&quot;:&quot;hybridMultilevel&quot;}\" aria-setsize=\"-1\" data-aria-posinset=\"26\" data-aria-level=\"1\"><span data-contrast=\"none\">\u00dcber die Telefonnummer: +1 307-445-2564<\/span><span data-ccp-props=\"{&quot;134233117&quot;:false,&quot;134233118&quot;:false,&quot;201341983&quot;:1,&quot;335551550&quot;:1,&quot;335551620&quot;:1,&quot;335559738&quot;:0,&quot;335559739&quot;:0,&quot;335559740&quot;:390}\">\u00a0<\/span><\/li><li data-leveltext=\"\uf0b7\" data-font=\"Symbol\" data-listid=\"1\" data-list-defn-props=\"{&quot;335552541&quot;:1,&quot;335559683&quot;:0,&quot;335559684&quot;:-2,&quot;335559685&quot;:720,&quot;335559991&quot;:360,&quot;469769226&quot;:&quot;Symbol&quot;,&quot;469769242&quot;:[8226],&quot;469777803&quot;:&quot;left&quot;,&quot;469777804&quot;:&quot;\uf0b7&quot;,&quot;469777815&quot;:&quot;hybridMultilevel&quot;}\" aria-setsize=\"-1\" data-aria-posinset=\"27\" data-aria-level=\"1\"><span data-contrast=\"none\">\u00dcber diesen Link: <\/span><a href=\"https:\/\/berberedesign.com\/de\"><span data-contrast=\"none\">https:\/\/berberedesign.com<\/span><\/a><span data-ccp-props=\"{&quot;134233117&quot;:false,&quot;134233118&quot;:false,&quot;201341983&quot;:1,&quot;335551550&quot;:1,&quot;335551620&quot;:1,&quot;335559738&quot;:0,&quot;335559739&quot;:0,&quot;335559740&quot;:390}\">\u00a0<\/span><\/li><li data-leveltext=\"\uf0b7\" data-font=\"Symbol\" data-listid=\"1\" data-list-defn-props=\"{&quot;335552541&quot;:1,&quot;335559683&quot;:0,&quot;335559684&quot;:-2,&quot;335559685&quot;:720,&quot;335559991&quot;:360,&quot;469769226&quot;:&quot;Symbol&quot;,&quot;469769242&quot;:[8226],&quot;469777803&quot;:&quot;left&quot;,&quot;469777804&quot;:&quot;\uf0b7&quot;,&quot;469777815&quot;:&quot;hybridMultilevel&quot;}\" aria-setsize=\"-1\" data-aria-posinset=\"28\" data-aria-level=\"1\"><span data-contrast=\"none\">\u00dcber diese Adresse: <span class=\"ui-provider ef bho bhp bhq bhr bhs bht bhu bhv bhw bhx bhy bhz bia bib bic bid bie bif big bih bii bij bik bil bim bin bio bip biq bir bis bit biu biv\" dir=\"ltr\">1111B S Governors Ave STE 7173, Dover, DE 19904<\/span><\/span><\/li><\/ul><p>Danke, dass Sie BerbereDesign nutzen!<\/p>\t\t\t\t\t\t\t\t<\/div>\n\t\t\t\t<\/div>\n\t\t\t\t\t<\/div>\n\t\t<\/div>\n\t\t\t\t\t<\/div>\n\t\t<\/section>\n\t\t\t\t<\/div>","protected":false},"excerpt":{"rendered":"<p>Last Updated: January 2025 Welcome to BerbereDesign! By accessing or using our website (berberedesign.com) and services, you agree to comply with and be bound by the following Terms and Conditions. If you do not agree with these terms, please do not use our website or services. \u00a0 1. Definitions Company: BerbereDesign, referred to as &#8220;we,&#8221;&hellip;<\/p>","protected":false},"author":8,"featured_media":0,"parent":5691,"menu_order":0,"comment_status":"closed","ping_status":"closed","template":"","meta":{"footnotes":""},"class_list":["post-316","page","type-page","status-publish","hentry"],"jetpack_sharing_enabled":true,"_links":{"self":[{"href":"https:\/\/berberedesign.com\/de\/wp-json\/wp\/v2\/pages\/316","targetHints":{"allow":["GET"]}}],"collection":[{"href":"https:\/\/berberedesign.com\/de\/wp-json\/wp\/v2\/pages"}],"about":[{"href":"https:\/\/berberedesign.com\/de\/wp-json\/wp\/v2\/types\/page"}],"author":[{"embeddable":true,"href":"https:\/\/berberedesign.com\/de\/wp-json\/wp\/v2\/users\/8"}],"replies":[{"embeddable":true,"href":"https:\/\/berberedesign.com\/de\/wp-json\/wp\/v2\/comments?post=316"}],"version-history":[{"count":13,"href":"https:\/\/berberedesign.com\/de\/wp-json\/wp\/v2\/pages\/316\/revisions"}],"predecessor-version":[{"id":104170,"href":"https:\/\/berberedesign.com\/de\/wp-json\/wp\/v2\/pages\/316\/revisions\/104170"}],"up":[{"embeddable":true,"href":"https:\/\/berberedesign.com\/de\/wp-json\/wp\/v2\/pages\/5691"}],"wp:attachment":[{"href":"https:\/\/berberedesign.com\/de\/wp-json\/wp\/v2\/media?parent=316"}],"curies":[{"name":"wp","href":"https:\/\/api.w.org\/{rel}","templated":true}]}}